{"id":1322,"date":"2021-10-29T07:12:58","date_gmt":"2021-10-29T05:12:58","guid":{"rendered":"https:\/\/gat-international.de\/de\/imprint\/"},"modified":"2022-12-01T12:36:14","modified_gmt":"2022-12-01T11:36:14","slug":"imprint","status":"publish","type":"page","link":"https:\/\/www.gat-international.de\/de\/en\/imprint\/","title":{"rendered":"Imprint"},"content":{"rendered":"\t\t<div data-elementor-type=\"wp-page\" data-elementor-id=\"1322\" class=\"elementor elementor-1322 elementor-428\" data-elementor-post-type=\"page\">\n\t\t\t\t\t\t<section class=\"elementor-section elementor-top-section elementor-element elementor-element-3def5aec elementor-section-full_width elementor-section-stretched elementor-section-height-default elementor-section-height-default wpr-particle-no wpr-jarallax-no wpr-parallax-no wpr-sticky-section-no\" data-id=\"3def5aec\" data-element_type=\"section\" data-e-type=\"section\" data-settings=\"{&quot;background_background&quot;:&quot;classic&quot;,&quot;stretch_section&quot;:&quot;section-stretched&quot;}\">\n\t\t\t\t\t\t\t<div class=\"elementor-background-overlay\"><\/div>\n\t\t\t\t\t\t\t<div class=\"elementor-container elementor-column-gap-default\">\n\t\t\t\t\t<div class=\"elementor-column elementor-col-100 elementor-top-column elementor-element elementor-element-626fb4f1\" data-id=\"626fb4f1\" data-element_type=\"column\" data-e-type=\"column\">\n\t\t\t<div class=\"elementor-widget-wrap elementor-element-populated\">\n\t\t\t\t\t\t<section class=\"elementor-section elementor-inner-section elementor-element elementor-element-397cc2fe elementor-section-full_width elementor-section-height-default elementor-section-height-default wpr-particle-no wpr-jarallax-no wpr-parallax-no wpr-sticky-section-no\" data-id=\"397cc2fe\" data-element_type=\"section\" data-e-type=\"section\" data-settings=\"{&quot;background_background&quot;:&quot;classic&quot;}\">\n\t\t\t\t\t\t<div class=\"elementor-container elementor-column-gap-default\">\n\t\t\t\t\t<div class=\"elementor-column elementor-col-100 elementor-inner-column elementor-element elementor-element-312ea477\" data-id=\"312ea477\" data-element_type=\"column\" data-e-type=\"column\" data-settings=\"{&quot;background_background&quot;:&quot;classic&quot;}\">\n\t\t\t<div class=\"elementor-widget-wrap elementor-element-populated\">\n\t\t\t\t\t\t<div class=\"elementor-element elementor-element-1c56c5c1 elementor-widget elementor-widget-heading\" data-id=\"1c56c5c1\" data-element_type=\"widget\" data-e-type=\"widget\" data-widget_type=\"heading.default\">\n\t\t\t\t<div class=\"elementor-widget-container\">\n\t\t\t\t\t<h1 class=\"elementor-heading-title elementor-size-default\">Imprint<\/h1>\t\t\t\t<\/div>\n\t\t\t\t<\/div>\n\t\t\t\t<div class=\"elementor-element elementor-element-751429ba elementor-icon-list--layout-inline elementor-align-center elementor-list-item-link-full_width elementor-widget elementor-widget-icon-list\" data-id=\"751429ba\" data-element_type=\"widget\" data-e-type=\"widget\" data-widget_type=\"icon-list.default\">\n\t\t\t\t<div class=\"elementor-widget-container\">\n\t\t\t\t\t\t\t<ul class=\"elementor-icon-list-items elementor-inline-items\">\n\t\t\t\t\t\t\t<li class=\"elementor-icon-list-item elementor-inline-item\">\n\t\t\t\t\t\t\t\t\t\t\t<a href=\"https:\/\/www.gat-international.de\/de\/gat-kraftstoff-und-automobiltechnologie\/\">\n\n\t\t\t\t\t\t\t\t\t\t\t<span class=\"elementor-icon-list-text\">Home<\/span>\n\t\t\t\t\t\t\t\t\t\t\t<\/a>\n\t\t\t\t\t\t\t\t\t<\/li>\n\t\t\t\t\t\t\t\t<li class=\"elementor-icon-list-item elementor-inline-item\">\n\t\t\t\t\t\t\t\t\t\t\t<span class=\"elementor-icon-list-icon\">\n\t\t\t\t\t\t\t<i aria-hidden=\"true\" class=\"jki jki-right-arrow-7\"><\/i>\t\t\t\t\t\t<\/span>\n\t\t\t\t\t\t\t\t\t\t<span class=\"elementor-icon-list-text\">Imprint<\/span>\n\t\t\t\t\t\t\t\t\t<\/li>\n\t\t\t\t\t\t<\/ul>\n\t\t\t\t\t\t<\/div>\n\t\t\t\t<\/div>\n\t\t\t\t\t<\/div>\n\t\t<\/div>\n\t\t\t\t\t<\/div>\n\t\t<\/section>\n\t\t\t\t\t<\/div>\n\t\t<\/div>\n\t\t\t\t\t<\/div>\n\t\t<\/section>\n\t\t\t\t<section class=\"elementor-section elementor-top-section elementor-element elementor-element-60faf520 elementor-section-content-middle elementor-reverse-tablet elementor-section-boxed elementor-section-height-default elementor-section-height-default wpr-particle-no wpr-jarallax-no wpr-parallax-no wpr-sticky-section-no\" data-id=\"60faf520\" data-element_type=\"section\" data-e-type=\"section\" data-settings=\"{&quot;background_background&quot;:&quot;classic&quot;}\">\n\t\t\t\t\t\t\t<div class=\"elementor-background-overlay\"><\/div>\n\t\t\t\t\t\t\t<div class=\"elementor-container elementor-column-gap-no\">\n\t\t\t\t\t<div class=\"elementor-column elementor-col-100 elementor-top-column elementor-element elementor-element-4a1d84bb\" data-id=\"4a1d84bb\" data-element_type=\"column\" data-e-type=\"column\">\n\t\t\t<div class=\"elementor-widget-wrap elementor-element-populated\">\n\t\t\t\t\t\t<div class=\"elementor-element elementor-element-5957fb1 elementor-widget elementor-widget-erecht24\" data-id=\"5957fb1\" data-element_type=\"widget\" data-e-type=\"widget\" data-widget_type=\"erecht24.default\">\n\t\t\t\t<div class=\"elementor-widget-container\">\n\t\t\t\t\t<div class=\"erecht24-elementor-widget\"><div style=\"word-wrap: break-word;\">\n\n<p>GAT (Gesellschaft f&uuml;r Kraftstoff- und Automobiltechnologie mbH)<br \/>\nAlt Saale 2<br \/>\n07407 Uhlst&auml;dt-Kirchhasel<\/p>\n\n<p>Commercial Register: HRB521418<br \/>\nRegistration court: Amtsgericht Jena<\/p>\n\n<p><strong>Represented by:<\/strong><br \/>\nDr. Gaby Urban<\/p>\n\n<h2>Contact<\/h2>\n<p>Phone: +49 (0) 3672 &ndash; 48 38 0 66<br \/>\nTelefax: +49 (0) 3672 &ndash; 48 38 022<br \/>\nE-mail: info(a)gat-international.de<\/p>\n\n<h2>VAT ID<\/h2>\n<p>Sales tax identification number according to Sect. 27 a of the Sales Tax Law:<br \/>\nDE365812044<\/p>\n\n<h2>EU dispute resolution<\/h2>\n<p>The European Commission provides a platform for online dispute resolution (ODR): <a href=\"https:\/\/ec.europa.eu\/consumers\/odr\/\" target=\"_blank\" rel=\"noopener noreferrer\">https:\/\/ec.europa.eu\/consumers\/odr\/<\/a>.<br \/> Our e-mail address can be found above in the site notice.<\/p>\n\n<h2>Dispute resolution proceedings in front of a consumer arbitration board<\/h2>\n<p>We are not willing or obliged to participate in dispute resolution proceedings in front of a consumer arbitration board.<\/p><\/div><\/div>\t\t\t\t<\/div>\n\t\t\t\t<\/div>\n\t\t\t\t\t<\/div>\n\t\t<\/div>\n\t\t\t\t\t<\/div>\n\t\t<\/section>\n\t\t\t\t<\/div>\n\t\t","protected":false},"excerpt":{"rendered":"<p>Imprint Home Imprint Information pursuant to Sect. 5 German Telemedia Act (TMG) GAT GmbH &#038; Co KG Alt Saale 2 07407 Uhlst\u00e4dt-Kirchhasel Commercial Register: HRA 503668 Registration court: Amtsgericht Jena Represented by: [Firma und die Anschrift der als Komplement\u00e4r eingetragenen GmbH] That one represented by: [Namen der Gesch\u00e4ftsf\u00fchrer der GmbH] Commercial Register: [Nummer des Registereintrags] Registering court: [Name des Registergerichts] Contact Phone: +49 (0) 3672 \u2013 48 38 0 66 Telefax: +49 (0) 3672 \u2013 48 38 022 E-mail: info(a)gat-international.de VAT ID Sales tax identification number according to Sect. 27 a of the Sales Tax Law: DE297820562 Person responsible for editorial Dr. Gaby Urban (Staatliche P\u00e4dagogische Universit\u00e4t Moskau) EU dispute resolution The European Commission provides a platform for online dispute resolution (ODR): https:\/\/ec.europa.eu\/consumers\/odr\/. Our e-mail address can be found above in the site notice. Dispute resolution proceedings in front of a consumer arbitration board We are not willing or obliged to participate in dispute resolution proceedings in front of a consumer arbitration board.<\/p>\n","protected":false},"author":1,"featured_media":0,"parent":0,"menu_order":0,"comment_status":"closed","ping_status":"closed","template":"","meta":{"site-sidebar-layout":"no-sidebar","site-content-layout":"page-builder","ast-site-content-layout":"default","site-content-style":"default","site-sidebar-style":"default","ast-global-header-display":"","ast-banner-title-visibility":"","ast-main-header-display":"","ast-hfb-above-header-display":"","ast-hfb-below-header-display":"","ast-hfb-mobile-header-display":"","site-post-title":"disabled","ast-breadcrumbs-content":"","ast-featured-img":"disabled","footer-sml-layout":"","ast-disable-related-posts":"","theme-transparent-header-meta":"","adv-header-id-meta":"","stick-header-meta":"","header-above-stick-meta":"","header-main-stick-meta":"","header-below-stick-meta":"","astra-migrate-meta-layouts":"default","ast-page-background-enabled":"default","ast-page-background-meta":{"desktop":{"background-color":"var(--ast-global-color-4)","background-image":"","background-repeat":"repeat","background-position":"center center","background-size":"auto","background-attachment":"scroll","background-type":"","background-media":"","overlay-type":"","overlay-color":"","overlay-opacity":"","overlay-gradient":""},"tablet":{"background-color":"","background-image":"","background-repeat":"repeat","background-position":"center center","background-size":"auto","background-attachment":"scroll","background-type":"","background-media":"","overlay-type":"","overlay-color":"","overlay-opacity":"","overlay-gradient":""},"mobile":{"background-color":"","background-image":"","background-repeat":"repeat","background-position":"center center","background-size":"auto","background-attachment":"scroll","background-type":"","background-media":"","overlay-type":"","overlay-color":"","overlay-opacity":"","overlay-gradient":""}},"ast-content-background-meta":{"desktop":{"background-color":"var(--ast-global-color-5)","background-image":"","background-repeat":"repeat","background-position":"center center","background-size":"auto","background-attachment":"scroll","background-type":"","background-media":"","overlay-type":"","overlay-color":"","overlay-opacity":"","overlay-gradient":""},"tablet":{"background-color":"var(--ast-global-color-5)","background-image":"","background-repeat":"repeat","background-position":"center center","background-size":"auto","background-attachment":"scroll","background-type":"","background-media":"","overlay-type":"","overlay-color":"","overlay-opacity":"","overlay-gradient":""},"mobile":{"background-color":"var(--ast-global-color-5)","background-image":"","background-repeat":"repeat","background-position":"center center","background-size":"auto","background-attachment":"scroll","background-type":"","background-media":"","overlay-type":"","overlay-color":"","overlay-opacity":"","overlay-gradient":""}},"footnotes":""},"class_list":["post-1322","page","type-page","status-publish","hentry"],"yoast_head":"<!-- This site is optimized with the Yoast SEO plugin v27.1.1 - https:\/\/yoast.com\/product\/yoast-seo-wordpress\/ -->\n<title>Imprint - GAT Gesellschaft f\u00fcr Kraftstoff- und Automobiltechnologie mbH &amp; Co. KG<\/title>\n<meta name=\"robots\" content=\"index, follow, max-snippet:-1, max-image-preview:large, max-video-preview:-1\" \/>\n<link rel=\"canonical\" href=\"https:\/\/www.gat-international.de\/de\/en\/imprint\/\" \/>\n<meta property=\"og:locale\" content=\"en_US\" \/>\n<meta property=\"og:type\" content=\"article\" \/>\n<meta property=\"og:title\" content=\"Imprint - GAT Gesellschaft f\u00fcr Kraftstoff- und Automobiltechnologie mbH &amp; Co. KG\" \/>\n<meta property=\"og:description\" content=\"Imprint Home Imprint Information pursuant to Sect. 5 German Telemedia Act (TMG) GAT GmbH &#038; Co KG Alt Saale 2 07407 Uhlst\u00e4dt-Kirchhasel Commercial Register: HRA 503668 Registration court: Amtsgericht Jena Represented by: [Firma und die Anschrift der als Komplement\u00e4r eingetragenen GmbH] That one represented by: [Namen der Gesch\u00e4ftsf\u00fchrer der GmbH] Commercial Register: [Nummer des Registereintrags] Registering court: [Name des Registergerichts] Contact Phone: +49 (0) 3672 \u2013 48 38 0 66 Telefax: +49 (0) 3672 \u2013 48 38 022 E-mail: info(a)gat-international.de VAT ID Sales tax identification number according to Sect. 27 a of the Sales Tax Law: DE297820562 Person responsible for editorial Dr. Gaby Urban (Staatliche P\u00e4dagogische Universit\u00e4t Moskau) EU dispute resolution The European Commission provides a platform for online dispute resolution (ODR): https:\/\/ec.europa.eu\/consumers\/odr\/. Our e-mail address can be found above in the site notice. Dispute resolution proceedings in front of a consumer arbitration board We are not willing or obliged to participate in dispute resolution proceedings in front of a consumer arbitration board.\" \/>\n<meta property=\"og:url\" content=\"https:\/\/www.gat-international.de\/de\/en\/imprint\/\" \/>\n<meta property=\"og:site_name\" content=\"GAT Gesellschaft f\u00fcr Kraftstoff- und Automobiltechnologie mbH &amp; Co. KG\" \/>\n<meta property=\"article:modified_time\" content=\"2022-12-01T11:36:14+00:00\" \/>\n<meta name=\"twitter:card\" content=\"summary_large_image\" \/>\n<meta name=\"twitter:label1\" content=\"Est. reading time\" \/>\n\t<meta name=\"twitter:data1\" content=\"1 minute\" \/>\n<script type=\"application\/ld+json\" class=\"yoast-schema-graph\">{\"@context\":\"https:\/\/schema.org\",\"@graph\":[{\"@type\":\"WebPage\",\"@id\":\"https:\/\/www.gat-international.de\/de\/en\/imprint\/\",\"url\":\"https:\/\/www.gat-international.de\/de\/en\/imprint\/\",\"name\":\"Imprint - GAT Gesellschaft f\u00fcr Kraftstoff- und Automobiltechnologie mbH & Co. KG\",\"isPartOf\":{\"@id\":\"https:\/\/www.gat-international.de\/de\/en\/#website\"},\"datePublished\":\"2021-10-29T05:12:58+00:00\",\"dateModified\":\"2022-12-01T11:36:14+00:00\",\"breadcrumb\":{\"@id\":\"https:\/\/www.gat-international.de\/de\/en\/imprint\/#breadcrumb\"},\"inLanguage\":\"en-US\",\"potentialAction\":[{\"@type\":\"ReadAction\",\"target\":[\"https:\/\/www.gat-international.de\/de\/en\/imprint\/\"]}]},{\"@type\":\"BreadcrumbList\",\"@id\":\"https:\/\/www.gat-international.de\/de\/en\/imprint\/#breadcrumb\",\"itemListElement\":[{\"@type\":\"ListItem\",\"position\":1,\"name\":\"Home\",\"item\":\"https:\/\/www.gat-international.de\/de\/en\/\"},{\"@type\":\"ListItem\",\"position\":2,\"name\":\"Imprint\"}]},{\"@type\":\"WebSite\",\"@id\":\"https:\/\/www.gat-international.de\/de\/en\/#website\",\"url\":\"https:\/\/www.gat-international.de\/de\/en\/\",\"name\":\"GAT Gesellschaft f\u00fcr Kraftstoff- und Automobiltechnologie mbH & Co. KG\",\"description\":\"GAT is a manufacturer of additives and system cleaners that are developed and constantly improved in its own research and development department.\",\"potentialAction\":[{\"@type\":\"SearchAction\",\"target\":{\"@type\":\"EntryPoint\",\"urlTemplate\":\"https:\/\/www.gat-international.de\/de\/en\/?s={search_term_string}\"},\"query-input\":{\"@type\":\"PropertyValueSpecification\",\"valueRequired\":true,\"valueName\":\"search_term_string\"}}],\"inLanguage\":\"en-US\"}]}<\/script>\n<!-- \/ Yoast SEO plugin. -->","yoast_head_json":{"title":"Imprint - GAT Gesellschaft f\u00fcr Kraftstoff- und Automobiltechnologie mbH & Co. KG","robots":{"index":"index","follow":"follow","max-snippet":"max-snippet:-1","max-image-preview":"max-image-preview:large","max-video-preview":"max-video-preview:-1"},"canonical":"https:\/\/www.gat-international.de\/de\/en\/imprint\/","og_locale":"en_US","og_type":"article","og_title":"Imprint - GAT Gesellschaft f\u00fcr Kraftstoff- und Automobiltechnologie mbH & Co. KG","og_description":"Imprint Home Imprint Information pursuant to Sect. 5 German Telemedia Act (TMG) GAT GmbH &#038; Co KG Alt Saale 2 07407 Uhlst\u00e4dt-Kirchhasel Commercial Register: HRA 503668 Registration court: Amtsgericht Jena Represented by: [Firma und die Anschrift der als Komplement\u00e4r eingetragenen GmbH] That one represented by: [Namen der Gesch\u00e4ftsf\u00fchrer der GmbH] Commercial Register: [Nummer des Registereintrags] Registering court: [Name des Registergerichts] Contact Phone: +49 (0) 3672 \u2013 48 38 0 66 Telefax: +49 (0) 3672 \u2013 48 38 022 E-mail: info(a)gat-international.de VAT ID Sales tax identification number according to Sect. 27 a of the Sales Tax Law: DE297820562 Person responsible for editorial Dr. Gaby Urban (Staatliche P\u00e4dagogische Universit\u00e4t Moskau) EU dispute resolution The European Commission provides a platform for online dispute resolution (ODR): https:\/\/ec.europa.eu\/consumers\/odr\/. Our e-mail address can be found above in the site notice. Dispute resolution proceedings in front of a consumer arbitration board We are not willing or obliged to participate in dispute resolution proceedings in front of a consumer arbitration board.","og_url":"https:\/\/www.gat-international.de\/de\/en\/imprint\/","og_site_name":"GAT Gesellschaft f\u00fcr Kraftstoff- und Automobiltechnologie mbH & Co. KG","article_modified_time":"2022-12-01T11:36:14+00:00","twitter_card":"summary_large_image","twitter_misc":{"Est. reading time":"1 minute"},"schema":{"@context":"https:\/\/schema.org","@graph":[{"@type":"WebPage","@id":"https:\/\/www.gat-international.de\/de\/en\/imprint\/","url":"https:\/\/www.gat-international.de\/de\/en\/imprint\/","name":"Imprint - GAT Gesellschaft f\u00fcr Kraftstoff- und Automobiltechnologie mbH & Co. KG","isPartOf":{"@id":"https:\/\/www.gat-international.de\/de\/en\/#website"},"datePublished":"2021-10-29T05:12:58+00:00","dateModified":"2022-12-01T11:36:14+00:00","breadcrumb":{"@id":"https:\/\/www.gat-international.de\/de\/en\/imprint\/#breadcrumb"},"inLanguage":"en-US","potentialAction":[{"@type":"ReadAction","target":["https:\/\/www.gat-international.de\/de\/en\/imprint\/"]}]},{"@type":"BreadcrumbList","@id":"https:\/\/www.gat-international.de\/de\/en\/imprint\/#breadcrumb","itemListElement":[{"@type":"ListItem","position":1,"name":"Home","item":"https:\/\/www.gat-international.de\/de\/en\/"},{"@type":"ListItem","position":2,"name":"Imprint"}]},{"@type":"WebSite","@id":"https:\/\/www.gat-international.de\/de\/en\/#website","url":"https:\/\/www.gat-international.de\/de\/en\/","name":"GAT Gesellschaft f\u00fcr Kraftstoff- und Automobiltechnologie mbH & Co. KG","description":"GAT is a manufacturer of additives and system cleaners that are developed and constantly improved in its own research and development department.","potentialAction":[{"@type":"SearchAction","target":{"@type":"EntryPoint","urlTemplate":"https:\/\/www.gat-international.de\/de\/en\/?s={search_term_string}"},"query-input":{"@type":"PropertyValueSpecification","valueRequired":true,"valueName":"search_term_string"}}],"inLanguage":"en-US"}]}},"_links":{"self":[{"href":"https:\/\/www.gat-international.de\/de\/en\/wp-json\/wp\/v2\/pages\/1322","targetHints":{"allow":["GET"]}}],"collection":[{"href":"https:\/\/www.gat-international.de\/de\/en\/wp-json\/wp\/v2\/pages"}],"about":[{"href":"https:\/\/www.gat-international.de\/de\/en\/wp-json\/wp\/v2\/types\/page"}],"author":[{"embeddable":true,"href":"https:\/\/www.gat-international.de\/de\/en\/wp-json\/wp\/v2\/users\/1"}],"replies":[{"embeddable":true,"href":"https:\/\/www.gat-international.de\/de\/en\/wp-json\/wp\/v2\/comments?post=1322"}],"version-history":[{"count":0,"href":"https:\/\/www.gat-international.de\/de\/en\/wp-json\/wp\/v2\/pages\/1322\/revisions"}],"wp:attachment":[{"href":"https:\/\/www.gat-international.de\/de\/en\/wp-json\/wp\/v2\/media?parent=1322"}],"curies":[{"name":"wp","href":"https:\/\/api.w.org\/{rel}","templated":true}]}}