{"id":17528,"date":"2022-01-26T10:10:27","date_gmt":"2022-01-26T09:10:27","guid":{"rendered":"https:\/\/www.gat-international.de\/de\/produkte\/dpf-cleaning-liquid\/"},"modified":"2022-01-26T10:10:27","modified_gmt":"2022-01-26T09:10:27","slug":"dieselpartikelfilter-spuelung","status":"publish","type":"product","link":"https:\/\/www.gat-international.de\/de\/es\/produkte\/dieselpartikelfilter-spuelung\/","title":{"rendered":"DPF Cleaning Liquid"},"content":{"rendered":"<p>GAT DPF Cleaning Liquid es una combinaci\u00f3n de limpieza altamente eficiente para la limpieza de filtros de part\u00edculas diesel desmantelados. Disuelve las contaminaciones causadas operacionales en el filtro de part\u00edculas di\u00e9sel y regenera su funcionalidad completa.<\/p>\n<p><strong>Ventajas:<\/strong> Limpia el filtro de part\u00edculas Di\u00e9sel. Disuelve todos los residuos y la contaminaci\u00f3n causados por el funcionamiento. F\u00e1cilmente biodegradable. Proporciona una ventaja en el costo en comparaci\u00f3n con la instalaci\u00f3n de un nuevo filtro de part\u00edculas.<\/p>\n","protected":false},"excerpt":{"rendered":"<h5>Duraci\u00f3n de uso:<\/h5>\n<p>8 a 10 horas de tiempo de exposici\u00f3n<\/p>\n<h5>Campo de uso:<\/h5>\n<p>aplicaci\u00f3n directa para todos los filtros de part\u00edculas di\u00e9sel<\/p>\n<h5>Consumo:<\/h5>\n<p>250ml por 1L<\/p>\n<h5>Intervalo de aplicaci\u00f3n:<\/h5>\n<p>si necesario<\/p>\n","protected":false},"featured_media":16117,"template":"","meta":{"site-sidebar-layout":"default","site-content-layout":"default","ast-site-content-layout":"default","site-content-style":"default","site-sidebar-style":"default","ast-global-header-display":"","ast-banner-title-visibility":"","ast-main-header-display":"","ast-hfb-above-header-display":"","ast-hfb-below-header-display":"","ast-hfb-mobile-header-display":"","site-post-title":"","ast-breadcrumbs-content":"","ast-featured-img":"","footer-sml-layout":"","ast-disable-related-posts":"","theme-transparent-header-meta":"default","adv-header-id-meta":"","stick-header-meta":"","header-above-stick-meta":"","header-main-stick-meta":"","header-below-stick-meta":"","astra-migrate-meta-layouts":"default","ast-page-background-enabled":"default","ast-page-background-meta":{"desktop":{"background-color":"var(--ast-global-color-4)","background-image":"","background-repeat":"repeat","background-position":"center center","background-size":"auto","background-attachment":"scroll","background-type":"","background-media":"","overlay-type":"","overlay-color":"","overlay-opacity":"","overlay-gradient":""},"tablet":{"background-color":"","background-image":"","background-repeat":"repeat","background-position":"center center","background-size":"auto","background-attachment":"scroll","background-type":"","background-media":"","overlay-type":"","overlay-color":"","overlay-opacity":"","overlay-gradient":""},"mobile":{"background-color":"","background-image":"","background-repeat":"repeat","background-position":"center center","background-size":"auto","background-attachment":"scroll","background-type":"","background-media":"","overlay-type":"","overlay-color":"","overlay-opacity":"","overlay-gradient":""}},"ast-content-background-meta":{"desktop":{"background-color":"var(--ast-global-color-5)","background-image":"","background-repeat":"repeat","background-position":"center center","background-size":"auto","background-attachment":"scroll","background-type":"","background-media":"","overlay-type":"","overlay-color":"","overlay-opacity":"","overlay-gradient":""},"tablet":{"background-color":"var(--ast-global-color-5)","background-image":"","background-repeat":"repeat","background-position":"center center","background-size":"auto","background-attachment":"scroll","background-type":"","background-media":"","overlay-type":"","overlay-color":"","overlay-opacity":"","overlay-gradient":""},"mobile":{"background-color":"var(--ast-global-color-5)","background-image":"","background-repeat":"repeat","background-position":"center center","background-size":"auto","background-attachment":"scroll","background-type":"","background-media":"","overlay-type":"","overlay-color":"","overlay-opacity":"","overlay-gradient":""}}},"product_brand":[],"product_cat":[897,911,901,910],"product_tag":[940,938,987,941,942],"class_list":{"0":"post-17528","1":"product","2":"type-product","3":"status-publish","4":"has-post-thumbnail","6":"product_cat-car-line-es","7":"product_cat-sistema-diesel-truck-es","8":"product_cat-sistema-diesel","9":"product_cat-truck-line-es","10":"product_tag-diesel-es","11":"product_tag-dpf-es","12":"product_tag-enjuagar","13":"product_tag-sistema-diesel-es","14":"product_tag-sistema-diesel-es-2","15":"desktop-align-left","16":"tablet-align-left","17":"mobile-align-left","19":"first","20":"instock","21":"taxable","22":"shipping-taxable","23":"product-type-simple"},"yoast_head":"<!-- This site is optimized with the Yoast SEO plugin v27.1.1 - https:\/\/yoast.com\/product\/yoast-seo-wordpress\/ -->\n<title>GAT DPF Cleaning Liquid<\/title>\n<meta name=\"description\" content=\"DPF Cleaning Liquid es una combinaci\u00f3n de limpieza altamente eficiente para la limpieza de filtros de part\u00edculas diesel desmantelados.\" \/>\n<meta name=\"robots\" content=\"index, follow, max-snippet:-1, max-image-preview:large, max-video-preview:-1\" \/>\n<link rel=\"canonical\" href=\"https:\/\/www.gat-international.de\/de\/es\/produkte\/dieselpartikelfilter-spuelung\/\" \/>\n<meta property=\"og:locale\" content=\"es_ES\" \/>\n<meta property=\"og:type\" content=\"article\" \/>\n<meta property=\"og:title\" content=\"GAT DPF Cleaning Liquid\" \/>\n<meta property=\"og:description\" content=\"DPF Cleaning Liquid es una combinaci\u00f3n de limpieza altamente eficiente para la limpieza de filtros de part\u00edculas diesel desmantelados.\" \/>\n<meta property=\"og:url\" content=\"https:\/\/www.gat-international.de\/de\/es\/produkte\/dieselpartikelfilter-spuelung\/\" \/>\n<meta property=\"og:site_name\" content=\"GAT Gesellschaft f\u00fcr Kraftstoff- und Automobiltechnologie mbH &amp; Co. KG\" \/>\n<meta property=\"og:image\" content=\"https:\/\/www.gat-international.de\/wp-content\/uploads\/2022\/01\/DPF_Cleaning_Liquid_1000ml_RGB-1.jpg\" \/>\n\t<meta property=\"og:image:width\" content=\"1000\" \/>\n\t<meta property=\"og:image:height\" content=\"1000\" \/>\n\t<meta property=\"og:image:type\" content=\"image\/jpeg\" \/>\n<meta name=\"twitter:card\" content=\"summary_large_image\" \/>\n<script type=\"application\/ld+json\" class=\"yoast-schema-graph\">{\"@context\":\"https:\/\/schema.org\",\"@graph\":[{\"@type\":\"WebPage\",\"@id\":\"https:\/\/www.gat-international.de\/de\/es\/produkte\/dieselpartikelfilter-spuelung\/\",\"url\":\"https:\/\/www.gat-international.de\/de\/es\/produkte\/dieselpartikelfilter-spuelung\/\",\"name\":\"GAT DPF Cleaning Liquid\",\"isPartOf\":{\"@id\":\"https:\/\/www.gat-international.de\/de\/es\/#website\"},\"primaryImageOfPage\":{\"@id\":\"https:\/\/www.gat-international.de\/de\/es\/produkte\/dieselpartikelfilter-spuelung\/#primaryimage\"},\"image\":{\"@id\":\"https:\/\/www.gat-international.de\/de\/es\/produkte\/dieselpartikelfilter-spuelung\/#primaryimage\"},\"thumbnailUrl\":\"https:\/\/www.gat-international.de\/wp-content\/uploads\/2022\/01\/DPF_Cleaning_Liquid_1000ml_RGB-1.jpg\",\"datePublished\":\"2022-01-26T09:10:27+00:00\",\"description\":\"DPF Cleaning Liquid es una combinaci\u00f3n de limpieza altamente eficiente para la limpieza de filtros de part\u00edculas diesel desmantelados.\",\"breadcrumb\":{\"@id\":\"https:\/\/www.gat-international.de\/de\/es\/produkte\/dieselpartikelfilter-spuelung\/#breadcrumb\"},\"inLanguage\":\"es-ES\",\"potentialAction\":[{\"@type\":\"ReadAction\",\"target\":[\"https:\/\/www.gat-international.de\/de\/es\/produkte\/dieselpartikelfilter-spuelung\/\"]}]},{\"@type\":\"ImageObject\",\"inLanguage\":\"es-ES\",\"@id\":\"https:\/\/www.gat-international.de\/de\/es\/produkte\/dieselpartikelfilter-spuelung\/#primaryimage\",\"url\":\"https:\/\/www.gat-international.de\/wp-content\/uploads\/2022\/01\/DPF_Cleaning_Liquid_1000ml_RGB-1.jpg\",\"contentUrl\":\"https:\/\/www.gat-international.de\/wp-content\/uploads\/2022\/01\/DPF_Cleaning_Liquid_1000ml_RGB-1.jpg\",\"width\":1000,\"height\":1000},{\"@type\":\"BreadcrumbList\",\"@id\":\"https:\/\/www.gat-international.de\/de\/es\/produkte\/dieselpartikelfilter-spuelung\/#breadcrumb\",\"itemListElement\":[{\"@type\":\"ListItem\",\"position\":1,\"name\":\"Startseite\",\"item\":\"https:\/\/www.gat-international.de\/de\/es\/\"},{\"@type\":\"ListItem\",\"position\":2,\"name\":\"Productos\",\"item\":\"https:\/\/www.gat-international.de\/de\/produkte\/\"},{\"@type\":\"ListItem\",\"position\":3,\"name\":\"DPF Cleaning Liquid\"}]},{\"@type\":\"WebSite\",\"@id\":\"https:\/\/www.gat-international.de\/de\/es\/#website\",\"url\":\"https:\/\/www.gat-international.de\/de\/es\/\",\"name\":\"GAT Gesellschaft f\u00fcr Kraftstoff- und Automobiltechnologie mbH &amp; Co. KG\",\"description\":\"GAT ist ein Hersteller von Additiven und Systemreinigern, die in der eigenen Forschungs- und Entwicklungsabteilung entwickelt und st\u00e4ndig verbessert werden.\",\"potentialAction\":[{\"@type\":\"SearchAction\",\"target\":{\"@type\":\"EntryPoint\",\"urlTemplate\":\"https:\/\/www.gat-international.de\/de\/es\/?s={search_term_string}\"},\"query-input\":{\"@type\":\"PropertyValueSpecification\",\"valueRequired\":true,\"valueName\":\"search_term_string\"}}],\"inLanguage\":\"es-ES\"}]}<\/script>\n<!-- \/ Yoast SEO plugin. -->","yoast_head_json":{"title":"GAT DPF Cleaning Liquid","description":"DPF Cleaning Liquid es una combinaci\u00f3n de limpieza altamente eficiente para la limpieza de filtros de part\u00edculas diesel desmantelados.","robots":{"index":"index","follow":"follow","max-snippet":"max-snippet:-1","max-image-preview":"max-image-preview:large","max-video-preview":"max-video-preview:-1"},"canonical":"https:\/\/www.gat-international.de\/de\/es\/produkte\/dieselpartikelfilter-spuelung\/","og_locale":"es_ES","og_type":"article","og_title":"GAT DPF Cleaning Liquid","og_description":"DPF Cleaning Liquid es una combinaci\u00f3n de limpieza altamente eficiente para la limpieza de filtros de part\u00edculas diesel desmantelados.","og_url":"https:\/\/www.gat-international.de\/de\/es\/produkte\/dieselpartikelfilter-spuelung\/","og_site_name":"GAT Gesellschaft f\u00fcr Kraftstoff- und Automobiltechnologie mbH &amp; Co. KG","og_image":[{"width":1000,"height":1000,"url":"https:\/\/www.gat-international.de\/wp-content\/uploads\/2022\/01\/DPF_Cleaning_Liquid_1000ml_RGB-1.jpg","type":"image\/jpeg"}],"twitter_card":"summary_large_image","schema":{"@context":"https:\/\/schema.org","@graph":[{"@type":"WebPage","@id":"https:\/\/www.gat-international.de\/de\/es\/produkte\/dieselpartikelfilter-spuelung\/","url":"https:\/\/www.gat-international.de\/de\/es\/produkte\/dieselpartikelfilter-spuelung\/","name":"GAT DPF Cleaning Liquid","isPartOf":{"@id":"https:\/\/www.gat-international.de\/de\/es\/#website"},"primaryImageOfPage":{"@id":"https:\/\/www.gat-international.de\/de\/es\/produkte\/dieselpartikelfilter-spuelung\/#primaryimage"},"image":{"@id":"https:\/\/www.gat-international.de\/de\/es\/produkte\/dieselpartikelfilter-spuelung\/#primaryimage"},"thumbnailUrl":"https:\/\/www.gat-international.de\/wp-content\/uploads\/2022\/01\/DPF_Cleaning_Liquid_1000ml_RGB-1.jpg","datePublished":"2022-01-26T09:10:27+00:00","description":"DPF Cleaning Liquid es una combinaci\u00f3n de limpieza altamente eficiente para la limpieza de filtros de part\u00edculas diesel desmantelados.","breadcrumb":{"@id":"https:\/\/www.gat-international.de\/de\/es\/produkte\/dieselpartikelfilter-spuelung\/#breadcrumb"},"inLanguage":"es-ES","potentialAction":[{"@type":"ReadAction","target":["https:\/\/www.gat-international.de\/de\/es\/produkte\/dieselpartikelfilter-spuelung\/"]}]},{"@type":"ImageObject","inLanguage":"es-ES","@id":"https:\/\/www.gat-international.de\/de\/es\/produkte\/dieselpartikelfilter-spuelung\/#primaryimage","url":"https:\/\/www.gat-international.de\/wp-content\/uploads\/2022\/01\/DPF_Cleaning_Liquid_1000ml_RGB-1.jpg","contentUrl":"https:\/\/www.gat-international.de\/wp-content\/uploads\/2022\/01\/DPF_Cleaning_Liquid_1000ml_RGB-1.jpg","width":1000,"height":1000},{"@type":"BreadcrumbList","@id":"https:\/\/www.gat-international.de\/de\/es\/produkte\/dieselpartikelfilter-spuelung\/#breadcrumb","itemListElement":[{"@type":"ListItem","position":1,"name":"Startseite","item":"https:\/\/www.gat-international.de\/de\/es\/"},{"@type":"ListItem","position":2,"name":"Productos","item":"https:\/\/www.gat-international.de\/de\/produkte\/"},{"@type":"ListItem","position":3,"name":"DPF Cleaning Liquid"}]},{"@type":"WebSite","@id":"https:\/\/www.gat-international.de\/de\/es\/#website","url":"https:\/\/www.gat-international.de\/de\/es\/","name":"GAT Gesellschaft f\u00fcr Kraftstoff- und Automobiltechnologie mbH &amp; Co. KG","description":"GAT ist ein Hersteller von Additiven und Systemreinigern, die in der eigenen Forschungs- und Entwicklungsabteilung entwickelt und st\u00e4ndig verbessert werden.","potentialAction":[{"@type":"SearchAction","target":{"@type":"EntryPoint","urlTemplate":"https:\/\/www.gat-international.de\/de\/es\/?s={search_term_string}"},"query-input":{"@type":"PropertyValueSpecification","valueRequired":true,"valueName":"search_term_string"}}],"inLanguage":"es-ES"}]}},"_links":{"self":[{"href":"https:\/\/www.gat-international.de\/de\/es\/wp-json\/wp\/v2\/product\/17528","targetHints":{"allow":["GET"]}}],"collection":[{"href":"https:\/\/www.gat-international.de\/de\/es\/wp-json\/wp\/v2\/product"}],"about":[{"href":"https:\/\/www.gat-international.de\/de\/es\/wp-json\/wp\/v2\/types\/product"}],"version-history":[{"count":0,"href":"https:\/\/www.gat-international.de\/de\/es\/wp-json\/wp\/v2\/product\/17528\/revisions"}],"wp:featuredmedia":[{"embeddable":true,"href":"https:\/\/www.gat-international.de\/de\/es\/wp-json\/wp\/v2\/media\/16117"}],"wp:attachment":[{"href":"https:\/\/www.gat-international.de\/de\/es\/wp-json\/wp\/v2\/media?parent=17528"}],"wp:term":[{"taxonomy":"product_brand","embeddable":true,"href":"https:\/\/www.gat-international.de\/de\/es\/wp-json\/wp\/v2\/product_brand?post=17528"},{"taxonomy":"product_cat","embeddable":true,"href":"https:\/\/www.gat-international.de\/de\/es\/wp-json\/wp\/v2\/product_cat?post=17528"},{"taxonomy":"product_tag","embeddable":true,"href":"https:\/\/www.gat-international.de\/de\/es\/wp-json\/wp\/v2\/product_tag?post=17528"}],"curies":[{"name":"wp","href":"https:\/\/api.w.org\/{rel}","templated":true}]}}