{"id":17543,"date":"2022-01-21T10:49:02","date_gmt":"2022-01-21T09:49:02","guid":{"rendered":"https:\/\/www.gat-international.de\/de\/produkte\/automatic-transmission-care-protect\/"},"modified":"2022-01-21T10:49:02","modified_gmt":"2022-01-21T09:49:02","slug":"automatikgetriebe-pflege-schutz-car-line","status":"publish","type":"product","link":"https:\/\/www.gat-international.de\/de\/es\/produkte\/automatikgetriebe-pflege-schutz-car-line\/","title":{"rendered":"Automatic Transmission Care &amp; Protect"},"content":{"rendered":"<p>GAT Automatic Transmission Care &amp; Protect para todos los tipos de transmisiones autom\u00e1ticas con convertidores de par hidr\u00e1ulicos, as\u00ed como para todas las transmisiones autom\u00e1ticas con aceites basados en DEXRON\u00ae-VI\/MERCON\u00ae LV.<\/p>\n<p><strong>Propiedades:<\/strong> Mantiene el rendimiento de la transmisi\u00f3n autom\u00e1tica. Proporciona cambios de marcha m\u00e1s suaves, evita las sacudidas y los retrasos en la aceleraci\u00f3n. Favorece el efecto de limpieza del l\u00edquido de transmisi\u00f3n autom\u00e1tica. Con protecci\u00f3n anticorrosiva que evita la oxidaci\u00f3n de las piezas internas y el desgaste prematuro.<\/p>\n","protected":false},"excerpt":{"rendered":"<h5>Duraci\u00f3n de uso:<\/h5>\n<p>funciona durante el uso<\/p>\n<h5>Campo de uso:<\/h5>\n<p>para uso en todas las transmisiones autom\u00e1ticas con convertidor de par<\/p>\n<h5>Consumo:<\/h5>\n<p>60ml por 1L<\/p>\n<h5>Intervalo de aplicaci\u00f3n:<\/h5>\n<p>si necesario<\/p>\n","protected":false},"featured_media":19829,"template":"","meta":{"site-sidebar-layout":"default","site-content-layout":"default","ast-site-content-layout":"default","site-content-style":"default","site-sidebar-style":"default","ast-global-header-display":"","ast-banner-title-visibility":"","ast-main-header-display":"","ast-hfb-above-header-display":"","ast-hfb-below-header-display":"","ast-hfb-mobile-header-display":"","site-post-title":"","ast-breadcrumbs-content":"","ast-featured-img":"","footer-sml-layout":"","ast-disable-related-posts":"","theme-transparent-header-meta":"default","adv-header-id-meta":"","stick-header-meta":"","header-above-stick-meta":"","header-main-stick-meta":"","header-below-stick-meta":"","astra-migrate-meta-layouts":"default","ast-page-background-enabled":"default","ast-page-background-meta":{"desktop":{"background-color":"var(--ast-global-color-4)","background-image":"","background-repeat":"repeat","background-position":"center center","background-size":"auto","background-attachment":"scroll","background-type":"","background-media":"","overlay-type":"","overlay-color":"","overlay-opacity":"","overlay-gradient":""},"tablet":{"background-color":"","background-image":"","background-repeat":"repeat","background-position":"center center","background-size":"auto","background-attachment":"scroll","background-type":"","background-media":"","overlay-type":"","overlay-color":"","overlay-opacity":"","overlay-gradient":""},"mobile":{"background-color":"","background-image":"","background-repeat":"repeat","background-position":"center center","background-size":"auto","background-attachment":"scroll","background-type":"","background-media":"","overlay-type":"","overlay-color":"","overlay-opacity":"","overlay-gradient":""}},"ast-content-background-meta":{"desktop":{"background-color":"var(--ast-global-color-5)","background-image":"","background-repeat":"repeat","background-position":"center center","background-size":"auto","background-attachment":"scroll","background-type":"","background-media":"","overlay-type":"","overlay-color":"","overlay-opacity":"","overlay-gradient":""},"tablet":{"background-color":"var(--ast-global-color-5)","background-image":"","background-repeat":"repeat","background-position":"center center","background-size":"auto","background-attachment":"scroll","background-type":"","background-media":"","overlay-type":"","overlay-color":"","overlay-opacity":"","overlay-gradient":""},"mobile":{"background-color":"var(--ast-global-color-5)","background-image":"","background-repeat":"repeat","background-position":"center center","background-size":"auto","background-attachment":"scroll","background-type":"","background-media":"","overlay-type":"","overlay-color":"","overlay-opacity":"","overlay-gradient":""}}},"product_brand":[],"product_cat":[897,902],"product_tag":[922,933,972,936,947],"class_list":{"0":"post-17543","1":"product","2":"type-product","3":"status-publish","4":"has-post-thumbnail","6":"product_cat-car-line-es","7":"product_cat-transmision-y-direccion-asistida","8":"product_tag-automatica-es","9":"product_tag-coche","10":"product_tag-limpiador","11":"product_tag-limpiadora","12":"product_tag-transmision","13":"desktop-align-left","14":"tablet-align-left","15":"mobile-align-left","17":"first","18":"instock","19":"taxable","20":"shipping-taxable","21":"product-type-simple"},"yoast_head":"<!-- This site is optimized with the Yoast SEO plugin v27.1.1 - https:\/\/yoast.com\/product\/yoast-seo-wordpress\/ -->\n<title>GAT Automatic Transmission Care &amp; Protect - Car Line<\/title>\n<meta name=\"description\" content=\"Automatic Transmission Care &amp; Protect - Car Linepara todos los tipos de transmisiones autom\u00e1ticas con convertidores de par hidr\u00e1ulicos, as\u00ed como para todas las transmisiones autom\u00e1ticas con aceites basados en DEXRON\u00ae-VI\/MERCON\u00ae LV.\" \/>\n<meta name=\"robots\" content=\"index, follow, max-snippet:-1, max-image-preview:large, max-video-preview:-1\" \/>\n<link rel=\"canonical\" href=\"https:\/\/www.gat-international.de\/de\/es\/produkte\/automatikgetriebe-pflege-schutz-car-line\/\" \/>\n<meta property=\"og:locale\" content=\"es_ES\" \/>\n<meta property=\"og:type\" content=\"article\" \/>\n<meta property=\"og:title\" content=\"GAT Automatic Transmission Care &amp; Protect - Car Line\" \/>\n<meta property=\"og:description\" content=\"Automatic Transmission Care &amp; Protect - Car Linepara todos los tipos de transmisiones autom\u00e1ticas con convertidores de par hidr\u00e1ulicos, as\u00ed como para todas las transmisiones autom\u00e1ticas con aceites basados en DEXRON\u00ae-VI\/MERCON\u00ae LV.\" \/>\n<meta property=\"og:url\" content=\"https:\/\/www.gat-international.de\/de\/es\/produkte\/automatikgetriebe-pflege-schutz-car-line\/\" \/>\n<meta property=\"og:site_name\" content=\"GAT Gesellschaft f\u00fcr Kraftstoff- und Automobiltechnologie mbH &amp; Co. KG\" \/>\n<meta property=\"og:image\" content=\"https:\/\/www.gat-international.de\/wp-content\/uploads\/2022\/01\/Automatic_Transmission_CP_300ml_RGB-1-scaled.jpg\" \/>\n\t<meta property=\"og:image:width\" content=\"2560\" \/>\n\t<meta property=\"og:image:height\" content=\"2560\" \/>\n\t<meta property=\"og:image:type\" content=\"image\/jpeg\" \/>\n<meta name=\"twitter:card\" content=\"summary_large_image\" \/>\n<script type=\"application\/ld+json\" class=\"yoast-schema-graph\">{\"@context\":\"https:\/\/schema.org\",\"@graph\":[{\"@type\":\"WebPage\",\"@id\":\"https:\/\/www.gat-international.de\/de\/es\/produkte\/automatikgetriebe-pflege-schutz-car-line\/\",\"url\":\"https:\/\/www.gat-international.de\/de\/es\/produkte\/automatikgetriebe-pflege-schutz-car-line\/\",\"name\":\"GAT Automatic Transmission Care & Protect - Car Line\",\"isPartOf\":{\"@id\":\"https:\/\/www.gat-international.de\/de\/es\/#website\"},\"primaryImageOfPage\":{\"@id\":\"https:\/\/www.gat-international.de\/de\/es\/produkte\/automatikgetriebe-pflege-schutz-car-line\/#primaryimage\"},\"image\":{\"@id\":\"https:\/\/www.gat-international.de\/de\/es\/produkte\/automatikgetriebe-pflege-schutz-car-line\/#primaryimage\"},\"thumbnailUrl\":\"https:\/\/www.gat-international.de\/wp-content\/uploads\/2022\/01\/Automatic_Transmission_CP_300ml_RGB-2-scaled.jpg\",\"datePublished\":\"2022-01-21T09:49:02+00:00\",\"description\":\"Automatic Transmission Care & Protect - Car Linepara todos los tipos de transmisiones autom\u00e1ticas con convertidores de par hidr\u00e1ulicos, as\u00ed como para todas las transmisiones autom\u00e1ticas con aceites basados en DEXRON\u00ae-VI\/MERCON\u00ae LV.\",\"breadcrumb\":{\"@id\":\"https:\/\/www.gat-international.de\/de\/es\/produkte\/automatikgetriebe-pflege-schutz-car-line\/#breadcrumb\"},\"inLanguage\":\"es-ES\",\"potentialAction\":[{\"@type\":\"ReadAction\",\"target\":[\"https:\/\/www.gat-international.de\/de\/es\/produkte\/automatikgetriebe-pflege-schutz-car-line\/\"]}]},{\"@type\":\"ImageObject\",\"inLanguage\":\"es-ES\",\"@id\":\"https:\/\/www.gat-international.de\/de\/es\/produkte\/automatikgetriebe-pflege-schutz-car-line\/#primaryimage\",\"url\":\"https:\/\/www.gat-international.de\/wp-content\/uploads\/2022\/01\/Automatic_Transmission_CP_300ml_RGB-2-scaled.jpg\",\"contentUrl\":\"https:\/\/www.gat-international.de\/wp-content\/uploads\/2022\/01\/Automatic_Transmission_CP_300ml_RGB-2-scaled.jpg\",\"width\":2560,\"height\":2560},{\"@type\":\"BreadcrumbList\",\"@id\":\"https:\/\/www.gat-international.de\/de\/es\/produkte\/automatikgetriebe-pflege-schutz-car-line\/#breadcrumb\",\"itemListElement\":[{\"@type\":\"ListItem\",\"position\":1,\"name\":\"Startseite\",\"item\":\"https:\/\/www.gat-international.de\/de\/es\/\"},{\"@type\":\"ListItem\",\"position\":2,\"name\":\"Productos\",\"item\":\"https:\/\/www.gat-international.de\/de\/produkte\/\"},{\"@type\":\"ListItem\",\"position\":3,\"name\":\"Automatic Transmission Care &amp; Protect\"}]},{\"@type\":\"WebSite\",\"@id\":\"https:\/\/www.gat-international.de\/de\/es\/#website\",\"url\":\"https:\/\/www.gat-international.de\/de\/es\/\",\"name\":\"GAT Gesellschaft f\u00fcr Kraftstoff- und Automobiltechnologie mbH &amp; Co. KG\",\"description\":\"GAT ist ein Hersteller von Additiven und Systemreinigern, die in der eigenen Forschungs- und Entwicklungsabteilung entwickelt und st\u00e4ndig verbessert werden.\",\"potentialAction\":[{\"@type\":\"SearchAction\",\"target\":{\"@type\":\"EntryPoint\",\"urlTemplate\":\"https:\/\/www.gat-international.de\/de\/es\/?s={search_term_string}\"},\"query-input\":{\"@type\":\"PropertyValueSpecification\",\"valueRequired\":true,\"valueName\":\"search_term_string\"}}],\"inLanguage\":\"es-ES\"}]}<\/script>\n<!-- \/ Yoast SEO plugin. -->","yoast_head_json":{"title":"GAT Automatic Transmission Care & Protect - Car Line","description":"Automatic Transmission Care & Protect - Car Linepara todos los tipos de transmisiones autom\u00e1ticas con convertidores de par hidr\u00e1ulicos, as\u00ed como para todas las transmisiones autom\u00e1ticas con aceites basados en DEXRON\u00ae-VI\/MERCON\u00ae LV.","robots":{"index":"index","follow":"follow","max-snippet":"max-snippet:-1","max-image-preview":"max-image-preview:large","max-video-preview":"max-video-preview:-1"},"canonical":"https:\/\/www.gat-international.de\/de\/es\/produkte\/automatikgetriebe-pflege-schutz-car-line\/","og_locale":"es_ES","og_type":"article","og_title":"GAT Automatic Transmission Care & Protect - Car Line","og_description":"Automatic Transmission Care & Protect - Car Linepara todos los tipos de transmisiones autom\u00e1ticas con convertidores de par hidr\u00e1ulicos, as\u00ed como para todas las transmisiones autom\u00e1ticas con aceites basados en DEXRON\u00ae-VI\/MERCON\u00ae LV.","og_url":"https:\/\/www.gat-international.de\/de\/es\/produkte\/automatikgetriebe-pflege-schutz-car-line\/","og_site_name":"GAT Gesellschaft f\u00fcr Kraftstoff- und Automobiltechnologie mbH &amp; Co. KG","og_image":[{"width":2560,"height":2560,"url":"https:\/\/www.gat-international.de\/wp-content\/uploads\/2022\/01\/Automatic_Transmission_CP_300ml_RGB-1-scaled.jpg","type":"image\/jpeg"}],"twitter_card":"summary_large_image","schema":{"@context":"https:\/\/schema.org","@graph":[{"@type":"WebPage","@id":"https:\/\/www.gat-international.de\/de\/es\/produkte\/automatikgetriebe-pflege-schutz-car-line\/","url":"https:\/\/www.gat-international.de\/de\/es\/produkte\/automatikgetriebe-pflege-schutz-car-line\/","name":"GAT Automatic Transmission Care & Protect - Car Line","isPartOf":{"@id":"https:\/\/www.gat-international.de\/de\/es\/#website"},"primaryImageOfPage":{"@id":"https:\/\/www.gat-international.de\/de\/es\/produkte\/automatikgetriebe-pflege-schutz-car-line\/#primaryimage"},"image":{"@id":"https:\/\/www.gat-international.de\/de\/es\/produkte\/automatikgetriebe-pflege-schutz-car-line\/#primaryimage"},"thumbnailUrl":"https:\/\/www.gat-international.de\/wp-content\/uploads\/2022\/01\/Automatic_Transmission_CP_300ml_RGB-2-scaled.jpg","datePublished":"2022-01-21T09:49:02+00:00","description":"Automatic Transmission Care & Protect - Car Linepara todos los tipos de transmisiones autom\u00e1ticas con convertidores de par hidr\u00e1ulicos, as\u00ed como para todas las transmisiones autom\u00e1ticas con aceites basados en DEXRON\u00ae-VI\/MERCON\u00ae LV.","breadcrumb":{"@id":"https:\/\/www.gat-international.de\/de\/es\/produkte\/automatikgetriebe-pflege-schutz-car-line\/#breadcrumb"},"inLanguage":"es-ES","potentialAction":[{"@type":"ReadAction","target":["https:\/\/www.gat-international.de\/de\/es\/produkte\/automatikgetriebe-pflege-schutz-car-line\/"]}]},{"@type":"ImageObject","inLanguage":"es-ES","@id":"https:\/\/www.gat-international.de\/de\/es\/produkte\/automatikgetriebe-pflege-schutz-car-line\/#primaryimage","url":"https:\/\/www.gat-international.de\/wp-content\/uploads\/2022\/01\/Automatic_Transmission_CP_300ml_RGB-2-scaled.jpg","contentUrl":"https:\/\/www.gat-international.de\/wp-content\/uploads\/2022\/01\/Automatic_Transmission_CP_300ml_RGB-2-scaled.jpg","width":2560,"height":2560},{"@type":"BreadcrumbList","@id":"https:\/\/www.gat-international.de\/de\/es\/produkte\/automatikgetriebe-pflege-schutz-car-line\/#breadcrumb","itemListElement":[{"@type":"ListItem","position":1,"name":"Startseite","item":"https:\/\/www.gat-international.de\/de\/es\/"},{"@type":"ListItem","position":2,"name":"Productos","item":"https:\/\/www.gat-international.de\/de\/produkte\/"},{"@type":"ListItem","position":3,"name":"Automatic Transmission Care &amp; Protect"}]},{"@type":"WebSite","@id":"https:\/\/www.gat-international.de\/de\/es\/#website","url":"https:\/\/www.gat-international.de\/de\/es\/","name":"GAT Gesellschaft f\u00fcr Kraftstoff- und Automobiltechnologie mbH &amp; Co. KG","description":"GAT ist ein Hersteller von Additiven und Systemreinigern, die in der eigenen Forschungs- und Entwicklungsabteilung entwickelt und st\u00e4ndig verbessert werden.","potentialAction":[{"@type":"SearchAction","target":{"@type":"EntryPoint","urlTemplate":"https:\/\/www.gat-international.de\/de\/es\/?s={search_term_string}"},"query-input":{"@type":"PropertyValueSpecification","valueRequired":true,"valueName":"search_term_string"}}],"inLanguage":"es-ES"}]}},"_links":{"self":[{"href":"https:\/\/www.gat-international.de\/de\/es\/wp-json\/wp\/v2\/product\/17543","targetHints":{"allow":["GET"]}}],"collection":[{"href":"https:\/\/www.gat-international.de\/de\/es\/wp-json\/wp\/v2\/product"}],"about":[{"href":"https:\/\/www.gat-international.de\/de\/es\/wp-json\/wp\/v2\/types\/product"}],"version-history":[{"count":0,"href":"https:\/\/www.gat-international.de\/de\/es\/wp-json\/wp\/v2\/product\/17543\/revisions"}],"wp:featuredmedia":[{"embeddable":true,"href":"https:\/\/www.gat-international.de\/de\/es\/wp-json\/wp\/v2\/media\/19829"}],"wp:attachment":[{"href":"https:\/\/www.gat-international.de\/de\/es\/wp-json\/wp\/v2\/media?parent=17543"}],"wp:term":[{"taxonomy":"product_brand","embeddable":true,"href":"https:\/\/www.gat-international.de\/de\/es\/wp-json\/wp\/v2\/product_brand?post=17543"},{"taxonomy":"product_cat","embeddable":true,"href":"https:\/\/www.gat-international.de\/de\/es\/wp-json\/wp\/v2\/product_cat?post=17543"},{"taxonomy":"product_tag","embeddable":true,"href":"https:\/\/www.gat-international.de\/de\/es\/wp-json\/wp\/v2\/product_tag?post=17543"}],"curies":[{"name":"wp","href":"https:\/\/api.w.org\/{rel}","templated":true}]}}