{"id":17545,"date":"2022-01-19T14:00:50","date_gmt":"2022-01-19T13:00:50","guid":{"rendered":"https:\/\/www.gat-international.de\/de\/produkte\/fuel-system-cleaner-2-4-stroke\/"},"modified":"2022-01-19T14:00:50","modified_gmt":"2022-01-19T13:00:50","slug":"benzinsystemreiniger-2-4-takt","status":"publish","type":"product","link":"https:\/\/www.gat-international.de\/de\/es\/produkte\/benzinsystemreiniger-2-4-takt\/","title":{"rendered":"Fuel System Cleaner 2 &amp; 4 Stroke"},"content":{"rendered":"<p>GAT Fuel System Cleaner 2 &amp; 4 Stroke es adecuado para su uso en todos los motores de dos y cuatro tiempos. Elimina y previene la suciedad y los dep\u00f3sitos de resina en todo el sistema de combustible. Une el agua y protege de la corrosi\u00f3n. Lubrica todas las piezas m\u00f3viles del sistema de combustible. Reduce el golpeteo del motor y evita el sobrecalentamiento. Asegura un \u00f3ptimo comportamiento de arranque incluso despu\u00e9s de largos per\u00edodos de inactividad.<\/p>\n<p><strong>Ventajas:<\/strong> Arranque \u00f3ptimo del motor, funcionamiento eficiente del mismo y m\u00ednima emisi\u00f3n de gases de escape. Protecci\u00f3n contra la corrosi\u00f3n en todo el sistema de combustible. Su uso regular mantiene limpio el sistema de combustible y evita costosas reparaciones.<\/p>\n","protected":false},"excerpt":{"rendered":"<h5>Duraci\u00f3n de uso:<\/h5>\n<p>funciona mientras se conduce<\/p>\n<h5>Campo de uso:<\/h5>\n<p>para uso en todos los motores de gasolina<\/p>\n<h5>Consumo:<\/h5>\n<p>50ml por 10L<\/p>\n<h5>Intervalo de aplicaci\u00f3n:<\/h5>\n<p>con cada tanque de combustible o cuando sea necesario<\/p>\n","protected":false},"featured_media":19744,"template":"","meta":{"site-sidebar-layout":"default","site-content-layout":"default","ast-site-content-layout":"default","site-content-style":"default","site-sidebar-style":"default","ast-global-header-display":"","ast-banner-title-visibility":"","ast-main-header-display":"","ast-hfb-above-header-display":"","ast-hfb-below-header-display":"","ast-hfb-mobile-header-display":"","site-post-title":"","ast-breadcrumbs-content":"","ast-featured-img":"","footer-sml-layout":"","ast-disable-related-posts":"","theme-transparent-header-meta":"default","adv-header-id-meta":"","stick-header-meta":"","header-above-stick-meta":"","header-main-stick-meta":"","header-below-stick-meta":"","astra-migrate-meta-layouts":"default","ast-page-background-enabled":"default","ast-page-background-meta":{"desktop":{"background-color":"var(--ast-global-color-4)","background-image":"","background-repeat":"repeat","background-position":"center center","background-size":"auto","background-attachment":"scroll","background-type":"","background-media":"","overlay-type":"","overlay-color":"","overlay-opacity":"","overlay-gradient":""},"tablet":{"background-color":"","background-image":"","background-repeat":"repeat","background-position":"center center","background-size":"auto","background-attachment":"scroll","background-type":"","background-media":"","overlay-type":"","overlay-color":"","overlay-opacity":"","overlay-gradient":""},"mobile":{"background-color":"","background-image":"","background-repeat":"repeat","background-position":"center center","background-size":"auto","background-attachment":"scroll","background-type":"","background-media":"","overlay-type":"","overlay-color":"","overlay-opacity":"","overlay-gradient":""}},"ast-content-background-meta":{"desktop":{"background-color":"var(--ast-global-color-5)","background-image":"","background-repeat":"repeat","background-position":"center center","background-size":"auto","background-attachment":"scroll","background-type":"","background-media":"","overlay-type":"","overlay-color":"","overlay-opacity":"","overlay-gradient":""},"tablet":{"background-color":"var(--ast-global-color-5)","background-image":"","background-repeat":"repeat","background-position":"center center","background-size":"auto","background-attachment":"scroll","background-type":"","background-media":"","overlay-type":"","overlay-color":"","overlay-opacity":"","overlay-gradient":""},"mobile":{"background-color":"var(--ast-global-color-5)","background-image":"","background-repeat":"repeat","background-position":"center center","background-size":"auto","background-attachment":"scroll","background-type":"","background-media":"","overlay-type":"","overlay-color":"","overlay-opacity":"","overlay-gradient":""}}},"product_brand":[],"product_cat":[888,897,900,889],"product_tag":[918,933,924,972,936,926],"class_list":{"0":"post-17545","1":"product","2":"type-product","3":"status-publish","4":"has-post-thumbnail","6":"product_cat-bike-line-es","7":"product_cat-car-line-es","8":"product_cat-sistema-de-gasolina-es","9":"product_cat-sistema-de-gasolina","10":"product_tag-2-y-4-barras","11":"product_tag-coche","12":"product_tag-gasolina-es","13":"product_tag-limpiador","14":"product_tag-limpiadora","15":"product_tag-sistema-de-combustible","16":"desktop-align-left","17":"tablet-align-left","18":"mobile-align-left","20":"first","21":"instock","22":"taxable","23":"shipping-taxable","24":"product-type-simple"},"yoast_head":"<!-- This site is optimized with the Yoast SEO plugin v27.1.1 - https:\/\/yoast.com\/product\/yoast-seo-wordpress\/ -->\n<title>GAT Fuel System Cleaner 2 &amp; 4 Stroke<\/title>\n<meta name=\"description\" content=\"Fuel System Cleaner 2 &amp; 4 Stroke es adecuado para su uso en todos los motores de dos y cuatro tiempos.\" \/>\n<meta name=\"robots\" content=\"index, follow, max-snippet:-1, max-image-preview:large, max-video-preview:-1\" \/>\n<link rel=\"canonical\" href=\"https:\/\/www.gat-international.de\/de\/es\/produkte\/benzinsystemreiniger-2-4-takt\/\" \/>\n<meta property=\"og:locale\" content=\"es_ES\" \/>\n<meta property=\"og:type\" content=\"article\" \/>\n<meta property=\"og:title\" content=\"GAT Fuel System Cleaner 2 &amp; 4 Stroke\" \/>\n<meta property=\"og:description\" content=\"Fuel System Cleaner 2 &amp; 4 Stroke es adecuado para su uso en todos los motores de dos y cuatro tiempos.\" \/>\n<meta property=\"og:url\" content=\"https:\/\/www.gat-international.de\/de\/es\/produkte\/benzinsystemreiniger-2-4-takt\/\" \/>\n<meta property=\"og:site_name\" content=\"GAT Gesellschaft f\u00fcr Kraftstoff- und Automobiltechnologie mbH &amp; Co. KG\" \/>\n<meta property=\"og:image\" content=\"https:\/\/www.gat-international.de\/wp-content\/uploads\/2022\/01\/Fuel_System_Cleaner_24_Stroke_300ml_RGB-scaled.jpg\" \/>\n\t<meta property=\"og:image:width\" content=\"2560\" \/>\n\t<meta property=\"og:image:height\" content=\"2560\" \/>\n\t<meta property=\"og:image:type\" content=\"image\/jpeg\" \/>\n<meta name=\"twitter:card\" content=\"summary_large_image\" \/>\n<meta name=\"twitter:label1\" content=\"Est. reading time\" \/>\n\t<meta name=\"twitter:data1\" content=\"1 minute\" \/>\n<script type=\"application\/ld+json\" class=\"yoast-schema-graph\">{\"@context\":\"https:\/\/schema.org\",\"@graph\":[{\"@type\":\"WebPage\",\"@id\":\"https:\/\/www.gat-international.de\/de\/es\/produkte\/benzinsystemreiniger-2-4-takt\/\",\"url\":\"https:\/\/www.gat-international.de\/de\/es\/produkte\/benzinsystemreiniger-2-4-takt\/\",\"name\":\"GAT Fuel System Cleaner 2 & 4 Stroke\",\"isPartOf\":{\"@id\":\"https:\/\/www.gat-international.de\/de\/es\/#website\"},\"primaryImageOfPage\":{\"@id\":\"https:\/\/www.gat-international.de\/de\/es\/produkte\/benzinsystemreiniger-2-4-takt\/#primaryimage\"},\"image\":{\"@id\":\"https:\/\/www.gat-international.de\/de\/es\/produkte\/benzinsystemreiniger-2-4-takt\/#primaryimage\"},\"thumbnailUrl\":\"https:\/\/www.gat-international.de\/wp-content\/uploads\/2022\/01\/Benzinsystemreiniger-2-4-Takt_1000x1000px_300dpi_RGB-scaled.jpg\",\"datePublished\":\"2022-01-19T13:00:50+00:00\",\"description\":\"Fuel System Cleaner 2 & 4 Stroke es adecuado para su uso en todos los motores de dos y cuatro tiempos.\",\"breadcrumb\":{\"@id\":\"https:\/\/www.gat-international.de\/de\/es\/produkte\/benzinsystemreiniger-2-4-takt\/#breadcrumb\"},\"inLanguage\":\"es-ES\",\"potentialAction\":[{\"@type\":\"ReadAction\",\"target\":[\"https:\/\/www.gat-international.de\/de\/es\/produkte\/benzinsystemreiniger-2-4-takt\/\"]}]},{\"@type\":\"ImageObject\",\"inLanguage\":\"es-ES\",\"@id\":\"https:\/\/www.gat-international.de\/de\/es\/produkte\/benzinsystemreiniger-2-4-takt\/#primaryimage\",\"url\":\"https:\/\/www.gat-international.de\/wp-content\/uploads\/2022\/01\/Benzinsystemreiniger-2-4-Takt_1000x1000px_300dpi_RGB-scaled.jpg\",\"contentUrl\":\"https:\/\/www.gat-international.de\/wp-content\/uploads\/2022\/01\/Benzinsystemreiniger-2-4-Takt_1000x1000px_300dpi_RGB-scaled.jpg\",\"width\":2560,\"height\":2560},{\"@type\":\"BreadcrumbList\",\"@id\":\"https:\/\/www.gat-international.de\/de\/es\/produkte\/benzinsystemreiniger-2-4-takt\/#breadcrumb\",\"itemListElement\":[{\"@type\":\"ListItem\",\"position\":1,\"name\":\"Startseite\",\"item\":\"https:\/\/www.gat-international.de\/de\/es\/\"},{\"@type\":\"ListItem\",\"position\":2,\"name\":\"Productos\",\"item\":\"https:\/\/www.gat-international.de\/de\/produkte\/\"},{\"@type\":\"ListItem\",\"position\":3,\"name\":\"Fuel System Cleaner 2 &amp; 4 Stroke\"}]},{\"@type\":\"WebSite\",\"@id\":\"https:\/\/www.gat-international.de\/de\/es\/#website\",\"url\":\"https:\/\/www.gat-international.de\/de\/es\/\",\"name\":\"GAT Gesellschaft f\u00fcr Kraftstoff- und Automobiltechnologie mbH &amp; Co. KG\",\"description\":\"GAT ist ein Hersteller von Additiven und Systemreinigern, die in der eigenen Forschungs- und Entwicklungsabteilung entwickelt und st\u00e4ndig verbessert werden.\",\"potentialAction\":[{\"@type\":\"SearchAction\",\"target\":{\"@type\":\"EntryPoint\",\"urlTemplate\":\"https:\/\/www.gat-international.de\/de\/es\/?s={search_term_string}\"},\"query-input\":{\"@type\":\"PropertyValueSpecification\",\"valueRequired\":true,\"valueName\":\"search_term_string\"}}],\"inLanguage\":\"es-ES\"}]}<\/script>\n<!-- \/ Yoast SEO plugin. -->","yoast_head_json":{"title":"GAT Fuel System Cleaner 2 & 4 Stroke","description":"Fuel System Cleaner 2 & 4 Stroke es adecuado para su uso en todos los motores de dos y cuatro tiempos.","robots":{"index":"index","follow":"follow","max-snippet":"max-snippet:-1","max-image-preview":"max-image-preview:large","max-video-preview":"max-video-preview:-1"},"canonical":"https:\/\/www.gat-international.de\/de\/es\/produkte\/benzinsystemreiniger-2-4-takt\/","og_locale":"es_ES","og_type":"article","og_title":"GAT Fuel System Cleaner 2 & 4 Stroke","og_description":"Fuel System Cleaner 2 & 4 Stroke es adecuado para su uso en todos los motores de dos y cuatro tiempos.","og_url":"https:\/\/www.gat-international.de\/de\/es\/produkte\/benzinsystemreiniger-2-4-takt\/","og_site_name":"GAT Gesellschaft f\u00fcr Kraftstoff- und Automobiltechnologie mbH &amp; Co. KG","og_image":[{"width":2560,"height":2560,"url":"https:\/\/www.gat-international.de\/wp-content\/uploads\/2022\/01\/Fuel_System_Cleaner_24_Stroke_300ml_RGB-scaled.jpg","type":"image\/jpeg"}],"twitter_card":"summary_large_image","twitter_misc":{"Est. reading time":"1 minute"},"schema":{"@context":"https:\/\/schema.org","@graph":[{"@type":"WebPage","@id":"https:\/\/www.gat-international.de\/de\/es\/produkte\/benzinsystemreiniger-2-4-takt\/","url":"https:\/\/www.gat-international.de\/de\/es\/produkte\/benzinsystemreiniger-2-4-takt\/","name":"GAT Fuel System Cleaner 2 & 4 Stroke","isPartOf":{"@id":"https:\/\/www.gat-international.de\/de\/es\/#website"},"primaryImageOfPage":{"@id":"https:\/\/www.gat-international.de\/de\/es\/produkte\/benzinsystemreiniger-2-4-takt\/#primaryimage"},"image":{"@id":"https:\/\/www.gat-international.de\/de\/es\/produkte\/benzinsystemreiniger-2-4-takt\/#primaryimage"},"thumbnailUrl":"https:\/\/www.gat-international.de\/wp-content\/uploads\/2022\/01\/Benzinsystemreiniger-2-4-Takt_1000x1000px_300dpi_RGB-scaled.jpg","datePublished":"2022-01-19T13:00:50+00:00","description":"Fuel System Cleaner 2 & 4 Stroke es adecuado para su uso en todos los motores de dos y cuatro tiempos.","breadcrumb":{"@id":"https:\/\/www.gat-international.de\/de\/es\/produkte\/benzinsystemreiniger-2-4-takt\/#breadcrumb"},"inLanguage":"es-ES","potentialAction":[{"@type":"ReadAction","target":["https:\/\/www.gat-international.de\/de\/es\/produkte\/benzinsystemreiniger-2-4-takt\/"]}]},{"@type":"ImageObject","inLanguage":"es-ES","@id":"https:\/\/www.gat-international.de\/de\/es\/produkte\/benzinsystemreiniger-2-4-takt\/#primaryimage","url":"https:\/\/www.gat-international.de\/wp-content\/uploads\/2022\/01\/Benzinsystemreiniger-2-4-Takt_1000x1000px_300dpi_RGB-scaled.jpg","contentUrl":"https:\/\/www.gat-international.de\/wp-content\/uploads\/2022\/01\/Benzinsystemreiniger-2-4-Takt_1000x1000px_300dpi_RGB-scaled.jpg","width":2560,"height":2560},{"@type":"BreadcrumbList","@id":"https:\/\/www.gat-international.de\/de\/es\/produkte\/benzinsystemreiniger-2-4-takt\/#breadcrumb","itemListElement":[{"@type":"ListItem","position":1,"name":"Startseite","item":"https:\/\/www.gat-international.de\/de\/es\/"},{"@type":"ListItem","position":2,"name":"Productos","item":"https:\/\/www.gat-international.de\/de\/produkte\/"},{"@type":"ListItem","position":3,"name":"Fuel System Cleaner 2 &amp; 4 Stroke"}]},{"@type":"WebSite","@id":"https:\/\/www.gat-international.de\/de\/es\/#website","url":"https:\/\/www.gat-international.de\/de\/es\/","name":"GAT Gesellschaft f\u00fcr Kraftstoff- und Automobiltechnologie mbH &amp; Co. KG","description":"GAT ist ein Hersteller von Additiven und Systemreinigern, die in der eigenen Forschungs- und Entwicklungsabteilung entwickelt und st\u00e4ndig verbessert werden.","potentialAction":[{"@type":"SearchAction","target":{"@type":"EntryPoint","urlTemplate":"https:\/\/www.gat-international.de\/de\/es\/?s={search_term_string}"},"query-input":{"@type":"PropertyValueSpecification","valueRequired":true,"valueName":"search_term_string"}}],"inLanguage":"es-ES"}]}},"_links":{"self":[{"href":"https:\/\/www.gat-international.de\/de\/es\/wp-json\/wp\/v2\/product\/17545","targetHints":{"allow":["GET"]}}],"collection":[{"href":"https:\/\/www.gat-international.de\/de\/es\/wp-json\/wp\/v2\/product"}],"about":[{"href":"https:\/\/www.gat-international.de\/de\/es\/wp-json\/wp\/v2\/types\/product"}],"version-history":[{"count":0,"href":"https:\/\/www.gat-international.de\/de\/es\/wp-json\/wp\/v2\/product\/17545\/revisions"}],"wp:featuredmedia":[{"embeddable":true,"href":"https:\/\/www.gat-international.de\/de\/es\/wp-json\/wp\/v2\/media\/19744"}],"wp:attachment":[{"href":"https:\/\/www.gat-international.de\/de\/es\/wp-json\/wp\/v2\/media?parent=17545"}],"wp:term":[{"taxonomy":"product_brand","embeddable":true,"href":"https:\/\/www.gat-international.de\/de\/es\/wp-json\/wp\/v2\/product_brand?post=17545"},{"taxonomy":"product_cat","embeddable":true,"href":"https:\/\/www.gat-international.de\/de\/es\/wp-json\/wp\/v2\/product_cat?post=17545"},{"taxonomy":"product_tag","embeddable":true,"href":"https:\/\/www.gat-international.de\/de\/es\/wp-json\/wp\/v2\/product_tag?post=17545"}],"curies":[{"name":"wp","href":"https:\/\/api.w.org\/{rel}","templated":true}]}}