{"id":17548,"date":"2022-01-26T09:44:32","date_gmt":"2022-01-26T08:44:32","guid":{"rendered":"https:\/\/www.gat-international.de\/de\/produkte\/dpf-catalyst-cleaning-foam\/"},"modified":"2022-01-26T09:44:32","modified_gmt":"2022-01-26T08:44:32","slug":"dpf-katalysator-reinigungsschaum-car-line","status":"publish","type":"product","link":"https:\/\/www.gat-international.de\/de\/es\/produkte\/dpf-katalysator-reinigungsschaum-car-line\/","title":{"rendered":"DPF &amp; Catalyst Cleaning Foam"},"content":{"rendered":"<p>GAT DPF &amp; Catalyst Cleaning Foam es un limpiador eficaz para la limpieza r\u00e1pida y eficiente del filtro de part\u00edculas Di\u00e9sel y el catalizador sin necesidad de desmontarlos. Las impurezas en el filtro de part\u00edculas Di\u00e9sel se disuelven r\u00e1pidamente. Especialmente recomendado para veh\u00edculos que recorren distancias cortas (conducci\u00f3n urbana). El uso preventivo del producto con cada servicio puede ayudar a evitar problemas futuros con el filtro de part\u00edculas y, por lo tanto, reducir\u00e1 significativamente los costos de mantenimiento.<\/p>\n<p><strong>Ventajas:<\/strong> Disuelve el holl\u00edn en el filtro de part\u00edculas Di\u00e9sel, catalizador y v\u00e1lvulas de EGR. Reduce los costos de mantenimiento y restaura el rendimiento afectado adversamente y los valores de emisi\u00f3n causados por dep\u00f3sitos en el filtro de part\u00edculas Di\u00e9sel.<\/p>\n","protected":false},"excerpt":{"rendered":"<h5>Duraci\u00f3n de uso:<\/h5>\n<p>unos 30 minutos tiempo de exposici\u00f3n<\/p>\n<h5>Campo de uso:<\/h5>\n<p>para uso en todos los filtros de part\u00edculas diesel<\/p>\n<h5>Consumo:<\/h5>\n<p>suficiente para una aplicaci\u00f3n<\/p>\n<h5>Intervalo de aplicaci\u00f3n:<\/h5>\n<p>si necesario<\/p>\n","protected":false},"featured_media":15863,"template":"","meta":{"site-sidebar-layout":"default","site-content-layout":"default","ast-site-content-layout":"default","site-content-style":"default","site-sidebar-style":"default","ast-global-header-display":"","ast-banner-title-visibility":"","ast-main-header-display":"","ast-hfb-above-header-display":"","ast-hfb-below-header-display":"","ast-hfb-mobile-header-display":"","site-post-title":"","ast-breadcrumbs-content":"","ast-featured-img":"","footer-sml-layout":"","ast-disable-related-posts":"","theme-transparent-header-meta":"default","adv-header-id-meta":"","stick-header-meta":"","header-above-stick-meta":"","header-main-stick-meta":"","header-below-stick-meta":"","astra-migrate-meta-layouts":"default","ast-page-background-enabled":"default","ast-page-background-meta":{"desktop":{"background-color":"var(--ast-global-color-4)","background-image":"","background-repeat":"repeat","background-position":"center center","background-size":"auto","background-attachment":"scroll","background-type":"","background-media":"","overlay-type":"","overlay-color":"","overlay-opacity":"","overlay-gradient":""},"tablet":{"background-color":"","background-image":"","background-repeat":"repeat","background-position":"center center","background-size":"auto","background-attachment":"scroll","background-type":"","background-media":"","overlay-type":"","overlay-color":"","overlay-opacity":"","overlay-gradient":""},"mobile":{"background-color":"","background-image":"","background-repeat":"repeat","background-position":"center center","background-size":"auto","background-attachment":"scroll","background-type":"","background-media":"","overlay-type":"","overlay-color":"","overlay-opacity":"","overlay-gradient":""}},"ast-content-background-meta":{"desktop":{"background-color":"var(--ast-global-color-5)","background-image":"","background-repeat":"repeat","background-position":"center center","background-size":"auto","background-attachment":"scroll","background-type":"","background-media":"","overlay-type":"","overlay-color":"","overlay-opacity":"","overlay-gradient":""},"tablet":{"background-color":"var(--ast-global-color-5)","background-image":"","background-repeat":"repeat","background-position":"center center","background-size":"auto","background-attachment":"scroll","background-type":"","background-media":"","overlay-type":"","overlay-color":"","overlay-opacity":"","overlay-gradient":""},"mobile":{"background-color":"var(--ast-global-color-5)","background-image":"","background-repeat":"repeat","background-position":"center center","background-size":"auto","background-attachment":"scroll","background-type":"","background-media":"","overlay-type":"","overlay-color":"","overlay-opacity":"","overlay-gradient":""}}},"product_brand":[],"product_cat":[897,901],"product_tag":[954,940,938,976,972,936,942],"class_list":{"0":"post-17548","1":"product","2":"type-product","3":"status-publish","4":"has-post-thumbnail","6":"product_cat-car-line-es","7":"product_cat-sistema-diesel","8":"product_tag-catalizador","9":"product_tag-diesel-es","10":"product_tag-dpf-es","11":"product_tag-espuma-es","12":"product_tag-limpiador","13":"product_tag-limpiadora","14":"product_tag-sistema-diesel-es-2","15":"desktop-align-left","16":"tablet-align-left","17":"mobile-align-left","19":"first","20":"instock","21":"taxable","22":"shipping-taxable","23":"product-type-simple"},"yoast_head":"<!-- This site is optimized with the Yoast SEO plugin v27.1.1 - https:\/\/yoast.com\/product\/yoast-seo-wordpress\/ -->\n<title>GAT DPF &amp; Catalyst Cleaning Foam - Car Line<\/title>\n<meta name=\"description\" content=\"DPF &amp; Catalyst Cleaning Foam es un limpiador eficaz para la limpieza r\u00e1pida y eficiente del filtro de part\u00edculas Di\u00e9sel y el catalizador sin necesidad de desmontarlos.\" \/>\n<meta name=\"robots\" content=\"index, follow, max-snippet:-1, max-image-preview:large, max-video-preview:-1\" \/>\n<link rel=\"canonical\" href=\"https:\/\/www.gat-international.de\/de\/es\/produkte\/dpf-katalysator-reinigungsschaum-car-line\/\" \/>\n<meta property=\"og:locale\" content=\"es_ES\" \/>\n<meta property=\"og:type\" content=\"article\" \/>\n<meta property=\"og:title\" content=\"GAT DPF &amp; Catalyst Cleaning Foam - Car Line\" \/>\n<meta property=\"og:description\" content=\"DPF &amp; Catalyst Cleaning Foam es un limpiador eficaz para la limpieza r\u00e1pida y eficiente del filtro de part\u00edculas Di\u00e9sel y el catalizador sin necesidad de desmontarlos.\" \/>\n<meta property=\"og:url\" content=\"https:\/\/www.gat-international.de\/de\/es\/produkte\/dpf-katalysator-reinigungsschaum-car-line\/\" \/>\n<meta property=\"og:site_name\" content=\"GAT Gesellschaft f\u00fcr Kraftstoff- und Automobiltechnologie mbH &amp; Co. KG\" \/>\n<meta property=\"og:image\" content=\"https:\/\/www.gat-international.de\/wp-content\/uploads\/2022\/01\/DPF__Catalyst_Cleaning_Foam_400ml_RGB-scaled.jpg\" \/>\n\t<meta property=\"og:image:width\" content=\"2560\" \/>\n\t<meta property=\"og:image:height\" content=\"2560\" \/>\n\t<meta property=\"og:image:type\" content=\"image\/jpeg\" \/>\n<meta name=\"twitter:card\" content=\"summary_large_image\" \/>\n<meta name=\"twitter:label1\" content=\"Est. reading time\" \/>\n\t<meta name=\"twitter:data1\" content=\"1 minute\" \/>\n<script type=\"application\/ld+json\" class=\"yoast-schema-graph\">{\"@context\":\"https:\/\/schema.org\",\"@graph\":[{\"@type\":\"WebPage\",\"@id\":\"https:\/\/www.gat-international.de\/de\/es\/produkte\/dpf-katalysator-reinigungsschaum-car-line\/\",\"url\":\"https:\/\/www.gat-international.de\/de\/es\/produkte\/dpf-katalysator-reinigungsschaum-car-line\/\",\"name\":\"GAT DPF & Catalyst Cleaning Foam - Car Line\",\"isPartOf\":{\"@id\":\"https:\/\/www.gat-international.de\/de\/es\/#website\"},\"primaryImageOfPage\":{\"@id\":\"https:\/\/www.gat-international.de\/de\/es\/produkte\/dpf-katalysator-reinigungsschaum-car-line\/#primaryimage\"},\"image\":{\"@id\":\"https:\/\/www.gat-international.de\/de\/es\/produkte\/dpf-katalysator-reinigungsschaum-car-line\/#primaryimage\"},\"thumbnailUrl\":\"https:\/\/www.gat-international.de\/wp-content\/uploads\/2022\/01\/DPF__Catalyst_Cleaning_Foam_400ml_RGB-scaled.jpg\",\"datePublished\":\"2022-01-26T08:44:32+00:00\",\"description\":\"DPF & Catalyst Cleaning Foam es un limpiador eficaz para la limpieza r\u00e1pida y eficiente del filtro de part\u00edculas Di\u00e9sel y el catalizador sin necesidad de desmontarlos.\",\"breadcrumb\":{\"@id\":\"https:\/\/www.gat-international.de\/de\/es\/produkte\/dpf-katalysator-reinigungsschaum-car-line\/#breadcrumb\"},\"inLanguage\":\"es-ES\",\"potentialAction\":[{\"@type\":\"ReadAction\",\"target\":[\"https:\/\/www.gat-international.de\/de\/es\/produkte\/dpf-katalysator-reinigungsschaum-car-line\/\"]}]},{\"@type\":\"ImageObject\",\"inLanguage\":\"es-ES\",\"@id\":\"https:\/\/www.gat-international.de\/de\/es\/produkte\/dpf-katalysator-reinigungsschaum-car-line\/#primaryimage\",\"url\":\"https:\/\/www.gat-international.de\/wp-content\/uploads\/2022\/01\/DPF__Catalyst_Cleaning_Foam_400ml_RGB-scaled.jpg\",\"contentUrl\":\"https:\/\/www.gat-international.de\/wp-content\/uploads\/2022\/01\/DPF__Catalyst_Cleaning_Foam_400ml_RGB-scaled.jpg\",\"width\":2560,\"height\":2560},{\"@type\":\"BreadcrumbList\",\"@id\":\"https:\/\/www.gat-international.de\/de\/es\/produkte\/dpf-katalysator-reinigungsschaum-car-line\/#breadcrumb\",\"itemListElement\":[{\"@type\":\"ListItem\",\"position\":1,\"name\":\"Startseite\",\"item\":\"https:\/\/www.gat-international.de\/de\/es\/\"},{\"@type\":\"ListItem\",\"position\":2,\"name\":\"Productos\",\"item\":\"https:\/\/www.gat-international.de\/de\/produkte\/\"},{\"@type\":\"ListItem\",\"position\":3,\"name\":\"DPF &amp; Catalyst Cleaning Foam\"}]},{\"@type\":\"WebSite\",\"@id\":\"https:\/\/www.gat-international.de\/de\/es\/#website\",\"url\":\"https:\/\/www.gat-international.de\/de\/es\/\",\"name\":\"GAT Gesellschaft f\u00fcr Kraftstoff- und Automobiltechnologie mbH &amp; Co. KG\",\"description\":\"GAT ist ein Hersteller von Additiven und Systemreinigern, die in der eigenen Forschungs- und Entwicklungsabteilung entwickelt und st\u00e4ndig verbessert werden.\",\"potentialAction\":[{\"@type\":\"SearchAction\",\"target\":{\"@type\":\"EntryPoint\",\"urlTemplate\":\"https:\/\/www.gat-international.de\/de\/es\/?s={search_term_string}\"},\"query-input\":{\"@type\":\"PropertyValueSpecification\",\"valueRequired\":true,\"valueName\":\"search_term_string\"}}],\"inLanguage\":\"es-ES\"}]}<\/script>\n<!-- \/ Yoast SEO plugin. -->","yoast_head_json":{"title":"GAT DPF & Catalyst Cleaning Foam - Car Line","description":"DPF & Catalyst Cleaning Foam es un limpiador eficaz para la limpieza r\u00e1pida y eficiente del filtro de part\u00edculas Di\u00e9sel y el catalizador sin necesidad de desmontarlos.","robots":{"index":"index","follow":"follow","max-snippet":"max-snippet:-1","max-image-preview":"max-image-preview:large","max-video-preview":"max-video-preview:-1"},"canonical":"https:\/\/www.gat-international.de\/de\/es\/produkte\/dpf-katalysator-reinigungsschaum-car-line\/","og_locale":"es_ES","og_type":"article","og_title":"GAT DPF & Catalyst Cleaning Foam - Car Line","og_description":"DPF & Catalyst Cleaning Foam es un limpiador eficaz para la limpieza r\u00e1pida y eficiente del filtro de part\u00edculas Di\u00e9sel y el catalizador sin necesidad de desmontarlos.","og_url":"https:\/\/www.gat-international.de\/de\/es\/produkte\/dpf-katalysator-reinigungsschaum-car-line\/","og_site_name":"GAT Gesellschaft f\u00fcr Kraftstoff- und Automobiltechnologie mbH &amp; Co. KG","og_image":[{"width":2560,"height":2560,"url":"https:\/\/www.gat-international.de\/wp-content\/uploads\/2022\/01\/DPF__Catalyst_Cleaning_Foam_400ml_RGB-scaled.jpg","type":"image\/jpeg"}],"twitter_card":"summary_large_image","twitter_misc":{"Est. reading time":"1 minute"},"schema":{"@context":"https:\/\/schema.org","@graph":[{"@type":"WebPage","@id":"https:\/\/www.gat-international.de\/de\/es\/produkte\/dpf-katalysator-reinigungsschaum-car-line\/","url":"https:\/\/www.gat-international.de\/de\/es\/produkte\/dpf-katalysator-reinigungsschaum-car-line\/","name":"GAT DPF & Catalyst Cleaning Foam - Car Line","isPartOf":{"@id":"https:\/\/www.gat-international.de\/de\/es\/#website"},"primaryImageOfPage":{"@id":"https:\/\/www.gat-international.de\/de\/es\/produkte\/dpf-katalysator-reinigungsschaum-car-line\/#primaryimage"},"image":{"@id":"https:\/\/www.gat-international.de\/de\/es\/produkte\/dpf-katalysator-reinigungsschaum-car-line\/#primaryimage"},"thumbnailUrl":"https:\/\/www.gat-international.de\/wp-content\/uploads\/2022\/01\/DPF__Catalyst_Cleaning_Foam_400ml_RGB-scaled.jpg","datePublished":"2022-01-26T08:44:32+00:00","description":"DPF & Catalyst Cleaning Foam es un limpiador eficaz para la limpieza r\u00e1pida y eficiente del filtro de part\u00edculas Di\u00e9sel y el catalizador sin necesidad de desmontarlos.","breadcrumb":{"@id":"https:\/\/www.gat-international.de\/de\/es\/produkte\/dpf-katalysator-reinigungsschaum-car-line\/#breadcrumb"},"inLanguage":"es-ES","potentialAction":[{"@type":"ReadAction","target":["https:\/\/www.gat-international.de\/de\/es\/produkte\/dpf-katalysator-reinigungsschaum-car-line\/"]}]},{"@type":"ImageObject","inLanguage":"es-ES","@id":"https:\/\/www.gat-international.de\/de\/es\/produkte\/dpf-katalysator-reinigungsschaum-car-line\/#primaryimage","url":"https:\/\/www.gat-international.de\/wp-content\/uploads\/2022\/01\/DPF__Catalyst_Cleaning_Foam_400ml_RGB-scaled.jpg","contentUrl":"https:\/\/www.gat-international.de\/wp-content\/uploads\/2022\/01\/DPF__Catalyst_Cleaning_Foam_400ml_RGB-scaled.jpg","width":2560,"height":2560},{"@type":"BreadcrumbList","@id":"https:\/\/www.gat-international.de\/de\/es\/produkte\/dpf-katalysator-reinigungsschaum-car-line\/#breadcrumb","itemListElement":[{"@type":"ListItem","position":1,"name":"Startseite","item":"https:\/\/www.gat-international.de\/de\/es\/"},{"@type":"ListItem","position":2,"name":"Productos","item":"https:\/\/www.gat-international.de\/de\/produkte\/"},{"@type":"ListItem","position":3,"name":"DPF &amp; Catalyst Cleaning Foam"}]},{"@type":"WebSite","@id":"https:\/\/www.gat-international.de\/de\/es\/#website","url":"https:\/\/www.gat-international.de\/de\/es\/","name":"GAT Gesellschaft f\u00fcr Kraftstoff- und Automobiltechnologie mbH &amp; Co. KG","description":"GAT ist ein Hersteller von Additiven und Systemreinigern, die in der eigenen Forschungs- und Entwicklungsabteilung entwickelt und st\u00e4ndig verbessert werden.","potentialAction":[{"@type":"SearchAction","target":{"@type":"EntryPoint","urlTemplate":"https:\/\/www.gat-international.de\/de\/es\/?s={search_term_string}"},"query-input":{"@type":"PropertyValueSpecification","valueRequired":true,"valueName":"search_term_string"}}],"inLanguage":"es-ES"}]}},"_links":{"self":[{"href":"https:\/\/www.gat-international.de\/de\/es\/wp-json\/wp\/v2\/product\/17548","targetHints":{"allow":["GET"]}}],"collection":[{"href":"https:\/\/www.gat-international.de\/de\/es\/wp-json\/wp\/v2\/product"}],"about":[{"href":"https:\/\/www.gat-international.de\/de\/es\/wp-json\/wp\/v2\/types\/product"}],"version-history":[{"count":0,"href":"https:\/\/www.gat-international.de\/de\/es\/wp-json\/wp\/v2\/product\/17548\/revisions"}],"wp:featuredmedia":[{"embeddable":true,"href":"https:\/\/www.gat-international.de\/de\/es\/wp-json\/wp\/v2\/media\/15863"}],"wp:attachment":[{"href":"https:\/\/www.gat-international.de\/de\/es\/wp-json\/wp\/v2\/media?parent=17548"}],"wp:term":[{"taxonomy":"product_brand","embeddable":true,"href":"https:\/\/www.gat-international.de\/de\/es\/wp-json\/wp\/v2\/product_brand?post=17548"},{"taxonomy":"product_cat","embeddable":true,"href":"https:\/\/www.gat-international.de\/de\/es\/wp-json\/wp\/v2\/product_cat?post=17548"},{"taxonomy":"product_tag","embeddable":true,"href":"https:\/\/www.gat-international.de\/de\/es\/wp-json\/wp\/v2\/product_tag?post=17548"}],"curies":[{"name":"wp","href":"https:\/\/api.w.org\/{rel}","templated":true}]}}