{"id":17551,"date":"2022-01-24T09:24:25","date_gmt":"2022-01-24T08:24:25","guid":{"rendered":"https:\/\/www.gat-international.de\/de\/produkte\/throttle-body-cleaner\/"},"modified":"2022-01-24T09:24:25","modified_gmt":"2022-01-24T08:24:25","slug":"drosselklappenreiniger","status":"publish","type":"product","link":"https:\/\/www.gat-international.de\/de\/es\/produkte\/drosselklappenreiniger\/","title":{"rendered":"Throttle Body Cleaner"},"content":{"rendered":"<p>GAT Throttle Body Cleaner es una mezcla de agentes limpiadores desarrollados especialmente para la limpieza del cuerpo de v\u00e1lvula de mariposa y v\u00e1lvulas de control de ralent\u00ed. Tambi\u00e9n es adecuado para la limpieza externa e interna de los carburadores. Es un agente de limpieza excelente para la reparaci\u00f3n, montaje y trabajos de mantenimiento de rutina.<\/p>\n<p><strong>Propiedades:<\/strong> Una r\u00e1pida eliminaci\u00f3n de los dep\u00f3sitos t\u00edpicos (combustible, aceite, residuos de grasa) en la zona de entrada del cuerpo de v\u00e1lvula de mariposa y las v\u00e1lvulas de control de ralent\u00ed sin desmontaje. La limpieza peri\u00f3dica mejora el rendimiento de arranque y reduce el consumo de combustible.<\/p>\n","protected":false},"excerpt":{"rendered":"<h5>Duraci\u00f3n de uso:<\/h5>\n<p>funciona durante el uso<\/p>\n<h5>Campo de uso:<\/h5>\n<p>para limpiar la v\u00e1lvula del acelerador, el cuerpo del acelerador, las v\u00e1lvulas de control de ralent\u00ed y para la limpieza externa e interna de los carburadores<\/p>\n<h5>Consumo:<\/h5>\n<p>Consumo en funci\u00f3n de la aplicaci\u00f3n<\/p>\n<h5>Intervalo de aplicaci\u00f3n:<\/h5>\n<p>si necesario<\/p>\n","protected":false},"featured_media":16120,"template":"","meta":{"site-sidebar-layout":"default","site-content-layout":"default","ast-site-content-layout":"default","site-content-style":"default","site-sidebar-style":"default","ast-global-header-display":"","ast-banner-title-visibility":"","ast-main-header-display":"","ast-hfb-above-header-display":"","ast-hfb-below-header-display":"","ast-hfb-mobile-header-display":"","site-post-title":"","ast-breadcrumbs-content":"","ast-featured-img":"","footer-sml-layout":"","ast-disable-related-posts":"","theme-transparent-header-meta":"default","adv-header-id-meta":"","stick-header-meta":"","header-above-stick-meta":"","header-main-stick-meta":"","header-below-stick-meta":"","astra-migrate-meta-layouts":"default","ast-page-background-enabled":"default","ast-page-background-meta":{"desktop":{"background-color":"var(--ast-global-color-4)","background-image":"","background-repeat":"repeat","background-position":"center center","background-size":"auto","background-attachment":"scroll","background-type":"","background-media":"","overlay-type":"","overlay-color":"","overlay-opacity":"","overlay-gradient":""},"tablet":{"background-color":"","background-image":"","background-repeat":"repeat","background-position":"center center","background-size":"auto","background-attachment":"scroll","background-type":"","background-media":"","overlay-type":"","overlay-color":"","overlay-opacity":"","overlay-gradient":""},"mobile":{"background-color":"","background-image":"","background-repeat":"repeat","background-position":"center center","background-size":"auto","background-attachment":"scroll","background-type":"","background-media":"","overlay-type":"","overlay-color":"","overlay-opacity":"","overlay-gradient":""}},"ast-content-background-meta":{"desktop":{"background-color":"var(--ast-global-color-5)","background-image":"","background-repeat":"repeat","background-position":"center center","background-size":"auto","background-attachment":"scroll","background-type":"","background-media":"","overlay-type":"","overlay-color":"","overlay-opacity":"","overlay-gradient":""},"tablet":{"background-color":"var(--ast-global-color-5)","background-image":"","background-repeat":"repeat","background-position":"center center","background-size":"auto","background-attachment":"scroll","background-type":"","background-media":"","overlay-type":"","overlay-color":"","overlay-opacity":"","overlay-gradient":""},"mobile":{"background-color":"var(--ast-global-color-5)","background-image":"","background-repeat":"repeat","background-position":"center center","background-size":"auto","background-attachment":"scroll","background-type":"","background-media":"","overlay-type":"","overlay-color":"","overlay-opacity":"","overlay-gradient":""}}},"product_brand":[],"product_cat":[891,897,907,916,895,910],"product_tag":[933,972,943,936,982],"class_list":{"0":"post-17551","1":"product","2":"type-product","3":"status-publish","4":"has-post-thumbnail","6":"product_cat-boat-line-es","7":"product_cat-car-line-es","8":"product_cat-productos-de-servicio","9":"product_cat-productos-de-servicio-truck-es","10":"product_cat-productos-de-servicio-boat","11":"product_cat-truck-line-es","12":"product_tag-coche","13":"product_tag-limpiador","14":"product_tag-limpiador-de-cuerpo-de-aceleracion","15":"product_tag-limpiadora","16":"product_tag-servicio","17":"desktop-align-left","18":"tablet-align-left","19":"mobile-align-left","21":"first","22":"instock","23":"taxable","24":"shipping-taxable","25":"product-type-simple"},"yoast_head":"<!-- This site is optimized with the Yoast SEO plugin v27.1.1 - https:\/\/yoast.com\/product\/yoast-seo-wordpress\/ -->\n<title>GAT Throttle Body Cleaner<\/title>\n<meta name=\"description\" content=\"Throttle Body Cleaner es una mezcla de agentes limpiadores desarrollados especialmente para la limpieza del cuerpo de v\u00e1lvula de mariposa y v\u00e1lvulas de control de ralent\u00ed.\" \/>\n<meta name=\"robots\" content=\"index, follow, max-snippet:-1, max-image-preview:large, max-video-preview:-1\" \/>\n<link rel=\"canonical\" href=\"https:\/\/www.gat-international.de\/de\/es\/produkte\/drosselklappenreiniger\/\" \/>\n<meta property=\"og:locale\" content=\"es_ES\" \/>\n<meta property=\"og:type\" content=\"article\" \/>\n<meta property=\"og:title\" content=\"GAT Throttle Body Cleaner\" \/>\n<meta property=\"og:description\" content=\"Throttle Body Cleaner es una mezcla de agentes limpiadores desarrollados especialmente para la limpieza del cuerpo de v\u00e1lvula de mariposa y v\u00e1lvulas de control de ralent\u00ed.\" \/>\n<meta property=\"og:url\" content=\"https:\/\/www.gat-international.de\/de\/es\/produkte\/drosselklappenreiniger\/\" \/>\n<meta property=\"og:site_name\" content=\"GAT Gesellschaft f\u00fcr Kraftstoff- und Automobiltechnologie mbH &amp; Co. KG\" \/>\n<meta property=\"og:image\" content=\"https:\/\/www.gat-international.de\/wp-content\/uploads\/2022\/01\/Throttle_Body_Cleaner_500ml_RGB-1.jpg\" \/>\n\t<meta property=\"og:image:width\" content=\"1000\" \/>\n\t<meta property=\"og:image:height\" content=\"1000\" \/>\n\t<meta property=\"og:image:type\" content=\"image\/jpeg\" \/>\n<meta name=\"twitter:card\" content=\"summary_large_image\" \/>\n<meta name=\"twitter:label1\" content=\"Est. reading time\" \/>\n\t<meta name=\"twitter:data1\" content=\"1 minute\" \/>\n<script type=\"application\/ld+json\" class=\"yoast-schema-graph\">{\"@context\":\"https:\/\/schema.org\",\"@graph\":[{\"@type\":\"WebPage\",\"@id\":\"https:\/\/www.gat-international.de\/de\/es\/produkte\/drosselklappenreiniger\/\",\"url\":\"https:\/\/www.gat-international.de\/de\/es\/produkte\/drosselklappenreiniger\/\",\"name\":\"GAT Throttle Body Cleaner\",\"isPartOf\":{\"@id\":\"https:\/\/www.gat-international.de\/de\/es\/#website\"},\"primaryImageOfPage\":{\"@id\":\"https:\/\/www.gat-international.de\/de\/es\/produkte\/drosselklappenreiniger\/#primaryimage\"},\"image\":{\"@id\":\"https:\/\/www.gat-international.de\/de\/es\/produkte\/drosselklappenreiniger\/#primaryimage\"},\"thumbnailUrl\":\"https:\/\/www.gat-international.de\/wp-content\/uploads\/2022\/01\/Throttle_Body_Cleaner_500ml_RGB-1.jpg\",\"datePublished\":\"2022-01-24T08:24:25+00:00\",\"description\":\"Throttle Body Cleaner es una mezcla de agentes limpiadores desarrollados especialmente para la limpieza del cuerpo de v\u00e1lvula de mariposa y v\u00e1lvulas de control de ralent\u00ed.\",\"breadcrumb\":{\"@id\":\"https:\/\/www.gat-international.de\/de\/es\/produkte\/drosselklappenreiniger\/#breadcrumb\"},\"inLanguage\":\"es-ES\",\"potentialAction\":[{\"@type\":\"ReadAction\",\"target\":[\"https:\/\/www.gat-international.de\/de\/es\/produkte\/drosselklappenreiniger\/\"]}]},{\"@type\":\"ImageObject\",\"inLanguage\":\"es-ES\",\"@id\":\"https:\/\/www.gat-international.de\/de\/es\/produkte\/drosselklappenreiniger\/#primaryimage\",\"url\":\"https:\/\/www.gat-international.de\/wp-content\/uploads\/2022\/01\/Throttle_Body_Cleaner_500ml_RGB-1.jpg\",\"contentUrl\":\"https:\/\/www.gat-international.de\/wp-content\/uploads\/2022\/01\/Throttle_Body_Cleaner_500ml_RGB-1.jpg\",\"width\":1000,\"height\":1000},{\"@type\":\"BreadcrumbList\",\"@id\":\"https:\/\/www.gat-international.de\/de\/es\/produkte\/drosselklappenreiniger\/#breadcrumb\",\"itemListElement\":[{\"@type\":\"ListItem\",\"position\":1,\"name\":\"Startseite\",\"item\":\"https:\/\/www.gat-international.de\/de\/es\/\"},{\"@type\":\"ListItem\",\"position\":2,\"name\":\"Productos\",\"item\":\"https:\/\/www.gat-international.de\/de\/produkte\/\"},{\"@type\":\"ListItem\",\"position\":3,\"name\":\"Throttle Body Cleaner\"}]},{\"@type\":\"WebSite\",\"@id\":\"https:\/\/www.gat-international.de\/de\/es\/#website\",\"url\":\"https:\/\/www.gat-international.de\/de\/es\/\",\"name\":\"GAT Gesellschaft f\u00fcr Kraftstoff- und Automobiltechnologie mbH &amp; Co. KG\",\"description\":\"GAT ist ein Hersteller von Additiven und Systemreinigern, die in der eigenen Forschungs- und Entwicklungsabteilung entwickelt und st\u00e4ndig verbessert werden.\",\"potentialAction\":[{\"@type\":\"SearchAction\",\"target\":{\"@type\":\"EntryPoint\",\"urlTemplate\":\"https:\/\/www.gat-international.de\/de\/es\/?s={search_term_string}\"},\"query-input\":{\"@type\":\"PropertyValueSpecification\",\"valueRequired\":true,\"valueName\":\"search_term_string\"}}],\"inLanguage\":\"es-ES\"}]}<\/script>\n<!-- \/ Yoast SEO plugin. -->","yoast_head_json":{"title":"GAT Throttle Body Cleaner","description":"Throttle Body Cleaner es una mezcla de agentes limpiadores desarrollados especialmente para la limpieza del cuerpo de v\u00e1lvula de mariposa y v\u00e1lvulas de control de ralent\u00ed.","robots":{"index":"index","follow":"follow","max-snippet":"max-snippet:-1","max-image-preview":"max-image-preview:large","max-video-preview":"max-video-preview:-1"},"canonical":"https:\/\/www.gat-international.de\/de\/es\/produkte\/drosselklappenreiniger\/","og_locale":"es_ES","og_type":"article","og_title":"GAT Throttle Body Cleaner","og_description":"Throttle Body Cleaner es una mezcla de agentes limpiadores desarrollados especialmente para la limpieza del cuerpo de v\u00e1lvula de mariposa y v\u00e1lvulas de control de ralent\u00ed.","og_url":"https:\/\/www.gat-international.de\/de\/es\/produkte\/drosselklappenreiniger\/","og_site_name":"GAT Gesellschaft f\u00fcr Kraftstoff- und Automobiltechnologie mbH &amp; Co. KG","og_image":[{"width":1000,"height":1000,"url":"https:\/\/www.gat-international.de\/wp-content\/uploads\/2022\/01\/Throttle_Body_Cleaner_500ml_RGB-1.jpg","type":"image\/jpeg"}],"twitter_card":"summary_large_image","twitter_misc":{"Est. reading time":"1 minute"},"schema":{"@context":"https:\/\/schema.org","@graph":[{"@type":"WebPage","@id":"https:\/\/www.gat-international.de\/de\/es\/produkte\/drosselklappenreiniger\/","url":"https:\/\/www.gat-international.de\/de\/es\/produkte\/drosselklappenreiniger\/","name":"GAT Throttle Body Cleaner","isPartOf":{"@id":"https:\/\/www.gat-international.de\/de\/es\/#website"},"primaryImageOfPage":{"@id":"https:\/\/www.gat-international.de\/de\/es\/produkte\/drosselklappenreiniger\/#primaryimage"},"image":{"@id":"https:\/\/www.gat-international.de\/de\/es\/produkte\/drosselklappenreiniger\/#primaryimage"},"thumbnailUrl":"https:\/\/www.gat-international.de\/wp-content\/uploads\/2022\/01\/Throttle_Body_Cleaner_500ml_RGB-1.jpg","datePublished":"2022-01-24T08:24:25+00:00","description":"Throttle Body Cleaner es una mezcla de agentes limpiadores desarrollados especialmente para la limpieza del cuerpo de v\u00e1lvula de mariposa y v\u00e1lvulas de control de ralent\u00ed.","breadcrumb":{"@id":"https:\/\/www.gat-international.de\/de\/es\/produkte\/drosselklappenreiniger\/#breadcrumb"},"inLanguage":"es-ES","potentialAction":[{"@type":"ReadAction","target":["https:\/\/www.gat-international.de\/de\/es\/produkte\/drosselklappenreiniger\/"]}]},{"@type":"ImageObject","inLanguage":"es-ES","@id":"https:\/\/www.gat-international.de\/de\/es\/produkte\/drosselklappenreiniger\/#primaryimage","url":"https:\/\/www.gat-international.de\/wp-content\/uploads\/2022\/01\/Throttle_Body_Cleaner_500ml_RGB-1.jpg","contentUrl":"https:\/\/www.gat-international.de\/wp-content\/uploads\/2022\/01\/Throttle_Body_Cleaner_500ml_RGB-1.jpg","width":1000,"height":1000},{"@type":"BreadcrumbList","@id":"https:\/\/www.gat-international.de\/de\/es\/produkte\/drosselklappenreiniger\/#breadcrumb","itemListElement":[{"@type":"ListItem","position":1,"name":"Startseite","item":"https:\/\/www.gat-international.de\/de\/es\/"},{"@type":"ListItem","position":2,"name":"Productos","item":"https:\/\/www.gat-international.de\/de\/produkte\/"},{"@type":"ListItem","position":3,"name":"Throttle Body Cleaner"}]},{"@type":"WebSite","@id":"https:\/\/www.gat-international.de\/de\/es\/#website","url":"https:\/\/www.gat-international.de\/de\/es\/","name":"GAT Gesellschaft f\u00fcr Kraftstoff- und Automobiltechnologie mbH &amp; Co. KG","description":"GAT ist ein Hersteller von Additiven und Systemreinigern, die in der eigenen Forschungs- und Entwicklungsabteilung entwickelt und st\u00e4ndig verbessert werden.","potentialAction":[{"@type":"SearchAction","target":{"@type":"EntryPoint","urlTemplate":"https:\/\/www.gat-international.de\/de\/es\/?s={search_term_string}"},"query-input":{"@type":"PropertyValueSpecification","valueRequired":true,"valueName":"search_term_string"}}],"inLanguage":"es-ES"}]}},"_links":{"self":[{"href":"https:\/\/www.gat-international.de\/de\/es\/wp-json\/wp\/v2\/product\/17551","targetHints":{"allow":["GET"]}}],"collection":[{"href":"https:\/\/www.gat-international.de\/de\/es\/wp-json\/wp\/v2\/product"}],"about":[{"href":"https:\/\/www.gat-international.de\/de\/es\/wp-json\/wp\/v2\/types\/product"}],"version-history":[{"count":0,"href":"https:\/\/www.gat-international.de\/de\/es\/wp-json\/wp\/v2\/product\/17551\/revisions"}],"wp:featuredmedia":[{"embeddable":true,"href":"https:\/\/www.gat-international.de\/de\/es\/wp-json\/wp\/v2\/media\/16120"}],"wp:attachment":[{"href":"https:\/\/www.gat-international.de\/de\/es\/wp-json\/wp\/v2\/media?parent=17551"}],"wp:term":[{"taxonomy":"product_brand","embeddable":true,"href":"https:\/\/www.gat-international.de\/de\/es\/wp-json\/wp\/v2\/product_brand?post=17551"},{"taxonomy":"product_cat","embeddable":true,"href":"https:\/\/www.gat-international.de\/de\/es\/wp-json\/wp\/v2\/product_cat?post=17551"},{"taxonomy":"product_tag","embeddable":true,"href":"https:\/\/www.gat-international.de\/de\/es\/wp-json\/wp\/v2\/product_tag?post=17551"}],"curies":[{"name":"wp","href":"https:\/\/api.w.org\/{rel}","templated":true}]}}