{"id":17564,"date":"2022-01-19T13:52:36","date_gmt":"2022-01-19T12:52:36","guid":{"rendered":"https:\/\/www.gat-international.de\/de\/produkte\/fuel-system-clean-protect\/"},"modified":"2022-01-19T13:52:36","modified_gmt":"2022-01-19T12:52:36","slug":"benzinsystemreiniger-schutz-car-line","status":"publish","type":"product","link":"https:\/\/www.gat-international.de\/de\/es\/produkte\/benzinsystemreiniger-schutz-car-line\/","title":{"rendered":"Fuel System Clean &amp; Protect"},"content":{"rendered":"<p>GAT Fuel System Clean &amp; Protect asegura una limpieza efectiva de todo el sistema de combustible desde el tanque hasta la c\u00e1mara de combusti\u00f3n. Desplaza la humedad, elimina la contaminaci\u00f3n causada por la operaci\u00f3n y evita la formaci\u00f3n de nuevos dep\u00f3sitos.<\/p>\n<p><strong>Propiedades:<\/strong> \u00a1S\u00f3lo un sistema de combustible limpio garantiza una combusti\u00f3n limpia, con m\u00e1ximo alcance de potencia, y un rendimiento del motor de alta eficiencia! F\u00e1cil aplicaci\u00f3n sin esfuerzo extra. Reduce el consumo de combustible y optimiza los valores de emisi\u00f3n de gases de escape. Protege contra la corrosi\u00f3n y aumenta la fiabilidad operativa. Proporciona un ralent\u00ed suave y silencioso.<\/p>\n","protected":false},"excerpt":{"rendered":"<h5>Duraci\u00f3n de uso:<\/h5>\n<p>funciona mientras se conduce<\/p>\n<h5>Campo de uso:<\/h5>\n<p>para uso en todos los motores de gasolina<\/p>\n<h5>Consumo:<\/h5>\n<p>50ml por 10L<\/p>\n<h5>Intervalo de aplicaci\u00f3n:<\/h5>\n<p>con cada llenado del tanque<\/p>\n","protected":false},"featured_media":15840,"template":"","meta":{"site-sidebar-layout":"default","site-content-layout":"default","ast-site-content-layout":"default","site-content-style":"default","site-sidebar-style":"default","ast-global-header-display":"","ast-banner-title-visibility":"","ast-main-header-display":"","ast-hfb-above-header-display":"","ast-hfb-below-header-display":"","ast-hfb-mobile-header-display":"","site-post-title":"","ast-breadcrumbs-content":"","ast-featured-img":"","footer-sml-layout":"","ast-disable-related-posts":"","theme-transparent-header-meta":"default","adv-header-id-meta":"","stick-header-meta":"","header-above-stick-meta":"","header-main-stick-meta":"","header-below-stick-meta":"","astra-migrate-meta-layouts":"default","ast-page-background-enabled":"default","ast-page-background-meta":{"desktop":{"background-color":"var(--ast-global-color-4)","background-image":"","background-repeat":"repeat","background-position":"center center","background-size":"auto","background-attachment":"scroll","background-type":"","background-media":"","overlay-type":"","overlay-color":"","overlay-opacity":"","overlay-gradient":""},"tablet":{"background-color":"","background-image":"","background-repeat":"repeat","background-position":"center center","background-size":"auto","background-attachment":"scroll","background-type":"","background-media":"","overlay-type":"","overlay-color":"","overlay-opacity":"","overlay-gradient":""},"mobile":{"background-color":"","background-image":"","background-repeat":"repeat","background-position":"center center","background-size":"auto","background-attachment":"scroll","background-type":"","background-media":"","overlay-type":"","overlay-color":"","overlay-opacity":"","overlay-gradient":""}},"ast-content-background-meta":{"desktop":{"background-color":"var(--ast-global-color-5)","background-image":"","background-repeat":"repeat","background-position":"center center","background-size":"auto","background-attachment":"scroll","background-type":"","background-media":"","overlay-type":"","overlay-color":"","overlay-opacity":"","overlay-gradient":""},"tablet":{"background-color":"var(--ast-global-color-5)","background-image":"","background-repeat":"repeat","background-position":"center center","background-size":"auto","background-attachment":"scroll","background-type":"","background-media":"","overlay-type":"","overlay-color":"","overlay-opacity":"","overlay-gradient":""},"mobile":{"background-color":"var(--ast-global-color-5)","background-image":"","background-repeat":"repeat","background-position":"center center","background-size":"auto","background-attachment":"scroll","background-type":"","background-media":"","overlay-type":"","overlay-color":"","overlay-opacity":"","overlay-gradient":""}}},"product_brand":[],"product_cat":[897,900],"product_tag":[933,924,972,936,926],"class_list":{"0":"post-17564","1":"product","2":"type-product","3":"status-publish","4":"has-post-thumbnail","6":"product_cat-car-line-es","7":"product_cat-sistema-de-gasolina-es","8":"product_tag-coche","9":"product_tag-gasolina-es","10":"product_tag-limpiador","11":"product_tag-limpiadora","12":"product_tag-sistema-de-combustible","13":"desktop-align-left","14":"tablet-align-left","15":"mobile-align-left","17":"first","18":"instock","19":"taxable","20":"shipping-taxable","21":"product-type-simple"},"yoast_head":"<!-- This site is optimized with the Yoast SEO plugin v27.1.1 - https:\/\/yoast.com\/product\/yoast-seo-wordpress\/ -->\n<title>GAT Fuel System Clean &amp; Protect - Car line<\/title>\n<meta name=\"description\" content=\"Fuel System Clean &amp; Protect - Car line asegura una limpieza efectiva de todo el sistema de combustible desde el tanque hasta la c\u00e1mara de combusti\u00f3n.\" \/>\n<meta name=\"robots\" content=\"index, follow, max-snippet:-1, max-image-preview:large, max-video-preview:-1\" \/>\n<link rel=\"canonical\" href=\"https:\/\/www.gat-international.de\/de\/es\/produkte\/benzinsystemreiniger-schutz-car-line\/\" \/>\n<meta property=\"og:locale\" content=\"es_ES\" \/>\n<meta property=\"og:type\" content=\"article\" \/>\n<meta property=\"og:title\" content=\"GAT Fuel System Clean &amp; Protect - Car line\" \/>\n<meta property=\"og:description\" content=\"Fuel System Clean &amp; Protect - Car line asegura una limpieza efectiva de todo el sistema de combustible desde el tanque hasta la c\u00e1mara de combusti\u00f3n.\" \/>\n<meta property=\"og:url\" content=\"https:\/\/www.gat-international.de\/de\/es\/produkte\/benzinsystemreiniger-schutz-car-line\/\" \/>\n<meta property=\"og:site_name\" content=\"GAT Gesellschaft f\u00fcr Kraftstoff- und Automobiltechnologie mbH &amp; Co. KG\" \/>\n<meta property=\"og:image\" content=\"https:\/\/www.gat-international.de\/wp-content\/uploads\/2022\/01\/Fuel_System_CP_300ml_RGB-scaled.jpg\" \/>\n\t<meta property=\"og:image:width\" content=\"2560\" \/>\n\t<meta property=\"og:image:height\" content=\"2560\" \/>\n\t<meta property=\"og:image:type\" content=\"image\/jpeg\" \/>\n<meta name=\"twitter:card\" content=\"summary_large_image\" \/>\n<meta name=\"twitter:label1\" content=\"Est. reading time\" \/>\n\t<meta name=\"twitter:data1\" content=\"1 minute\" \/>\n<script type=\"application\/ld+json\" class=\"yoast-schema-graph\">{\"@context\":\"https:\/\/schema.org\",\"@graph\":[{\"@type\":\"WebPage\",\"@id\":\"https:\/\/www.gat-international.de\/de\/es\/produkte\/benzinsystemreiniger-schutz-car-line\/\",\"url\":\"https:\/\/www.gat-international.de\/de\/es\/produkte\/benzinsystemreiniger-schutz-car-line\/\",\"name\":\"GAT Fuel System Clean & Protect - Car line\",\"isPartOf\":{\"@id\":\"https:\/\/www.gat-international.de\/de\/es\/#website\"},\"primaryImageOfPage\":{\"@id\":\"https:\/\/www.gat-international.de\/de\/es\/produkte\/benzinsystemreiniger-schutz-car-line\/#primaryimage\"},\"image\":{\"@id\":\"https:\/\/www.gat-international.de\/de\/es\/produkte\/benzinsystemreiniger-schutz-car-line\/#primaryimage\"},\"thumbnailUrl\":\"https:\/\/www.gat-international.de\/wp-content\/uploads\/2022\/01\/Fuel_System_CP_300ml_RGB-scaled.jpg\",\"datePublished\":\"2022-01-19T12:52:36+00:00\",\"description\":\"Fuel System Clean & Protect - Car line asegura una limpieza efectiva de todo el sistema de combustible desde el tanque hasta la c\u00e1mara de combusti\u00f3n.\",\"breadcrumb\":{\"@id\":\"https:\/\/www.gat-international.de\/de\/es\/produkte\/benzinsystemreiniger-schutz-car-line\/#breadcrumb\"},\"inLanguage\":\"es-ES\",\"potentialAction\":[{\"@type\":\"ReadAction\",\"target\":[\"https:\/\/www.gat-international.de\/de\/es\/produkte\/benzinsystemreiniger-schutz-car-line\/\"]}]},{\"@type\":\"ImageObject\",\"inLanguage\":\"es-ES\",\"@id\":\"https:\/\/www.gat-international.de\/de\/es\/produkte\/benzinsystemreiniger-schutz-car-line\/#primaryimage\",\"url\":\"https:\/\/www.gat-international.de\/wp-content\/uploads\/2022\/01\/Fuel_System_CP_300ml_RGB-scaled.jpg\",\"contentUrl\":\"https:\/\/www.gat-international.de\/wp-content\/uploads\/2022\/01\/Fuel_System_CP_300ml_RGB-scaled.jpg\",\"width\":2560,\"height\":2560},{\"@type\":\"BreadcrumbList\",\"@id\":\"https:\/\/www.gat-international.de\/de\/es\/produkte\/benzinsystemreiniger-schutz-car-line\/#breadcrumb\",\"itemListElement\":[{\"@type\":\"ListItem\",\"position\":1,\"name\":\"Startseite\",\"item\":\"https:\/\/www.gat-international.de\/de\/es\/\"},{\"@type\":\"ListItem\",\"position\":2,\"name\":\"Productos\",\"item\":\"https:\/\/www.gat-international.de\/de\/produkte\/\"},{\"@type\":\"ListItem\",\"position\":3,\"name\":\"Fuel System Clean &amp; Protect\"}]},{\"@type\":\"WebSite\",\"@id\":\"https:\/\/www.gat-international.de\/de\/es\/#website\",\"url\":\"https:\/\/www.gat-international.de\/de\/es\/\",\"name\":\"GAT Gesellschaft f\u00fcr Kraftstoff- und Automobiltechnologie mbH &amp; Co. KG\",\"description\":\"GAT ist ein Hersteller von Additiven und Systemreinigern, die in der eigenen Forschungs- und Entwicklungsabteilung entwickelt und st\u00e4ndig verbessert werden.\",\"potentialAction\":[{\"@type\":\"SearchAction\",\"target\":{\"@type\":\"EntryPoint\",\"urlTemplate\":\"https:\/\/www.gat-international.de\/de\/es\/?s={search_term_string}\"},\"query-input\":{\"@type\":\"PropertyValueSpecification\",\"valueRequired\":true,\"valueName\":\"search_term_string\"}}],\"inLanguage\":\"es-ES\"}]}<\/script>\n<!-- \/ Yoast SEO plugin. -->","yoast_head_json":{"title":"GAT Fuel System Clean & Protect - Car line","description":"Fuel System Clean & Protect - Car line asegura una limpieza efectiva de todo el sistema de combustible desde el tanque hasta la c\u00e1mara de combusti\u00f3n.","robots":{"index":"index","follow":"follow","max-snippet":"max-snippet:-1","max-image-preview":"max-image-preview:large","max-video-preview":"max-video-preview:-1"},"canonical":"https:\/\/www.gat-international.de\/de\/es\/produkte\/benzinsystemreiniger-schutz-car-line\/","og_locale":"es_ES","og_type":"article","og_title":"GAT Fuel System Clean & Protect - Car line","og_description":"Fuel System Clean & Protect - Car line asegura una limpieza efectiva de todo el sistema de combustible desde el tanque hasta la c\u00e1mara de combusti\u00f3n.","og_url":"https:\/\/www.gat-international.de\/de\/es\/produkte\/benzinsystemreiniger-schutz-car-line\/","og_site_name":"GAT Gesellschaft f\u00fcr Kraftstoff- und Automobiltechnologie mbH &amp; Co. KG","og_image":[{"width":2560,"height":2560,"url":"https:\/\/www.gat-international.de\/wp-content\/uploads\/2022\/01\/Fuel_System_CP_300ml_RGB-scaled.jpg","type":"image\/jpeg"}],"twitter_card":"summary_large_image","twitter_misc":{"Est. reading time":"1 minute"},"schema":{"@context":"https:\/\/schema.org","@graph":[{"@type":"WebPage","@id":"https:\/\/www.gat-international.de\/de\/es\/produkte\/benzinsystemreiniger-schutz-car-line\/","url":"https:\/\/www.gat-international.de\/de\/es\/produkte\/benzinsystemreiniger-schutz-car-line\/","name":"GAT Fuel System Clean & Protect - Car line","isPartOf":{"@id":"https:\/\/www.gat-international.de\/de\/es\/#website"},"primaryImageOfPage":{"@id":"https:\/\/www.gat-international.de\/de\/es\/produkte\/benzinsystemreiniger-schutz-car-line\/#primaryimage"},"image":{"@id":"https:\/\/www.gat-international.de\/de\/es\/produkte\/benzinsystemreiniger-schutz-car-line\/#primaryimage"},"thumbnailUrl":"https:\/\/www.gat-international.de\/wp-content\/uploads\/2022\/01\/Fuel_System_CP_300ml_RGB-scaled.jpg","datePublished":"2022-01-19T12:52:36+00:00","description":"Fuel System Clean & Protect - Car line asegura una limpieza efectiva de todo el sistema de combustible desde el tanque hasta la c\u00e1mara de combusti\u00f3n.","breadcrumb":{"@id":"https:\/\/www.gat-international.de\/de\/es\/produkte\/benzinsystemreiniger-schutz-car-line\/#breadcrumb"},"inLanguage":"es-ES","potentialAction":[{"@type":"ReadAction","target":["https:\/\/www.gat-international.de\/de\/es\/produkte\/benzinsystemreiniger-schutz-car-line\/"]}]},{"@type":"ImageObject","inLanguage":"es-ES","@id":"https:\/\/www.gat-international.de\/de\/es\/produkte\/benzinsystemreiniger-schutz-car-line\/#primaryimage","url":"https:\/\/www.gat-international.de\/wp-content\/uploads\/2022\/01\/Fuel_System_CP_300ml_RGB-scaled.jpg","contentUrl":"https:\/\/www.gat-international.de\/wp-content\/uploads\/2022\/01\/Fuel_System_CP_300ml_RGB-scaled.jpg","width":2560,"height":2560},{"@type":"BreadcrumbList","@id":"https:\/\/www.gat-international.de\/de\/es\/produkte\/benzinsystemreiniger-schutz-car-line\/#breadcrumb","itemListElement":[{"@type":"ListItem","position":1,"name":"Startseite","item":"https:\/\/www.gat-international.de\/de\/es\/"},{"@type":"ListItem","position":2,"name":"Productos","item":"https:\/\/www.gat-international.de\/de\/produkte\/"},{"@type":"ListItem","position":3,"name":"Fuel System Clean &amp; Protect"}]},{"@type":"WebSite","@id":"https:\/\/www.gat-international.de\/de\/es\/#website","url":"https:\/\/www.gat-international.de\/de\/es\/","name":"GAT Gesellschaft f\u00fcr Kraftstoff- und Automobiltechnologie mbH &amp; Co. KG","description":"GAT ist ein Hersteller von Additiven und Systemreinigern, die in der eigenen Forschungs- und Entwicklungsabteilung entwickelt und st\u00e4ndig verbessert werden.","potentialAction":[{"@type":"SearchAction","target":{"@type":"EntryPoint","urlTemplate":"https:\/\/www.gat-international.de\/de\/es\/?s={search_term_string}"},"query-input":{"@type":"PropertyValueSpecification","valueRequired":true,"valueName":"search_term_string"}}],"inLanguage":"es-ES"}]}},"_links":{"self":[{"href":"https:\/\/www.gat-international.de\/de\/es\/wp-json\/wp\/v2\/product\/17564","targetHints":{"allow":["GET"]}}],"collection":[{"href":"https:\/\/www.gat-international.de\/de\/es\/wp-json\/wp\/v2\/product"}],"about":[{"href":"https:\/\/www.gat-international.de\/de\/es\/wp-json\/wp\/v2\/types\/product"}],"version-history":[{"count":0,"href":"https:\/\/www.gat-international.de\/de\/es\/wp-json\/wp\/v2\/product\/17564\/revisions"}],"wp:featuredmedia":[{"embeddable":true,"href":"https:\/\/www.gat-international.de\/de\/es\/wp-json\/wp\/v2\/media\/15840"}],"wp:attachment":[{"href":"https:\/\/www.gat-international.de\/de\/es\/wp-json\/wp\/v2\/media?parent=17564"}],"wp:term":[{"taxonomy":"product_brand","embeddable":true,"href":"https:\/\/www.gat-international.de\/de\/es\/wp-json\/wp\/v2\/product_brand?post=17564"},{"taxonomy":"product_cat","embeddable":true,"href":"https:\/\/www.gat-international.de\/de\/es\/wp-json\/wp\/v2\/product_cat?post=17564"},{"taxonomy":"product_tag","embeddable":true,"href":"https:\/\/www.gat-international.de\/de\/es\/wp-json\/wp\/v2\/product_tag?post=17564"}],"curies":[{"name":"wp","href":"https:\/\/api.w.org\/{rel}","templated":true}]}}