{"id":17571,"date":"2022-01-19T14:10:28","date_gmt":"2022-01-19T13:10:28","guid":{"rendered":"https:\/\/www.gat-international.de\/de\/produkte\/gdi-injector-cleaner\/"},"modified":"2022-01-19T14:10:28","modified_gmt":"2022-01-19T13:10:28","slug":"gdi-einspritzduesenreiniger-car-line","status":"publish","type":"product","link":"https:\/\/www.gat-international.de\/de\/es\/produkte\/gdi-einspritzduesenreiniger-car-line\/","title":{"rendered":"GDI Injector Cleaner"},"content":{"rendered":"<p class=\"Pa2\" style=\"line-height: normal;\"><span class=\"A2\"><span style=\"font-size: 11.0pt;\">GAT GDI Injector Cleaner ha sido especialmente desarrollado para proporcionar una excelente limpieza de inyectores en motores de inyecci\u00f3n directa. El producto tambi\u00e9n es adecuado para las inyecciones convencionales en el colector y garantiza una limpieza eficaz de las v\u00e1lvulas, los inyectores y la cabeza del pist\u00f3n sin necesidad de desmontarlos. Elimina la contaminaci\u00f3n causada por el funcionamiento en todo el sistema de inyecci\u00f3n de combustible. S\u00f3lo un sistema de combustible limpio garantiza una combusti\u00f3n limpia y potente y un rendimiento eficaz del motor. <\/span><\/span><\/p>\n<p class=\"Pa1\" style=\"line-height: normal;\"><span class=\"A2\"><b><span style=\"font-size: 11.0pt;\">Ventajas: <\/span><\/b><\/span><span class=\"A2\"><span style=\"font-size: 11.0pt;\">F\u00e1cil de usar &#8211; sin esfuerzo adicional. Mejora el rendimiento del motor y proporciona un proceso de combusti\u00f3n potente y estable. Optimiza el consumo de combustible y los valores de emisi\u00f3n de gases de escape. Prolonga considerablemente la vida \u00fatil del motor y garantiza un funcionamiento suave del motor.<\/span><\/span><\/p>\n","protected":false},"excerpt":{"rendered":"<h5>Duraci\u00f3n de uso:<\/h5>\n<p>funciona mientras se conduce<\/p>\n<h5>Campo de uso:<\/h5>\n<p>para uso en todos los motores de gasolina<\/p>\n<h5>Consumo:<\/h5>\n<p>50ml por 10L<\/p>\n<h5>Intervalo de aplicaci\u00f3n:<\/h5>\n<p>con cada tanque de combustible o cuando sea necesario<\/p>\n","protected":false},"featured_media":21100,"template":"","meta":{"site-sidebar-layout":"default","site-content-layout":"default","ast-site-content-layout":"default","site-content-style":"default","site-sidebar-style":"default","ast-global-header-display":"","ast-banner-title-visibility":"","ast-main-header-display":"","ast-hfb-above-header-display":"","ast-hfb-below-header-display":"","ast-hfb-mobile-header-display":"","site-post-title":"","ast-breadcrumbs-content":"","ast-featured-img":"","footer-sml-layout":"","ast-disable-related-posts":"","theme-transparent-header-meta":"default","adv-header-id-meta":"","stick-header-meta":"","header-above-stick-meta":"","header-main-stick-meta":"","header-below-stick-meta":"","astra-migrate-meta-layouts":"default","ast-page-background-enabled":"default","ast-page-background-meta":{"desktop":{"background-color":"var(--ast-global-color-4)","background-image":"","background-repeat":"repeat","background-position":"center center","background-size":"auto","background-attachment":"scroll","background-type":"","background-media":"","overlay-type":"","overlay-color":"","overlay-opacity":"","overlay-gradient":""},"tablet":{"background-color":"","background-image":"","background-repeat":"repeat","background-position":"center center","background-size":"auto","background-attachment":"scroll","background-type":"","background-media":"","overlay-type":"","overlay-color":"","overlay-opacity":"","overlay-gradient":""},"mobile":{"background-color":"","background-image":"","background-repeat":"repeat","background-position":"center center","background-size":"auto","background-attachment":"scroll","background-type":"","background-media":"","overlay-type":"","overlay-color":"","overlay-opacity":"","overlay-gradient":""}},"ast-content-background-meta":{"desktop":{"background-color":"var(--ast-global-color-5)","background-image":"","background-repeat":"repeat","background-position":"center center","background-size":"auto","background-attachment":"scroll","background-type":"","background-media":"","overlay-type":"","overlay-color":"","overlay-opacity":"","overlay-gradient":""},"tablet":{"background-color":"var(--ast-global-color-5)","background-image":"","background-repeat":"repeat","background-position":"center center","background-size":"auto","background-attachment":"scroll","background-type":"","background-media":"","overlay-type":"","overlay-color":"","overlay-opacity":"","overlay-gradient":""},"mobile":{"background-color":"var(--ast-global-color-5)","background-image":"","background-repeat":"repeat","background-position":"center center","background-size":"auto","background-attachment":"scroll","background-type":"","background-media":"","overlay-type":"","overlay-color":"","overlay-opacity":"","overlay-gradient":""}}},"product_brand":[],"product_cat":[897,900],"product_tag":[933,924,946,972,936,926],"class_list":{"0":"post-17571","1":"product","2":"type-product","3":"status-publish","4":"has-post-thumbnail","6":"product_cat-car-line-es","7":"product_cat-sistema-de-gasolina-es","8":"product_tag-coche","9":"product_tag-gasolina-es","10":"product_tag-gdi-es","11":"product_tag-limpiador","12":"product_tag-limpiadora","13":"product_tag-sistema-de-combustible","14":"desktop-align-left","15":"tablet-align-left","16":"mobile-align-left","18":"first","19":"instock","20":"taxable","21":"shipping-taxable","22":"product-type-simple"},"yoast_head":"<!-- This site is optimized with the Yoast SEO plugin v27.1.1 - https:\/\/yoast.com\/product\/yoast-seo-wordpress\/ -->\n<title>GAT GDI Injector Cleaner - Car Line<\/title>\n<meta name=\"description\" content=\"GDI Injector Cleaner - Car Line ha sido especialmente desarrollado para proporcionar una excelente limpieza de inyectores en motores de inyecci\u00f3n directa. El producto tambi\u00e9n es adecuado para las inyecciones convencionales en el colector y garantiza una limpieza eficaz de las v\u00e1lvulas, los inyectores y la cabeza del pist\u00f3n sin necesidad de desmontarlos.\" \/>\n<meta name=\"robots\" content=\"index, follow, max-snippet:-1, max-image-preview:large, max-video-preview:-1\" \/>\n<link rel=\"canonical\" href=\"https:\/\/www.gat-international.de\/de\/es\/produkte\/gdi-einspritzduesenreiniger-car-line\/\" \/>\n<meta property=\"og:locale\" content=\"es_ES\" \/>\n<meta property=\"og:type\" content=\"article\" \/>\n<meta property=\"og:title\" content=\"GAT GDI Injector Cleaner - Car Line\" \/>\n<meta property=\"og:description\" content=\"GDI Injector Cleaner - Car Line ha sido especialmente desarrollado para proporcionar una excelente limpieza de inyectores en motores de inyecci\u00f3n directa. El producto tambi\u00e9n es adecuado para las inyecciones convencionales en el colector y garantiza una limpieza eficaz de las v\u00e1lvulas, los inyectores y la cabeza del pist\u00f3n sin necesidad de desmontarlos.\" \/>\n<meta property=\"og:url\" content=\"https:\/\/www.gat-international.de\/de\/es\/produkte\/gdi-einspritzduesenreiniger-car-line\/\" \/>\n<meta property=\"og:site_name\" content=\"GAT Gesellschaft f\u00fcr Kraftstoff- und Automobiltechnologie mbH &amp; Co. KG\" \/>\n<meta property=\"og:image\" content=\"https:\/\/www.gat-international.de\/wp-content\/uploads\/2022\/01\/GDI_Injector_Cleaner_300ml_RGB-scaled.jpg\" \/>\n\t<meta property=\"og:image:width\" content=\"2560\" \/>\n\t<meta property=\"og:image:height\" content=\"2560\" \/>\n\t<meta property=\"og:image:type\" content=\"image\/jpeg\" \/>\n<meta name=\"twitter:card\" content=\"summary_large_image\" \/>\n<meta name=\"twitter:label1\" content=\"Est. reading time\" \/>\n\t<meta name=\"twitter:data1\" content=\"1 minute\" \/>\n<script type=\"application\/ld+json\" class=\"yoast-schema-graph\">{\"@context\":\"https:\/\/schema.org\",\"@graph\":[{\"@type\":\"WebPage\",\"@id\":\"https:\/\/www.gat-international.de\/de\/es\/produkte\/gdi-einspritzduesenreiniger-car-line\/\",\"url\":\"https:\/\/www.gat-international.de\/de\/es\/produkte\/gdi-einspritzduesenreiniger-car-line\/\",\"name\":\"GAT GDI Injector Cleaner - Car Line\",\"isPartOf\":{\"@id\":\"https:\/\/www.gat-international.de\/de\/es\/#website\"},\"primaryImageOfPage\":{\"@id\":\"https:\/\/www.gat-international.de\/de\/es\/produkte\/gdi-einspritzduesenreiniger-car-line\/#primaryimage\"},\"image\":{\"@id\":\"https:\/\/www.gat-international.de\/de\/es\/produkte\/gdi-einspritzduesenreiniger-car-line\/#primaryimage\"},\"thumbnailUrl\":\"https:\/\/www.gat-international.de\/wp-content\/uploads\/2022\/01\/GDI_Injector_Cleaner_300ml_RGB-1-scaled.jpg\",\"datePublished\":\"2022-01-19T13:10:28+00:00\",\"description\":\"GDI Injector Cleaner - Car Line ha sido especialmente desarrollado para proporcionar una excelente limpieza de inyectores en motores de inyecci\u00f3n directa. El producto tambi\u00e9n es adecuado para las inyecciones convencionales en el colector y garantiza una limpieza eficaz de las v\u00e1lvulas, los inyectores y la cabeza del pist\u00f3n sin necesidad de desmontarlos.\",\"breadcrumb\":{\"@id\":\"https:\/\/www.gat-international.de\/de\/es\/produkte\/gdi-einspritzduesenreiniger-car-line\/#breadcrumb\"},\"inLanguage\":\"es-ES\",\"potentialAction\":[{\"@type\":\"ReadAction\",\"target\":[\"https:\/\/www.gat-international.de\/de\/es\/produkte\/gdi-einspritzduesenreiniger-car-line\/\"]}]},{\"@type\":\"ImageObject\",\"inLanguage\":\"es-ES\",\"@id\":\"https:\/\/www.gat-international.de\/de\/es\/produkte\/gdi-einspritzduesenreiniger-car-line\/#primaryimage\",\"url\":\"https:\/\/www.gat-international.de\/wp-content\/uploads\/2022\/01\/GDI_Injector_Cleaner_300ml_RGB-1-scaled.jpg\",\"contentUrl\":\"https:\/\/www.gat-international.de\/wp-content\/uploads\/2022\/01\/GDI_Injector_Cleaner_300ml_RGB-1-scaled.jpg\",\"width\":2560,\"height\":2560},{\"@type\":\"BreadcrumbList\",\"@id\":\"https:\/\/www.gat-international.de\/de\/es\/produkte\/gdi-einspritzduesenreiniger-car-line\/#breadcrumb\",\"itemListElement\":[{\"@type\":\"ListItem\",\"position\":1,\"name\":\"Startseite\",\"item\":\"https:\/\/www.gat-international.de\/de\/es\/\"},{\"@type\":\"ListItem\",\"position\":2,\"name\":\"Productos\",\"item\":\"https:\/\/www.gat-international.de\/de\/produkte\/\"},{\"@type\":\"ListItem\",\"position\":3,\"name\":\"GDI Injector Cleaner\"}]},{\"@type\":\"WebSite\",\"@id\":\"https:\/\/www.gat-international.de\/de\/es\/#website\",\"url\":\"https:\/\/www.gat-international.de\/de\/es\/\",\"name\":\"GAT Gesellschaft f\u00fcr Kraftstoff- und Automobiltechnologie mbH &amp; Co. KG\",\"description\":\"GAT ist ein Hersteller von Additiven und Systemreinigern, die in der eigenen Forschungs- und Entwicklungsabteilung entwickelt und st\u00e4ndig verbessert werden.\",\"potentialAction\":[{\"@type\":\"SearchAction\",\"target\":{\"@type\":\"EntryPoint\",\"urlTemplate\":\"https:\/\/www.gat-international.de\/de\/es\/?s={search_term_string}\"},\"query-input\":{\"@type\":\"PropertyValueSpecification\",\"valueRequired\":true,\"valueName\":\"search_term_string\"}}],\"inLanguage\":\"es-ES\"}]}<\/script>\n<!-- \/ Yoast SEO plugin. -->","yoast_head_json":{"title":"GAT GDI Injector Cleaner - Car Line","description":"GDI Injector Cleaner - Car Line ha sido especialmente desarrollado para proporcionar una excelente limpieza de inyectores en motores de inyecci\u00f3n directa. El producto tambi\u00e9n es adecuado para las inyecciones convencionales en el colector y garantiza una limpieza eficaz de las v\u00e1lvulas, los inyectores y la cabeza del pist\u00f3n sin necesidad de desmontarlos.","robots":{"index":"index","follow":"follow","max-snippet":"max-snippet:-1","max-image-preview":"max-image-preview:large","max-video-preview":"max-video-preview:-1"},"canonical":"https:\/\/www.gat-international.de\/de\/es\/produkte\/gdi-einspritzduesenreiniger-car-line\/","og_locale":"es_ES","og_type":"article","og_title":"GAT GDI Injector Cleaner - Car Line","og_description":"GDI Injector Cleaner - Car Line ha sido especialmente desarrollado para proporcionar una excelente limpieza de inyectores en motores de inyecci\u00f3n directa. El producto tambi\u00e9n es adecuado para las inyecciones convencionales en el colector y garantiza una limpieza eficaz de las v\u00e1lvulas, los inyectores y la cabeza del pist\u00f3n sin necesidad de desmontarlos.","og_url":"https:\/\/www.gat-international.de\/de\/es\/produkte\/gdi-einspritzduesenreiniger-car-line\/","og_site_name":"GAT Gesellschaft f\u00fcr Kraftstoff- und Automobiltechnologie mbH &amp; Co. KG","og_image":[{"width":2560,"height":2560,"url":"https:\/\/www.gat-international.de\/wp-content\/uploads\/2022\/01\/GDI_Injector_Cleaner_300ml_RGB-scaled.jpg","type":"image\/jpeg"}],"twitter_card":"summary_large_image","twitter_misc":{"Est. reading time":"1 minute"},"schema":{"@context":"https:\/\/schema.org","@graph":[{"@type":"WebPage","@id":"https:\/\/www.gat-international.de\/de\/es\/produkte\/gdi-einspritzduesenreiniger-car-line\/","url":"https:\/\/www.gat-international.de\/de\/es\/produkte\/gdi-einspritzduesenreiniger-car-line\/","name":"GAT GDI Injector Cleaner - Car Line","isPartOf":{"@id":"https:\/\/www.gat-international.de\/de\/es\/#website"},"primaryImageOfPage":{"@id":"https:\/\/www.gat-international.de\/de\/es\/produkte\/gdi-einspritzduesenreiniger-car-line\/#primaryimage"},"image":{"@id":"https:\/\/www.gat-international.de\/de\/es\/produkte\/gdi-einspritzduesenreiniger-car-line\/#primaryimage"},"thumbnailUrl":"https:\/\/www.gat-international.de\/wp-content\/uploads\/2022\/01\/GDI_Injector_Cleaner_300ml_RGB-1-scaled.jpg","datePublished":"2022-01-19T13:10:28+00:00","description":"GDI Injector Cleaner - Car Line ha sido especialmente desarrollado para proporcionar una excelente limpieza de inyectores en motores de inyecci\u00f3n directa. El producto tambi\u00e9n es adecuado para las inyecciones convencionales en el colector y garantiza una limpieza eficaz de las v\u00e1lvulas, los inyectores y la cabeza del pist\u00f3n sin necesidad de desmontarlos.","breadcrumb":{"@id":"https:\/\/www.gat-international.de\/de\/es\/produkte\/gdi-einspritzduesenreiniger-car-line\/#breadcrumb"},"inLanguage":"es-ES","potentialAction":[{"@type":"ReadAction","target":["https:\/\/www.gat-international.de\/de\/es\/produkte\/gdi-einspritzduesenreiniger-car-line\/"]}]},{"@type":"ImageObject","inLanguage":"es-ES","@id":"https:\/\/www.gat-international.de\/de\/es\/produkte\/gdi-einspritzduesenreiniger-car-line\/#primaryimage","url":"https:\/\/www.gat-international.de\/wp-content\/uploads\/2022\/01\/GDI_Injector_Cleaner_300ml_RGB-1-scaled.jpg","contentUrl":"https:\/\/www.gat-international.de\/wp-content\/uploads\/2022\/01\/GDI_Injector_Cleaner_300ml_RGB-1-scaled.jpg","width":2560,"height":2560},{"@type":"BreadcrumbList","@id":"https:\/\/www.gat-international.de\/de\/es\/produkte\/gdi-einspritzduesenreiniger-car-line\/#breadcrumb","itemListElement":[{"@type":"ListItem","position":1,"name":"Startseite","item":"https:\/\/www.gat-international.de\/de\/es\/"},{"@type":"ListItem","position":2,"name":"Productos","item":"https:\/\/www.gat-international.de\/de\/produkte\/"},{"@type":"ListItem","position":3,"name":"GDI Injector Cleaner"}]},{"@type":"WebSite","@id":"https:\/\/www.gat-international.de\/de\/es\/#website","url":"https:\/\/www.gat-international.de\/de\/es\/","name":"GAT Gesellschaft f\u00fcr Kraftstoff- und Automobiltechnologie mbH &amp; Co. KG","description":"GAT ist ein Hersteller von Additiven und Systemreinigern, die in der eigenen Forschungs- und Entwicklungsabteilung entwickelt und st\u00e4ndig verbessert werden.","potentialAction":[{"@type":"SearchAction","target":{"@type":"EntryPoint","urlTemplate":"https:\/\/www.gat-international.de\/de\/es\/?s={search_term_string}"},"query-input":{"@type":"PropertyValueSpecification","valueRequired":true,"valueName":"search_term_string"}}],"inLanguage":"es-ES"}]}},"_links":{"self":[{"href":"https:\/\/www.gat-international.de\/de\/es\/wp-json\/wp\/v2\/product\/17571","targetHints":{"allow":["GET"]}}],"collection":[{"href":"https:\/\/www.gat-international.de\/de\/es\/wp-json\/wp\/v2\/product"}],"about":[{"href":"https:\/\/www.gat-international.de\/de\/es\/wp-json\/wp\/v2\/types\/product"}],"version-history":[{"count":0,"href":"https:\/\/www.gat-international.de\/de\/es\/wp-json\/wp\/v2\/product\/17571\/revisions"}],"wp:featuredmedia":[{"embeddable":true,"href":"https:\/\/www.gat-international.de\/de\/es\/wp-json\/wp\/v2\/media\/21100"}],"wp:attachment":[{"href":"https:\/\/www.gat-international.de\/de\/es\/wp-json\/wp\/v2\/media?parent=17571"}],"wp:term":[{"taxonomy":"product_brand","embeddable":true,"href":"https:\/\/www.gat-international.de\/de\/es\/wp-json\/wp\/v2\/product_brand?post=17571"},{"taxonomy":"product_cat","embeddable":true,"href":"https:\/\/www.gat-international.de\/de\/es\/wp-json\/wp\/v2\/product_cat?post=17571"},{"taxonomy":"product_tag","embeddable":true,"href":"https:\/\/www.gat-international.de\/de\/es\/wp-json\/wp\/v2\/product_tag?post=17571"}],"curies":[{"name":"wp","href":"https:\/\/api.w.org\/{rel}","templated":true}]}}