{"id":17576,"date":"2022-01-25T14:36:25","date_gmt":"2022-01-25T13:36:25","guid":{"rendered":"https:\/\/www.gat-international.de\/de\/produkte\/diesel-system-cleaner-plus\/"},"modified":"2022-01-25T14:36:25","modified_gmt":"2022-01-25T13:36:25","slug":"dieselsystemreiniger-plus-car-line","status":"publish","type":"product","link":"https:\/\/www.gat-international.de\/de\/es\/produkte\/dieselsystemreiniger-plus-car-line\/","title":{"rendered":"Diesel System Cleaner PLUS"},"content":{"rendered":"<p>GAT Diesel System Cleaner PLUS es un producto de alto rendimiento adecuado para su uso en todos los motores diesel, especialmente en los sistemas diesel de alta presi\u00f3n (common rail, sistema de inyectores de bombas). Especialmente recomendado para los intervalos de servicio de larga duraci\u00f3n. Elimina de manera confiable las deposiciones causadas operacionalmente en todo el sistema de combustible desde el tanque hasta la c\u00e1mara de combusti\u00f3n. Absorbe y elimina eficientemente la humedad del sistema Di\u00e9sel y garantiza una protecci\u00f3n efectiva de la bomba de alta presi\u00f3n. Proporciona una atomizaci\u00f3n \u00f3ptima del Di\u00e9sel y una lubricaci\u00f3n y protecci\u00f3n duraderas Garantiza una pulverizaci\u00f3n adecuada del combustible a largo plazo. Ideal para filtros de part\u00edculas Di\u00e9sel.<\/p>\n<p><strong>Ventanjas:<\/strong> Asegura una \u00f3ptima atomizaci\u00f3n del combustible, mejora el rendimiento del motor, reduce el consumo de combustible y las emisiones de escape.<\/p>\n","protected":false},"excerpt":{"rendered":"<h5>Duraci\u00f3n de uso:<\/h5>\n<p>funciona mientras se conduce<\/p>\n<h5>Campo de uso:<\/h5>\n<p>para usar en todos los motores diesel<\/p>\n<h5>Consumo:<\/h5>\n<p>50ml por 10L<\/p>\n<h5>Intervalo de aplicaci\u00f3n:<\/h5>\n<p>con cada llenado del tanque<\/p>\n","protected":false},"featured_media":15854,"template":"","meta":{"site-sidebar-layout":"default","site-content-layout":"default","ast-site-content-layout":"default","site-content-style":"default","site-sidebar-style":"default","ast-global-header-display":"","ast-banner-title-visibility":"","ast-main-header-display":"","ast-hfb-above-header-display":"","ast-hfb-below-header-display":"","ast-hfb-mobile-header-display":"","site-post-title":"","ast-breadcrumbs-content":"","ast-featured-img":"","footer-sml-layout":"","ast-disable-related-posts":"","theme-transparent-header-meta":"default","adv-header-id-meta":"","stick-header-meta":"","header-above-stick-meta":"","header-main-stick-meta":"","header-below-stick-meta":"","astra-migrate-meta-layouts":"default","ast-page-background-enabled":"default","ast-page-background-meta":{"desktop":{"background-color":"var(--ast-global-color-4)","background-image":"","background-repeat":"repeat","background-position":"center center","background-size":"auto","background-attachment":"scroll","background-type":"","background-media":"","overlay-type":"","overlay-color":"","overlay-opacity":"","overlay-gradient":""},"tablet":{"background-color":"","background-image":"","background-repeat":"repeat","background-position":"center center","background-size":"auto","background-attachment":"scroll","background-type":"","background-media":"","overlay-type":"","overlay-color":"","overlay-opacity":"","overlay-gradient":""},"mobile":{"background-color":"","background-image":"","background-repeat":"repeat","background-position":"center center","background-size":"auto","background-attachment":"scroll","background-type":"","background-media":"","overlay-type":"","overlay-color":"","overlay-opacity":"","overlay-gradient":""}},"ast-content-background-meta":{"desktop":{"background-color":"var(--ast-global-color-5)","background-image":"","background-repeat":"repeat","background-position":"center center","background-size":"auto","background-attachment":"scroll","background-type":"","background-media":"","overlay-type":"","overlay-color":"","overlay-opacity":"","overlay-gradient":""},"tablet":{"background-color":"var(--ast-global-color-5)","background-image":"","background-repeat":"repeat","background-position":"center center","background-size":"auto","background-attachment":"scroll","background-type":"","background-media":"","overlay-type":"","overlay-color":"","overlay-opacity":"","overlay-gradient":""},"mobile":{"background-color":"var(--ast-global-color-5)","background-image":"","background-repeat":"repeat","background-position":"center center","background-size":"auto","background-attachment":"scroll","background-type":"","background-media":"","overlay-type":"","overlay-color":"","overlay-opacity":"","overlay-gradient":""}}},"product_brand":[],"product_cat":[897,901],"product_tag":[933,940,992,972,936,968,941,942],"class_list":{"0":"post-17576","1":"product","2":"type-product","3":"status-publish","4":"has-post-thumbnail","6":"product_cat-car-line-es","7":"product_cat-sistema-diesel","8":"product_tag-coche","9":"product_tag-diesel-es","10":"product_tag-enlace-de-agua","11":"product_tag-limpiador","12":"product_tag-limpiadora","13":"product_tag-mas","14":"product_tag-sistema-diesel-es","15":"product_tag-sistema-diesel-es-2","16":"desktop-align-left","17":"tablet-align-left","18":"mobile-align-left","20":"first","21":"instock","22":"taxable","23":"shipping-taxable","24":"product-type-simple"},"yoast_head":"<!-- This site is optimized with the Yoast SEO plugin v27.1.1 - https:\/\/yoast.com\/product\/yoast-seo-wordpress\/ -->\n<title>GAT Diesel System Cleaner PLUS - Car Line<\/title>\n<meta name=\"description\" content=\"Diesel System Cleaner PLUS - Car Line es un producto de alto rendimiento adecuado para su uso en todos los motores diesel, especialmente en los sistemas diesel de alta presi\u00f3n (common rail, sistema de inyectores de bombas).\" \/>\n<meta name=\"robots\" content=\"index, follow, max-snippet:-1, max-image-preview:large, max-video-preview:-1\" \/>\n<link rel=\"canonical\" href=\"https:\/\/www.gat-international.de\/de\/es\/produkte\/dieselsystemreiniger-plus-car-line\/\" \/>\n<meta property=\"og:locale\" content=\"es_ES\" \/>\n<meta property=\"og:type\" content=\"article\" \/>\n<meta property=\"og:title\" content=\"GAT Diesel System Cleaner PLUS - Car Line\" \/>\n<meta property=\"og:description\" content=\"Diesel System Cleaner PLUS - Car Line es un producto de alto rendimiento adecuado para su uso en todos los motores diesel, especialmente en los sistemas diesel de alta presi\u00f3n (common rail, sistema de inyectores de bombas).\" \/>\n<meta property=\"og:url\" content=\"https:\/\/www.gat-international.de\/de\/es\/produkte\/dieselsystemreiniger-plus-car-line\/\" \/>\n<meta property=\"og:site_name\" content=\"GAT Gesellschaft f\u00fcr Kraftstoff- und Automobiltechnologie mbH &amp; Co. KG\" \/>\n<meta property=\"og:image\" content=\"https:\/\/www.gat-international.de\/wp-content\/uploads\/2022\/01\/Diesel_System_Cleaner_PLUS_300ml_RGB-scaled.jpg\" \/>\n\t<meta property=\"og:image:width\" content=\"2560\" \/>\n\t<meta property=\"og:image:height\" content=\"2560\" \/>\n\t<meta property=\"og:image:type\" content=\"image\/jpeg\" \/>\n<meta name=\"twitter:card\" content=\"summary_large_image\" \/>\n<meta name=\"twitter:label1\" content=\"Est. reading time\" \/>\n\t<meta name=\"twitter:data1\" content=\"1 minute\" \/>\n<script type=\"application\/ld+json\" class=\"yoast-schema-graph\">{\"@context\":\"https:\/\/schema.org\",\"@graph\":[{\"@type\":\"WebPage\",\"@id\":\"https:\/\/www.gat-international.de\/de\/es\/produkte\/dieselsystemreiniger-plus-car-line\/\",\"url\":\"https:\/\/www.gat-international.de\/de\/es\/produkte\/dieselsystemreiniger-plus-car-line\/\",\"name\":\"GAT Diesel System Cleaner PLUS - Car Line\",\"isPartOf\":{\"@id\":\"https:\/\/www.gat-international.de\/de\/es\/#website\"},\"primaryImageOfPage\":{\"@id\":\"https:\/\/www.gat-international.de\/de\/es\/produkte\/dieselsystemreiniger-plus-car-line\/#primaryimage\"},\"image\":{\"@id\":\"https:\/\/www.gat-international.de\/de\/es\/produkte\/dieselsystemreiniger-plus-car-line\/#primaryimage\"},\"thumbnailUrl\":\"https:\/\/www.gat-international.de\/wp-content\/uploads\/2022\/01\/Diesel_System_Cleaner_PLUS_300ml_RGB-scaled.jpg\",\"datePublished\":\"2022-01-25T13:36:25+00:00\",\"description\":\"Diesel System Cleaner PLUS - Car Line es un producto de alto rendimiento adecuado para su uso en todos los motores diesel, especialmente en los sistemas diesel de alta presi\u00f3n (common rail, sistema de inyectores de bombas).\",\"breadcrumb\":{\"@id\":\"https:\/\/www.gat-international.de\/de\/es\/produkte\/dieselsystemreiniger-plus-car-line\/#breadcrumb\"},\"inLanguage\":\"es-ES\",\"potentialAction\":[{\"@type\":\"ReadAction\",\"target\":[\"https:\/\/www.gat-international.de\/de\/es\/produkte\/dieselsystemreiniger-plus-car-line\/\"]}]},{\"@type\":\"ImageObject\",\"inLanguage\":\"es-ES\",\"@id\":\"https:\/\/www.gat-international.de\/de\/es\/produkte\/dieselsystemreiniger-plus-car-line\/#primaryimage\",\"url\":\"https:\/\/www.gat-international.de\/wp-content\/uploads\/2022\/01\/Diesel_System_Cleaner_PLUS_300ml_RGB-scaled.jpg\",\"contentUrl\":\"https:\/\/www.gat-international.de\/wp-content\/uploads\/2022\/01\/Diesel_System_Cleaner_PLUS_300ml_RGB-scaled.jpg\",\"width\":2560,\"height\":2560},{\"@type\":\"BreadcrumbList\",\"@id\":\"https:\/\/www.gat-international.de\/de\/es\/produkte\/dieselsystemreiniger-plus-car-line\/#breadcrumb\",\"itemListElement\":[{\"@type\":\"ListItem\",\"position\":1,\"name\":\"Startseite\",\"item\":\"https:\/\/www.gat-international.de\/de\/es\/\"},{\"@type\":\"ListItem\",\"position\":2,\"name\":\"Productos\",\"item\":\"https:\/\/www.gat-international.de\/de\/produkte\/\"},{\"@type\":\"ListItem\",\"position\":3,\"name\":\"Diesel System Cleaner PLUS\"}]},{\"@type\":\"WebSite\",\"@id\":\"https:\/\/www.gat-international.de\/de\/es\/#website\",\"url\":\"https:\/\/www.gat-international.de\/de\/es\/\",\"name\":\"GAT Gesellschaft f\u00fcr Kraftstoff- und Automobiltechnologie mbH &amp; Co. KG\",\"description\":\"GAT ist ein Hersteller von Additiven und Systemreinigern, die in der eigenen Forschungs- und Entwicklungsabteilung entwickelt und st\u00e4ndig verbessert werden.\",\"potentialAction\":[{\"@type\":\"SearchAction\",\"target\":{\"@type\":\"EntryPoint\",\"urlTemplate\":\"https:\/\/www.gat-international.de\/de\/es\/?s={search_term_string}\"},\"query-input\":{\"@type\":\"PropertyValueSpecification\",\"valueRequired\":true,\"valueName\":\"search_term_string\"}}],\"inLanguage\":\"es-ES\"}]}<\/script>\n<!-- \/ Yoast SEO plugin. -->","yoast_head_json":{"title":"GAT Diesel System Cleaner PLUS - Car Line","description":"Diesel System Cleaner PLUS - Car Line es un producto de alto rendimiento adecuado para su uso en todos los motores diesel, especialmente en los sistemas diesel de alta presi\u00f3n (common rail, sistema de inyectores de bombas).","robots":{"index":"index","follow":"follow","max-snippet":"max-snippet:-1","max-image-preview":"max-image-preview:large","max-video-preview":"max-video-preview:-1"},"canonical":"https:\/\/www.gat-international.de\/de\/es\/produkte\/dieselsystemreiniger-plus-car-line\/","og_locale":"es_ES","og_type":"article","og_title":"GAT Diesel System Cleaner PLUS - Car Line","og_description":"Diesel System Cleaner PLUS - Car Line es un producto de alto rendimiento adecuado para su uso en todos los motores diesel, especialmente en los sistemas diesel de alta presi\u00f3n (common rail, sistema de inyectores de bombas).","og_url":"https:\/\/www.gat-international.de\/de\/es\/produkte\/dieselsystemreiniger-plus-car-line\/","og_site_name":"GAT Gesellschaft f\u00fcr Kraftstoff- und Automobiltechnologie mbH &amp; Co. KG","og_image":[{"width":2560,"height":2560,"url":"https:\/\/www.gat-international.de\/wp-content\/uploads\/2022\/01\/Diesel_System_Cleaner_PLUS_300ml_RGB-scaled.jpg","type":"image\/jpeg"}],"twitter_card":"summary_large_image","twitter_misc":{"Est. reading time":"1 minute"},"schema":{"@context":"https:\/\/schema.org","@graph":[{"@type":"WebPage","@id":"https:\/\/www.gat-international.de\/de\/es\/produkte\/dieselsystemreiniger-plus-car-line\/","url":"https:\/\/www.gat-international.de\/de\/es\/produkte\/dieselsystemreiniger-plus-car-line\/","name":"GAT Diesel System Cleaner PLUS - Car Line","isPartOf":{"@id":"https:\/\/www.gat-international.de\/de\/es\/#website"},"primaryImageOfPage":{"@id":"https:\/\/www.gat-international.de\/de\/es\/produkte\/dieselsystemreiniger-plus-car-line\/#primaryimage"},"image":{"@id":"https:\/\/www.gat-international.de\/de\/es\/produkte\/dieselsystemreiniger-plus-car-line\/#primaryimage"},"thumbnailUrl":"https:\/\/www.gat-international.de\/wp-content\/uploads\/2022\/01\/Diesel_System_Cleaner_PLUS_300ml_RGB-scaled.jpg","datePublished":"2022-01-25T13:36:25+00:00","description":"Diesel System Cleaner PLUS - Car Line es un producto de alto rendimiento adecuado para su uso en todos los motores diesel, especialmente en los sistemas diesel de alta presi\u00f3n (common rail, sistema de inyectores de bombas).","breadcrumb":{"@id":"https:\/\/www.gat-international.de\/de\/es\/produkte\/dieselsystemreiniger-plus-car-line\/#breadcrumb"},"inLanguage":"es-ES","potentialAction":[{"@type":"ReadAction","target":["https:\/\/www.gat-international.de\/de\/es\/produkte\/dieselsystemreiniger-plus-car-line\/"]}]},{"@type":"ImageObject","inLanguage":"es-ES","@id":"https:\/\/www.gat-international.de\/de\/es\/produkte\/dieselsystemreiniger-plus-car-line\/#primaryimage","url":"https:\/\/www.gat-international.de\/wp-content\/uploads\/2022\/01\/Diesel_System_Cleaner_PLUS_300ml_RGB-scaled.jpg","contentUrl":"https:\/\/www.gat-international.de\/wp-content\/uploads\/2022\/01\/Diesel_System_Cleaner_PLUS_300ml_RGB-scaled.jpg","width":2560,"height":2560},{"@type":"BreadcrumbList","@id":"https:\/\/www.gat-international.de\/de\/es\/produkte\/dieselsystemreiniger-plus-car-line\/#breadcrumb","itemListElement":[{"@type":"ListItem","position":1,"name":"Startseite","item":"https:\/\/www.gat-international.de\/de\/es\/"},{"@type":"ListItem","position":2,"name":"Productos","item":"https:\/\/www.gat-international.de\/de\/produkte\/"},{"@type":"ListItem","position":3,"name":"Diesel System Cleaner PLUS"}]},{"@type":"WebSite","@id":"https:\/\/www.gat-international.de\/de\/es\/#website","url":"https:\/\/www.gat-international.de\/de\/es\/","name":"GAT Gesellschaft f\u00fcr Kraftstoff- und Automobiltechnologie mbH &amp; Co. KG","description":"GAT ist ein Hersteller von Additiven und Systemreinigern, die in der eigenen Forschungs- und Entwicklungsabteilung entwickelt und st\u00e4ndig verbessert werden.","potentialAction":[{"@type":"SearchAction","target":{"@type":"EntryPoint","urlTemplate":"https:\/\/www.gat-international.de\/de\/es\/?s={search_term_string}"},"query-input":{"@type":"PropertyValueSpecification","valueRequired":true,"valueName":"search_term_string"}}],"inLanguage":"es-ES"}]}},"_links":{"self":[{"href":"https:\/\/www.gat-international.de\/de\/es\/wp-json\/wp\/v2\/product\/17576","targetHints":{"allow":["GET"]}}],"collection":[{"href":"https:\/\/www.gat-international.de\/de\/es\/wp-json\/wp\/v2\/product"}],"about":[{"href":"https:\/\/www.gat-international.de\/de\/es\/wp-json\/wp\/v2\/types\/product"}],"version-history":[{"count":0,"href":"https:\/\/www.gat-international.de\/de\/es\/wp-json\/wp\/v2\/product\/17576\/revisions"}],"wp:featuredmedia":[{"embeddable":true,"href":"https:\/\/www.gat-international.de\/de\/es\/wp-json\/wp\/v2\/media\/15854"}],"wp:attachment":[{"href":"https:\/\/www.gat-international.de\/de\/es\/wp-json\/wp\/v2\/media?parent=17576"}],"wp:term":[{"taxonomy":"product_brand","embeddable":true,"href":"https:\/\/www.gat-international.de\/de\/es\/wp-json\/wp\/v2\/product_brand?post=17576"},{"taxonomy":"product_cat","embeddable":true,"href":"https:\/\/www.gat-international.de\/de\/es\/wp-json\/wp\/v2\/product_cat?post=17576"},{"taxonomy":"product_tag","embeddable":true,"href":"https:\/\/www.gat-international.de\/de\/es\/wp-json\/wp\/v2\/product_tag?post=17576"}],"curies":[{"name":"wp","href":"https:\/\/api.w.org\/{rel}","templated":true}]}}