{"id":14855,"date":"2022-01-19T11:27:44","date_gmt":"2022-01-19T10:27:44","guid":{"rendered":"https:\/\/www.gat-international.de\/de\/produkte\/oil-anti-smoke\/"},"modified":"2022-01-19T11:27:44","modified_gmt":"2022-01-19T10:27:44","slug":"oil-anti-smoke-car-pt","status":"publish","type":"product","link":"https:\/\/www.gat-international.de\/de\/pt-pt\/produtos\/oil-anti-smoke-car-pt\/","title":{"rendered":"Oil Anti Smoke"},"content":{"rendered":"<p>GAT Oil Anti Smoke \u00e9 um pacote de aditivos altamente eficaz para neutralizar eficazmente a forma\u00e7\u00e3o de fuligem e fuma\u00e7a em motores a gasolina e diesel. Mais adequado para ve\u00edculos com alto consumo de \u00f3leo. O produto garante a lubrifica\u00e7\u00e3o ideal de todas as partes m\u00f3veis.<\/p>\n<p><strong>Vantagens:<\/strong> Devido \u00e0 alta viscosidade, evita a entrada de \u00f3leo na c\u00e2mara de combust\u00e3o. Isso garante uma combust\u00e3o limpa e potente com m\u00ednimo desenvolvimento de fuligem e fuma\u00e7a. O produto ajuda a reduzir o consumo de combust\u00edvel, evitando efeitos blow-by. F\u00e1cil de usar &#8211; sem esfor\u00e7o extra.<\/p>\n","protected":false},"excerpt":{"rendered":"<h5>Dura\u00e7\u00e3o do uso:<\/h5>\n<p>funciona enquanto dirige<\/p>\n<h5>Campo de uso:<\/h5>\n<p>para uso em todos os motores a diesel e gasolina<\/p>\n<h5>Consumo:<\/h5>\n<p>60ml por 1L<\/p>\n<h5>Intervalo de aplica\u00e7\u00e3o:<\/h5>\n<p>a cada troca de \u00f3leo ou quando necess\u00e1rio<\/p>\n","protected":false},"featured_media":19795,"template":"","meta":{"site-sidebar-layout":"default","site-content-layout":"default","ast-site-content-layout":"default","site-content-style":"default","site-sidebar-style":"default","ast-global-header-display":"","ast-banner-title-visibility":"","ast-main-header-display":"","ast-hfb-above-header-display":"","ast-hfb-below-header-display":"","ast-hfb-mobile-header-display":"","site-post-title":"","ast-breadcrumbs-content":"","ast-featured-img":"","footer-sml-layout":"","ast-disable-related-posts":"","theme-transparent-header-meta":"default","adv-header-id-meta":"","stick-header-meta":"","header-above-stick-meta":"","header-main-stick-meta":"","header-below-stick-meta":"","astra-migrate-meta-layouts":"default","ast-page-background-enabled":"default","ast-page-background-meta":{"desktop":{"background-color":"var(--ast-global-color-4)","background-image":"","background-repeat":"repeat","background-position":"center center","background-size":"auto","background-attachment":"scroll","background-type":"","background-media":"","overlay-type":"","overlay-color":"","overlay-opacity":"","overlay-gradient":""},"tablet":{"background-color":"","background-image":"","background-repeat":"repeat","background-position":"center center","background-size":"auto","background-attachment":"scroll","background-type":"","background-media":"","overlay-type":"","overlay-color":"","overlay-opacity":"","overlay-gradient":""},"mobile":{"background-color":"","background-image":"","background-repeat":"repeat","background-position":"center center","background-size":"auto","background-attachment":"scroll","background-type":"","background-media":"","overlay-type":"","overlay-color":"","overlay-opacity":"","overlay-gradient":""}},"ast-content-background-meta":{"desktop":{"background-color":"var(--ast-global-color-5)","background-image":"","background-repeat":"repeat","background-position":"center center","background-size":"auto","background-attachment":"scroll","background-type":"","background-media":"","overlay-type":"","overlay-color":"","overlay-opacity":"","overlay-gradient":""},"tablet":{"background-color":"var(--ast-global-color-5)","background-image":"","background-repeat":"repeat","background-position":"center center","background-size":"auto","background-attachment":"scroll","background-type":"","background-media":"","overlay-type":"","overlay-color":"","overlay-opacity":"","overlay-gradient":""},"mobile":{"background-color":"var(--ast-global-color-5)","background-image":"","background-repeat":"repeat","background-position":"center center","background-size":"auto","background-attachment":"scroll","background-type":"","background-media":"","overlay-type":"","overlay-color":"","overlay-opacity":"","overlay-gradient":""}}},"product_brand":[],"product_cat":[618,629],"product_tag":[654,657,693,717,719],"class_list":{"0":"post-14855","1":"product","2":"type-product","3":"status-publish","4":"has-post-thumbnail","6":"product_cat-car-line-pt","7":"product_cat-oil-system-car-pt","8":"product_tag-carro","9":"product_tag-limpador","10":"product_tag-llimpador","11":"product_tag-oleo","12":"product_tag-sistema-de-oleo-pt","13":"desktop-align-left","14":"tablet-align-left","15":"mobile-align-left","17":"first","18":"instock","19":"taxable","20":"shipping-taxable","21":"product-type-simple"},"yoast_head":"<!-- This site is optimized with the Yoast SEO plugin v27.1.1 - https:\/\/yoast.com\/product\/yoast-seo-wordpress\/ -->\n<title>GAT Oil Anti Smoke - Car Line<\/title>\n<meta name=\"description\" content=\"Oil Anti Smoke - Car Line \u00e9 um pacote de aditivos altamente eficaz para neutralizar eficazmente a forma\u00e7\u00e3o de fuligem e fuma\u00e7a em motores a gasolina e diesel.\" \/>\n<meta name=\"robots\" content=\"index, follow, max-snippet:-1, max-image-preview:large, max-video-preview:-1\" \/>\n<link rel=\"canonical\" href=\"https:\/\/www.gat-international.de\/de\/pt-pt\/produtos\/oil-anti-smoke-car-pt\/\" \/>\n<meta property=\"og:locale\" content=\"pt_PT\" \/>\n<meta property=\"og:type\" content=\"article\" \/>\n<meta property=\"og:title\" content=\"GAT Oil Anti Smoke - Car Line\" \/>\n<meta property=\"og:description\" content=\"Oil Anti Smoke - Car Line \u00e9 um pacote de aditivos altamente eficaz para neutralizar eficazmente a forma\u00e7\u00e3o de fuligem e fuma\u00e7a em motores a gasolina e diesel.\" \/>\n<meta property=\"og:url\" content=\"https:\/\/www.gat-international.de\/de\/pt-pt\/produtos\/oil-anti-smoke-car-pt\/\" \/>\n<meta property=\"og:site_name\" content=\"GAT Gesellschaft f\u00fcr Kraftstoff- und Automobiltechnologie mbH &amp; Co. KG\" \/>\n<meta property=\"og:image\" content=\"https:\/\/www.gat-international.de\/wp-content\/uploads\/2022\/01\/Oil_Anti_Smoke_300ml_RGB-1-scaled.jpg\" \/>\n\t<meta property=\"og:image:width\" content=\"2560\" \/>\n\t<meta property=\"og:image:height\" content=\"2560\" \/>\n\t<meta property=\"og:image:type\" content=\"image\/jpeg\" \/>\n<meta name=\"twitter:card\" content=\"summary_large_image\" \/>\n<meta name=\"twitter:label1\" content=\"Est. reading time\" \/>\n\t<meta name=\"twitter:data1\" content=\"1 minute\" \/>\n<script type=\"application\/ld+json\" class=\"yoast-schema-graph\">{\"@context\":\"https:\/\/schema.org\",\"@graph\":[{\"@type\":\"WebPage\",\"@id\":\"https:\/\/www.gat-international.de\/de\/pt-pt\/produtos\/oil-anti-smoke-car-pt\/\",\"url\":\"https:\/\/www.gat-international.de\/de\/pt-pt\/produtos\/oil-anti-smoke-car-pt\/\",\"name\":\"GAT Oil Anti Smoke - Car Line\",\"isPartOf\":{\"@id\":\"https:\/\/www.gat-international.de\/de\/pt-pt\/#website\"},\"primaryImageOfPage\":{\"@id\":\"https:\/\/www.gat-international.de\/de\/pt-pt\/produtos\/oil-anti-smoke-car-pt\/#primaryimage\"},\"image\":{\"@id\":\"https:\/\/www.gat-international.de\/de\/pt-pt\/produtos\/oil-anti-smoke-car-pt\/#primaryimage\"},\"thumbnailUrl\":\"https:\/\/www.gat-international.de\/wp-content\/uploads\/2022\/01\/Oil_Anti_Smoke_300ml_RGB-1-scaled.jpg\",\"datePublished\":\"2022-01-19T10:27:44+00:00\",\"description\":\"Oil Anti Smoke - Car Line \u00e9 um pacote de aditivos altamente eficaz para neutralizar eficazmente a forma\u00e7\u00e3o de fuligem e fuma\u00e7a em motores a gasolina e diesel.\",\"breadcrumb\":{\"@id\":\"https:\/\/www.gat-international.de\/de\/pt-pt\/produtos\/oil-anti-smoke-car-pt\/#breadcrumb\"},\"inLanguage\":\"pt-PT\",\"potentialAction\":[{\"@type\":\"ReadAction\",\"target\":[\"https:\/\/www.gat-international.de\/de\/pt-pt\/produtos\/oil-anti-smoke-car-pt\/\"]}]},{\"@type\":\"ImageObject\",\"inLanguage\":\"pt-PT\",\"@id\":\"https:\/\/www.gat-international.de\/de\/pt-pt\/produtos\/oil-anti-smoke-car-pt\/#primaryimage\",\"url\":\"https:\/\/www.gat-international.de\/wp-content\/uploads\/2022\/01\/Oil_Anti_Smoke_300ml_RGB-1-scaled.jpg\",\"contentUrl\":\"https:\/\/www.gat-international.de\/wp-content\/uploads\/2022\/01\/Oil_Anti_Smoke_300ml_RGB-1-scaled.jpg\",\"width\":2560,\"height\":2560},{\"@type\":\"BreadcrumbList\",\"@id\":\"https:\/\/www.gat-international.de\/de\/pt-pt\/produtos\/oil-anti-smoke-car-pt\/#breadcrumb\",\"itemListElement\":[{\"@type\":\"ListItem\",\"position\":1,\"name\":\"Startseite\",\"item\":\"https:\/\/www.gat-international.de\/de\/pt-pt\/\"},{\"@type\":\"ListItem\",\"position\":2,\"name\":\"Produtos\",\"item\":\"https:\/\/www.gat-international.de\/de\/produkte\/\"},{\"@type\":\"ListItem\",\"position\":3,\"name\":\"Oil Anti Smoke\"}]},{\"@type\":\"WebSite\",\"@id\":\"https:\/\/www.gat-international.de\/de\/pt-pt\/#website\",\"url\":\"https:\/\/www.gat-international.de\/de\/pt-pt\/\",\"name\":\"GAT Gesellschaft f\u00fcr Kraftstoff- und Automobiltechnologie mbH &amp; Co. KG\",\"description\":\"GAT ist ein Hersteller von Additiven und Systemreinigern, die in der eigenen Forschungs- und Entwicklungsabteilung entwickelt und st\u00e4ndig verbessert werden.\",\"potentialAction\":[{\"@type\":\"SearchAction\",\"target\":{\"@type\":\"EntryPoint\",\"urlTemplate\":\"https:\/\/www.gat-international.de\/de\/pt-pt\/?s={search_term_string}\"},\"query-input\":{\"@type\":\"PropertyValueSpecification\",\"valueRequired\":true,\"valueName\":\"search_term_string\"}}],\"inLanguage\":\"pt-PT\"}]}<\/script>\n<!-- \/ Yoast SEO plugin. -->","yoast_head_json":{"title":"GAT Oil Anti Smoke - Car Line","description":"Oil Anti Smoke - Car Line \u00e9 um pacote de aditivos altamente eficaz para neutralizar eficazmente a forma\u00e7\u00e3o de fuligem e fuma\u00e7a em motores a gasolina e diesel.","robots":{"index":"index","follow":"follow","max-snippet":"max-snippet:-1","max-image-preview":"max-image-preview:large","max-video-preview":"max-video-preview:-1"},"canonical":"https:\/\/www.gat-international.de\/de\/pt-pt\/produtos\/oil-anti-smoke-car-pt\/","og_locale":"pt_PT","og_type":"article","og_title":"GAT Oil Anti Smoke - Car Line","og_description":"Oil Anti Smoke - Car Line \u00e9 um pacote de aditivos altamente eficaz para neutralizar eficazmente a forma\u00e7\u00e3o de fuligem e fuma\u00e7a em motores a gasolina e diesel.","og_url":"https:\/\/www.gat-international.de\/de\/pt-pt\/produtos\/oil-anti-smoke-car-pt\/","og_site_name":"GAT Gesellschaft f\u00fcr Kraftstoff- und Automobiltechnologie mbH &amp; Co. KG","og_image":[{"width":2560,"height":2560,"url":"https:\/\/www.gat-international.de\/wp-content\/uploads\/2022\/01\/Oil_Anti_Smoke_300ml_RGB-1-scaled.jpg","type":"image\/jpeg"}],"twitter_card":"summary_large_image","twitter_misc":{"Est. reading time":"1 minute"},"schema":{"@context":"https:\/\/schema.org","@graph":[{"@type":"WebPage","@id":"https:\/\/www.gat-international.de\/de\/pt-pt\/produtos\/oil-anti-smoke-car-pt\/","url":"https:\/\/www.gat-international.de\/de\/pt-pt\/produtos\/oil-anti-smoke-car-pt\/","name":"GAT Oil Anti Smoke - Car Line","isPartOf":{"@id":"https:\/\/www.gat-international.de\/de\/pt-pt\/#website"},"primaryImageOfPage":{"@id":"https:\/\/www.gat-international.de\/de\/pt-pt\/produtos\/oil-anti-smoke-car-pt\/#primaryimage"},"image":{"@id":"https:\/\/www.gat-international.de\/de\/pt-pt\/produtos\/oil-anti-smoke-car-pt\/#primaryimage"},"thumbnailUrl":"https:\/\/www.gat-international.de\/wp-content\/uploads\/2022\/01\/Oil_Anti_Smoke_300ml_RGB-1-scaled.jpg","datePublished":"2022-01-19T10:27:44+00:00","description":"Oil Anti Smoke - Car Line \u00e9 um pacote de aditivos altamente eficaz para neutralizar eficazmente a forma\u00e7\u00e3o de fuligem e fuma\u00e7a em motores a gasolina e diesel.","breadcrumb":{"@id":"https:\/\/www.gat-international.de\/de\/pt-pt\/produtos\/oil-anti-smoke-car-pt\/#breadcrumb"},"inLanguage":"pt-PT","potentialAction":[{"@type":"ReadAction","target":["https:\/\/www.gat-international.de\/de\/pt-pt\/produtos\/oil-anti-smoke-car-pt\/"]}]},{"@type":"ImageObject","inLanguage":"pt-PT","@id":"https:\/\/www.gat-international.de\/de\/pt-pt\/produtos\/oil-anti-smoke-car-pt\/#primaryimage","url":"https:\/\/www.gat-international.de\/wp-content\/uploads\/2022\/01\/Oil_Anti_Smoke_300ml_RGB-1-scaled.jpg","contentUrl":"https:\/\/www.gat-international.de\/wp-content\/uploads\/2022\/01\/Oil_Anti_Smoke_300ml_RGB-1-scaled.jpg","width":2560,"height":2560},{"@type":"BreadcrumbList","@id":"https:\/\/www.gat-international.de\/de\/pt-pt\/produtos\/oil-anti-smoke-car-pt\/#breadcrumb","itemListElement":[{"@type":"ListItem","position":1,"name":"Startseite","item":"https:\/\/www.gat-international.de\/de\/pt-pt\/"},{"@type":"ListItem","position":2,"name":"Produtos","item":"https:\/\/www.gat-international.de\/de\/produkte\/"},{"@type":"ListItem","position":3,"name":"Oil Anti Smoke"}]},{"@type":"WebSite","@id":"https:\/\/www.gat-international.de\/de\/pt-pt\/#website","url":"https:\/\/www.gat-international.de\/de\/pt-pt\/","name":"GAT Gesellschaft f\u00fcr Kraftstoff- und Automobiltechnologie mbH &amp; Co. KG","description":"GAT ist ein Hersteller von Additiven und Systemreinigern, die in der eigenen Forschungs- und Entwicklungsabteilung entwickelt und st\u00e4ndig verbessert werden.","potentialAction":[{"@type":"SearchAction","target":{"@type":"EntryPoint","urlTemplate":"https:\/\/www.gat-international.de\/de\/pt-pt\/?s={search_term_string}"},"query-input":{"@type":"PropertyValueSpecification","valueRequired":true,"valueName":"search_term_string"}}],"inLanguage":"pt-PT"}]}},"_links":{"self":[{"href":"https:\/\/www.gat-international.de\/de\/pt-pt\/wp-json\/wp\/v2\/product\/14855","targetHints":{"allow":["GET"]}}],"collection":[{"href":"https:\/\/www.gat-international.de\/de\/pt-pt\/wp-json\/wp\/v2\/product"}],"about":[{"href":"https:\/\/www.gat-international.de\/de\/pt-pt\/wp-json\/wp\/v2\/types\/product"}],"version-history":[{"count":0,"href":"https:\/\/www.gat-international.de\/de\/pt-pt\/wp-json\/wp\/v2\/product\/14855\/revisions"}],"wp:featuredmedia":[{"embeddable":true,"href":"https:\/\/www.gat-international.de\/de\/pt-pt\/wp-json\/wp\/v2\/media\/19795"}],"wp:attachment":[{"href":"https:\/\/www.gat-international.de\/de\/pt-pt\/wp-json\/wp\/v2\/media?parent=14855"}],"wp:term":[{"taxonomy":"product_brand","embeddable":true,"href":"https:\/\/www.gat-international.de\/de\/pt-pt\/wp-json\/wp\/v2\/product_brand?post=14855"},{"taxonomy":"product_cat","embeddable":true,"href":"https:\/\/www.gat-international.de\/de\/pt-pt\/wp-json\/wp\/v2\/product_cat?post=14855"},{"taxonomy":"product_tag","embeddable":true,"href":"https:\/\/www.gat-international.de\/de\/pt-pt\/wp-json\/wp\/v2\/product_tag?post=14855"}],"curies":[{"name":"wp","href":"https:\/\/api.w.org\/{rel}","templated":true}]}}