{"id":14862,"date":"2022-01-21T09:30:15","date_gmt":"2022-01-21T08:30:15","guid":{"rendered":"https:\/\/www.gat-international.de\/de\/produkte\/sistema-de-refrigeracao-estanque\/"},"modified":"2022-10-28T13:07:08","modified_gmt":"2022-10-28T11:07:08","slug":"radiator-sealant-car-pt","status":"publish","type":"product","link":"https:\/\/www.gat-international.de\/de\/pt-pt\/produtos\/radiator-sealant-car-pt\/","title":{"rendered":"Radiator Sealant"},"content":{"rendered":"<p>Radiator Sealant &#8211; Car Line adequada para todos os sistemas de refrigera\u00e7\u00e3o fechados refrigerados a \u00e1gua (ve\u00edculos comerciais, carros, outros trocadores de calor). Sela rachaduras cr\u00edticas e pequenos vazamentos de forma confi\u00e1vel, r\u00e1pida e f\u00e1cil. Tamb\u00e9m para uso preventivo.<\/p>\n<p><strong>Vantagens:<\/strong> Grande parte da energia qu\u00edmica contida no combust\u00edvel \u00e9 convertida em calor nos motores de combust\u00e3o interna, que deve ser dissipado. Um sistema de refrigera\u00e7\u00e3o funcional \u00e9 crucial para a seguran\u00e7a operacional dos motores! Economiza reparos caros. Evita a perda de \u00e1gua de refrigera\u00e7\u00e3o e, portanto, protege contra danos no motor.<\/p>\n","protected":false},"excerpt":{"rendered":"<h5>Dura\u00e7\u00e3o do uso:<\/h5>\n<p>funciona enquanto dirige<\/p>\n<h5>Campo de uso:<\/h5>\n<p>para uso em todos os sistemas de refrigera\u00e7\u00e3o fechados refrigerados a \u00e1gua<\/p>\n<h5>Consumo:<\/h5>\n<p>25ml por 1L<\/p>\n<h5>Intervalo de aplica\u00e7\u00e3o:<\/h5>\n<p>se necess\u00e1rio<\/p>\n","protected":false},"featured_media":13094,"template":"","meta":{"site-sidebar-layout":"default","site-content-layout":"default","ast-site-content-layout":"default","site-content-style":"default","site-sidebar-style":"default","ast-global-header-display":"","ast-banner-title-visibility":"","ast-main-header-display":"","ast-hfb-above-header-display":"","ast-hfb-below-header-display":"","ast-hfb-mobile-header-display":"","site-post-title":"","ast-breadcrumbs-content":"","ast-featured-img":"","footer-sml-layout":"","ast-disable-related-posts":"","theme-transparent-header-meta":"default","adv-header-id-meta":"","stick-header-meta":"","header-above-stick-meta":"","header-main-stick-meta":"","header-below-stick-meta":"","astra-migrate-meta-layouts":"default","ast-page-background-enabled":"default","ast-page-background-meta":{"desktop":{"background-color":"var(--ast-global-color-4)","background-image":"","background-repeat":"repeat","background-position":"center center","background-size":"auto","background-attachment":"scroll","background-type":"","background-media":"","overlay-type":"","overlay-color":"","overlay-opacity":"","overlay-gradient":""},"tablet":{"background-color":"","background-image":"","background-repeat":"repeat","background-position":"center center","background-size":"auto","background-attachment":"scroll","background-type":"","background-media":"","overlay-type":"","overlay-color":"","overlay-opacity":"","overlay-gradient":""},"mobile":{"background-color":"","background-image":"","background-repeat":"repeat","background-position":"center center","background-size":"auto","background-attachment":"scroll","background-type":"","background-media":"","overlay-type":"","overlay-color":"","overlay-opacity":"","overlay-gradient":""}},"ast-content-background-meta":{"desktop":{"background-color":"var(--ast-global-color-5)","background-image":"","background-repeat":"repeat","background-position":"center center","background-size":"auto","background-attachment":"scroll","background-type":"","background-media":"","overlay-type":"","overlay-color":"","overlay-opacity":"","overlay-gradient":""},"tablet":{"background-color":"var(--ast-global-color-5)","background-image":"","background-repeat":"repeat","background-position":"center center","background-size":"auto","background-attachment":"scroll","background-type":"","background-media":"","overlay-type":"","overlay-color":"","overlay-opacity":"","overlay-gradient":""},"mobile":{"background-color":"var(--ast-global-color-5)","background-image":"","background-repeat":"repeat","background-position":"center center","background-size":"auto","background-attachment":"scroll","background-type":"","background-media":"","overlay-type":"","overlay-color":"","overlay-opacity":"","overlay-gradient":""}}},"product_brand":[],"product_cat":[618,625],"product_tag":[654,660,657,693,658,680],"class_list":{"0":"post-14862","1":"product","2":"type-product","3":"status-publish","4":"has-post-thumbnail","6":"product_cat-car-line-pt","7":"product_cat-cooling-system-car-pt","8":"product_tag-carro","9":"product_tag-denso","10":"product_tag-limpador","11":"product_tag-llimpador","12":"product_tag-sistema-de-refrigeracao","13":"product_tag-sistema-de-refrigeracao-pt","14":"desktop-align-left","15":"tablet-align-left","16":"mobile-align-left","18":"first","19":"instock","20":"taxable","21":"shipping-taxable","22":"product-type-simple"},"yoast_head":"<!-- This site is optimized with the Yoast SEO plugin v27.1.1 - https:\/\/yoast.com\/product\/yoast-seo-wordpress\/ -->\n<title>GAT Radiator Sealant - Car Line<\/title>\n<meta name=\"description\" content=\"Radiator Sealant - Car Line adequada para todos os sistemas de refrigera\u00e7\u00e3o fechados refrigerados a \u00e1gua (ve\u00edculos comerciais, carros, outros trocadores de calor).\" \/>\n<meta name=\"robots\" content=\"index, follow, max-snippet:-1, max-image-preview:large, max-video-preview:-1\" \/>\n<link rel=\"canonical\" href=\"https:\/\/www.gat-international.de\/de\/pt-pt\/produtos\/radiator-sealant-car-pt\/\" \/>\n<meta property=\"og:locale\" content=\"pt_PT\" \/>\n<meta property=\"og:type\" content=\"article\" \/>\n<meta property=\"og:title\" content=\"GAT Radiator Sealant - Car Line\" \/>\n<meta property=\"og:description\" content=\"Radiator Sealant - Car Line adequada para todos os sistemas de refrigera\u00e7\u00e3o fechados refrigerados a \u00e1gua (ve\u00edculos comerciais, carros, outros trocadores de calor).\" \/>\n<meta property=\"og:url\" content=\"https:\/\/www.gat-international.de\/de\/pt-pt\/produtos\/radiator-sealant-car-pt\/\" \/>\n<meta property=\"og:site_name\" content=\"GAT Gesellschaft f\u00fcr Kraftstoff- und Automobiltechnologie mbH &amp; Co. KG\" \/>\n<meta property=\"article:modified_time\" content=\"2022-10-28T11:07:08+00:00\" \/>\n<meta property=\"og:image\" content=\"https:\/\/www.gat-international.de\/wp-content\/uploads\/2022\/01\/Radiator_Sealant_300ml_RGB-scaled.jpg\" \/>\n\t<meta property=\"og:image:width\" content=\"2560\" \/>\n\t<meta property=\"og:image:height\" content=\"2560\" \/>\n\t<meta property=\"og:image:type\" content=\"image\/jpeg\" \/>\n<meta name=\"twitter:card\" content=\"summary_large_image\" \/>\n<meta name=\"twitter:label1\" content=\"Est. reading time\" \/>\n\t<meta name=\"twitter:data1\" content=\"1 minute\" \/>\n<script type=\"application\/ld+json\" class=\"yoast-schema-graph\">{\"@context\":\"https:\/\/schema.org\",\"@graph\":[{\"@type\":\"WebPage\",\"@id\":\"https:\/\/www.gat-international.de\/de\/pt-pt\/produtos\/radiator-sealant-car-pt\/\",\"url\":\"https:\/\/www.gat-international.de\/de\/pt-pt\/produtos\/radiator-sealant-car-pt\/\",\"name\":\"GAT Radiator Sealant - Car Line\",\"isPartOf\":{\"@id\":\"https:\/\/www.gat-international.de\/de\/pt-pt\/#website\"},\"primaryImageOfPage\":{\"@id\":\"https:\/\/www.gat-international.de\/de\/pt-pt\/produtos\/radiator-sealant-car-pt\/#primaryimage\"},\"image\":{\"@id\":\"https:\/\/www.gat-international.de\/de\/pt-pt\/produtos\/radiator-sealant-car-pt\/#primaryimage\"},\"thumbnailUrl\":\"https:\/\/www.gat-international.de\/wp-content\/uploads\/2022\/01\/Radiator_Sealant_300ml_RGB-scaled.jpg\",\"datePublished\":\"2022-01-21T08:30:15+00:00\",\"dateModified\":\"2022-10-28T11:07:08+00:00\",\"description\":\"Radiator Sealant - Car Line adequada para todos os sistemas de refrigera\u00e7\u00e3o fechados refrigerados a \u00e1gua (ve\u00edculos comerciais, carros, outros trocadores de calor).\",\"breadcrumb\":{\"@id\":\"https:\/\/www.gat-international.de\/de\/pt-pt\/produtos\/radiator-sealant-car-pt\/#breadcrumb\"},\"inLanguage\":\"pt-PT\",\"potentialAction\":[{\"@type\":\"ReadAction\",\"target\":[\"https:\/\/www.gat-international.de\/de\/pt-pt\/produtos\/radiator-sealant-car-pt\/\"]}]},{\"@type\":\"ImageObject\",\"inLanguage\":\"pt-PT\",\"@id\":\"https:\/\/www.gat-international.de\/de\/pt-pt\/produtos\/radiator-sealant-car-pt\/#primaryimage\",\"url\":\"https:\/\/www.gat-international.de\/wp-content\/uploads\/2022\/01\/Radiator_Sealant_300ml_RGB-scaled.jpg\",\"contentUrl\":\"https:\/\/www.gat-international.de\/wp-content\/uploads\/2022\/01\/Radiator_Sealant_300ml_RGB-scaled.jpg\",\"width\":2560,\"height\":2560},{\"@type\":\"BreadcrumbList\",\"@id\":\"https:\/\/www.gat-international.de\/de\/pt-pt\/produtos\/radiator-sealant-car-pt\/#breadcrumb\",\"itemListElement\":[{\"@type\":\"ListItem\",\"position\":1,\"name\":\"Startseite\",\"item\":\"https:\/\/www.gat-international.de\/de\/pt-pt\/\"},{\"@type\":\"ListItem\",\"position\":2,\"name\":\"Produtos\",\"item\":\"https:\/\/www.gat-international.de\/de\/produkte\/\"},{\"@type\":\"ListItem\",\"position\":3,\"name\":\"Radiator Sealant\"}]},{\"@type\":\"WebSite\",\"@id\":\"https:\/\/www.gat-international.de\/de\/pt-pt\/#website\",\"url\":\"https:\/\/www.gat-international.de\/de\/pt-pt\/\",\"name\":\"GAT Gesellschaft f\u00fcr Kraftstoff- und Automobiltechnologie mbH &amp; Co. KG\",\"description\":\"GAT ist ein Hersteller von Additiven und Systemreinigern, die in der eigenen Forschungs- und Entwicklungsabteilung entwickelt und st\u00e4ndig verbessert werden.\",\"potentialAction\":[{\"@type\":\"SearchAction\",\"target\":{\"@type\":\"EntryPoint\",\"urlTemplate\":\"https:\/\/www.gat-international.de\/de\/pt-pt\/?s={search_term_string}\"},\"query-input\":{\"@type\":\"PropertyValueSpecification\",\"valueRequired\":true,\"valueName\":\"search_term_string\"}}],\"inLanguage\":\"pt-PT\"}]}<\/script>\n<!-- \/ Yoast SEO plugin. -->","yoast_head_json":{"title":"GAT Radiator Sealant - Car Line","description":"Radiator Sealant - Car Line adequada para todos os sistemas de refrigera\u00e7\u00e3o fechados refrigerados a \u00e1gua (ve\u00edculos comerciais, carros, outros trocadores de calor).","robots":{"index":"index","follow":"follow","max-snippet":"max-snippet:-1","max-image-preview":"max-image-preview:large","max-video-preview":"max-video-preview:-1"},"canonical":"https:\/\/www.gat-international.de\/de\/pt-pt\/produtos\/radiator-sealant-car-pt\/","og_locale":"pt_PT","og_type":"article","og_title":"GAT Radiator Sealant - Car Line","og_description":"Radiator Sealant - Car Line adequada para todos os sistemas de refrigera\u00e7\u00e3o fechados refrigerados a \u00e1gua (ve\u00edculos comerciais, carros, outros trocadores de calor).","og_url":"https:\/\/www.gat-international.de\/de\/pt-pt\/produtos\/radiator-sealant-car-pt\/","og_site_name":"GAT Gesellschaft f\u00fcr Kraftstoff- und Automobiltechnologie mbH &amp; Co. KG","article_modified_time":"2022-10-28T11:07:08+00:00","og_image":[{"width":2560,"height":2560,"url":"https:\/\/www.gat-international.de\/wp-content\/uploads\/2022\/01\/Radiator_Sealant_300ml_RGB-scaled.jpg","type":"image\/jpeg"}],"twitter_card":"summary_large_image","twitter_misc":{"Est. reading time":"1 minute"},"schema":{"@context":"https:\/\/schema.org","@graph":[{"@type":"WebPage","@id":"https:\/\/www.gat-international.de\/de\/pt-pt\/produtos\/radiator-sealant-car-pt\/","url":"https:\/\/www.gat-international.de\/de\/pt-pt\/produtos\/radiator-sealant-car-pt\/","name":"GAT Radiator Sealant - Car Line","isPartOf":{"@id":"https:\/\/www.gat-international.de\/de\/pt-pt\/#website"},"primaryImageOfPage":{"@id":"https:\/\/www.gat-international.de\/de\/pt-pt\/produtos\/radiator-sealant-car-pt\/#primaryimage"},"image":{"@id":"https:\/\/www.gat-international.de\/de\/pt-pt\/produtos\/radiator-sealant-car-pt\/#primaryimage"},"thumbnailUrl":"https:\/\/www.gat-international.de\/wp-content\/uploads\/2022\/01\/Radiator_Sealant_300ml_RGB-scaled.jpg","datePublished":"2022-01-21T08:30:15+00:00","dateModified":"2022-10-28T11:07:08+00:00","description":"Radiator Sealant - Car Line adequada para todos os sistemas de refrigera\u00e7\u00e3o fechados refrigerados a \u00e1gua (ve\u00edculos comerciais, carros, outros trocadores de calor).","breadcrumb":{"@id":"https:\/\/www.gat-international.de\/de\/pt-pt\/produtos\/radiator-sealant-car-pt\/#breadcrumb"},"inLanguage":"pt-PT","potentialAction":[{"@type":"ReadAction","target":["https:\/\/www.gat-international.de\/de\/pt-pt\/produtos\/radiator-sealant-car-pt\/"]}]},{"@type":"ImageObject","inLanguage":"pt-PT","@id":"https:\/\/www.gat-international.de\/de\/pt-pt\/produtos\/radiator-sealant-car-pt\/#primaryimage","url":"https:\/\/www.gat-international.de\/wp-content\/uploads\/2022\/01\/Radiator_Sealant_300ml_RGB-scaled.jpg","contentUrl":"https:\/\/www.gat-international.de\/wp-content\/uploads\/2022\/01\/Radiator_Sealant_300ml_RGB-scaled.jpg","width":2560,"height":2560},{"@type":"BreadcrumbList","@id":"https:\/\/www.gat-international.de\/de\/pt-pt\/produtos\/radiator-sealant-car-pt\/#breadcrumb","itemListElement":[{"@type":"ListItem","position":1,"name":"Startseite","item":"https:\/\/www.gat-international.de\/de\/pt-pt\/"},{"@type":"ListItem","position":2,"name":"Produtos","item":"https:\/\/www.gat-international.de\/de\/produkte\/"},{"@type":"ListItem","position":3,"name":"Radiator Sealant"}]},{"@type":"WebSite","@id":"https:\/\/www.gat-international.de\/de\/pt-pt\/#website","url":"https:\/\/www.gat-international.de\/de\/pt-pt\/","name":"GAT Gesellschaft f\u00fcr Kraftstoff- und Automobiltechnologie mbH &amp; Co. KG","description":"GAT ist ein Hersteller von Additiven und Systemreinigern, die in der eigenen Forschungs- und Entwicklungsabteilung entwickelt und st\u00e4ndig verbessert werden.","potentialAction":[{"@type":"SearchAction","target":{"@type":"EntryPoint","urlTemplate":"https:\/\/www.gat-international.de\/de\/pt-pt\/?s={search_term_string}"},"query-input":{"@type":"PropertyValueSpecification","valueRequired":true,"valueName":"search_term_string"}}],"inLanguage":"pt-PT"}]}},"_links":{"self":[{"href":"https:\/\/www.gat-international.de\/de\/pt-pt\/wp-json\/wp\/v2\/product\/14862","targetHints":{"allow":["GET"]}}],"collection":[{"href":"https:\/\/www.gat-international.de\/de\/pt-pt\/wp-json\/wp\/v2\/product"}],"about":[{"href":"https:\/\/www.gat-international.de\/de\/pt-pt\/wp-json\/wp\/v2\/types\/product"}],"version-history":[{"count":0,"href":"https:\/\/www.gat-international.de\/de\/pt-pt\/wp-json\/wp\/v2\/product\/14862\/revisions"}],"wp:featuredmedia":[{"embeddable":true,"href":"https:\/\/www.gat-international.de\/de\/pt-pt\/wp-json\/wp\/v2\/media\/13094"}],"wp:attachment":[{"href":"https:\/\/www.gat-international.de\/de\/pt-pt\/wp-json\/wp\/v2\/media?parent=14862"}],"wp:term":[{"taxonomy":"product_brand","embeddable":true,"href":"https:\/\/www.gat-international.de\/de\/pt-pt\/wp-json\/wp\/v2\/product_brand?post=14862"},{"taxonomy":"product_cat","embeddable":true,"href":"https:\/\/www.gat-international.de\/de\/pt-pt\/wp-json\/wp\/v2\/product_cat?post=14862"},{"taxonomy":"product_tag","embeddable":true,"href":"https:\/\/www.gat-international.de\/de\/pt-pt\/wp-json\/wp\/v2\/product_tag?post=14862"}],"curies":[{"name":"wp","href":"https:\/\/api.w.org\/{rel}","templated":true}]}}