{"id":16362,"date":"2022-06-12T14:06:17","date_gmt":"2022-06-12T12:06:17","guid":{"rendered":"https:\/\/www.gat-international.de\/de\/produkte\/limpador-de-sistema-de-refrigeracao\/"},"modified":"2022-06-12T14:06:17","modified_gmt":"2022-06-12T12:06:17","slug":"limpador-de-sistema-de-refrigeracao","status":"publish","type":"product","link":"https:\/\/www.gat-international.de\/de\/pt-pt\/produtos\/limpador-de-sistema-de-refrigeracao\/","title":{"rendered":"Limpador de sistema de refrigera\u00e7\u00e3o"},"content":{"rendered":"<p>O limpador do sistema de refrigera\u00e7\u00e3o GAT \u00e9 adequado para uso em todos os sistemas de refrigera\u00e7\u00e3o fechados refrigerados a \u00e1gua. Cont\u00e9m componentes de a\u00e7\u00e3o r\u00e1pida para remover a contamina\u00e7\u00e3o operacional em todo o circuito de refrigera\u00e7\u00e3o. O produto limpa todo o sistema de refrigera\u00e7\u00e3o, solta e remove dep\u00f3sitos de calc\u00e1rio, faz funcionar v\u00e1lvulas, termostatos e bombas d&#8217;\u00e1gua. N\u00e3o \u00e9 adequado para uso em sistemas de refrigera\u00e7\u00e3o de \u00e1gua do mar abertos.<\/p>\n<p><strong>Vantagem:<\/strong> Grande parte da energia qu\u00edmica contida no combust\u00edvel \u00e9 convertida em calor nos motores de combust\u00e3o, que deve ser dissipado. Um sistema de refrigera\u00e7\u00e3o em funcionamento \u00e9 crucial para a seguran\u00e7a operacional dos acionamentos e geradores de barcos. Melhora o desempenho de aquecimento e resfriamento. Aumenta a confiabilidade operacional e a vida \u00fatil das unidades.<\/p>\n","protected":false},"excerpt":{"rendered":"<h5>Dura\u00e7\u00e3o do uso:<\/h5>\n<p>apenas 30 minutos<\/p>\n<h5>Campo de uso:<\/h5>\n<p>para uso em todos os sistemas de refrigera\u00e7\u00e3o fechados refrigerados a \u00e1gua<\/p>\n<h5>Consumo:<\/h5>\n<p>30ml por 1L<\/p>\n<h5>Intervalo de aplica\u00e7\u00e3o:<\/h5>\n<p>antes de cada troca de refrigerante<\/p>\n","protected":false},"featured_media":13553,"template":"","meta":{"site-sidebar-layout":"default","site-content-layout":"default","ast-site-content-layout":"default","site-content-style":"default","site-sidebar-style":"default","ast-global-header-display":"","ast-banner-title-visibility":"","ast-main-header-display":"","ast-hfb-above-header-display":"","ast-hfb-below-header-display":"","ast-hfb-mobile-header-display":"","site-post-title":"","ast-breadcrumbs-content":"","ast-featured-img":"","footer-sml-layout":"","ast-disable-related-posts":"","theme-transparent-header-meta":"default","adv-header-id-meta":"","stick-header-meta":"","header-above-stick-meta":"","header-main-stick-meta":"","header-below-stick-meta":"","astra-migrate-meta-layouts":"default","ast-page-background-enabled":"default","ast-page-background-meta":{"desktop":{"background-color":"var(--ast-global-color-4)","background-image":"","background-repeat":"repeat","background-position":"center center","background-size":"auto","background-attachment":"scroll","background-type":"","background-media":"","overlay-type":"","overlay-color":"","overlay-opacity":"","overlay-gradient":""},"tablet":{"background-color":"","background-image":"","background-repeat":"repeat","background-position":"center center","background-size":"auto","background-attachment":"scroll","background-type":"","background-media":"","overlay-type":"","overlay-color":"","overlay-opacity":"","overlay-gradient":""},"mobile":{"background-color":"","background-image":"","background-repeat":"repeat","background-position":"center center","background-size":"auto","background-attachment":"scroll","background-type":"","background-media":"","overlay-type":"","overlay-color":"","overlay-opacity":"","overlay-gradient":""}},"ast-content-background-meta":{"desktop":{"background-color":"var(--ast-global-color-5)","background-image":"","background-repeat":"repeat","background-position":"center center","background-size":"auto","background-attachment":"scroll","background-type":"","background-media":"","overlay-type":"","overlay-color":"","overlay-opacity":"","overlay-gradient":""},"tablet":{"background-color":"var(--ast-global-color-5)","background-image":"","background-repeat":"repeat","background-position":"center center","background-size":"auto","background-attachment":"scroll","background-type":"","background-media":"","overlay-type":"","overlay-color":"","overlay-opacity":"","overlay-gradient":""},"mobile":{"background-color":"var(--ast-global-color-5)","background-image":"","background-repeat":"repeat","background-position":"center center","background-size":"auto","background-attachment":"scroll","background-type":"","background-media":"","overlay-type":"","overlay-color":"","overlay-opacity":"","overlay-gradient":""}}},"product_brand":[],"product_cat":[612,615],"product_tag":[716,657,693,680],"class_list":{"0":"post-16362","1":"product","2":"type-product","3":"status-publish","4":"has-post-thumbnail","6":"product_cat-boat-line-pt","7":"product_cat-cooling-system-boat-pt","8":"product_tag-barco","9":"product_tag-limpador","10":"product_tag-llimpador","11":"product_tag-sistema-de-refrigeracao-pt","12":"desktop-align-left","13":"tablet-align-left","14":"mobile-align-left","16":"first","17":"instock","18":"taxable","19":"shipping-taxable","20":"product-type-simple"},"yoast_head":"<!-- This site is optimized with the Yoast SEO plugin v27.1.1 - https:\/\/yoast.com\/product\/yoast-seo-wordpress\/ -->\n<title>Limpador de sistema de refrigera\u00e7\u00e3o GAT - Boat Line<\/title>\n<meta name=\"description\" content=\"Limpador do sistema de refrigera\u00e7\u00e3o - A Boat Line cont\u00e9m componentes eficazes para remover a contamina\u00e7\u00e3o operacional em todo o circuito de refrigera\u00e7\u00e3o.\" \/>\n<meta name=\"robots\" content=\"index, follow, max-snippet:-1, max-image-preview:large, max-video-preview:-1\" \/>\n<link rel=\"canonical\" href=\"https:\/\/www.gat-international.de\/de\/pt-pt\/produtos\/limpador-de-sistema-de-refrigeracao\/\" \/>\n<meta property=\"og:locale\" content=\"pt_PT\" \/>\n<meta property=\"og:type\" content=\"article\" \/>\n<meta property=\"og:title\" content=\"Limpador de sistema de refrigera\u00e7\u00e3o GAT - Boat Line\" \/>\n<meta property=\"og:description\" content=\"Limpador do sistema de refrigera\u00e7\u00e3o - A Boat Line cont\u00e9m componentes eficazes para remover a contamina\u00e7\u00e3o operacional em todo o circuito de refrigera\u00e7\u00e3o.\" \/>\n<meta property=\"og:url\" content=\"https:\/\/www.gat-international.de\/de\/pt-pt\/produtos\/limpador-de-sistema-de-refrigeracao\/\" \/>\n<meta property=\"og:site_name\" content=\"GAT Gesellschaft f\u00fcr Kraftstoff- und Automobiltechnologie mbH &amp; Co. KG\" \/>\n<meta property=\"og:image\" content=\"https:\/\/www.gat-international.de\/wp-content\/uploads\/2022\/06\/Boat_Line_1000x1000px_300dpi_RGB12-scaled.jpg\" \/>\n\t<meta property=\"og:image:width\" content=\"2560\" \/>\n\t<meta property=\"og:image:height\" content=\"2560\" \/>\n\t<meta property=\"og:image:type\" content=\"image\/jpeg\" \/>\n<meta name=\"twitter:card\" content=\"summary_large_image\" \/>\n<meta name=\"twitter:label1\" content=\"Est. reading time\" \/>\n\t<meta name=\"twitter:data1\" content=\"1 minute\" \/>\n<script type=\"application\/ld+json\" class=\"yoast-schema-graph\">{\"@context\":\"https:\/\/schema.org\",\"@graph\":[{\"@type\":\"WebPage\",\"@id\":\"https:\/\/www.gat-international.de\/de\/pt-pt\/produtos\/limpador-de-sistema-de-refrigeracao\/\",\"url\":\"https:\/\/www.gat-international.de\/de\/pt-pt\/produtos\/limpador-de-sistema-de-refrigeracao\/\",\"name\":\"Limpador de sistema de refrigera\u00e7\u00e3o GAT - Boat Line\",\"isPartOf\":{\"@id\":\"https:\/\/www.gat-international.de\/de\/pt-pt\/#website\"},\"primaryImageOfPage\":{\"@id\":\"https:\/\/www.gat-international.de\/de\/pt-pt\/produtos\/limpador-de-sistema-de-refrigeracao\/#primaryimage\"},\"image\":{\"@id\":\"https:\/\/www.gat-international.de\/de\/pt-pt\/produtos\/limpador-de-sistema-de-refrigeracao\/#primaryimage\"},\"thumbnailUrl\":\"https:\/\/www.gat-international.de\/wp-content\/uploads\/2022\/06\/Boat_Line_1000x1000px_300dpi_RGB12-scaled.jpg\",\"datePublished\":\"2022-06-12T12:06:17+00:00\",\"description\":\"Limpador do sistema de refrigera\u00e7\u00e3o - A Boat Line cont\u00e9m componentes eficazes para remover a contamina\u00e7\u00e3o operacional em todo o circuito de refrigera\u00e7\u00e3o.\",\"breadcrumb\":{\"@id\":\"https:\/\/www.gat-international.de\/de\/pt-pt\/produtos\/limpador-de-sistema-de-refrigeracao\/#breadcrumb\"},\"inLanguage\":\"pt-PT\",\"potentialAction\":[{\"@type\":\"ReadAction\",\"target\":[\"https:\/\/www.gat-international.de\/de\/pt-pt\/produtos\/limpador-de-sistema-de-refrigeracao\/\"]}]},{\"@type\":\"ImageObject\",\"inLanguage\":\"pt-PT\",\"@id\":\"https:\/\/www.gat-international.de\/de\/pt-pt\/produtos\/limpador-de-sistema-de-refrigeracao\/#primaryimage\",\"url\":\"https:\/\/www.gat-international.de\/wp-content\/uploads\/2022\/06\/Boat_Line_1000x1000px_300dpi_RGB12-scaled.jpg\",\"contentUrl\":\"https:\/\/www.gat-international.de\/wp-content\/uploads\/2022\/06\/Boat_Line_1000x1000px_300dpi_RGB12-scaled.jpg\",\"width\":2560,\"height\":2560},{\"@type\":\"BreadcrumbList\",\"@id\":\"https:\/\/www.gat-international.de\/de\/pt-pt\/produtos\/limpador-de-sistema-de-refrigeracao\/#breadcrumb\",\"itemListElement\":[{\"@type\":\"ListItem\",\"position\":1,\"name\":\"Startseite\",\"item\":\"https:\/\/www.gat-international.de\/de\/pt-pt\/\"},{\"@type\":\"ListItem\",\"position\":2,\"name\":\"Produtos\",\"item\":\"https:\/\/www.gat-international.de\/de\/produkte\/\"},{\"@type\":\"ListItem\",\"position\":3,\"name\":\"Limpador de sistema de refrigera\u00e7\u00e3o\"}]},{\"@type\":\"WebSite\",\"@id\":\"https:\/\/www.gat-international.de\/de\/pt-pt\/#website\",\"url\":\"https:\/\/www.gat-international.de\/de\/pt-pt\/\",\"name\":\"GAT Gesellschaft f\u00fcr Kraftstoff- und Automobiltechnologie mbH &amp; Co. KG\",\"description\":\"GAT ist ein Hersteller von Additiven und Systemreinigern, die in der eigenen Forschungs- und Entwicklungsabteilung entwickelt und st\u00e4ndig verbessert werden.\",\"potentialAction\":[{\"@type\":\"SearchAction\",\"target\":{\"@type\":\"EntryPoint\",\"urlTemplate\":\"https:\/\/www.gat-international.de\/de\/pt-pt\/?s={search_term_string}\"},\"query-input\":{\"@type\":\"PropertyValueSpecification\",\"valueRequired\":true,\"valueName\":\"search_term_string\"}}],\"inLanguage\":\"pt-PT\"}]}<\/script>\n<!-- \/ Yoast SEO plugin. -->","yoast_head_json":{"title":"Limpador de sistema de refrigera\u00e7\u00e3o GAT - Boat Line","description":"Limpador do sistema de refrigera\u00e7\u00e3o - A Boat Line cont\u00e9m componentes eficazes para remover a contamina\u00e7\u00e3o operacional em todo o circuito de refrigera\u00e7\u00e3o.","robots":{"index":"index","follow":"follow","max-snippet":"max-snippet:-1","max-image-preview":"max-image-preview:large","max-video-preview":"max-video-preview:-1"},"canonical":"https:\/\/www.gat-international.de\/de\/pt-pt\/produtos\/limpador-de-sistema-de-refrigeracao\/","og_locale":"pt_PT","og_type":"article","og_title":"Limpador de sistema de refrigera\u00e7\u00e3o GAT - Boat Line","og_description":"Limpador do sistema de refrigera\u00e7\u00e3o - A Boat Line cont\u00e9m componentes eficazes para remover a contamina\u00e7\u00e3o operacional em todo o circuito de refrigera\u00e7\u00e3o.","og_url":"https:\/\/www.gat-international.de\/de\/pt-pt\/produtos\/limpador-de-sistema-de-refrigeracao\/","og_site_name":"GAT Gesellschaft f\u00fcr Kraftstoff- und Automobiltechnologie mbH &amp; Co. KG","og_image":[{"width":2560,"height":2560,"url":"https:\/\/www.gat-international.de\/wp-content\/uploads\/2022\/06\/Boat_Line_1000x1000px_300dpi_RGB12-scaled.jpg","type":"image\/jpeg"}],"twitter_card":"summary_large_image","twitter_misc":{"Est. reading time":"1 minute"},"schema":{"@context":"https:\/\/schema.org","@graph":[{"@type":"WebPage","@id":"https:\/\/www.gat-international.de\/de\/pt-pt\/produtos\/limpador-de-sistema-de-refrigeracao\/","url":"https:\/\/www.gat-international.de\/de\/pt-pt\/produtos\/limpador-de-sistema-de-refrigeracao\/","name":"Limpador de sistema de refrigera\u00e7\u00e3o GAT - Boat Line","isPartOf":{"@id":"https:\/\/www.gat-international.de\/de\/pt-pt\/#website"},"primaryImageOfPage":{"@id":"https:\/\/www.gat-international.de\/de\/pt-pt\/produtos\/limpador-de-sistema-de-refrigeracao\/#primaryimage"},"image":{"@id":"https:\/\/www.gat-international.de\/de\/pt-pt\/produtos\/limpador-de-sistema-de-refrigeracao\/#primaryimage"},"thumbnailUrl":"https:\/\/www.gat-international.de\/wp-content\/uploads\/2022\/06\/Boat_Line_1000x1000px_300dpi_RGB12-scaled.jpg","datePublished":"2022-06-12T12:06:17+00:00","description":"Limpador do sistema de refrigera\u00e7\u00e3o - A Boat Line cont\u00e9m componentes eficazes para remover a contamina\u00e7\u00e3o operacional em todo o circuito de refrigera\u00e7\u00e3o.","breadcrumb":{"@id":"https:\/\/www.gat-international.de\/de\/pt-pt\/produtos\/limpador-de-sistema-de-refrigeracao\/#breadcrumb"},"inLanguage":"pt-PT","potentialAction":[{"@type":"ReadAction","target":["https:\/\/www.gat-international.de\/de\/pt-pt\/produtos\/limpador-de-sistema-de-refrigeracao\/"]}]},{"@type":"ImageObject","inLanguage":"pt-PT","@id":"https:\/\/www.gat-international.de\/de\/pt-pt\/produtos\/limpador-de-sistema-de-refrigeracao\/#primaryimage","url":"https:\/\/www.gat-international.de\/wp-content\/uploads\/2022\/06\/Boat_Line_1000x1000px_300dpi_RGB12-scaled.jpg","contentUrl":"https:\/\/www.gat-international.de\/wp-content\/uploads\/2022\/06\/Boat_Line_1000x1000px_300dpi_RGB12-scaled.jpg","width":2560,"height":2560},{"@type":"BreadcrumbList","@id":"https:\/\/www.gat-international.de\/de\/pt-pt\/produtos\/limpador-de-sistema-de-refrigeracao\/#breadcrumb","itemListElement":[{"@type":"ListItem","position":1,"name":"Startseite","item":"https:\/\/www.gat-international.de\/de\/pt-pt\/"},{"@type":"ListItem","position":2,"name":"Produtos","item":"https:\/\/www.gat-international.de\/de\/produkte\/"},{"@type":"ListItem","position":3,"name":"Limpador de sistema de refrigera\u00e7\u00e3o"}]},{"@type":"WebSite","@id":"https:\/\/www.gat-international.de\/de\/pt-pt\/#website","url":"https:\/\/www.gat-international.de\/de\/pt-pt\/","name":"GAT Gesellschaft f\u00fcr Kraftstoff- und Automobiltechnologie mbH &amp; Co. KG","description":"GAT ist ein Hersteller von Additiven und Systemreinigern, die in der eigenen Forschungs- und Entwicklungsabteilung entwickelt und st\u00e4ndig verbessert werden.","potentialAction":[{"@type":"SearchAction","target":{"@type":"EntryPoint","urlTemplate":"https:\/\/www.gat-international.de\/de\/pt-pt\/?s={search_term_string}"},"query-input":{"@type":"PropertyValueSpecification","valueRequired":true,"valueName":"search_term_string"}}],"inLanguage":"pt-PT"}]}},"_links":{"self":[{"href":"https:\/\/www.gat-international.de\/de\/pt-pt\/wp-json\/wp\/v2\/product\/16362","targetHints":{"allow":["GET"]}}],"collection":[{"href":"https:\/\/www.gat-international.de\/de\/pt-pt\/wp-json\/wp\/v2\/product"}],"about":[{"href":"https:\/\/www.gat-international.de\/de\/pt-pt\/wp-json\/wp\/v2\/types\/product"}],"version-history":[{"count":0,"href":"https:\/\/www.gat-international.de\/de\/pt-pt\/wp-json\/wp\/v2\/product\/16362\/revisions"}],"wp:featuredmedia":[{"embeddable":true,"href":"https:\/\/www.gat-international.de\/de\/pt-pt\/wp-json\/wp\/v2\/media\/13553"}],"wp:attachment":[{"href":"https:\/\/www.gat-international.de\/de\/pt-pt\/wp-json\/wp\/v2\/media?parent=16362"}],"wp:term":[{"taxonomy":"product_brand","embeddable":true,"href":"https:\/\/www.gat-international.de\/de\/pt-pt\/wp-json\/wp\/v2\/product_brand?post=16362"},{"taxonomy":"product_cat","embeddable":true,"href":"https:\/\/www.gat-international.de\/de\/pt-pt\/wp-json\/wp\/v2\/product_cat?post=16362"},{"taxonomy":"product_tag","embeddable":true,"href":"https:\/\/www.gat-international.de\/de\/pt-pt\/wp-json\/wp\/v2\/product_tag?post=16362"}],"curies":[{"name":"wp","href":"https:\/\/api.w.org\/{rel}","templated":true}]}}