{"id":13562,"date":"2022-06-12T13:11:09","date_gmt":"2022-06-12T11:11:09","guid":{"rendered":"https:\/\/www.gat-international.de\/de\/?post_type=product&#038;p=13562"},"modified":"2022-06-14T14:47:17","modified_gmt":"2022-06-14T12:47:17","slug":"oel-anti-russ-boat-line","status":"publish","type":"product","link":"https:\/\/www.gat-international.de\/de\/produkte\/oel-anti-russ-boat-line\/","title":{"rendered":"\u00d6l Anti Ru\u00df"},"content":{"rendered":"<p>Der GAT \u00d6l Anti Ru\u00df ist ein hochwirksames Additivpaket, um der \u00f6lbedingten Ru\u00df- und Rauchbildung in maritimen Antirebs- und Nebenagrregaten effektiv entgegenzuwirken. Bestens geeignet f\u00fcr Benzin und Diesel betriebene Boote mit hohem \u00d6lverbrauch. Das Produkt gew\u00e4hrleistet eine optimale Schmierung aller beweglichen Teile im Motor.<\/p>\n<p><strong>Vorteile<\/strong>: Wirkt \u00d6lverd\u00fcnnung entgegen und vermindert somit \u00fcberm\u00e4\u00dfige \u00d6lverbrennung. Dadurch wird eine saubere und kraftvolle Verbrennung mit geringsten Ru\u00df- und Rauchentwicklungen gew\u00e4hrleistet. Reduziert Blow-by-Effekte f\u00fcr eine effizientere Verbrennung und einen\u00a0 geringeren Kraftstoffverbrauch. Einfach \u00a0zu benutzen \u2013 kein Extraaufwand.<\/p>\n","protected":false},"excerpt":{"rendered":"<h5>Anwendungsdauer:<\/h5>\n<p>wirkt w\u00e4hrend der Fahrt<\/p>\n<h5>Anwendungsgebiet:<\/h5>\n<p>zur Verwendung in allen Diesel- und Benzinmotoren<\/p>\n<h5>Verbrauch:<\/h5>\n<p>60 ml pro 1 L<\/p>\n<h5>Anwendungsintervall:<\/h5>\n<p>mit jedem \u00d6lwechsel oder bei Bedarf<\/p>\n","protected":false},"featured_media":13529,"template":"","meta":{"site-sidebar-layout":"default","site-content-layout":"default","ast-site-content-layout":"default","site-content-style":"default","site-sidebar-style":"default","ast-global-header-display":"","ast-banner-title-visibility":"","ast-main-header-display":"","ast-hfb-above-header-display":"","ast-hfb-below-header-display":"","ast-hfb-mobile-header-display":"","site-post-title":"","ast-breadcrumbs-content":"","ast-featured-img":"","footer-sml-layout":"","ast-disable-related-posts":"","theme-transparent-header-meta":"default","adv-header-id-meta":"","stick-header-meta":"","header-above-stick-meta":"","header-main-stick-meta":"","header-below-stick-meta":"","astra-migrate-meta-layouts":"default","ast-page-background-enabled":"default","ast-page-background-meta":{"desktop":{"background-color":"var(--ast-global-color-4)","background-image":"","background-repeat":"repeat","background-position":"center center","background-size":"auto","background-attachment":"scroll","background-type":"","background-media":"","overlay-type":"","overlay-color":"","overlay-opacity":"","overlay-gradient":""},"tablet":{"background-color":"","background-image":"","background-repeat":"repeat","background-position":"center center","background-size":"auto","background-attachment":"scroll","background-type":"","background-media":"","overlay-type":"","overlay-color":"","overlay-opacity":"","overlay-gradient":""},"mobile":{"background-color":"","background-image":"","background-repeat":"repeat","background-position":"center center","background-size":"auto","background-attachment":"scroll","background-type":"","background-media":"","overlay-type":"","overlay-color":"","overlay-opacity":"","overlay-gradient":""}},"ast-content-background-meta":{"desktop":{"background-color":"var(--ast-global-color-5)","background-image":"","background-repeat":"repeat","background-position":"center center","background-size":"auto","background-attachment":"scroll","background-type":"","background-media":"","overlay-type":"","overlay-color":"","overlay-opacity":"","overlay-gradient":""},"tablet":{"background-color":"var(--ast-global-color-5)","background-image":"","background-repeat":"repeat","background-position":"center center","background-size":"auto","background-attachment":"scroll","background-type":"","background-media":"","overlay-type":"","overlay-color":"","overlay-opacity":"","overlay-gradient":""},"mobile":{"background-color":"var(--ast-global-color-5)","background-image":"","background-repeat":"repeat","background-position":"center center","background-size":"auto","background-attachment":"scroll","background-type":"","background-media":"","overlay-type":"","overlay-color":"","overlay-opacity":"","overlay-gradient":""}}},"product_brand":[],"product_cat":[61,73],"product_tag":[580,44,87,88,43],"class_list":{"0":"post-13562","1":"product","2":"type-product","3":"status-publish","4":"has-post-thumbnail","6":"product_cat-boat-line","7":"product_cat-oel-system-boat","8":"product_tag-boat","9":"product_tag-cleaner","10":"product_tag-oel","11":"product_tag-oelsystem","12":"product_tag-reiniger","13":"desktop-align-left","14":"tablet-align-left","15":"mobile-align-left","17":"first","18":"instock","19":"taxable","20":"shipping-taxable","21":"product-type-simple"},"yoast_head":"<!-- This site is optimized with the Yoast SEO plugin v27.1.1 - https:\/\/yoast.com\/product\/yoast-seo-wordpress\/ -->\n<title>GAT \u00d6l Anti Ru\u00df - Boat Line<\/title>\n<meta name=\"description\" content=\"\u00d6l Anti Ru\u00df - Boat Line ein hochwirksames Additivpaket, um der Ru\u00df- und Rauchbildung in Benzin- und Dieselmotoren effektiv entgegenzuwirken.\" \/>\n<meta name=\"robots\" content=\"index, follow, max-snippet:-1, max-image-preview:large, max-video-preview:-1\" \/>\n<link rel=\"canonical\" href=\"https:\/\/www.gat-international.de\/de\/produkte\/oel-anti-russ-boat-line\/\" \/>\n<meta property=\"og:locale\" content=\"de_DE\" \/>\n<meta property=\"og:type\" content=\"article\" \/>\n<meta property=\"og:title\" content=\"GAT \u00d6l Anti Ru\u00df - Boat Line\" \/>\n<meta property=\"og:description\" content=\"\u00d6l Anti Ru\u00df - Boat Line ein hochwirksames Additivpaket, um der Ru\u00df- und Rauchbildung in Benzin- und Dieselmotoren effektiv entgegenzuwirken.\" \/>\n<meta property=\"og:url\" content=\"https:\/\/www.gat-international.de\/de\/produkte\/oel-anti-russ-boat-line\/\" \/>\n<meta property=\"og:site_name\" content=\"GAT Gesellschaft f\u00fcr Kraftstoff- und Automobiltechnologie mbH &amp; Co. KG\" \/>\n<meta property=\"article:modified_time\" content=\"2022-06-14T12:47:17+00:00\" \/>\n<meta property=\"og:image\" content=\"https:\/\/www.gat-international.de\/wp-content\/uploads\/2022\/06\/Boat_Line_1000x1000px_300dpi_RGB4-scaled.jpg\" \/>\n\t<meta property=\"og:image:width\" content=\"2560\" \/>\n\t<meta property=\"og:image:height\" content=\"2560\" \/>\n\t<meta property=\"og:image:type\" content=\"image\/jpeg\" \/>\n<meta name=\"twitter:card\" content=\"summary_large_image\" \/>\n<meta name=\"twitter:label1\" content=\"Gesch\u00e4tzte Lesezeit\" \/>\n\t<meta name=\"twitter:data1\" content=\"1\u00a0Minute\" \/>\n<script type=\"application\/ld+json\" class=\"yoast-schema-graph\">{\"@context\":\"https:\/\/schema.org\",\"@graph\":[{\"@type\":\"WebPage\",\"@id\":\"https:\/\/www.gat-international.de\/de\/produkte\/oel-anti-russ-boat-line\/\",\"url\":\"https:\/\/www.gat-international.de\/de\/produkte\/oel-anti-russ-boat-line\/\",\"name\":\"GAT \u00d6l Anti Ru\u00df - Boat Line\",\"isPartOf\":{\"@id\":\"https:\/\/www.gat-international.de\/de\/#website\"},\"primaryImageOfPage\":{\"@id\":\"https:\/\/www.gat-international.de\/de\/produkte\/oel-anti-russ-boat-line\/#primaryimage\"},\"image\":{\"@id\":\"https:\/\/www.gat-international.de\/de\/produkte\/oel-anti-russ-boat-line\/#primaryimage\"},\"thumbnailUrl\":\"https:\/\/www.gat-international.de\/wp-content\/uploads\/2022\/06\/Boat_Line_1000x1000px_300dpi_RGB4-scaled.jpg\",\"datePublished\":\"2022-06-12T11:11:09+00:00\",\"dateModified\":\"2022-06-14T12:47:17+00:00\",\"description\":\"\u00d6l Anti Ru\u00df - Boat Line ein hochwirksames Additivpaket, um der Ru\u00df- und Rauchbildung in Benzin- und Dieselmotoren effektiv entgegenzuwirken.\",\"breadcrumb\":{\"@id\":\"https:\/\/www.gat-international.de\/de\/produkte\/oel-anti-russ-boat-line\/#breadcrumb\"},\"inLanguage\":\"de\",\"potentialAction\":[{\"@type\":\"ReadAction\",\"target\":[\"https:\/\/www.gat-international.de\/de\/produkte\/oel-anti-russ-boat-line\/\"]}]},{\"@type\":\"ImageObject\",\"inLanguage\":\"de\",\"@id\":\"https:\/\/www.gat-international.de\/de\/produkte\/oel-anti-russ-boat-line\/#primaryimage\",\"url\":\"https:\/\/www.gat-international.de\/wp-content\/uploads\/2022\/06\/Boat_Line_1000x1000px_300dpi_RGB4-scaled.jpg\",\"contentUrl\":\"https:\/\/www.gat-international.de\/wp-content\/uploads\/2022\/06\/Boat_Line_1000x1000px_300dpi_RGB4-scaled.jpg\",\"width\":2560,\"height\":2560},{\"@type\":\"BreadcrumbList\",\"@id\":\"https:\/\/www.gat-international.de\/de\/produkte\/oel-anti-russ-boat-line\/#breadcrumb\",\"itemListElement\":[{\"@type\":\"ListItem\",\"position\":1,\"name\":\"Startseite\",\"item\":\"https:\/\/www.gat-international.de\/de\/\"},{\"@type\":\"ListItem\",\"position\":2,\"name\":\"Produkte\",\"item\":\"https:\/\/www.gat-international.de\/de\/produkte\/\"},{\"@type\":\"ListItem\",\"position\":3,\"name\":\"\u00d6l Anti Ru\u00df\"}]},{\"@type\":\"WebSite\",\"@id\":\"https:\/\/www.gat-international.de\/de\/#website\",\"url\":\"https:\/\/www.gat-international.de\/de\/\",\"name\":\"GAT Gesellschaft f\u00fcr Kraftstoff- und Automobiltechnologie mbH &amp; Co. KG\",\"description\":\"GAT ist ein Hersteller von Additiven und Systemreinigern, die in der eigenen Forschungs- und Entwicklungsabteilung entwickelt und st\u00e4ndig verbessert werden.\",\"potentialAction\":[{\"@type\":\"SearchAction\",\"target\":{\"@type\":\"EntryPoint\",\"urlTemplate\":\"https:\/\/www.gat-international.de\/de\/?s={search_term_string}\"},\"query-input\":{\"@type\":\"PropertyValueSpecification\",\"valueRequired\":true,\"valueName\":\"search_term_string\"}}],\"inLanguage\":\"de\"}]}<\/script>\n<!-- \/ Yoast SEO plugin. -->","yoast_head_json":{"title":"GAT \u00d6l Anti Ru\u00df - Boat Line","description":"\u00d6l Anti Ru\u00df - Boat Line ein hochwirksames Additivpaket, um der Ru\u00df- und Rauchbildung in Benzin- und Dieselmotoren effektiv entgegenzuwirken.","robots":{"index":"index","follow":"follow","max-snippet":"max-snippet:-1","max-image-preview":"max-image-preview:large","max-video-preview":"max-video-preview:-1"},"canonical":"https:\/\/www.gat-international.de\/de\/produkte\/oel-anti-russ-boat-line\/","og_locale":"de_DE","og_type":"article","og_title":"GAT \u00d6l Anti Ru\u00df - Boat Line","og_description":"\u00d6l Anti Ru\u00df - Boat Line ein hochwirksames Additivpaket, um der Ru\u00df- und Rauchbildung in Benzin- und Dieselmotoren effektiv entgegenzuwirken.","og_url":"https:\/\/www.gat-international.de\/de\/produkte\/oel-anti-russ-boat-line\/","og_site_name":"GAT Gesellschaft f\u00fcr Kraftstoff- und Automobiltechnologie mbH &amp; Co. KG","article_modified_time":"2022-06-14T12:47:17+00:00","og_image":[{"width":2560,"height":2560,"url":"https:\/\/www.gat-international.de\/wp-content\/uploads\/2022\/06\/Boat_Line_1000x1000px_300dpi_RGB4-scaled.jpg","type":"image\/jpeg"}],"twitter_card":"summary_large_image","twitter_misc":{"Gesch\u00e4tzte Lesezeit":"1\u00a0Minute"},"schema":{"@context":"https:\/\/schema.org","@graph":[{"@type":"WebPage","@id":"https:\/\/www.gat-international.de\/de\/produkte\/oel-anti-russ-boat-line\/","url":"https:\/\/www.gat-international.de\/de\/produkte\/oel-anti-russ-boat-line\/","name":"GAT \u00d6l Anti Ru\u00df - Boat Line","isPartOf":{"@id":"https:\/\/www.gat-international.de\/de\/#website"},"primaryImageOfPage":{"@id":"https:\/\/www.gat-international.de\/de\/produkte\/oel-anti-russ-boat-line\/#primaryimage"},"image":{"@id":"https:\/\/www.gat-international.de\/de\/produkte\/oel-anti-russ-boat-line\/#primaryimage"},"thumbnailUrl":"https:\/\/www.gat-international.de\/wp-content\/uploads\/2022\/06\/Boat_Line_1000x1000px_300dpi_RGB4-scaled.jpg","datePublished":"2022-06-12T11:11:09+00:00","dateModified":"2022-06-14T12:47:17+00:00","description":"\u00d6l Anti Ru\u00df - Boat Line ein hochwirksames Additivpaket, um der Ru\u00df- und Rauchbildung in Benzin- und Dieselmotoren effektiv entgegenzuwirken.","breadcrumb":{"@id":"https:\/\/www.gat-international.de\/de\/produkte\/oel-anti-russ-boat-line\/#breadcrumb"},"inLanguage":"de","potentialAction":[{"@type":"ReadAction","target":["https:\/\/www.gat-international.de\/de\/produkte\/oel-anti-russ-boat-line\/"]}]},{"@type":"ImageObject","inLanguage":"de","@id":"https:\/\/www.gat-international.de\/de\/produkte\/oel-anti-russ-boat-line\/#primaryimage","url":"https:\/\/www.gat-international.de\/wp-content\/uploads\/2022\/06\/Boat_Line_1000x1000px_300dpi_RGB4-scaled.jpg","contentUrl":"https:\/\/www.gat-international.de\/wp-content\/uploads\/2022\/06\/Boat_Line_1000x1000px_300dpi_RGB4-scaled.jpg","width":2560,"height":2560},{"@type":"BreadcrumbList","@id":"https:\/\/www.gat-international.de\/de\/produkte\/oel-anti-russ-boat-line\/#breadcrumb","itemListElement":[{"@type":"ListItem","position":1,"name":"Startseite","item":"https:\/\/www.gat-international.de\/de\/"},{"@type":"ListItem","position":2,"name":"Produkte","item":"https:\/\/www.gat-international.de\/de\/produkte\/"},{"@type":"ListItem","position":3,"name":"\u00d6l Anti Ru\u00df"}]},{"@type":"WebSite","@id":"https:\/\/www.gat-international.de\/de\/#website","url":"https:\/\/www.gat-international.de\/de\/","name":"GAT Gesellschaft f\u00fcr Kraftstoff- und Automobiltechnologie mbH &amp; Co. KG","description":"GAT ist ein Hersteller von Additiven und Systemreinigern, die in der eigenen Forschungs- und Entwicklungsabteilung entwickelt und st\u00e4ndig verbessert werden.","potentialAction":[{"@type":"SearchAction","target":{"@type":"EntryPoint","urlTemplate":"https:\/\/www.gat-international.de\/de\/?s={search_term_string}"},"query-input":{"@type":"PropertyValueSpecification","valueRequired":true,"valueName":"search_term_string"}}],"inLanguage":"de"}]}},"_links":{"self":[{"href":"https:\/\/www.gat-international.de\/de\/wp-json\/wp\/v2\/product\/13562","targetHints":{"allow":["GET"]}}],"collection":[{"href":"https:\/\/www.gat-international.de\/de\/wp-json\/wp\/v2\/product"}],"about":[{"href":"https:\/\/www.gat-international.de\/de\/wp-json\/wp\/v2\/types\/product"}],"version-history":[{"count":0,"href":"https:\/\/www.gat-international.de\/de\/wp-json\/wp\/v2\/product\/13562\/revisions"}],"wp:featuredmedia":[{"embeddable":true,"href":"https:\/\/www.gat-international.de\/de\/wp-json\/wp\/v2\/media\/13529"}],"wp:attachment":[{"href":"https:\/\/www.gat-international.de\/de\/wp-json\/wp\/v2\/media?parent=13562"}],"wp:term":[{"taxonomy":"product_brand","embeddable":true,"href":"https:\/\/www.gat-international.de\/de\/wp-json\/wp\/v2\/product_brand?post=13562"},{"taxonomy":"product_cat","embeddable":true,"href":"https:\/\/www.gat-international.de\/de\/wp-json\/wp\/v2\/product_cat?post=13562"},{"taxonomy":"product_tag","embeddable":true,"href":"https:\/\/www.gat-international.de\/de\/wp-json\/wp\/v2\/product_tag?post=13562"}],"curies":[{"name":"wp","href":"https:\/\/api.w.org\/{rel}","templated":true}]}}