{"id":16783,"date":"2022-12-17T12:20:37","date_gmt":"2022-12-17T11:20:37","guid":{"rendered":"https:\/\/www.gat-international.de\/de\/?post_type=product&#038;p=16783"},"modified":"2022-12-19T08:18:39","modified_gmt":"2022-12-19T07:18:39","slug":"kuehlsystemdicht-boat-line","status":"publish","type":"product","link":"https:\/\/www.gat-international.de\/de\/produkte\/kuehlsystemdicht-boat-line\/","title":{"rendered":"K\u00fchlsystemdicht"},"content":{"rendered":"<p>Der GAT K\u00fchlsystemdicht ist f\u00fcr den Einsatz in allen wassergek\u00fchlten, geschlossenen K\u00fchlsystemen (Nutzfahrzeuge, Pkw, sonstige industrielle W\u00e4rmetauscher) geeignet. Dichtet kritische Haarrisse und kleinere Leckagen zuverl\u00e4ssig, schnell und problemlos ab. Auch zum vorbeugenden Einsatz.<\/p>\n<p><strong>Vorteile:<\/strong> Ein Gro\u00dfteil der chemischen, im Kraftstoff gebundenen Energie wird in Verbrennungskraftmaschinen in W\u00e4rme umgewandelt, die abgef\u00fchrt werden muss. Ein funktionierendes K\u00fchlsystem ist entscheidend f\u00fcr die Betriebssicherheit von Motoren! Erspart teure Reparaturen. Vermeidet K\u00fchlwasserverlust und sch\u00fctzt so vor Motorsch\u00e4den.<\/p>\n","protected":false},"excerpt":{"rendered":"<h5>Anwendungsdauer:<\/h5>\n<p>wirkt w\u00e4hrend der Fahrt<\/p>\n<h5>Anwendungsgebiet:<\/h5>\n<p>zur Verwendung in allen wassergek\u00fchlten, geschlossenen K\u00fchlsystemen<\/p>\n<h5>Verbrauch:<\/h5>\n<p>25 ml pro 1 L<\/p>\n<h5>Anwendungsintervall:<\/h5>\n<p>bei Bedarf<\/p>\n","protected":false},"featured_media":13556,"template":"","meta":{"site-sidebar-layout":"default","site-content-layout":"default","ast-site-content-layout":"default","site-content-style":"default","site-sidebar-style":"default","ast-global-header-display":"","ast-banner-title-visibility":"","ast-main-header-display":"","ast-hfb-above-header-display":"","ast-hfb-below-header-display":"","ast-hfb-mobile-header-display":"","site-post-title":"","ast-breadcrumbs-content":"","ast-featured-img":"","footer-sml-layout":"","ast-disable-related-posts":"","theme-transparent-header-meta":"default","adv-header-id-meta":"","stick-header-meta":"","header-above-stick-meta":"","header-main-stick-meta":"","header-below-stick-meta":"","astra-migrate-meta-layouts":"default","ast-page-background-enabled":"default","ast-page-background-meta":{"desktop":{"background-color":"var(--ast-global-color-4)","background-image":"","background-repeat":"repeat","background-position":"center center","background-size":"auto","background-attachment":"scroll","background-type":"","background-media":"","overlay-type":"","overlay-color":"","overlay-opacity":"","overlay-gradient":""},"tablet":{"background-color":"","background-image":"","background-repeat":"repeat","background-position":"center center","background-size":"auto","background-attachment":"scroll","background-type":"","background-media":"","overlay-type":"","overlay-color":"","overlay-opacity":"","overlay-gradient":""},"mobile":{"background-color":"","background-image":"","background-repeat":"repeat","background-position":"center center","background-size":"auto","background-attachment":"scroll","background-type":"","background-media":"","overlay-type":"","overlay-color":"","overlay-opacity":"","overlay-gradient":""}},"ast-content-background-meta":{"desktop":{"background-color":"var(--ast-global-color-5)","background-image":"","background-repeat":"repeat","background-position":"center center","background-size":"auto","background-attachment":"scroll","background-type":"","background-media":"","overlay-type":"","overlay-color":"","overlay-opacity":"","overlay-gradient":""},"tablet":{"background-color":"var(--ast-global-color-5)","background-image":"","background-repeat":"repeat","background-position":"center center","background-size":"auto","background-attachment":"scroll","background-type":"","background-media":"","overlay-type":"","overlay-color":"","overlay-opacity":"","overlay-gradient":""},"mobile":{"background-color":"var(--ast-global-color-5)","background-image":"","background-repeat":"repeat","background-position":"center center","background-size":"auto","background-attachment":"scroll","background-type":"","background-media":"","overlay-type":"","overlay-color":"","overlay-opacity":"","overlay-gradient":""}}},"product_brand":[],"product_cat":[61,76],"product_tag":[580,44,227,241,219,43],"class_list":{"0":"post-16783","1":"product","2":"type-product","3":"status-publish","4":"has-post-thumbnail","6":"product_cat-boat-line","7":"product_cat-kuehl-system-boat","8":"product_tag-boat","9":"product_tag-cleaner","10":"product_tag-cooling-system-2","11":"product_tag-dicht","12":"product_tag-kuehlsystem","13":"product_tag-reiniger","14":"desktop-align-left","15":"tablet-align-left","16":"mobile-align-left","18":"first","19":"instock","20":"taxable","21":"shipping-taxable","22":"product-type-simple"},"yoast_head":"<!-- This site is optimized with the Yoast SEO plugin v27.1.1 - https:\/\/yoast.com\/product\/yoast-seo-wordpress\/ -->\n<title>GAT K\u00fchlsystemdicht - Boat Line<\/title>\n<meta name=\"description\" content=\"K\u00fchlsystemdicht - Boat Line f\u00fcr alle wassergek\u00fchlten, geschlossenen K\u00fchlsysteme (Nutzfahrzeuge, Pkw, sonstige W\u00e4rmetauscher) geeignet.\" \/>\n<meta name=\"robots\" content=\"index, follow, max-snippet:-1, max-image-preview:large, max-video-preview:-1\" \/>\n<link rel=\"canonical\" href=\"https:\/\/www.gat-international.de\/de\/produkte\/kuehlsystemdicht-boat-line\/\" \/>\n<meta property=\"og:locale\" content=\"de_DE\" \/>\n<meta property=\"og:type\" content=\"article\" \/>\n<meta property=\"og:title\" content=\"GAT K\u00fchlsystemdicht - Boat Line\" \/>\n<meta property=\"og:description\" content=\"K\u00fchlsystemdicht - Boat Line f\u00fcr alle wassergek\u00fchlten, geschlossenen K\u00fchlsysteme (Nutzfahrzeuge, Pkw, sonstige W\u00e4rmetauscher) geeignet.\" \/>\n<meta property=\"og:url\" content=\"https:\/\/www.gat-international.de\/de\/produkte\/kuehlsystemdicht-boat-line\/\" \/>\n<meta property=\"og:site_name\" content=\"GAT Gesellschaft f\u00fcr Kraftstoff- und Automobiltechnologie mbH &amp; Co. KG\" \/>\n<meta property=\"article:modified_time\" content=\"2022-12-19T07:18:39+00:00\" \/>\n<meta property=\"og:image\" content=\"https:\/\/www.gat-international.de\/wp-content\/uploads\/2022\/06\/Boat_Line_1000x1000px_300dpi_RGB13-scaled.jpg\" \/>\n\t<meta property=\"og:image:width\" content=\"2560\" \/>\n\t<meta property=\"og:image:height\" content=\"2560\" \/>\n\t<meta property=\"og:image:type\" content=\"image\/jpeg\" \/>\n<meta name=\"twitter:card\" content=\"summary_large_image\" \/>\n<meta name=\"twitter:label1\" content=\"Gesch\u00e4tzte Lesezeit\" \/>\n\t<meta name=\"twitter:data1\" content=\"1\u00a0Minute\" \/>\n<script type=\"application\/ld+json\" class=\"yoast-schema-graph\">{\"@context\":\"https:\/\/schema.org\",\"@graph\":[{\"@type\":\"WebPage\",\"@id\":\"https:\/\/www.gat-international.de\/de\/produkte\/kuehlsystemdicht-boat-line\/\",\"url\":\"https:\/\/www.gat-international.de\/de\/produkte\/kuehlsystemdicht-boat-line\/\",\"name\":\"GAT K\u00fchlsystemdicht - Boat Line\",\"isPartOf\":{\"@id\":\"https:\/\/www.gat-international.de\/de\/#website\"},\"primaryImageOfPage\":{\"@id\":\"https:\/\/www.gat-international.de\/de\/produkte\/kuehlsystemdicht-boat-line\/#primaryimage\"},\"image\":{\"@id\":\"https:\/\/www.gat-international.de\/de\/produkte\/kuehlsystemdicht-boat-line\/#primaryimage\"},\"thumbnailUrl\":\"https:\/\/www.gat-international.de\/wp-content\/uploads\/2022\/06\/Boat_Line_1000x1000px_300dpi_RGB13-scaled.jpg\",\"datePublished\":\"2022-12-17T11:20:37+00:00\",\"dateModified\":\"2022-12-19T07:18:39+00:00\",\"description\":\"K\u00fchlsystemdicht - Boat Line f\u00fcr alle wassergek\u00fchlten, geschlossenen K\u00fchlsysteme (Nutzfahrzeuge, Pkw, sonstige W\u00e4rmetauscher) geeignet.\",\"breadcrumb\":{\"@id\":\"https:\/\/www.gat-international.de\/de\/produkte\/kuehlsystemdicht-boat-line\/#breadcrumb\"},\"inLanguage\":\"de\",\"potentialAction\":[{\"@type\":\"ReadAction\",\"target\":[\"https:\/\/www.gat-international.de\/de\/produkte\/kuehlsystemdicht-boat-line\/\"]}]},{\"@type\":\"ImageObject\",\"inLanguage\":\"de\",\"@id\":\"https:\/\/www.gat-international.de\/de\/produkte\/kuehlsystemdicht-boat-line\/#primaryimage\",\"url\":\"https:\/\/www.gat-international.de\/wp-content\/uploads\/2022\/06\/Boat_Line_1000x1000px_300dpi_RGB13-scaled.jpg\",\"contentUrl\":\"https:\/\/www.gat-international.de\/wp-content\/uploads\/2022\/06\/Boat_Line_1000x1000px_300dpi_RGB13-scaled.jpg\",\"width\":2560,\"height\":2560},{\"@type\":\"BreadcrumbList\",\"@id\":\"https:\/\/www.gat-international.de\/de\/produkte\/kuehlsystemdicht-boat-line\/#breadcrumb\",\"itemListElement\":[{\"@type\":\"ListItem\",\"position\":1,\"name\":\"Startseite\",\"item\":\"https:\/\/www.gat-international.de\/de\/\"},{\"@type\":\"ListItem\",\"position\":2,\"name\":\"Produkte\",\"item\":\"https:\/\/www.gat-international.de\/de\/produkte\/\"},{\"@type\":\"ListItem\",\"position\":3,\"name\":\"K\u00fchlsystemdicht\"}]},{\"@type\":\"WebSite\",\"@id\":\"https:\/\/www.gat-international.de\/de\/#website\",\"url\":\"https:\/\/www.gat-international.de\/de\/\",\"name\":\"GAT Gesellschaft f\u00fcr Kraftstoff- und Automobiltechnologie mbH &amp; Co. KG\",\"description\":\"GAT ist ein Hersteller von Additiven und Systemreinigern, die in der eigenen Forschungs- und Entwicklungsabteilung entwickelt und st\u00e4ndig verbessert werden.\",\"potentialAction\":[{\"@type\":\"SearchAction\",\"target\":{\"@type\":\"EntryPoint\",\"urlTemplate\":\"https:\/\/www.gat-international.de\/de\/?s={search_term_string}\"},\"query-input\":{\"@type\":\"PropertyValueSpecification\",\"valueRequired\":true,\"valueName\":\"search_term_string\"}}],\"inLanguage\":\"de\"}]}<\/script>\n<!-- \/ Yoast SEO plugin. -->","yoast_head_json":{"title":"GAT K\u00fchlsystemdicht - Boat Line","description":"K\u00fchlsystemdicht - Boat Line f\u00fcr alle wassergek\u00fchlten, geschlossenen K\u00fchlsysteme (Nutzfahrzeuge, Pkw, sonstige W\u00e4rmetauscher) geeignet.","robots":{"index":"index","follow":"follow","max-snippet":"max-snippet:-1","max-image-preview":"max-image-preview:large","max-video-preview":"max-video-preview:-1"},"canonical":"https:\/\/www.gat-international.de\/de\/produkte\/kuehlsystemdicht-boat-line\/","og_locale":"de_DE","og_type":"article","og_title":"GAT K\u00fchlsystemdicht - Boat Line","og_description":"K\u00fchlsystemdicht - Boat Line f\u00fcr alle wassergek\u00fchlten, geschlossenen K\u00fchlsysteme (Nutzfahrzeuge, Pkw, sonstige W\u00e4rmetauscher) geeignet.","og_url":"https:\/\/www.gat-international.de\/de\/produkte\/kuehlsystemdicht-boat-line\/","og_site_name":"GAT Gesellschaft f\u00fcr Kraftstoff- und Automobiltechnologie mbH &amp; Co. KG","article_modified_time":"2022-12-19T07:18:39+00:00","og_image":[{"width":2560,"height":2560,"url":"https:\/\/www.gat-international.de\/wp-content\/uploads\/2022\/06\/Boat_Line_1000x1000px_300dpi_RGB13-scaled.jpg","type":"image\/jpeg"}],"twitter_card":"summary_large_image","twitter_misc":{"Gesch\u00e4tzte Lesezeit":"1\u00a0Minute"},"schema":{"@context":"https:\/\/schema.org","@graph":[{"@type":"WebPage","@id":"https:\/\/www.gat-international.de\/de\/produkte\/kuehlsystemdicht-boat-line\/","url":"https:\/\/www.gat-international.de\/de\/produkte\/kuehlsystemdicht-boat-line\/","name":"GAT K\u00fchlsystemdicht - Boat Line","isPartOf":{"@id":"https:\/\/www.gat-international.de\/de\/#website"},"primaryImageOfPage":{"@id":"https:\/\/www.gat-international.de\/de\/produkte\/kuehlsystemdicht-boat-line\/#primaryimage"},"image":{"@id":"https:\/\/www.gat-international.de\/de\/produkte\/kuehlsystemdicht-boat-line\/#primaryimage"},"thumbnailUrl":"https:\/\/www.gat-international.de\/wp-content\/uploads\/2022\/06\/Boat_Line_1000x1000px_300dpi_RGB13-scaled.jpg","datePublished":"2022-12-17T11:20:37+00:00","dateModified":"2022-12-19T07:18:39+00:00","description":"K\u00fchlsystemdicht - Boat Line f\u00fcr alle wassergek\u00fchlten, geschlossenen K\u00fchlsysteme (Nutzfahrzeuge, Pkw, sonstige W\u00e4rmetauscher) geeignet.","breadcrumb":{"@id":"https:\/\/www.gat-international.de\/de\/produkte\/kuehlsystemdicht-boat-line\/#breadcrumb"},"inLanguage":"de","potentialAction":[{"@type":"ReadAction","target":["https:\/\/www.gat-international.de\/de\/produkte\/kuehlsystemdicht-boat-line\/"]}]},{"@type":"ImageObject","inLanguage":"de","@id":"https:\/\/www.gat-international.de\/de\/produkte\/kuehlsystemdicht-boat-line\/#primaryimage","url":"https:\/\/www.gat-international.de\/wp-content\/uploads\/2022\/06\/Boat_Line_1000x1000px_300dpi_RGB13-scaled.jpg","contentUrl":"https:\/\/www.gat-international.de\/wp-content\/uploads\/2022\/06\/Boat_Line_1000x1000px_300dpi_RGB13-scaled.jpg","width":2560,"height":2560},{"@type":"BreadcrumbList","@id":"https:\/\/www.gat-international.de\/de\/produkte\/kuehlsystemdicht-boat-line\/#breadcrumb","itemListElement":[{"@type":"ListItem","position":1,"name":"Startseite","item":"https:\/\/www.gat-international.de\/de\/"},{"@type":"ListItem","position":2,"name":"Produkte","item":"https:\/\/www.gat-international.de\/de\/produkte\/"},{"@type":"ListItem","position":3,"name":"K\u00fchlsystemdicht"}]},{"@type":"WebSite","@id":"https:\/\/www.gat-international.de\/de\/#website","url":"https:\/\/www.gat-international.de\/de\/","name":"GAT Gesellschaft f\u00fcr Kraftstoff- und Automobiltechnologie mbH &amp; Co. KG","description":"GAT ist ein Hersteller von Additiven und Systemreinigern, die in der eigenen Forschungs- und Entwicklungsabteilung entwickelt und st\u00e4ndig verbessert werden.","potentialAction":[{"@type":"SearchAction","target":{"@type":"EntryPoint","urlTemplate":"https:\/\/www.gat-international.de\/de\/?s={search_term_string}"},"query-input":{"@type":"PropertyValueSpecification","valueRequired":true,"valueName":"search_term_string"}}],"inLanguage":"de"}]}},"_links":{"self":[{"href":"https:\/\/www.gat-international.de\/de\/wp-json\/wp\/v2\/product\/16783","targetHints":{"allow":["GET"]}}],"collection":[{"href":"https:\/\/www.gat-international.de\/de\/wp-json\/wp\/v2\/product"}],"about":[{"href":"https:\/\/www.gat-international.de\/de\/wp-json\/wp\/v2\/types\/product"}],"version-history":[{"count":0,"href":"https:\/\/www.gat-international.de\/de\/wp-json\/wp\/v2\/product\/16783\/revisions"}],"wp:featuredmedia":[{"embeddable":true,"href":"https:\/\/www.gat-international.de\/de\/wp-json\/wp\/v2\/media\/13556"}],"wp:attachment":[{"href":"https:\/\/www.gat-international.de\/de\/wp-json\/wp\/v2\/media?parent=16783"}],"wp:term":[{"taxonomy":"product_brand","embeddable":true,"href":"https:\/\/www.gat-international.de\/de\/wp-json\/wp\/v2\/product_brand?post=16783"},{"taxonomy":"product_cat","embeddable":true,"href":"https:\/\/www.gat-international.de\/de\/wp-json\/wp\/v2\/product_cat?post=16783"},{"taxonomy":"product_tag","embeddable":true,"href":"https:\/\/www.gat-international.de\/de\/wp-json\/wp\/v2\/product_tag?post=16783"}],"curies":[{"name":"wp","href":"https:\/\/api.w.org\/{rel}","templated":true}]}}