{"id":18363,"date":"2023-07-17T12:42:38","date_gmt":"2023-07-17T10:42:38","guid":{"rendered":"https:\/\/www.gat-international.de\/de\/?post_type=product&#038;p=18363"},"modified":"2026-04-30T11:04:59","modified_gmt":"2026-04-30T09:04:59","slug":"ansaugtraktreiniger-diesel-eq","status":"publish","type":"product","link":"https:\/\/www.gat-international.de\/de\/produkte\/ansaugtraktreiniger-diesel-eq\/","title":{"rendered":"Ansaugtraktreiniger Diesel EQ"},"content":{"rendered":"<p>GAT Ansaugtraktreiniger Diesel EQ ist f\u00fcr die Reinigung und den Schutz des gesamten Ansaugtraktes von Dieselmotoren. Entfernt Ablagerungen im Ansaugsystem und Brennraum, an Drosselklappen, Einlassventilen und Ventilsitzen.<\/p>\n<p><strong>Vorteile:<\/strong> Ein sauberes Kraftstoffsystem ist Voraussetzung f\u00fcr eine saubere, kraftvolle Verbrennung und einen effizienten Motorlauf! Reduziert den Kraftstoffverbrauch und die Abgaswerte. Sorgt f\u00fcr einen gleichm\u00e4\u00dfigen, kraftvollen und ruhigen Motorlauf.<\/p>\n","protected":false},"excerpt":{"rendered":"<p>GAT Ansaugtraktreiniger Diesel EQ ist f\u00fcr die Reinigung und den Schutz des gesamten Ansaugtraktes von Dieselmotoren. Entfernt Ablagerungen im Ansaugsystem und Brennraum, an Drosselklappen, Einlassventilen und Ventilsitzen. Vorteile: Ein sauberes Kraftstoffsystem ist Voraussetzung f\u00fcr eine saubere, kraftvolle Verbrennung und einen effizienten Motorlauf! Reduziert den Kraftstoffverbrauch und die Abgaswerte. Sorgt f\u00fcr einen gleichm\u00e4\u00dfigen, kraftvollen und ruhigen Motorlauf.<\/p>\n","protected":false},"featured_media":21139,"template":"","meta":{"site-sidebar-layout":"default","site-content-layout":"default","ast-site-content-layout":"default","site-content-style":"default","site-sidebar-style":"default","ast-global-header-display":"","ast-banner-title-visibility":"","ast-main-header-display":"","ast-hfb-above-header-display":"","ast-hfb-below-header-display":"","ast-hfb-mobile-header-display":"","site-post-title":"","ast-breadcrumbs-content":"","ast-featured-img":"","footer-sml-layout":"","ast-disable-related-posts":"","theme-transparent-header-meta":"default","adv-header-id-meta":"","stick-header-meta":"","header-above-stick-meta":"","header-main-stick-meta":"","header-below-stick-meta":"","astra-migrate-meta-layouts":"set","ast-page-background-enabled":"default","ast-page-background-meta":{"desktop":{"background-color":"var(--ast-global-color-4)","background-image":"","background-repeat":"repeat","background-position":"center center","background-size":"auto","background-attachment":"scroll","background-type":"","background-media":"","overlay-type":"","overlay-color":"","overlay-opacity":"","overlay-gradient":""},"tablet":{"background-color":"","background-image":"","background-repeat":"repeat","background-position":"center center","background-size":"auto","background-attachment":"scroll","background-type":"","background-media":"","overlay-type":"","overlay-color":"","overlay-opacity":"","overlay-gradient":""},"mobile":{"background-color":"","background-image":"","background-repeat":"repeat","background-position":"center center","background-size":"auto","background-attachment":"scroll","background-type":"","background-media":"","overlay-type":"","overlay-color":"","overlay-opacity":"","overlay-gradient":""}},"ast-content-background-meta":{"desktop":{"background-color":"var(--ast-global-color-5)","background-image":"","background-repeat":"repeat","background-position":"center center","background-size":"auto","background-attachment":"scroll","background-type":"","background-media":"","overlay-type":"","overlay-color":"","overlay-opacity":"","overlay-gradient":""},"tablet":{"background-color":"var(--ast-global-color-5)","background-image":"","background-repeat":"repeat","background-position":"center center","background-size":"auto","background-attachment":"scroll","background-type":"","background-media":"","overlay-type":"","overlay-color":"","overlay-opacity":"","overlay-gradient":""},"mobile":{"background-color":"var(--ast-global-color-5)","background-image":"","background-repeat":"repeat","background-position":"center center","background-size":"auto","background-attachment":"scroll","background-type":"","background-media":"","overlay-type":"","overlay-color":"","overlay-opacity":"","overlay-gradient":""}}},"product_brand":[],"product_cat":[39,65,79,60],"product_tag":[1114,42,44,369,1116],"class_list":{"0":"post-18363","1":"product","2":"type-product","3":"status-publish","4":"has-post-thumbnail","6":"product_cat-car-line","7":"product_cat-diesel-system","8":"product_cat-diesel-system-truck","9":"product_cat-truck-line","10":"product_tag-additive","11":"product_tag-car","12":"product_tag-cleaner","13":"product_tag-diesel-system-2","14":"product_tag-systemreiniger","15":"desktop-align-left","16":"tablet-align-left","17":"mobile-align-left","19":"first","20":"instock","21":"taxable","22":"shipping-taxable","23":"product-type-simple"},"yoast_head":"<!-- This site is optimized with the Yoast SEO plugin v27.1.1 - https:\/\/yoast.com\/product\/yoast-seo-wordpress\/ -->\n<title>GAT Ansaugtraktreiniger Diesel EQ - Car Line<\/title>\n<meta name=\"description\" content=\"Ansaugtraktreiniger Diesel EQ - Car Line entfernt Ablagerungen im Ansaugsystem und Brennraum, an Drosselklappen, Einlassventilen und Ventilsitzen\" \/>\n<meta name=\"robots\" content=\"index, follow, max-snippet:-1, max-image-preview:large, max-video-preview:-1\" \/>\n<link rel=\"canonical\" href=\"https:\/\/www.gat-international.de\/de\/produkte\/ansaugtraktreiniger-diesel-eq\/\" \/>\n<meta property=\"og:locale\" content=\"de_DE\" \/>\n<meta property=\"og:type\" content=\"article\" \/>\n<meta property=\"og:title\" content=\"GAT Ansaugtraktreiniger Diesel EQ - Car Line\" \/>\n<meta property=\"og:description\" content=\"Ansaugtraktreiniger Diesel EQ - Car Line entfernt Ablagerungen im Ansaugsystem und Brennraum, an Drosselklappen, Einlassventilen und Ventilsitzen\" \/>\n<meta property=\"og:url\" content=\"https:\/\/www.gat-international.de\/de\/produkte\/ansaugtraktreiniger-diesel-eq\/\" \/>\n<meta property=\"og:site_name\" content=\"GAT Gesellschaft f\u00fcr Kraftstoff- und Automobiltechnologie mbH &amp; Co. KG\" \/>\n<meta property=\"article:modified_time\" content=\"2026-04-30T09:04:59+00:00\" \/>\n<meta property=\"og:image\" content=\"https:\/\/www.gat-international.de\/wp-content\/uploads\/2023\/07\/Air_Intake_Cleaner_Diesel_EQ_1000ml_RGB-1-scaled.jpg\" \/>\n\t<meta property=\"og:image:width\" content=\"2560\" \/>\n\t<meta property=\"og:image:height\" content=\"2560\" \/>\n\t<meta property=\"og:image:type\" content=\"image\/jpeg\" \/>\n<meta name=\"twitter:card\" content=\"summary_large_image\" \/>\n<meta name=\"twitter:label1\" content=\"Gesch\u00e4tzte Lesezeit\" \/>\n\t<meta name=\"twitter:data1\" content=\"1\u00a0Minute\" \/>\n<script type=\"application\/ld+json\" class=\"yoast-schema-graph\">{\"@context\":\"https:\/\/schema.org\",\"@graph\":[{\"@type\":\"WebPage\",\"@id\":\"https:\/\/www.gat-international.de\/de\/produkte\/ansaugtraktreiniger-diesel-eq\/\",\"url\":\"https:\/\/www.gat-international.de\/de\/produkte\/ansaugtraktreiniger-diesel-eq\/\",\"name\":\"GAT Ansaugtraktreiniger Diesel EQ - Car Line\",\"isPartOf\":{\"@id\":\"https:\/\/www.gat-international.de\/de\/#website\"},\"primaryImageOfPage\":{\"@id\":\"https:\/\/www.gat-international.de\/de\/produkte\/ansaugtraktreiniger-diesel-eq\/#primaryimage\"},\"image\":{\"@id\":\"https:\/\/www.gat-international.de\/de\/produkte\/ansaugtraktreiniger-diesel-eq\/#primaryimage\"},\"thumbnailUrl\":\"https:\/\/www.gat-international.de\/wp-content\/uploads\/2023\/07\/Air_Intake_Cleaner_Diesel_EQ_1000ml_RGB-1-scaled.jpg\",\"datePublished\":\"2023-07-17T10:42:38+00:00\",\"dateModified\":\"2026-04-30T09:04:59+00:00\",\"description\":\"Ansaugtraktreiniger Diesel EQ - Car Line entfernt Ablagerungen im Ansaugsystem und Brennraum, an Drosselklappen, Einlassventilen und Ventilsitzen\",\"breadcrumb\":{\"@id\":\"https:\/\/www.gat-international.de\/de\/produkte\/ansaugtraktreiniger-diesel-eq\/#breadcrumb\"},\"inLanguage\":\"de\",\"potentialAction\":[{\"@type\":\"ReadAction\",\"target\":[\"https:\/\/www.gat-international.de\/de\/produkte\/ansaugtraktreiniger-diesel-eq\/\"]}]},{\"@type\":\"ImageObject\",\"inLanguage\":\"de\",\"@id\":\"https:\/\/www.gat-international.de\/de\/produkte\/ansaugtraktreiniger-diesel-eq\/#primaryimage\",\"url\":\"https:\/\/www.gat-international.de\/wp-content\/uploads\/2023\/07\/Air_Intake_Cleaner_Diesel_EQ_1000ml_RGB-1-scaled.jpg\",\"contentUrl\":\"https:\/\/www.gat-international.de\/wp-content\/uploads\/2023\/07\/Air_Intake_Cleaner_Diesel_EQ_1000ml_RGB-1-scaled.jpg\",\"width\":2560,\"height\":2560},{\"@type\":\"BreadcrumbList\",\"@id\":\"https:\/\/www.gat-international.de\/de\/produkte\/ansaugtraktreiniger-diesel-eq\/#breadcrumb\",\"itemListElement\":[{\"@type\":\"ListItem\",\"position\":1,\"name\":\"Startseite\",\"item\":\"https:\/\/www.gat-international.de\/de\/\"},{\"@type\":\"ListItem\",\"position\":2,\"name\":\"Produkte\",\"item\":\"https:\/\/www.gat-international.de\/de\/produkte\/\"},{\"@type\":\"ListItem\",\"position\":3,\"name\":\"Ansaugtraktreiniger Diesel EQ\"}]},{\"@type\":\"WebSite\",\"@id\":\"https:\/\/www.gat-international.de\/de\/#website\",\"url\":\"https:\/\/www.gat-international.de\/de\/\",\"name\":\"GAT Gesellschaft f\u00fcr Kraftstoff- und Automobiltechnologie mbH &amp; Co. KG\",\"description\":\"GAT ist ein Hersteller von Additiven und Systemreinigern, die in der eigenen Forschungs- und Entwicklungsabteilung entwickelt und st\u00e4ndig verbessert werden.\",\"potentialAction\":[{\"@type\":\"SearchAction\",\"target\":{\"@type\":\"EntryPoint\",\"urlTemplate\":\"https:\/\/www.gat-international.de\/de\/?s={search_term_string}\"},\"query-input\":{\"@type\":\"PropertyValueSpecification\",\"valueRequired\":true,\"valueName\":\"search_term_string\"}}],\"inLanguage\":\"de\"}]}<\/script>\n<!-- \/ Yoast SEO plugin. -->","yoast_head_json":{"title":"GAT Ansaugtraktreiniger Diesel EQ - Car Line","description":"Ansaugtraktreiniger Diesel EQ - Car Line entfernt Ablagerungen im Ansaugsystem und Brennraum, an Drosselklappen, Einlassventilen und Ventilsitzen","robots":{"index":"index","follow":"follow","max-snippet":"max-snippet:-1","max-image-preview":"max-image-preview:large","max-video-preview":"max-video-preview:-1"},"canonical":"https:\/\/www.gat-international.de\/de\/produkte\/ansaugtraktreiniger-diesel-eq\/","og_locale":"de_DE","og_type":"article","og_title":"GAT Ansaugtraktreiniger Diesel EQ - Car Line","og_description":"Ansaugtraktreiniger Diesel EQ - Car Line entfernt Ablagerungen im Ansaugsystem und Brennraum, an Drosselklappen, Einlassventilen und Ventilsitzen","og_url":"https:\/\/www.gat-international.de\/de\/produkte\/ansaugtraktreiniger-diesel-eq\/","og_site_name":"GAT Gesellschaft f\u00fcr Kraftstoff- und Automobiltechnologie mbH &amp; Co. KG","article_modified_time":"2026-04-30T09:04:59+00:00","og_image":[{"width":2560,"height":2560,"url":"https:\/\/www.gat-international.de\/wp-content\/uploads\/2023\/07\/Air_Intake_Cleaner_Diesel_EQ_1000ml_RGB-1-scaled.jpg","type":"image\/jpeg"}],"twitter_card":"summary_large_image","twitter_misc":{"Gesch\u00e4tzte Lesezeit":"1\u00a0Minute"},"schema":{"@context":"https:\/\/schema.org","@graph":[{"@type":"WebPage","@id":"https:\/\/www.gat-international.de\/de\/produkte\/ansaugtraktreiniger-diesel-eq\/","url":"https:\/\/www.gat-international.de\/de\/produkte\/ansaugtraktreiniger-diesel-eq\/","name":"GAT Ansaugtraktreiniger Diesel EQ - Car Line","isPartOf":{"@id":"https:\/\/www.gat-international.de\/de\/#website"},"primaryImageOfPage":{"@id":"https:\/\/www.gat-international.de\/de\/produkte\/ansaugtraktreiniger-diesel-eq\/#primaryimage"},"image":{"@id":"https:\/\/www.gat-international.de\/de\/produkte\/ansaugtraktreiniger-diesel-eq\/#primaryimage"},"thumbnailUrl":"https:\/\/www.gat-international.de\/wp-content\/uploads\/2023\/07\/Air_Intake_Cleaner_Diesel_EQ_1000ml_RGB-1-scaled.jpg","datePublished":"2023-07-17T10:42:38+00:00","dateModified":"2026-04-30T09:04:59+00:00","description":"Ansaugtraktreiniger Diesel EQ - Car Line entfernt Ablagerungen im Ansaugsystem und Brennraum, an Drosselklappen, Einlassventilen und Ventilsitzen","breadcrumb":{"@id":"https:\/\/www.gat-international.de\/de\/produkte\/ansaugtraktreiniger-diesel-eq\/#breadcrumb"},"inLanguage":"de","potentialAction":[{"@type":"ReadAction","target":["https:\/\/www.gat-international.de\/de\/produkte\/ansaugtraktreiniger-diesel-eq\/"]}]},{"@type":"ImageObject","inLanguage":"de","@id":"https:\/\/www.gat-international.de\/de\/produkte\/ansaugtraktreiniger-diesel-eq\/#primaryimage","url":"https:\/\/www.gat-international.de\/wp-content\/uploads\/2023\/07\/Air_Intake_Cleaner_Diesel_EQ_1000ml_RGB-1-scaled.jpg","contentUrl":"https:\/\/www.gat-international.de\/wp-content\/uploads\/2023\/07\/Air_Intake_Cleaner_Diesel_EQ_1000ml_RGB-1-scaled.jpg","width":2560,"height":2560},{"@type":"BreadcrumbList","@id":"https:\/\/www.gat-international.de\/de\/produkte\/ansaugtraktreiniger-diesel-eq\/#breadcrumb","itemListElement":[{"@type":"ListItem","position":1,"name":"Startseite","item":"https:\/\/www.gat-international.de\/de\/"},{"@type":"ListItem","position":2,"name":"Produkte","item":"https:\/\/www.gat-international.de\/de\/produkte\/"},{"@type":"ListItem","position":3,"name":"Ansaugtraktreiniger Diesel EQ"}]},{"@type":"WebSite","@id":"https:\/\/www.gat-international.de\/de\/#website","url":"https:\/\/www.gat-international.de\/de\/","name":"GAT Gesellschaft f\u00fcr Kraftstoff- und Automobiltechnologie mbH &amp; Co. KG","description":"GAT ist ein Hersteller von Additiven und Systemreinigern, die in der eigenen Forschungs- und Entwicklungsabteilung entwickelt und st\u00e4ndig verbessert werden.","potentialAction":[{"@type":"SearchAction","target":{"@type":"EntryPoint","urlTemplate":"https:\/\/www.gat-international.de\/de\/?s={search_term_string}"},"query-input":{"@type":"PropertyValueSpecification","valueRequired":true,"valueName":"search_term_string"}}],"inLanguage":"de"}]}},"_links":{"self":[{"href":"https:\/\/www.gat-international.de\/de\/wp-json\/wp\/v2\/product\/18363","targetHints":{"allow":["GET"]}}],"collection":[{"href":"https:\/\/www.gat-international.de\/de\/wp-json\/wp\/v2\/product"}],"about":[{"href":"https:\/\/www.gat-international.de\/de\/wp-json\/wp\/v2\/types\/product"}],"version-history":[{"count":2,"href":"https:\/\/www.gat-international.de\/de\/wp-json\/wp\/v2\/product\/18363\/revisions"}],"predecessor-version":[{"id":21142,"href":"https:\/\/www.gat-international.de\/de\/wp-json\/wp\/v2\/product\/18363\/revisions\/21142"}],"wp:featuredmedia":[{"embeddable":true,"href":"https:\/\/www.gat-international.de\/de\/wp-json\/wp\/v2\/media\/21139"}],"wp:attachment":[{"href":"https:\/\/www.gat-international.de\/de\/wp-json\/wp\/v2\/media?parent=18363"}],"wp:term":[{"taxonomy":"product_brand","embeddable":true,"href":"https:\/\/www.gat-international.de\/de\/wp-json\/wp\/v2\/product_brand?post=18363"},{"taxonomy":"product_cat","embeddable":true,"href":"https:\/\/www.gat-international.de\/de\/wp-json\/wp\/v2\/product_cat?post=18363"},{"taxonomy":"product_tag","embeddable":true,"href":"https:\/\/www.gat-international.de\/de\/wp-json\/wp\/v2\/product_tag?post=18363"}],"curies":[{"name":"wp","href":"https:\/\/api.w.org\/{rel}","templated":true}]}}