{"id":1839,"date":"2022-01-19T12:10:56","date_gmt":"2022-01-19T11:10:56","guid":{"rendered":"https:\/\/gat-germany.de\/de\/?post_type=product&#038;p=1839"},"modified":"2026-04-30T10:31:08","modified_gmt":"2026-04-30T08:31:08","slug":"benzinsystemreiniger-ultra-car-line","status":"publish","type":"product","link":"https:\/\/www.gat-international.de\/de\/produkte\/benzinsystemreiniger-ultra-car-line\/","title":{"rendered":"Benzinsystemreiniger ULTRA"},"content":{"rendered":"<p>Der GAT Benzinsystemreiniger ULTRA ist ein Hochleistungsadditiv f\u00fcr den Einsatz in PKW-Motoren. L\u00f6st betriebsbedingte Verschmutzungen an Einlassventilen, Kolben und im gesamten Brennraum. Entfernt Verharzungen und Verklebungen im Vergaser- und Einspritzd\u00fcsenbereich sowie Verkokungsr\u00fcckst\u00e4nde und Ru\u00dfablagerungen im gesamten oberen Zylinderbereich.<\/p>\n<p><strong>Vorteile: <\/strong>Reinigungseffekt nach der ersten Anwendung \u2013 saubere, kraftvolle Verbrennung und effizienter Motorlauf. Exzellente Reinigung der Einlassventile und Einspritzd\u00fcsen (auch f\u00fcr Direkteinspritzung geeignet). Wirkt sich positiv auf den Kraftstoffverbrauch sowie die Abgasemissionen aus. Sch\u00fctzt vor Korrosion und erh\u00f6ht die Lebensdauer des Kraftstoffsystems und des Katalysators. Stellt die optimale Motor-Performance wieder her.<\/p>\n","protected":false},"excerpt":{"rendered":"<h5>Anwendungsdauer:<\/h5>\n<p>wirkt w\u00e4hrend der Fahrt<\/p>\n<h5>Anwendungsgebiet:<\/h5>\n<p>zur Verwendung in allen Benzinmotoren<\/p>\n<h5>Verbrauch:<\/h5>\n<p>50 ml pro 10 L<\/p>\n<h5>Anwendungsintervall:<\/h5>\n<p>bei Bedarf<\/p>\n","protected":false},"featured_media":21095,"template":"","meta":{"site-sidebar-layout":"default","site-content-layout":"default","ast-site-content-layout":"default","site-content-style":"default","site-sidebar-style":"default","ast-global-header-display":"","ast-banner-title-visibility":"","ast-main-header-display":"","ast-hfb-above-header-display":"","ast-hfb-below-header-display":"","ast-hfb-mobile-header-display":"","site-post-title":"","ast-breadcrumbs-content":"","ast-featured-img":"","footer-sml-layout":"","ast-disable-related-posts":"","theme-transparent-header-meta":"default","adv-header-id-meta":"","stick-header-meta":"","header-above-stick-meta":"","header-main-stick-meta":"","header-below-stick-meta":"","astra-migrate-meta-layouts":"set","ast-page-background-enabled":"default","ast-page-background-meta":{"desktop":{"background-color":"var(--ast-global-color-4)","background-image":"","background-repeat":"repeat","background-position":"center center","background-size":"auto","background-attachment":"scroll","background-type":"","background-media":"","overlay-type":"","overlay-color":"","overlay-opacity":"","overlay-gradient":""},"tablet":{"background-color":"","background-image":"","background-repeat":"repeat","background-position":"center center","background-size":"auto","background-attachment":"scroll","background-type":"","background-media":"","overlay-type":"","overlay-color":"","overlay-opacity":"","overlay-gradient":""},"mobile":{"background-color":"","background-image":"","background-repeat":"repeat","background-position":"center center","background-size":"auto","background-attachment":"scroll","background-type":"","background-media":"","overlay-type":"","overlay-color":"","overlay-opacity":"","overlay-gradient":""}},"ast-content-background-meta":{"desktop":{"background-color":"var(--ast-global-color-5)","background-image":"","background-repeat":"repeat","background-position":"center center","background-size":"auto","background-attachment":"scroll","background-type":"","background-media":"","overlay-type":"","overlay-color":"","overlay-opacity":"","overlay-gradient":""},"tablet":{"background-color":"var(--ast-global-color-5)","background-image":"","background-repeat":"repeat","background-position":"center center","background-size":"auto","background-attachment":"scroll","background-type":"","background-media":"","overlay-type":"","overlay-color":"","overlay-opacity":"","overlay-gradient":""},"mobile":{"background-color":"var(--ast-global-color-5)","background-image":"","background-repeat":"repeat","background-position":"center center","background-size":"auto","background-attachment":"scroll","background-type":"","background-media":"","overlay-type":"","overlay-color":"","overlay-opacity":"","overlay-gradient":""}}},"product_brand":[],"product_cat":[64,39],"product_tag":[40,90,42,44,43,91],"class_list":{"0":"post-1839","1":"product","2":"type-product","3":"status-publish","4":"has-post-thumbnail","6":"product_cat-benzin-system","7":"product_cat-car-line","8":"product_tag-benzin","9":"product_tag-benzinsystem","10":"product_tag-car","11":"product_tag-cleaner","12":"product_tag-reiniger","13":"product_tag-ultra","14":"desktop-align-left","15":"tablet-align-left","16":"mobile-align-left","18":"first","19":"instock","20":"taxable","21":"shipping-taxable","22":"product-type-simple"},"yoast_head":"<!-- This site is optimized with the Yoast SEO plugin v27.1.1 - https:\/\/yoast.com\/product\/yoast-seo-wordpress\/ -->\n<title>GAT Benzinsystemreiniger ULTRA - Car Line<\/title>\n<meta name=\"description\" content=\"Benzinsystemreiniger ULTRA - Car Line f\u00fcr PKW-Motoren l\u00f6st Verschmutzungen an Einlassventilen, Kolben und im gesamten Brennraum.\" \/>\n<meta name=\"robots\" content=\"index, follow, max-snippet:-1, max-image-preview:large, max-video-preview:-1\" \/>\n<link rel=\"canonical\" href=\"https:\/\/www.gat-international.de\/de\/produkte\/benzinsystemreiniger-ultra-car-line\/\" \/>\n<meta property=\"og:locale\" content=\"de_DE\" \/>\n<meta property=\"og:type\" content=\"article\" \/>\n<meta property=\"og:title\" content=\"GAT Benzinsystemreiniger ULTRA - Car Line\" \/>\n<meta property=\"og:description\" content=\"Benzinsystemreiniger ULTRA - Car Line f\u00fcr PKW-Motoren l\u00f6st Verschmutzungen an Einlassventilen, Kolben und im gesamten Brennraum.\" \/>\n<meta property=\"og:url\" content=\"https:\/\/www.gat-international.de\/de\/produkte\/benzinsystemreiniger-ultra-car-line\/\" \/>\n<meta property=\"og:site_name\" content=\"GAT Gesellschaft f\u00fcr Kraftstoff- und Automobiltechnologie mbH &amp; Co. KG\" \/>\n<meta property=\"article:modified_time\" content=\"2026-04-30T08:31:08+00:00\" \/>\n<meta property=\"og:image\" content=\"https:\/\/www.gat-international.de\/wp-content\/uploads\/2022\/01\/Fuel_System_Cleaner_ULTRA_300ml_RGB-3-scaled.jpg\" \/>\n\t<meta property=\"og:image:width\" content=\"2560\" \/>\n\t<meta property=\"og:image:height\" content=\"2560\" \/>\n\t<meta property=\"og:image:type\" content=\"image\/jpeg\" \/>\n<meta name=\"twitter:card\" content=\"summary_large_image\" \/>\n<meta name=\"twitter:label1\" content=\"Gesch\u00e4tzte Lesezeit\" \/>\n\t<meta name=\"twitter:data1\" content=\"1\u00a0Minute\" \/>\n<script type=\"application\/ld+json\" class=\"yoast-schema-graph\">{\"@context\":\"https:\/\/schema.org\",\"@graph\":[{\"@type\":\"WebPage\",\"@id\":\"https:\/\/www.gat-international.de\/de\/produkte\/benzinsystemreiniger-ultra-car-line\/\",\"url\":\"https:\/\/www.gat-international.de\/de\/produkte\/benzinsystemreiniger-ultra-car-line\/\",\"name\":\"GAT Benzinsystemreiniger ULTRA - Car Line\",\"isPartOf\":{\"@id\":\"https:\/\/www.gat-international.de\/de\/#website\"},\"primaryImageOfPage\":{\"@id\":\"https:\/\/www.gat-international.de\/de\/produkte\/benzinsystemreiniger-ultra-car-line\/#primaryimage\"},\"image\":{\"@id\":\"https:\/\/www.gat-international.de\/de\/produkte\/benzinsystemreiniger-ultra-car-line\/#primaryimage\"},\"thumbnailUrl\":\"https:\/\/www.gat-international.de\/wp-content\/uploads\/2022\/01\/Fuel_System_Cleaner_ULTRA_300ml_RGB-3-scaled.jpg\",\"datePublished\":\"2022-01-19T11:10:56+00:00\",\"dateModified\":\"2026-04-30T08:31:08+00:00\",\"description\":\"Benzinsystemreiniger ULTRA - Car Line f\u00fcr PKW-Motoren l\u00f6st Verschmutzungen an Einlassventilen, Kolben und im gesamten Brennraum.\",\"breadcrumb\":{\"@id\":\"https:\/\/www.gat-international.de\/de\/produkte\/benzinsystemreiniger-ultra-car-line\/#breadcrumb\"},\"inLanguage\":\"de\",\"potentialAction\":[{\"@type\":\"ReadAction\",\"target\":[\"https:\/\/www.gat-international.de\/de\/produkte\/benzinsystemreiniger-ultra-car-line\/\"]}]},{\"@type\":\"ImageObject\",\"inLanguage\":\"de\",\"@id\":\"https:\/\/www.gat-international.de\/de\/produkte\/benzinsystemreiniger-ultra-car-line\/#primaryimage\",\"url\":\"https:\/\/www.gat-international.de\/wp-content\/uploads\/2022\/01\/Fuel_System_Cleaner_ULTRA_300ml_RGB-3-scaled.jpg\",\"contentUrl\":\"https:\/\/www.gat-international.de\/wp-content\/uploads\/2022\/01\/Fuel_System_Cleaner_ULTRA_300ml_RGB-3-scaled.jpg\",\"width\":2560,\"height\":2560},{\"@type\":\"BreadcrumbList\",\"@id\":\"https:\/\/www.gat-international.de\/de\/produkte\/benzinsystemreiniger-ultra-car-line\/#breadcrumb\",\"itemListElement\":[{\"@type\":\"ListItem\",\"position\":1,\"name\":\"Startseite\",\"item\":\"https:\/\/www.gat-international.de\/de\/\"},{\"@type\":\"ListItem\",\"position\":2,\"name\":\"Produkte\",\"item\":\"https:\/\/www.gat-international.de\/de\/produkte\/\"},{\"@type\":\"ListItem\",\"position\":3,\"name\":\"Benzinsystemreiniger ULTRA\"}]},{\"@type\":\"WebSite\",\"@id\":\"https:\/\/www.gat-international.de\/de\/#website\",\"url\":\"https:\/\/www.gat-international.de\/de\/\",\"name\":\"GAT Gesellschaft f\u00fcr Kraftstoff- und Automobiltechnologie mbH &amp; Co. KG\",\"description\":\"GAT ist ein Hersteller von Additiven und Systemreinigern, die in der eigenen Forschungs- und Entwicklungsabteilung entwickelt und st\u00e4ndig verbessert werden.\",\"potentialAction\":[{\"@type\":\"SearchAction\",\"target\":{\"@type\":\"EntryPoint\",\"urlTemplate\":\"https:\/\/www.gat-international.de\/de\/?s={search_term_string}\"},\"query-input\":{\"@type\":\"PropertyValueSpecification\",\"valueRequired\":true,\"valueName\":\"search_term_string\"}}],\"inLanguage\":\"de\"}]}<\/script>\n<!-- \/ Yoast SEO plugin. -->","yoast_head_json":{"title":"GAT Benzinsystemreiniger ULTRA - Car Line","description":"Benzinsystemreiniger ULTRA - Car Line f\u00fcr PKW-Motoren l\u00f6st Verschmutzungen an Einlassventilen, Kolben und im gesamten Brennraum.","robots":{"index":"index","follow":"follow","max-snippet":"max-snippet:-1","max-image-preview":"max-image-preview:large","max-video-preview":"max-video-preview:-1"},"canonical":"https:\/\/www.gat-international.de\/de\/produkte\/benzinsystemreiniger-ultra-car-line\/","og_locale":"de_DE","og_type":"article","og_title":"GAT Benzinsystemreiniger ULTRA - Car Line","og_description":"Benzinsystemreiniger ULTRA - Car Line f\u00fcr PKW-Motoren l\u00f6st Verschmutzungen an Einlassventilen, Kolben und im gesamten Brennraum.","og_url":"https:\/\/www.gat-international.de\/de\/produkte\/benzinsystemreiniger-ultra-car-line\/","og_site_name":"GAT Gesellschaft f\u00fcr Kraftstoff- und Automobiltechnologie mbH &amp; Co. KG","article_modified_time":"2026-04-30T08:31:08+00:00","og_image":[{"width":2560,"height":2560,"url":"https:\/\/www.gat-international.de\/wp-content\/uploads\/2022\/01\/Fuel_System_Cleaner_ULTRA_300ml_RGB-3-scaled.jpg","type":"image\/jpeg"}],"twitter_card":"summary_large_image","twitter_misc":{"Gesch\u00e4tzte Lesezeit":"1\u00a0Minute"},"schema":{"@context":"https:\/\/schema.org","@graph":[{"@type":"WebPage","@id":"https:\/\/www.gat-international.de\/de\/produkte\/benzinsystemreiniger-ultra-car-line\/","url":"https:\/\/www.gat-international.de\/de\/produkte\/benzinsystemreiniger-ultra-car-line\/","name":"GAT Benzinsystemreiniger ULTRA - Car Line","isPartOf":{"@id":"https:\/\/www.gat-international.de\/de\/#website"},"primaryImageOfPage":{"@id":"https:\/\/www.gat-international.de\/de\/produkte\/benzinsystemreiniger-ultra-car-line\/#primaryimage"},"image":{"@id":"https:\/\/www.gat-international.de\/de\/produkte\/benzinsystemreiniger-ultra-car-line\/#primaryimage"},"thumbnailUrl":"https:\/\/www.gat-international.de\/wp-content\/uploads\/2022\/01\/Fuel_System_Cleaner_ULTRA_300ml_RGB-3-scaled.jpg","datePublished":"2022-01-19T11:10:56+00:00","dateModified":"2026-04-30T08:31:08+00:00","description":"Benzinsystemreiniger ULTRA - Car Line f\u00fcr PKW-Motoren l\u00f6st Verschmutzungen an Einlassventilen, Kolben und im gesamten Brennraum.","breadcrumb":{"@id":"https:\/\/www.gat-international.de\/de\/produkte\/benzinsystemreiniger-ultra-car-line\/#breadcrumb"},"inLanguage":"de","potentialAction":[{"@type":"ReadAction","target":["https:\/\/www.gat-international.de\/de\/produkte\/benzinsystemreiniger-ultra-car-line\/"]}]},{"@type":"ImageObject","inLanguage":"de","@id":"https:\/\/www.gat-international.de\/de\/produkte\/benzinsystemreiniger-ultra-car-line\/#primaryimage","url":"https:\/\/www.gat-international.de\/wp-content\/uploads\/2022\/01\/Fuel_System_Cleaner_ULTRA_300ml_RGB-3-scaled.jpg","contentUrl":"https:\/\/www.gat-international.de\/wp-content\/uploads\/2022\/01\/Fuel_System_Cleaner_ULTRA_300ml_RGB-3-scaled.jpg","width":2560,"height":2560},{"@type":"BreadcrumbList","@id":"https:\/\/www.gat-international.de\/de\/produkte\/benzinsystemreiniger-ultra-car-line\/#breadcrumb","itemListElement":[{"@type":"ListItem","position":1,"name":"Startseite","item":"https:\/\/www.gat-international.de\/de\/"},{"@type":"ListItem","position":2,"name":"Produkte","item":"https:\/\/www.gat-international.de\/de\/produkte\/"},{"@type":"ListItem","position":3,"name":"Benzinsystemreiniger ULTRA"}]},{"@type":"WebSite","@id":"https:\/\/www.gat-international.de\/de\/#website","url":"https:\/\/www.gat-international.de\/de\/","name":"GAT Gesellschaft f\u00fcr Kraftstoff- und Automobiltechnologie mbH &amp; Co. KG","description":"GAT ist ein Hersteller von Additiven und Systemreinigern, die in der eigenen Forschungs- und Entwicklungsabteilung entwickelt und st\u00e4ndig verbessert werden.","potentialAction":[{"@type":"SearchAction","target":{"@type":"EntryPoint","urlTemplate":"https:\/\/www.gat-international.de\/de\/?s={search_term_string}"},"query-input":{"@type":"PropertyValueSpecification","valueRequired":true,"valueName":"search_term_string"}}],"inLanguage":"de"}]}},"_links":{"self":[{"href":"https:\/\/www.gat-international.de\/de\/wp-json\/wp\/v2\/product\/1839","targetHints":{"allow":["GET"]}}],"collection":[{"href":"https:\/\/www.gat-international.de\/de\/wp-json\/wp\/v2\/product"}],"about":[{"href":"https:\/\/www.gat-international.de\/de\/wp-json\/wp\/v2\/types\/product"}],"version-history":[{"count":1,"href":"https:\/\/www.gat-international.de\/de\/wp-json\/wp\/v2\/product\/1839\/revisions"}],"predecessor-version":[{"id":21097,"href":"https:\/\/www.gat-international.de\/de\/wp-json\/wp\/v2\/product\/1839\/revisions\/21097"}],"wp:featuredmedia":[{"embeddable":true,"href":"https:\/\/www.gat-international.de\/de\/wp-json\/wp\/v2\/media\/21095"}],"wp:attachment":[{"href":"https:\/\/www.gat-international.de\/de\/wp-json\/wp\/v2\/media?parent=1839"}],"wp:term":[{"taxonomy":"product_brand","embeddable":true,"href":"https:\/\/www.gat-international.de\/de\/wp-json\/wp\/v2\/product_brand?post=1839"},{"taxonomy":"product_cat","embeddable":true,"href":"https:\/\/www.gat-international.de\/de\/wp-json\/wp\/v2\/product_cat?post=1839"},{"taxonomy":"product_tag","embeddable":true,"href":"https:\/\/www.gat-international.de\/de\/wp-json\/wp\/v2\/product_tag?post=1839"}],"curies":[{"name":"wp","href":"https:\/\/api.w.org\/{rel}","templated":true}]}}