{"id":1848,"date":"2022-01-19T12:41:31","date_gmt":"2022-01-19T11:41:31","guid":{"rendered":"https:\/\/gat-germany.de\/de\/?post_type=product&#038;p=1848"},"modified":"2025-07-03T15:42:38","modified_gmt":"2025-07-03T13:42:38","slug":"benzinsystemreiniger-plus-car-line","status":"publish","type":"product","link":"https:\/\/www.gat-international.de\/de\/produkte\/benzinsystemreiniger-plus-car-line\/","title":{"rendered":"Benzinsystemreiniger PLUS"},"content":{"rendered":"<p>Der GAT Benzinsystemreiniger PLUS ist f\u00fcr den Einsatz in PKW-Motoren, Generatoren und sonstigen Hochleistungsmotoren (z. B. Bootsbereich, Motorrad etc.) geeignet. Entfernt betriebsbedingte Verschmutzungen und Feuchtigkeit im gesamten Kraftstoffsystem vom Tank bis zu den Brennr\u00e4umen. Entfernt Verharzungen und Verklebungen im Vergaser- und Einspritzd\u00fcsenbereich und Verkokungsr\u00fcckst\u00e4nde und Ru\u00dfablagerungen im gesamten oberen Zylinderbereich, sowie Feuchtigkeit und Kondenswasser aus dem gesamten Kraftstoffsystem.<\/p>\n<p><strong>Vorteile:<\/strong> Saubere, kraftvolle Verbrennung und effizienter Motorlauf. Wirkt sich positiv auf den Kraftstoffverbrauch, die Motorleistung und dementsprechend auf die Abgasemissionen aus. Sch\u00fctzt vor Korrosion, erh\u00f6ht die Lebensdauer des Kraftstoffsystems und des Katalysators.<\/p>\n","protected":false},"excerpt":{"rendered":"<h5>Anwendungsdauer:<\/h5>\n<p>wirkt w\u00e4hrend der Fahrt<\/p>\n<h5>Anwendungsgebiet:<\/h5>\n<p>zur Verwendung in allen Benzinmotoren<\/p>\n<h5>Verbrauch:<\/h5>\n<p>50 ml pro 10 L<\/p>\n<h5>Anwendungsintervall:<\/h5>\n<p>mit jeder Tankf\u00fcllung<\/p>\n","protected":false},"featured_media":20810,"template":"","meta":{"site-sidebar-layout":"default","site-content-layout":"default","ast-site-content-layout":"default","site-content-style":"default","site-sidebar-style":"default","ast-global-header-display":"","ast-banner-title-visibility":"","ast-main-header-display":"","ast-hfb-above-header-display":"","ast-hfb-below-header-display":"","ast-hfb-mobile-header-display":"","site-post-title":"","ast-breadcrumbs-content":"","ast-featured-img":"","footer-sml-layout":"","ast-disable-related-posts":"","theme-transparent-header-meta":"default","adv-header-id-meta":"","stick-header-meta":"","header-above-stick-meta":"","header-main-stick-meta":"","header-below-stick-meta":"","astra-migrate-meta-layouts":"set","ast-page-background-enabled":"default","ast-page-background-meta":{"desktop":{"background-color":"var(--ast-global-color-4)","background-image":"","background-repeat":"repeat","background-position":"center center","background-size":"auto","background-attachment":"scroll","background-type":"","background-media":"","overlay-type":"","overlay-color":"","overlay-opacity":"","overlay-gradient":""},"tablet":{"background-color":"","background-image":"","background-repeat":"repeat","background-position":"center center","background-size":"auto","background-attachment":"scroll","background-type":"","background-media":"","overlay-type":"","overlay-color":"","overlay-opacity":"","overlay-gradient":""},"mobile":{"background-color":"","background-image":"","background-repeat":"repeat","background-position":"center center","background-size":"auto","background-attachment":"scroll","background-type":"","background-media":"","overlay-type":"","overlay-color":"","overlay-opacity":"","overlay-gradient":""}},"ast-content-background-meta":{"desktop":{"background-color":"var(--ast-global-color-5)","background-image":"","background-repeat":"repeat","background-position":"center center","background-size":"auto","background-attachment":"scroll","background-type":"","background-media":"","overlay-type":"","overlay-color":"","overlay-opacity":"","overlay-gradient":""},"tablet":{"background-color":"var(--ast-global-color-5)","background-image":"","background-repeat":"repeat","background-position":"center center","background-size":"auto","background-attachment":"scroll","background-type":"","background-media":"","overlay-type":"","overlay-color":"","overlay-opacity":"","overlay-gradient":""},"mobile":{"background-color":"var(--ast-global-color-5)","background-image":"","background-repeat":"repeat","background-position":"center center","background-size":"auto","background-attachment":"scroll","background-type":"","background-media":"","overlay-type":"","overlay-color":"","overlay-opacity":"","overlay-gradient":""}}},"product_brand":[],"product_cat":[64,39],"product_tag":[40,90,42,44,92,43,93],"class_list":{"0":"post-1848","1":"product","2":"type-product","3":"status-publish","4":"has-post-thumbnail","6":"product_cat-benzin-system","7":"product_cat-car-line","8":"product_tag-benzin","9":"product_tag-benzinsystem","10":"product_tag-car","11":"product_tag-cleaner","12":"product_tag-plus","13":"product_tag-reiniger","14":"product_tag-wasserbindung","15":"desktop-align-left","16":"tablet-align-left","17":"mobile-align-left","19":"first","20":"instock","21":"taxable","22":"shipping-taxable","23":"product-type-simple"},"yoast_head":"<!-- This site is optimized with the Yoast SEO plugin v27.1.1 - https:\/\/yoast.com\/product\/yoast-seo-wordpress\/ -->\n<title>GAT Benzinsystemreiniger PLUS - Car Line<\/title>\n<meta name=\"description\" content=\"Benzinsystemreiniger PLUS - Car Line f\u00fcr PKW-Motoren, Generatoren und sonstige Hochleistungsmotoren (z. B. Bootsbereich, Motorrad etc.).\" \/>\n<meta name=\"robots\" content=\"index, follow, max-snippet:-1, max-image-preview:large, max-video-preview:-1\" \/>\n<link rel=\"canonical\" href=\"https:\/\/www.gat-international.de\/de\/produkte\/benzinsystemreiniger-plus-car-line\/\" \/>\n<meta property=\"og:locale\" content=\"de_DE\" \/>\n<meta property=\"og:type\" content=\"article\" \/>\n<meta property=\"og:title\" content=\"GAT Benzinsystemreiniger PLUS - Car Line\" \/>\n<meta property=\"og:description\" content=\"Benzinsystemreiniger PLUS - Car Line f\u00fcr PKW-Motoren, Generatoren und sonstige Hochleistungsmotoren (z. B. Bootsbereich, Motorrad etc.).\" \/>\n<meta property=\"og:url\" content=\"https:\/\/www.gat-international.de\/de\/produkte\/benzinsystemreiniger-plus-car-line\/\" \/>\n<meta property=\"og:site_name\" content=\"GAT Gesellschaft f\u00fcr Kraftstoff- und Automobiltechnologie mbH &amp; Co. KG\" \/>\n<meta property=\"article:modified_time\" content=\"2025-07-03T13:42:38+00:00\" \/>\n<meta property=\"og:image\" content=\"https:\/\/www.gat-international.de\/wp-content\/uploads\/2022\/01\/Fuel_System_Cleaner_PLUS_300ml_RGB-1-scaled.jpg\" \/>\n\t<meta property=\"og:image:width\" content=\"2560\" \/>\n\t<meta property=\"og:image:height\" content=\"2560\" \/>\n\t<meta property=\"og:image:type\" content=\"image\/jpeg\" \/>\n<meta name=\"twitter:card\" content=\"summary_large_image\" \/>\n<meta name=\"twitter:label1\" content=\"Gesch\u00e4tzte Lesezeit\" \/>\n\t<meta name=\"twitter:data1\" content=\"1\u00a0Minute\" \/>\n<script type=\"application\/ld+json\" class=\"yoast-schema-graph\">{\"@context\":\"https:\/\/schema.org\",\"@graph\":[{\"@type\":\"WebPage\",\"@id\":\"https:\/\/www.gat-international.de\/de\/produkte\/benzinsystemreiniger-plus-car-line\/\",\"url\":\"https:\/\/www.gat-international.de\/de\/produkte\/benzinsystemreiniger-plus-car-line\/\",\"name\":\"GAT Benzinsystemreiniger PLUS - Car Line\",\"isPartOf\":{\"@id\":\"https:\/\/www.gat-international.de\/de\/#website\"},\"primaryImageOfPage\":{\"@id\":\"https:\/\/www.gat-international.de\/de\/produkte\/benzinsystemreiniger-plus-car-line\/#primaryimage\"},\"image\":{\"@id\":\"https:\/\/www.gat-international.de\/de\/produkte\/benzinsystemreiniger-plus-car-line\/#primaryimage\"},\"thumbnailUrl\":\"https:\/\/www.gat-international.de\/wp-content\/uploads\/2022\/01\/Fuel_System_Cleaner_PLUS_300ml_RGB-1-scaled.jpg\",\"datePublished\":\"2022-01-19T11:41:31+00:00\",\"dateModified\":\"2025-07-03T13:42:38+00:00\",\"description\":\"Benzinsystemreiniger PLUS - Car Line f\u00fcr PKW-Motoren, Generatoren und sonstige Hochleistungsmotoren (z. B. Bootsbereich, Motorrad etc.).\",\"breadcrumb\":{\"@id\":\"https:\/\/www.gat-international.de\/de\/produkte\/benzinsystemreiniger-plus-car-line\/#breadcrumb\"},\"inLanguage\":\"de\",\"potentialAction\":[{\"@type\":\"ReadAction\",\"target\":[\"https:\/\/www.gat-international.de\/de\/produkte\/benzinsystemreiniger-plus-car-line\/\"]}]},{\"@type\":\"ImageObject\",\"inLanguage\":\"de\",\"@id\":\"https:\/\/www.gat-international.de\/de\/produkte\/benzinsystemreiniger-plus-car-line\/#primaryimage\",\"url\":\"https:\/\/www.gat-international.de\/wp-content\/uploads\/2022\/01\/Fuel_System_Cleaner_PLUS_300ml_RGB-1-scaled.jpg\",\"contentUrl\":\"https:\/\/www.gat-international.de\/wp-content\/uploads\/2022\/01\/Fuel_System_Cleaner_PLUS_300ml_RGB-1-scaled.jpg\",\"width\":2560,\"height\":2560},{\"@type\":\"BreadcrumbList\",\"@id\":\"https:\/\/www.gat-international.de\/de\/produkte\/benzinsystemreiniger-plus-car-line\/#breadcrumb\",\"itemListElement\":[{\"@type\":\"ListItem\",\"position\":1,\"name\":\"Startseite\",\"item\":\"https:\/\/www.gat-international.de\/de\/\"},{\"@type\":\"ListItem\",\"position\":2,\"name\":\"Produkte\",\"item\":\"https:\/\/www.gat-international.de\/de\/produkte\/\"},{\"@type\":\"ListItem\",\"position\":3,\"name\":\"Benzinsystemreiniger PLUS\"}]},{\"@type\":\"WebSite\",\"@id\":\"https:\/\/www.gat-international.de\/de\/#website\",\"url\":\"https:\/\/www.gat-international.de\/de\/\",\"name\":\"GAT Gesellschaft f\u00fcr Kraftstoff- und Automobiltechnologie mbH &amp; Co. KG\",\"description\":\"GAT ist ein Hersteller von Additiven und Systemreinigern, die in der eigenen Forschungs- und Entwicklungsabteilung entwickelt und st\u00e4ndig verbessert werden.\",\"potentialAction\":[{\"@type\":\"SearchAction\",\"target\":{\"@type\":\"EntryPoint\",\"urlTemplate\":\"https:\/\/www.gat-international.de\/de\/?s={search_term_string}\"},\"query-input\":{\"@type\":\"PropertyValueSpecification\",\"valueRequired\":true,\"valueName\":\"search_term_string\"}}],\"inLanguage\":\"de\"}]}<\/script>\n<!-- \/ Yoast SEO plugin. -->","yoast_head_json":{"title":"GAT Benzinsystemreiniger PLUS - Car Line","description":"Benzinsystemreiniger PLUS - Car Line f\u00fcr PKW-Motoren, Generatoren und sonstige Hochleistungsmotoren (z. B. Bootsbereich, Motorrad etc.).","robots":{"index":"index","follow":"follow","max-snippet":"max-snippet:-1","max-image-preview":"max-image-preview:large","max-video-preview":"max-video-preview:-1"},"canonical":"https:\/\/www.gat-international.de\/de\/produkte\/benzinsystemreiniger-plus-car-line\/","og_locale":"de_DE","og_type":"article","og_title":"GAT Benzinsystemreiniger PLUS - Car Line","og_description":"Benzinsystemreiniger PLUS - Car Line f\u00fcr PKW-Motoren, Generatoren und sonstige Hochleistungsmotoren (z. B. Bootsbereich, Motorrad etc.).","og_url":"https:\/\/www.gat-international.de\/de\/produkte\/benzinsystemreiniger-plus-car-line\/","og_site_name":"GAT Gesellschaft f\u00fcr Kraftstoff- und Automobiltechnologie mbH &amp; Co. KG","article_modified_time":"2025-07-03T13:42:38+00:00","og_image":[{"width":2560,"height":2560,"url":"https:\/\/www.gat-international.de\/wp-content\/uploads\/2022\/01\/Fuel_System_Cleaner_PLUS_300ml_RGB-1-scaled.jpg","type":"image\/jpeg"}],"twitter_card":"summary_large_image","twitter_misc":{"Gesch\u00e4tzte Lesezeit":"1\u00a0Minute"},"schema":{"@context":"https:\/\/schema.org","@graph":[{"@type":"WebPage","@id":"https:\/\/www.gat-international.de\/de\/produkte\/benzinsystemreiniger-plus-car-line\/","url":"https:\/\/www.gat-international.de\/de\/produkte\/benzinsystemreiniger-plus-car-line\/","name":"GAT Benzinsystemreiniger PLUS - Car Line","isPartOf":{"@id":"https:\/\/www.gat-international.de\/de\/#website"},"primaryImageOfPage":{"@id":"https:\/\/www.gat-international.de\/de\/produkte\/benzinsystemreiniger-plus-car-line\/#primaryimage"},"image":{"@id":"https:\/\/www.gat-international.de\/de\/produkte\/benzinsystemreiniger-plus-car-line\/#primaryimage"},"thumbnailUrl":"https:\/\/www.gat-international.de\/wp-content\/uploads\/2022\/01\/Fuel_System_Cleaner_PLUS_300ml_RGB-1-scaled.jpg","datePublished":"2022-01-19T11:41:31+00:00","dateModified":"2025-07-03T13:42:38+00:00","description":"Benzinsystemreiniger PLUS - Car Line f\u00fcr PKW-Motoren, Generatoren und sonstige Hochleistungsmotoren (z. B. Bootsbereich, Motorrad etc.).","breadcrumb":{"@id":"https:\/\/www.gat-international.de\/de\/produkte\/benzinsystemreiniger-plus-car-line\/#breadcrumb"},"inLanguage":"de","potentialAction":[{"@type":"ReadAction","target":["https:\/\/www.gat-international.de\/de\/produkte\/benzinsystemreiniger-plus-car-line\/"]}]},{"@type":"ImageObject","inLanguage":"de","@id":"https:\/\/www.gat-international.de\/de\/produkte\/benzinsystemreiniger-plus-car-line\/#primaryimage","url":"https:\/\/www.gat-international.de\/wp-content\/uploads\/2022\/01\/Fuel_System_Cleaner_PLUS_300ml_RGB-1-scaled.jpg","contentUrl":"https:\/\/www.gat-international.de\/wp-content\/uploads\/2022\/01\/Fuel_System_Cleaner_PLUS_300ml_RGB-1-scaled.jpg","width":2560,"height":2560},{"@type":"BreadcrumbList","@id":"https:\/\/www.gat-international.de\/de\/produkte\/benzinsystemreiniger-plus-car-line\/#breadcrumb","itemListElement":[{"@type":"ListItem","position":1,"name":"Startseite","item":"https:\/\/www.gat-international.de\/de\/"},{"@type":"ListItem","position":2,"name":"Produkte","item":"https:\/\/www.gat-international.de\/de\/produkte\/"},{"@type":"ListItem","position":3,"name":"Benzinsystemreiniger PLUS"}]},{"@type":"WebSite","@id":"https:\/\/www.gat-international.de\/de\/#website","url":"https:\/\/www.gat-international.de\/de\/","name":"GAT Gesellschaft f\u00fcr Kraftstoff- und Automobiltechnologie mbH &amp; Co. KG","description":"GAT ist ein Hersteller von Additiven und Systemreinigern, die in der eigenen Forschungs- und Entwicklungsabteilung entwickelt und st\u00e4ndig verbessert werden.","potentialAction":[{"@type":"SearchAction","target":{"@type":"EntryPoint","urlTemplate":"https:\/\/www.gat-international.de\/de\/?s={search_term_string}"},"query-input":{"@type":"PropertyValueSpecification","valueRequired":true,"valueName":"search_term_string"}}],"inLanguage":"de"}]}},"_links":{"self":[{"href":"https:\/\/www.gat-international.de\/de\/wp-json\/wp\/v2\/product\/1848","targetHints":{"allow":["GET"]}}],"collection":[{"href":"https:\/\/www.gat-international.de\/de\/wp-json\/wp\/v2\/product"}],"about":[{"href":"https:\/\/www.gat-international.de\/de\/wp-json\/wp\/v2\/types\/product"}],"version-history":[{"count":0,"href":"https:\/\/www.gat-international.de\/de\/wp-json\/wp\/v2\/product\/1848\/revisions"}],"wp:featuredmedia":[{"embeddable":true,"href":"https:\/\/www.gat-international.de\/de\/wp-json\/wp\/v2\/media\/20810"}],"wp:attachment":[{"href":"https:\/\/www.gat-international.de\/de\/wp-json\/wp\/v2\/media?parent=1848"}],"wp:term":[{"taxonomy":"product_brand","embeddable":true,"href":"https:\/\/www.gat-international.de\/de\/wp-json\/wp\/v2\/product_brand?post=1848"},{"taxonomy":"product_cat","embeddable":true,"href":"https:\/\/www.gat-international.de\/de\/wp-json\/wp\/v2\/product_cat?post=1848"},{"taxonomy":"product_tag","embeddable":true,"href":"https:\/\/www.gat-international.de\/de\/wp-json\/wp\/v2\/product_tag?post=1848"}],"curies":[{"name":"wp","href":"https:\/\/api.w.org\/{rel}","templated":true}]}}