{"id":19668,"date":"2024-08-02T11:48:55","date_gmt":"2024-08-02T09:48:55","guid":{"rendered":"https:\/\/www.gat-international.de\/de\/?post_type=product&#038;p=19668"},"modified":"2026-02-09T09:15:30","modified_gmt":"2026-02-09T08:15:30","slug":"benzinsystemreiniger-e10","status":"publish","type":"product","link":"https:\/\/www.gat-international.de\/de\/produkte\/benzinsystemreiniger-e10\/","title":{"rendered":"Benzinsystemreiniger E10"},"content":{"rendered":"<p>Der GAT Benzinsystemreiniger E10 reinigt effektiv Ventile, Einspritzd\u00fcsen und den Einlassbereich ohne Demontage. Entfernt betriebsbedingte Verschmutzungen und verhindert Neuablagerungen im gesamten Kraftstoffsystem und verbessert somit die Leistung des Motors.<\/p>\n<p><strong>Vorteile:<\/strong> Das Produkt sorgt f\u00fcr einen kraftvollen und stabilen Verbrennungsprozess, optimiert den Kraftstoffverbrauch- und die Abgasemissionswerte. Enth\u00e4lt zus\u00e4tzlich Additive, die vor den Nachteilen von Ethanol-Kraftstoffen sch\u00fctzen. Durch den regelm\u00e4\u00dfigen Einsatz wird der pH-Wert stabilisiert und die S\u00e4urebildung reguliert. Sch\u00fctzt effektiv vor Korrosion und verbessert die Schmierf\u00e4higkeit des Kraftstoffs, um \u00fcberm\u00e4\u00dfigen Verschlei\u00df zu verhindern, der durch die schlechte Schmierf\u00e4higkeit von Alkoholkomponenten verursacht wird.<\/p>\n","protected":false},"excerpt":{"rendered":"<p>Der GAT Benzinsystemreiniger E10 reinigt effektiv Ventile, Einspritzd\u00fcsen und den Einlassbereich ohne Demontage. Entfernt betriebsbedingte Verschmutzungen und verhindert Neuablagerungen im gesamten Kraftstoffsystem und verbessert somit die Leistung des Motors.<\/p>\n<p><strong>Vorteile: <\/strong>Das Produkt sorgt f\u00fcr einen kraftvollen und stabilen Verbrennungsprozess, optimiert den Kraftstoffverbrauch- und die Abgasemissionswerte. Enth\u00e4lt zus\u00e4tzlich Additive, die vor den Nachteilen von Ethanol-Kraftstoffen sch\u00fctzen. Durch den regelm\u00e4\u00dfigen Einsatz wird der pH-Wert stabilisiert und die S\u00e4urebildung reguliert. Sch\u00fctzt effektiv vor Korrosion und verbessert die Schmierf\u00e4higkeit des Kraftstoffs, um \u00fcberm\u00e4\u00dfigen Verschlei\u00df zu verhindern, der durch die schlechte Schmierf\u00e4higkeit von Alkoholkomponenten verursacht wird.<\/p>\n","protected":false},"featured_media":21009,"template":"","meta":{"site-sidebar-layout":"default","site-content-layout":"default","ast-site-content-layout":"default","site-content-style":"default","site-sidebar-style":"default","ast-global-header-display":"","ast-banner-title-visibility":"","ast-main-header-display":"","ast-hfb-above-header-display":"","ast-hfb-below-header-display":"","ast-hfb-mobile-header-display":"","site-post-title":"","ast-breadcrumbs-content":"","ast-featured-img":"","footer-sml-layout":"","ast-disable-related-posts":"","theme-transparent-header-meta":"default","adv-header-id-meta":"","stick-header-meta":"","header-above-stick-meta":"","header-main-stick-meta":"","header-below-stick-meta":"","astra-migrate-meta-layouts":"set","ast-page-background-enabled":"default","ast-page-background-meta":{"desktop":{"background-color":"var(--ast-global-color-4)","background-image":"","background-repeat":"repeat","background-position":"center center","background-size":"auto","background-attachment":"scroll","background-type":"","background-media":"","overlay-type":"","overlay-color":"","overlay-opacity":"","overlay-gradient":""},"tablet":{"background-color":"","background-image":"","background-repeat":"repeat","background-position":"center center","background-size":"auto","background-attachment":"scroll","background-type":"","background-media":"","overlay-type":"","overlay-color":"","overlay-opacity":"","overlay-gradient":""},"mobile":{"background-color":"","background-image":"","background-repeat":"repeat","background-position":"center center","background-size":"auto","background-attachment":"scroll","background-type":"","background-media":"","overlay-type":"","overlay-color":"","overlay-opacity":"","overlay-gradient":""}},"ast-content-background-meta":{"desktop":{"background-color":"var(--ast-global-color-5)","background-image":"","background-repeat":"repeat","background-position":"center center","background-size":"auto","background-attachment":"scroll","background-type":"","background-media":"","overlay-type":"","overlay-color":"","overlay-opacity":"","overlay-gradient":""},"tablet":{"background-color":"var(--ast-global-color-5)","background-image":"","background-repeat":"repeat","background-position":"center center","background-size":"auto","background-attachment":"scroll","background-type":"","background-media":"","overlay-type":"","overlay-color":"","overlay-opacity":"","overlay-gradient":""},"mobile":{"background-color":"var(--ast-global-color-5)","background-image":"","background-repeat":"repeat","background-position":"center center","background-size":"auto","background-attachment":"scroll","background-type":"","background-media":"","overlay-type":"","overlay-color":"","overlay-opacity":"","overlay-gradient":""}}},"product_brand":[],"product_cat":[64,39],"product_tag":[1114,430,42,44,1117,1116],"class_list":{"0":"post-19668","1":"product","2":"type-product","3":"status-publish","4":"has-post-thumbnail","6":"product_cat-benzin-system","7":"product_cat-car-line","8":"product_tag-additive","9":"product_tag-benzin-system","10":"product_tag-car","11":"product_tag-cleaner","12":"product_tag-fuel-2","13":"product_tag-systemreiniger","14":"desktop-align-left","15":"tablet-align-left","16":"mobile-align-left","18":"first","19":"instock","20":"taxable","21":"shipping-taxable","22":"product-type-simple"},"yoast_head":"<!-- This site is optimized with the Yoast SEO plugin v27.1.1 - https:\/\/yoast.com\/product\/yoast-seo-wordpress\/ -->\n<title>GAT Benzinsystemreiniger E10 - Car Line<\/title>\n<meta name=\"description\" content=\"Benzinsystemreiniger E10 - Car Line f\u00fcr einen kraftvollen und stabilen Verbrennungsprozess, optimiert den Kraftstoffverbrauch- und die Abgasemissionswerte.\" \/>\n<meta name=\"robots\" content=\"index, follow, max-snippet:-1, max-image-preview:large, max-video-preview:-1\" \/>\n<link rel=\"canonical\" href=\"https:\/\/www.gat-international.de\/de\/produkte\/benzinsystemreiniger-e10\/\" \/>\n<meta property=\"og:locale\" content=\"de_DE\" \/>\n<meta property=\"og:type\" content=\"article\" \/>\n<meta property=\"og:title\" content=\"GAT Benzinsystemreiniger E10 - Car Line\" \/>\n<meta property=\"og:description\" content=\"Benzinsystemreiniger E10 - Car Line f\u00fcr einen kraftvollen und stabilen Verbrennungsprozess, optimiert den Kraftstoffverbrauch- und die Abgasemissionswerte.\" \/>\n<meta property=\"og:url\" content=\"https:\/\/www.gat-international.de\/de\/produkte\/benzinsystemreiniger-e10\/\" \/>\n<meta property=\"og:site_name\" content=\"GAT Gesellschaft f\u00fcr Kraftstoff- und Automobiltechnologie mbH &amp; Co. KG\" \/>\n<meta property=\"article:modified_time\" content=\"2026-02-09T08:15:30+00:00\" \/>\n<meta property=\"og:image\" content=\"https:\/\/www.gat-international.de\/wp-content\/uploads\/2024\/08\/Fuel_System_Cleaner_E10_300ml_RGB-scaled.jpg\" \/>\n\t<meta property=\"og:image:width\" content=\"2560\" \/>\n\t<meta property=\"og:image:height\" content=\"2560\" \/>\n\t<meta property=\"og:image:type\" content=\"image\/jpeg\" \/>\n<meta name=\"twitter:card\" content=\"summary_large_image\" \/>\n<meta name=\"twitter:label1\" content=\"Gesch\u00e4tzte Lesezeit\" \/>\n\t<meta name=\"twitter:data1\" content=\"1\u00a0Minute\" \/>\n<script type=\"application\/ld+json\" class=\"yoast-schema-graph\">{\"@context\":\"https:\/\/schema.org\",\"@graph\":[{\"@type\":\"WebPage\",\"@id\":\"https:\/\/www.gat-international.de\/de\/produkte\/benzinsystemreiniger-e10\/\",\"url\":\"https:\/\/www.gat-international.de\/de\/produkte\/benzinsystemreiniger-e10\/\",\"name\":\"GAT Benzinsystemreiniger E10 - Car Line\",\"isPartOf\":{\"@id\":\"https:\/\/www.gat-international.de\/de\/#website\"},\"primaryImageOfPage\":{\"@id\":\"https:\/\/www.gat-international.de\/de\/produkte\/benzinsystemreiniger-e10\/#primaryimage\"},\"image\":{\"@id\":\"https:\/\/www.gat-international.de\/de\/produkte\/benzinsystemreiniger-e10\/#primaryimage\"},\"thumbnailUrl\":\"https:\/\/www.gat-international.de\/wp-content\/uploads\/2024\/08\/Fuel_System_Cleaner_E10_300ml_RGB-scaled.jpg\",\"datePublished\":\"2024-08-02T09:48:55+00:00\",\"dateModified\":\"2026-02-09T08:15:30+00:00\",\"description\":\"Benzinsystemreiniger E10 - Car Line f\u00fcr einen kraftvollen und stabilen Verbrennungsprozess, optimiert den Kraftstoffverbrauch- und die Abgasemissionswerte.\",\"breadcrumb\":{\"@id\":\"https:\/\/www.gat-international.de\/de\/produkte\/benzinsystemreiniger-e10\/#breadcrumb\"},\"inLanguage\":\"de\",\"potentialAction\":[{\"@type\":\"ReadAction\",\"target\":[\"https:\/\/www.gat-international.de\/de\/produkte\/benzinsystemreiniger-e10\/\"]}]},{\"@type\":\"ImageObject\",\"inLanguage\":\"de\",\"@id\":\"https:\/\/www.gat-international.de\/de\/produkte\/benzinsystemreiniger-e10\/#primaryimage\",\"url\":\"https:\/\/www.gat-international.de\/wp-content\/uploads\/2024\/08\/Fuel_System_Cleaner_E10_300ml_RGB-scaled.jpg\",\"contentUrl\":\"https:\/\/www.gat-international.de\/wp-content\/uploads\/2024\/08\/Fuel_System_Cleaner_E10_300ml_RGB-scaled.jpg\",\"width\":2560,\"height\":2560},{\"@type\":\"BreadcrumbList\",\"@id\":\"https:\/\/www.gat-international.de\/de\/produkte\/benzinsystemreiniger-e10\/#breadcrumb\",\"itemListElement\":[{\"@type\":\"ListItem\",\"position\":1,\"name\":\"Startseite\",\"item\":\"https:\/\/www.gat-international.de\/de\/\"},{\"@type\":\"ListItem\",\"position\":2,\"name\":\"Produkte\",\"item\":\"https:\/\/www.gat-international.de\/de\/produkte\/\"},{\"@type\":\"ListItem\",\"position\":3,\"name\":\"Benzinsystemreiniger E10\"}]},{\"@type\":\"WebSite\",\"@id\":\"https:\/\/www.gat-international.de\/de\/#website\",\"url\":\"https:\/\/www.gat-international.de\/de\/\",\"name\":\"GAT Gesellschaft f\u00fcr Kraftstoff- und Automobiltechnologie mbH &amp; Co. KG\",\"description\":\"GAT ist ein Hersteller von Additiven und Systemreinigern, die in der eigenen Forschungs- und Entwicklungsabteilung entwickelt und st\u00e4ndig verbessert werden.\",\"potentialAction\":[{\"@type\":\"SearchAction\",\"target\":{\"@type\":\"EntryPoint\",\"urlTemplate\":\"https:\/\/www.gat-international.de\/de\/?s={search_term_string}\"},\"query-input\":{\"@type\":\"PropertyValueSpecification\",\"valueRequired\":true,\"valueName\":\"search_term_string\"}}],\"inLanguage\":\"de\"}]}<\/script>\n<!-- \/ Yoast SEO plugin. -->","yoast_head_json":{"title":"GAT Benzinsystemreiniger E10 - Car Line","description":"Benzinsystemreiniger E10 - Car Line f\u00fcr einen kraftvollen und stabilen Verbrennungsprozess, optimiert den Kraftstoffverbrauch- und die Abgasemissionswerte.","robots":{"index":"index","follow":"follow","max-snippet":"max-snippet:-1","max-image-preview":"max-image-preview:large","max-video-preview":"max-video-preview:-1"},"canonical":"https:\/\/www.gat-international.de\/de\/produkte\/benzinsystemreiniger-e10\/","og_locale":"de_DE","og_type":"article","og_title":"GAT Benzinsystemreiniger E10 - Car Line","og_description":"Benzinsystemreiniger E10 - Car Line f\u00fcr einen kraftvollen und stabilen Verbrennungsprozess, optimiert den Kraftstoffverbrauch- und die Abgasemissionswerte.","og_url":"https:\/\/www.gat-international.de\/de\/produkte\/benzinsystemreiniger-e10\/","og_site_name":"GAT Gesellschaft f\u00fcr Kraftstoff- und Automobiltechnologie mbH &amp; Co. KG","article_modified_time":"2026-02-09T08:15:30+00:00","og_image":[{"width":2560,"height":2560,"url":"https:\/\/www.gat-international.de\/wp-content\/uploads\/2024\/08\/Fuel_System_Cleaner_E10_300ml_RGB-scaled.jpg","type":"image\/jpeg"}],"twitter_card":"summary_large_image","twitter_misc":{"Gesch\u00e4tzte Lesezeit":"1\u00a0Minute"},"schema":{"@context":"https:\/\/schema.org","@graph":[{"@type":"WebPage","@id":"https:\/\/www.gat-international.de\/de\/produkte\/benzinsystemreiniger-e10\/","url":"https:\/\/www.gat-international.de\/de\/produkte\/benzinsystemreiniger-e10\/","name":"GAT Benzinsystemreiniger E10 - Car Line","isPartOf":{"@id":"https:\/\/www.gat-international.de\/de\/#website"},"primaryImageOfPage":{"@id":"https:\/\/www.gat-international.de\/de\/produkte\/benzinsystemreiniger-e10\/#primaryimage"},"image":{"@id":"https:\/\/www.gat-international.de\/de\/produkte\/benzinsystemreiniger-e10\/#primaryimage"},"thumbnailUrl":"https:\/\/www.gat-international.de\/wp-content\/uploads\/2024\/08\/Fuel_System_Cleaner_E10_300ml_RGB-scaled.jpg","datePublished":"2024-08-02T09:48:55+00:00","dateModified":"2026-02-09T08:15:30+00:00","description":"Benzinsystemreiniger E10 - Car Line f\u00fcr einen kraftvollen und stabilen Verbrennungsprozess, optimiert den Kraftstoffverbrauch- und die Abgasemissionswerte.","breadcrumb":{"@id":"https:\/\/www.gat-international.de\/de\/produkte\/benzinsystemreiniger-e10\/#breadcrumb"},"inLanguage":"de","potentialAction":[{"@type":"ReadAction","target":["https:\/\/www.gat-international.de\/de\/produkte\/benzinsystemreiniger-e10\/"]}]},{"@type":"ImageObject","inLanguage":"de","@id":"https:\/\/www.gat-international.de\/de\/produkte\/benzinsystemreiniger-e10\/#primaryimage","url":"https:\/\/www.gat-international.de\/wp-content\/uploads\/2024\/08\/Fuel_System_Cleaner_E10_300ml_RGB-scaled.jpg","contentUrl":"https:\/\/www.gat-international.de\/wp-content\/uploads\/2024\/08\/Fuel_System_Cleaner_E10_300ml_RGB-scaled.jpg","width":2560,"height":2560},{"@type":"BreadcrumbList","@id":"https:\/\/www.gat-international.de\/de\/produkte\/benzinsystemreiniger-e10\/#breadcrumb","itemListElement":[{"@type":"ListItem","position":1,"name":"Startseite","item":"https:\/\/www.gat-international.de\/de\/"},{"@type":"ListItem","position":2,"name":"Produkte","item":"https:\/\/www.gat-international.de\/de\/produkte\/"},{"@type":"ListItem","position":3,"name":"Benzinsystemreiniger E10"}]},{"@type":"WebSite","@id":"https:\/\/www.gat-international.de\/de\/#website","url":"https:\/\/www.gat-international.de\/de\/","name":"GAT Gesellschaft f\u00fcr Kraftstoff- und Automobiltechnologie mbH &amp; Co. KG","description":"GAT ist ein Hersteller von Additiven und Systemreinigern, die in der eigenen Forschungs- und Entwicklungsabteilung entwickelt und st\u00e4ndig verbessert werden.","potentialAction":[{"@type":"SearchAction","target":{"@type":"EntryPoint","urlTemplate":"https:\/\/www.gat-international.de\/de\/?s={search_term_string}"},"query-input":{"@type":"PropertyValueSpecification","valueRequired":true,"valueName":"search_term_string"}}],"inLanguage":"de"}]}},"_links":{"self":[{"href":"https:\/\/www.gat-international.de\/de\/wp-json\/wp\/v2\/product\/19668","targetHints":{"allow":["GET"]}}],"collection":[{"href":"https:\/\/www.gat-international.de\/de\/wp-json\/wp\/v2\/product"}],"about":[{"href":"https:\/\/www.gat-international.de\/de\/wp-json\/wp\/v2\/types\/product"}],"version-history":[{"count":2,"href":"https:\/\/www.gat-international.de\/de\/wp-json\/wp\/v2\/product\/19668\/revisions"}],"predecessor-version":[{"id":21013,"href":"https:\/\/www.gat-international.de\/de\/wp-json\/wp\/v2\/product\/19668\/revisions\/21013"}],"wp:featuredmedia":[{"embeddable":true,"href":"https:\/\/www.gat-international.de\/de\/wp-json\/wp\/v2\/media\/21009"}],"wp:attachment":[{"href":"https:\/\/www.gat-international.de\/de\/wp-json\/wp\/v2\/media?parent=19668"}],"wp:term":[{"taxonomy":"product_brand","embeddable":true,"href":"https:\/\/www.gat-international.de\/de\/wp-json\/wp\/v2\/product_brand?post=19668"},{"taxonomy":"product_cat","embeddable":true,"href":"https:\/\/www.gat-international.de\/de\/wp-json\/wp\/v2\/product_cat?post=19668"},{"taxonomy":"product_tag","embeddable":true,"href":"https:\/\/www.gat-international.de\/de\/wp-json\/wp\/v2\/product_tag?post=19668"}],"curies":[{"name":"wp","href":"https:\/\/api.w.org\/{rel}","templated":true}]}}