{"id":21014,"date":"2026-02-18T11:24:20","date_gmt":"2026-02-18T10:24:20","guid":{"rendered":"https:\/\/www.gat-international.de\/de\/?post_type=product&#038;p=21014"},"modified":"2026-03-05T10:45:57","modified_gmt":"2026-03-05T09:45:57","slug":"engine-oil-protect-hybrid","status":"publish","type":"product","link":"https:\/\/www.gat-international.de\/de\/produkte\/engine-oil-protect-hybrid\/","title":{"rendered":"\u00d6lsystemschutz HYBRID"},"content":{"rendered":"<p>GAT Engine Oil Protect HYBRID enth\u00e4lt ein Hochleistungspaket wirksamer Additive zum Schutz vor Verschlei\u00df und Korrosion. Fortschrittliche Antioxidations- und Dispergiertechnologie sch\u00fctzt das Motor\u00f6l vor Oxidation, Schlammbildung und Viskosit\u00e4tsanstieg. Speziell entwickelt zur Minimierung der Auswirkungen niedriger Betriebstemperaturen, erh\u00f6hten Kraftstoffeintrags, Kondenswasserbildung und unzureichender Schmierung in Hybridfahrzeugen.<\/p>\n<p><strong>Vorteile<\/strong>: GAT Engine Oil Protect HYBRID sch\u00fctzt den Motor zuverl\u00e4ssig vor Verschlei\u00df und Korrosion, reduziert Oxidation sowie \u00d6lschlammbildung, stabilisiert die Viskosit\u00e4t und gew\u00e4hrleistet optimale Leistung insbesondere unter den anspruchsvollen Betriebsbedingungen von Hybridfahrzeugen.<\/p>\n","protected":false},"excerpt":{"rendered":"<h5>Reaction time:<\/h5>\n<p>works during operation<\/p>\n<h5>Application field:<\/h5>\n<p>for use all engines<\/p>\n<h5>Consumption:<\/h5>\n<p>300 ml for 5 L<\/p>\n<h5>Application interval:<\/h5>\n<p>Add with every oil change<\/p>\n","protected":false},"featured_media":21030,"template":"","meta":{"site-sidebar-layout":"default","site-content-layout":"default","ast-site-content-layout":"default","site-content-style":"default","site-sidebar-style":"default","ast-global-header-display":"","ast-banner-title-visibility":"","ast-main-header-display":"","ast-hfb-above-header-display":"","ast-hfb-below-header-display":"","ast-hfb-mobile-header-display":"","site-post-title":"","ast-breadcrumbs-content":"","ast-featured-img":"","footer-sml-layout":"","ast-disable-related-posts":"","theme-transparent-header-meta":"default","adv-header-id-meta":"","stick-header-meta":"","header-above-stick-meta":"","header-main-stick-meta":"","header-below-stick-meta":"","astra-migrate-meta-layouts":"set","ast-page-background-enabled":"default","ast-page-background-meta":{"desktop":{"background-color":"var(--ast-global-color-4)","background-image":"","background-repeat":"repeat","background-position":"center center","background-size":"auto","background-attachment":"scroll","background-type":"","background-media":"","overlay-type":"","overlay-color":"","overlay-opacity":"","overlay-gradient":""},"tablet":{"background-color":"","background-image":"","background-repeat":"repeat","background-position":"center center","background-size":"auto","background-attachment":"scroll","background-type":"","background-media":"","overlay-type":"","overlay-color":"","overlay-opacity":"","overlay-gradient":""},"mobile":{"background-color":"","background-image":"","background-repeat":"repeat","background-position":"center center","background-size":"auto","background-attachment":"scroll","background-type":"","background-media":"","overlay-type":"","overlay-color":"","overlay-opacity":"","overlay-gradient":""}},"ast-content-background-meta":{"desktop":{"background-color":"var(--ast-global-color-5)","background-image":"","background-repeat":"repeat","background-position":"center center","background-size":"auto","background-attachment":"scroll","background-type":"","background-media":"","overlay-type":"","overlay-color":"","overlay-opacity":"","overlay-gradient":""},"tablet":{"background-color":"var(--ast-global-color-5)","background-image":"","background-repeat":"repeat","background-position":"center center","background-size":"auto","background-attachment":"scroll","background-type":"","background-media":"","overlay-type":"","overlay-color":"","overlay-opacity":"","overlay-gradient":""},"mobile":{"background-color":"var(--ast-global-color-5)","background-image":"","background-repeat":"repeat","background-position":"center center","background-size":"auto","background-attachment":"scroll","background-type":"","background-media":"","overlay-type":"","overlay-color":"","overlay-opacity":"","overlay-gradient":""}}},"product_brand":[],"product_cat":[63],"product_tag":[44,101,369],"class_list":{"0":"post-21014","1":"product","2":"type-product","3":"status-publish","4":"has-post-thumbnail","6":"product_cat-oelsystem","7":"product_tag-cleaner","8":"product_tag-diesel","9":"product_tag-diesel-system-2","10":"desktop-align-left","11":"tablet-align-left","12":"mobile-align-left","14":"first","15":"instock","16":"taxable","17":"shipping-taxable","18":"product-type-simple"},"yoast_head":"<!-- This site is optimized with the Yoast SEO plugin v27.1.1 - https:\/\/yoast.com\/product\/yoast-seo-wordpress\/ -->\n<title>GAT Engine Oil Protect Hybrid - Car Line<\/title>\n<meta name=\"description\" content=\"GAT Engine Oil Protect Hybrid\" \/>\n<meta name=\"robots\" content=\"index, follow, max-snippet:-1, max-image-preview:large, max-video-preview:-1\" \/>\n<link rel=\"canonical\" href=\"https:\/\/www.gat-international.de\/de\/produkte\/engine-oil-protect-hybrid\/\" \/>\n<meta property=\"og:locale\" content=\"de_DE\" \/>\n<meta property=\"og:type\" content=\"article\" \/>\n<meta property=\"og:title\" content=\"GAT Engine Oil Protect Hybrid - Car Line\" \/>\n<meta property=\"og:description\" content=\"GAT Engine Oil Protect Hybrid\" \/>\n<meta property=\"og:url\" content=\"https:\/\/www.gat-international.de\/de\/produkte\/engine-oil-protect-hybrid\/\" \/>\n<meta property=\"og:site_name\" content=\"GAT Gesellschaft f\u00fcr Kraftstoff- und Automobiltechnologie mbH &amp; Co. KG\" \/>\n<meta property=\"article:modified_time\" content=\"2026-03-05T09:45:57+00:00\" \/>\n<meta property=\"og:image\" content=\"https:\/\/www.gat-international.de\/wp-content\/uploads\/2026\/02\/Engine_Oil_Protect_HYBRID_300ml_RGB-scaled.jpg\" \/>\n\t<meta property=\"og:image:width\" content=\"2560\" \/>\n\t<meta property=\"og:image:height\" content=\"2560\" \/>\n\t<meta property=\"og:image:type\" content=\"image\/jpeg\" \/>\n<meta name=\"twitter:card\" content=\"summary_large_image\" \/>\n<meta name=\"twitter:label1\" content=\"Gesch\u00e4tzte Lesezeit\" \/>\n\t<meta name=\"twitter:data1\" content=\"1\u00a0Minute\" \/>\n<script type=\"application\/ld+json\" class=\"yoast-schema-graph\">{\"@context\":\"https:\/\/schema.org\",\"@graph\":[{\"@type\":\"WebPage\",\"@id\":\"https:\/\/www.gat-international.de\/de\/produkte\/engine-oil-protect-hybrid\/\",\"url\":\"https:\/\/www.gat-international.de\/de\/produkte\/engine-oil-protect-hybrid\/\",\"name\":\"GAT Engine Oil Protect Hybrid - Car Line\",\"isPartOf\":{\"@id\":\"https:\/\/www.gat-international.de\/de\/#website\"},\"primaryImageOfPage\":{\"@id\":\"https:\/\/www.gat-international.de\/de\/produkte\/engine-oil-protect-hybrid\/#primaryimage\"},\"image\":{\"@id\":\"https:\/\/www.gat-international.de\/de\/produkte\/engine-oil-protect-hybrid\/#primaryimage\"},\"thumbnailUrl\":\"https:\/\/www.gat-international.de\/wp-content\/uploads\/2026\/02\/Engine_Oil_Protect_HYBRID_300ml_RGB-scaled.jpg\",\"datePublished\":\"2026-02-18T10:24:20+00:00\",\"dateModified\":\"2026-03-05T09:45:57+00:00\",\"description\":\"GAT Engine Oil Protect Hybrid\",\"breadcrumb\":{\"@id\":\"https:\/\/www.gat-international.de\/de\/produkte\/engine-oil-protect-hybrid\/#breadcrumb\"},\"inLanguage\":\"de\",\"potentialAction\":[{\"@type\":\"ReadAction\",\"target\":[\"https:\/\/www.gat-international.de\/de\/produkte\/engine-oil-protect-hybrid\/\"]}]},{\"@type\":\"ImageObject\",\"inLanguage\":\"de\",\"@id\":\"https:\/\/www.gat-international.de\/de\/produkte\/engine-oil-protect-hybrid\/#primaryimage\",\"url\":\"https:\/\/www.gat-international.de\/wp-content\/uploads\/2026\/02\/Engine_Oil_Protect_HYBRID_300ml_RGB-scaled.jpg\",\"contentUrl\":\"https:\/\/www.gat-international.de\/wp-content\/uploads\/2026\/02\/Engine_Oil_Protect_HYBRID_300ml_RGB-scaled.jpg\",\"width\":2560,\"height\":2560},{\"@type\":\"BreadcrumbList\",\"@id\":\"https:\/\/www.gat-international.de\/de\/produkte\/engine-oil-protect-hybrid\/#breadcrumb\",\"itemListElement\":[{\"@type\":\"ListItem\",\"position\":1,\"name\":\"Startseite\",\"item\":\"https:\/\/www.gat-international.de\/de\/\"},{\"@type\":\"ListItem\",\"position\":2,\"name\":\"Produkte\",\"item\":\"https:\/\/www.gat-international.de\/de\/produkte\/\"},{\"@type\":\"ListItem\",\"position\":3,\"name\":\"\u00d6lsystemschutz HYBRID\"}]},{\"@type\":\"WebSite\",\"@id\":\"https:\/\/www.gat-international.de\/de\/#website\",\"url\":\"https:\/\/www.gat-international.de\/de\/\",\"name\":\"GAT Gesellschaft f\u00fcr Kraftstoff- und Automobiltechnologie mbH &amp; Co. KG\",\"description\":\"GAT ist ein Hersteller von Additiven und Systemreinigern, die in der eigenen Forschungs- und Entwicklungsabteilung entwickelt und st\u00e4ndig verbessert werden.\",\"potentialAction\":[{\"@type\":\"SearchAction\",\"target\":{\"@type\":\"EntryPoint\",\"urlTemplate\":\"https:\/\/www.gat-international.de\/de\/?s={search_term_string}\"},\"query-input\":{\"@type\":\"PropertyValueSpecification\",\"valueRequired\":true,\"valueName\":\"search_term_string\"}}],\"inLanguage\":\"de\"}]}<\/script>\n<!-- \/ Yoast SEO plugin. -->","yoast_head_json":{"title":"GAT Engine Oil Protect Hybrid - Car Line","description":"GAT Engine Oil Protect Hybrid","robots":{"index":"index","follow":"follow","max-snippet":"max-snippet:-1","max-image-preview":"max-image-preview:large","max-video-preview":"max-video-preview:-1"},"canonical":"https:\/\/www.gat-international.de\/de\/produkte\/engine-oil-protect-hybrid\/","og_locale":"de_DE","og_type":"article","og_title":"GAT Engine Oil Protect Hybrid - Car Line","og_description":"GAT Engine Oil Protect Hybrid","og_url":"https:\/\/www.gat-international.de\/de\/produkte\/engine-oil-protect-hybrid\/","og_site_name":"GAT Gesellschaft f\u00fcr Kraftstoff- und Automobiltechnologie mbH &amp; Co. KG","article_modified_time":"2026-03-05T09:45:57+00:00","og_image":[{"width":2560,"height":2560,"url":"https:\/\/www.gat-international.de\/wp-content\/uploads\/2026\/02\/Engine_Oil_Protect_HYBRID_300ml_RGB-scaled.jpg","type":"image\/jpeg"}],"twitter_card":"summary_large_image","twitter_misc":{"Gesch\u00e4tzte Lesezeit":"1\u00a0Minute"},"schema":{"@context":"https:\/\/schema.org","@graph":[{"@type":"WebPage","@id":"https:\/\/www.gat-international.de\/de\/produkte\/engine-oil-protect-hybrid\/","url":"https:\/\/www.gat-international.de\/de\/produkte\/engine-oil-protect-hybrid\/","name":"GAT Engine Oil Protect Hybrid - Car Line","isPartOf":{"@id":"https:\/\/www.gat-international.de\/de\/#website"},"primaryImageOfPage":{"@id":"https:\/\/www.gat-international.de\/de\/produkte\/engine-oil-protect-hybrid\/#primaryimage"},"image":{"@id":"https:\/\/www.gat-international.de\/de\/produkte\/engine-oil-protect-hybrid\/#primaryimage"},"thumbnailUrl":"https:\/\/www.gat-international.de\/wp-content\/uploads\/2026\/02\/Engine_Oil_Protect_HYBRID_300ml_RGB-scaled.jpg","datePublished":"2026-02-18T10:24:20+00:00","dateModified":"2026-03-05T09:45:57+00:00","description":"GAT Engine Oil Protect Hybrid","breadcrumb":{"@id":"https:\/\/www.gat-international.de\/de\/produkte\/engine-oil-protect-hybrid\/#breadcrumb"},"inLanguage":"de","potentialAction":[{"@type":"ReadAction","target":["https:\/\/www.gat-international.de\/de\/produkte\/engine-oil-protect-hybrid\/"]}]},{"@type":"ImageObject","inLanguage":"de","@id":"https:\/\/www.gat-international.de\/de\/produkte\/engine-oil-protect-hybrid\/#primaryimage","url":"https:\/\/www.gat-international.de\/wp-content\/uploads\/2026\/02\/Engine_Oil_Protect_HYBRID_300ml_RGB-scaled.jpg","contentUrl":"https:\/\/www.gat-international.de\/wp-content\/uploads\/2026\/02\/Engine_Oil_Protect_HYBRID_300ml_RGB-scaled.jpg","width":2560,"height":2560},{"@type":"BreadcrumbList","@id":"https:\/\/www.gat-international.de\/de\/produkte\/engine-oil-protect-hybrid\/#breadcrumb","itemListElement":[{"@type":"ListItem","position":1,"name":"Startseite","item":"https:\/\/www.gat-international.de\/de\/"},{"@type":"ListItem","position":2,"name":"Produkte","item":"https:\/\/www.gat-international.de\/de\/produkte\/"},{"@type":"ListItem","position":3,"name":"\u00d6lsystemschutz HYBRID"}]},{"@type":"WebSite","@id":"https:\/\/www.gat-international.de\/de\/#website","url":"https:\/\/www.gat-international.de\/de\/","name":"GAT Gesellschaft f\u00fcr Kraftstoff- und Automobiltechnologie mbH &amp; Co. KG","description":"GAT ist ein Hersteller von Additiven und Systemreinigern, die in der eigenen Forschungs- und Entwicklungsabteilung entwickelt und st\u00e4ndig verbessert werden.","potentialAction":[{"@type":"SearchAction","target":{"@type":"EntryPoint","urlTemplate":"https:\/\/www.gat-international.de\/de\/?s={search_term_string}"},"query-input":{"@type":"PropertyValueSpecification","valueRequired":true,"valueName":"search_term_string"}}],"inLanguage":"de"}]}},"_links":{"self":[{"href":"https:\/\/www.gat-international.de\/de\/wp-json\/wp\/v2\/product\/21014","targetHints":{"allow":["GET"]}}],"collection":[{"href":"https:\/\/www.gat-international.de\/de\/wp-json\/wp\/v2\/product"}],"about":[{"href":"https:\/\/www.gat-international.de\/de\/wp-json\/wp\/v2\/types\/product"}],"version-history":[{"count":8,"href":"https:\/\/www.gat-international.de\/de\/wp-json\/wp\/v2\/product\/21014\/revisions"}],"predecessor-version":[{"id":21066,"href":"https:\/\/www.gat-international.de\/de\/wp-json\/wp\/v2\/product\/21014\/revisions\/21066"}],"wp:featuredmedia":[{"embeddable":true,"href":"https:\/\/www.gat-international.de\/de\/wp-json\/wp\/v2\/media\/21030"}],"wp:attachment":[{"href":"https:\/\/www.gat-international.de\/de\/wp-json\/wp\/v2\/media?parent=21014"}],"wp:term":[{"taxonomy":"product_brand","embeddable":true,"href":"https:\/\/www.gat-international.de\/de\/wp-json\/wp\/v2\/product_brand?post=21014"},{"taxonomy":"product_cat","embeddable":true,"href":"https:\/\/www.gat-international.de\/de\/wp-json\/wp\/v2\/product_cat?post=21014"},{"taxonomy":"product_tag","embeddable":true,"href":"https:\/\/www.gat-international.de\/de\/wp-json\/wp\/v2\/product_tag?post=21014"}],"curies":[{"name":"wp","href":"https:\/\/api.w.org\/{rel}","templated":true}]}}