{"id":21046,"date":"2026-03-03T08:22:08","date_gmt":"2026-03-03T07:22:08","guid":{"rendered":"https:\/\/www.gat-international.de\/de\/?post_type=product&#038;p=21046"},"modified":"2026-03-03T08:43:54","modified_gmt":"2026-03-03T07:43:54","slug":"gatacen-diesel","status":"publish","type":"product","link":"https:\/\/www.gat-international.de\/de\/produkte\/gatacen-diesel\/","title":{"rendered":"GATacen 3"},"content":{"rendered":"<p>GAT GATacen 3 ist eine metallorganische Diesel-Additivl\u00f6sung zum professionellen Einsatz als Regenerationshilfe f\u00fcr Dieselpartikelfilter-Systeme.<br \/>\nVerringert katalytisch im Verbrennungsprozess die Z\u00fcndtemperatur des gesammelten Ru\u00dfes im Partikelfilter und unterst\u00fctzt die periodische Filterregeneration.<\/p>\n<p><strong>Vorteile: <\/strong>Reduziert in der Nachbrennphase die Ru\u00dfbildung und verringert die Partikelgr\u00f6\u00dfe des entstehenden Ru\u00dfes und senkt somit die Partikelabgase.<br \/>\nSorgt f\u00fcr eine permanente Filter-Regeneration w\u00e4hrend des Betriebs schon bei niedrigeren Temperaturen. Der Prozess ist kontinuierlich. Verstopfungen des Partikelfilters werden vermieden. Kein Ein- und Ausbau n\u00f6tig, keine Standzeiten wegen verstopften Partikelfiltern.<\/p>\n","protected":false},"excerpt":{"rendered":"<h5>Anwendungsdauer:<\/h5>\n<p>wirkt w\u00e4hrend der Fahrt<\/p>\n<h5>Anwendungsgebiet:<\/h5>\n<p>f\u00fcr alle Dieselmotoren mit DPF und automatischem Dosiersystem<\/p>\n<h5>Verbrauch:<\/h5>\n<p>1 L Additiv auf 2500 L Diesel<\/p>\n<h5>Anwendungsintervall:<\/h5>\n<p>bei Bedarf<\/p>\n","protected":false},"featured_media":21053,"template":"","meta":{"site-sidebar-layout":"default","site-content-layout":"default","ast-site-content-layout":"default","site-content-style":"default","site-sidebar-style":"default","ast-global-header-display":"","ast-banner-title-visibility":"","ast-main-header-display":"","ast-hfb-above-header-display":"","ast-hfb-below-header-display":"","ast-hfb-mobile-header-display":"","site-post-title":"","ast-breadcrumbs-content":"","ast-featured-img":"","footer-sml-layout":"","ast-disable-related-posts":"","theme-transparent-header-meta":"default","adv-header-id-meta":"","stick-header-meta":"","header-above-stick-meta":"","header-main-stick-meta":"","header-below-stick-meta":"","astra-migrate-meta-layouts":"set","ast-page-background-enabled":"default","ast-page-background-meta":{"desktop":{"background-color":"var(--ast-global-color-4)","background-image":"","background-repeat":"repeat","background-position":"center center","background-size":"auto","background-attachment":"scroll","background-type":"","background-media":"","overlay-type":"","overlay-color":"","overlay-opacity":"","overlay-gradient":""},"tablet":{"background-color":"","background-image":"","background-repeat":"repeat","background-position":"center center","background-size":"auto","background-attachment":"scroll","background-type":"","background-media":"","overlay-type":"","overlay-color":"","overlay-opacity":"","overlay-gradient":""},"mobile":{"background-color":"","background-image":"","background-repeat":"repeat","background-position":"center center","background-size":"auto","background-attachment":"scroll","background-type":"","background-media":"","overlay-type":"","overlay-color":"","overlay-opacity":"","overlay-gradient":""}},"ast-content-background-meta":{"desktop":{"background-color":"var(--ast-global-color-5)","background-image":"","background-repeat":"repeat","background-position":"center center","background-size":"auto","background-attachment":"scroll","background-type":"","background-media":"","overlay-type":"","overlay-color":"","overlay-opacity":"","overlay-gradient":""},"tablet":{"background-color":"var(--ast-global-color-5)","background-image":"","background-repeat":"repeat","background-position":"center center","background-size":"auto","background-attachment":"scroll","background-type":"","background-media":"","overlay-type":"","overlay-color":"","overlay-opacity":"","overlay-gradient":""},"mobile":{"background-color":"var(--ast-global-color-5)","background-image":"","background-repeat":"repeat","background-position":"center center","background-size":"auto","background-attachment":"scroll","background-type":"","background-media":"","overlay-type":"","overlay-color":"","overlay-opacity":"","overlay-gradient":""}}},"product_brand":[],"product_cat":[39,65,79,60],"product_tag":[44,101,369,43,452],"class_list":{"0":"post-21046","1":"product","2":"type-product","3":"status-publish","4":"has-post-thumbnail","6":"product_cat-car-line","7":"product_cat-diesel-system","8":"product_cat-diesel-system-truck","9":"product_cat-truck-line","10":"product_tag-cleaner","11":"product_tag-diesel","12":"product_tag-diesel-system-2","13":"product_tag-reiniger","14":"product_tag-truck","15":"desktop-align-left","16":"tablet-align-left","17":"mobile-align-left","19":"first","20":"instock","21":"taxable","22":"shipping-taxable","23":"product-type-simple"},"yoast_head":"<!-- This site is optimized with the Yoast SEO plugin v27.1.1 - https:\/\/yoast.com\/product\/yoast-seo-wordpress\/ -->\n<title>GATacen 3 - Car Line<\/title>\n<meta name=\"description\" content=\"GAT GATacen 3 ist eine metallorganische Diesel-Additivl\u00f6sung zumprofessionellen Einsatz als Regenerationshilfe f\u00fcr Dieselpartikelfilter-Systeme.Verringert katalytisch im Verbrennungsprozess die Z\u00fcndtemperaturdes gesammelten Ru\u00dfes im Partikelfilter und unterst\u00fctzt dieperiodische Filterregeneration.\" \/>\n<meta name=\"robots\" content=\"index, follow, max-snippet:-1, max-image-preview:large, max-video-preview:-1\" \/>\n<link rel=\"canonical\" href=\"https:\/\/www.gat-international.de\/de\/produkte\/gatacen-diesel\/\" \/>\n<meta property=\"og:locale\" content=\"de_DE\" \/>\n<meta property=\"og:type\" content=\"article\" \/>\n<meta property=\"og:title\" content=\"GATacen 3 - Car Line\" \/>\n<meta property=\"og:description\" content=\"GAT GATacen 3 ist eine metallorganische Diesel-Additivl\u00f6sung zumprofessionellen Einsatz als Regenerationshilfe f\u00fcr Dieselpartikelfilter-Systeme.Verringert katalytisch im Verbrennungsprozess die Z\u00fcndtemperaturdes gesammelten Ru\u00dfes im Partikelfilter und unterst\u00fctzt dieperiodische Filterregeneration.\" \/>\n<meta property=\"og:url\" content=\"https:\/\/www.gat-international.de\/de\/produkte\/gatacen-diesel\/\" \/>\n<meta property=\"og:site_name\" content=\"GAT Gesellschaft f\u00fcr Kraftstoff- und Automobiltechnologie mbH &amp; Co. KG\" \/>\n<meta property=\"article:modified_time\" content=\"2026-03-03T07:43:54+00:00\" \/>\n<meta property=\"og:image\" content=\"https:\/\/www.gat-international.de\/wp-content\/uploads\/2026\/03\/GATacen_3_2.5L_300dpi_RGB-scaled.jpg\" \/>\n\t<meta property=\"og:image:width\" content=\"2560\" \/>\n\t<meta property=\"og:image:height\" content=\"2560\" \/>\n\t<meta property=\"og:image:type\" content=\"image\/jpeg\" \/>\n<meta name=\"twitter:card\" content=\"summary_large_image\" \/>\n<meta name=\"twitter:label1\" content=\"Gesch\u00e4tzte Lesezeit\" \/>\n\t<meta name=\"twitter:data1\" content=\"1\u00a0Minute\" \/>\n<script type=\"application\/ld+json\" class=\"yoast-schema-graph\">{\"@context\":\"https:\/\/schema.org\",\"@graph\":[{\"@type\":\"WebPage\",\"@id\":\"https:\/\/www.gat-international.de\/de\/produkte\/gatacen-diesel\/\",\"url\":\"https:\/\/www.gat-international.de\/de\/produkte\/gatacen-diesel\/\",\"name\":\"GATacen 3 - Car Line\",\"isPartOf\":{\"@id\":\"https:\/\/www.gat-international.de\/de\/#website\"},\"primaryImageOfPage\":{\"@id\":\"https:\/\/www.gat-international.de\/de\/produkte\/gatacen-diesel\/#primaryimage\"},\"image\":{\"@id\":\"https:\/\/www.gat-international.de\/de\/produkte\/gatacen-diesel\/#primaryimage\"},\"thumbnailUrl\":\"https:\/\/www.gat-international.de\/wp-content\/uploads\/2026\/03\/GATacen_3_2.5L_300dpi_RGB-scaled.jpg\",\"datePublished\":\"2026-03-03T07:22:08+00:00\",\"dateModified\":\"2026-03-03T07:43:54+00:00\",\"description\":\"GAT GATacen 3 ist eine metallorganische Diesel-Additivl\u00f6sung zumprofessionellen Einsatz als Regenerationshilfe f\u00fcr Dieselpartikelfilter-Systeme.Verringert katalytisch im Verbrennungsprozess die Z\u00fcndtemperaturdes gesammelten Ru\u00dfes im Partikelfilter und unterst\u00fctzt dieperiodische Filterregeneration.\",\"breadcrumb\":{\"@id\":\"https:\/\/www.gat-international.de\/de\/produkte\/gatacen-diesel\/#breadcrumb\"},\"inLanguage\":\"de\",\"potentialAction\":[{\"@type\":\"ReadAction\",\"target\":[\"https:\/\/www.gat-international.de\/de\/produkte\/gatacen-diesel\/\"]}]},{\"@type\":\"ImageObject\",\"inLanguage\":\"de\",\"@id\":\"https:\/\/www.gat-international.de\/de\/produkte\/gatacen-diesel\/#primaryimage\",\"url\":\"https:\/\/www.gat-international.de\/wp-content\/uploads\/2026\/03\/GATacen_3_2.5L_300dpi_RGB-scaled.jpg\",\"contentUrl\":\"https:\/\/www.gat-international.de\/wp-content\/uploads\/2026\/03\/GATacen_3_2.5L_300dpi_RGB-scaled.jpg\",\"width\":2560,\"height\":2560},{\"@type\":\"BreadcrumbList\",\"@id\":\"https:\/\/www.gat-international.de\/de\/produkte\/gatacen-diesel\/#breadcrumb\",\"itemListElement\":[{\"@type\":\"ListItem\",\"position\":1,\"name\":\"Startseite\",\"item\":\"https:\/\/www.gat-international.de\/de\/\"},{\"@type\":\"ListItem\",\"position\":2,\"name\":\"Produkte\",\"item\":\"https:\/\/www.gat-international.de\/de\/produkte\/\"},{\"@type\":\"ListItem\",\"position\":3,\"name\":\"GATacen 3\"}]},{\"@type\":\"WebSite\",\"@id\":\"https:\/\/www.gat-international.de\/de\/#website\",\"url\":\"https:\/\/www.gat-international.de\/de\/\",\"name\":\"GAT Gesellschaft f\u00fcr Kraftstoff- und Automobiltechnologie mbH &amp; Co. KG\",\"description\":\"GAT ist ein Hersteller von Additiven und Systemreinigern, die in der eigenen Forschungs- und Entwicklungsabteilung entwickelt und st\u00e4ndig verbessert werden.\",\"potentialAction\":[{\"@type\":\"SearchAction\",\"target\":{\"@type\":\"EntryPoint\",\"urlTemplate\":\"https:\/\/www.gat-international.de\/de\/?s={search_term_string}\"},\"query-input\":{\"@type\":\"PropertyValueSpecification\",\"valueRequired\":true,\"valueName\":\"search_term_string\"}}],\"inLanguage\":\"de\"}]}<\/script>\n<!-- \/ Yoast SEO plugin. -->","yoast_head_json":{"title":"GATacen 3 - Car Line","description":"GAT GATacen 3 ist eine metallorganische Diesel-Additivl\u00f6sung zumprofessionellen Einsatz als Regenerationshilfe f\u00fcr Dieselpartikelfilter-Systeme.Verringert katalytisch im Verbrennungsprozess die Z\u00fcndtemperaturdes gesammelten Ru\u00dfes im Partikelfilter und unterst\u00fctzt dieperiodische Filterregeneration.","robots":{"index":"index","follow":"follow","max-snippet":"max-snippet:-1","max-image-preview":"max-image-preview:large","max-video-preview":"max-video-preview:-1"},"canonical":"https:\/\/www.gat-international.de\/de\/produkte\/gatacen-diesel\/","og_locale":"de_DE","og_type":"article","og_title":"GATacen 3 - Car Line","og_description":"GAT GATacen 3 ist eine metallorganische Diesel-Additivl\u00f6sung zumprofessionellen Einsatz als Regenerationshilfe f\u00fcr Dieselpartikelfilter-Systeme.Verringert katalytisch im Verbrennungsprozess die Z\u00fcndtemperaturdes gesammelten Ru\u00dfes im Partikelfilter und unterst\u00fctzt dieperiodische Filterregeneration.","og_url":"https:\/\/www.gat-international.de\/de\/produkte\/gatacen-diesel\/","og_site_name":"GAT Gesellschaft f\u00fcr Kraftstoff- und Automobiltechnologie mbH &amp; Co. KG","article_modified_time":"2026-03-03T07:43:54+00:00","og_image":[{"width":2560,"height":2560,"url":"https:\/\/www.gat-international.de\/wp-content\/uploads\/2026\/03\/GATacen_3_2.5L_300dpi_RGB-scaled.jpg","type":"image\/jpeg"}],"twitter_card":"summary_large_image","twitter_misc":{"Gesch\u00e4tzte Lesezeit":"1\u00a0Minute"},"schema":{"@context":"https:\/\/schema.org","@graph":[{"@type":"WebPage","@id":"https:\/\/www.gat-international.de\/de\/produkte\/gatacen-diesel\/","url":"https:\/\/www.gat-international.de\/de\/produkte\/gatacen-diesel\/","name":"GATacen 3 - Car Line","isPartOf":{"@id":"https:\/\/www.gat-international.de\/de\/#website"},"primaryImageOfPage":{"@id":"https:\/\/www.gat-international.de\/de\/produkte\/gatacen-diesel\/#primaryimage"},"image":{"@id":"https:\/\/www.gat-international.de\/de\/produkte\/gatacen-diesel\/#primaryimage"},"thumbnailUrl":"https:\/\/www.gat-international.de\/wp-content\/uploads\/2026\/03\/GATacen_3_2.5L_300dpi_RGB-scaled.jpg","datePublished":"2026-03-03T07:22:08+00:00","dateModified":"2026-03-03T07:43:54+00:00","description":"GAT GATacen 3 ist eine metallorganische Diesel-Additivl\u00f6sung zumprofessionellen Einsatz als Regenerationshilfe f\u00fcr Dieselpartikelfilter-Systeme.Verringert katalytisch im Verbrennungsprozess die Z\u00fcndtemperaturdes gesammelten Ru\u00dfes im Partikelfilter und unterst\u00fctzt dieperiodische Filterregeneration.","breadcrumb":{"@id":"https:\/\/www.gat-international.de\/de\/produkte\/gatacen-diesel\/#breadcrumb"},"inLanguage":"de","potentialAction":[{"@type":"ReadAction","target":["https:\/\/www.gat-international.de\/de\/produkte\/gatacen-diesel\/"]}]},{"@type":"ImageObject","inLanguage":"de","@id":"https:\/\/www.gat-international.de\/de\/produkte\/gatacen-diesel\/#primaryimage","url":"https:\/\/www.gat-international.de\/wp-content\/uploads\/2026\/03\/GATacen_3_2.5L_300dpi_RGB-scaled.jpg","contentUrl":"https:\/\/www.gat-international.de\/wp-content\/uploads\/2026\/03\/GATacen_3_2.5L_300dpi_RGB-scaled.jpg","width":2560,"height":2560},{"@type":"BreadcrumbList","@id":"https:\/\/www.gat-international.de\/de\/produkte\/gatacen-diesel\/#breadcrumb","itemListElement":[{"@type":"ListItem","position":1,"name":"Startseite","item":"https:\/\/www.gat-international.de\/de\/"},{"@type":"ListItem","position":2,"name":"Produkte","item":"https:\/\/www.gat-international.de\/de\/produkte\/"},{"@type":"ListItem","position":3,"name":"GATacen 3"}]},{"@type":"WebSite","@id":"https:\/\/www.gat-international.de\/de\/#website","url":"https:\/\/www.gat-international.de\/de\/","name":"GAT Gesellschaft f\u00fcr Kraftstoff- und Automobiltechnologie mbH &amp; Co. KG","description":"GAT ist ein Hersteller von Additiven und Systemreinigern, die in der eigenen Forschungs- und Entwicklungsabteilung entwickelt und st\u00e4ndig verbessert werden.","potentialAction":[{"@type":"SearchAction","target":{"@type":"EntryPoint","urlTemplate":"https:\/\/www.gat-international.de\/de\/?s={search_term_string}"},"query-input":{"@type":"PropertyValueSpecification","valueRequired":true,"valueName":"search_term_string"}}],"inLanguage":"de"}]}},"_links":{"self":[{"href":"https:\/\/www.gat-international.de\/de\/wp-json\/wp\/v2\/product\/21046","targetHints":{"allow":["GET"]}}],"collection":[{"href":"https:\/\/www.gat-international.de\/de\/wp-json\/wp\/v2\/product"}],"about":[{"href":"https:\/\/www.gat-international.de\/de\/wp-json\/wp\/v2\/types\/product"}],"version-history":[{"count":3,"href":"https:\/\/www.gat-international.de\/de\/wp-json\/wp\/v2\/product\/21046\/revisions"}],"predecessor-version":[{"id":21059,"href":"https:\/\/www.gat-international.de\/de\/wp-json\/wp\/v2\/product\/21046\/revisions\/21059"}],"wp:featuredmedia":[{"embeddable":true,"href":"https:\/\/www.gat-international.de\/de\/wp-json\/wp\/v2\/media\/21053"}],"wp:attachment":[{"href":"https:\/\/www.gat-international.de\/de\/wp-json\/wp\/v2\/media?parent=21046"}],"wp:term":[{"taxonomy":"product_brand","embeddable":true,"href":"https:\/\/www.gat-international.de\/de\/wp-json\/wp\/v2\/product_brand?post=21046"},{"taxonomy":"product_cat","embeddable":true,"href":"https:\/\/www.gat-international.de\/de\/wp-json\/wp\/v2\/product_cat?post=21046"},{"taxonomy":"product_tag","embeddable":true,"href":"https:\/\/www.gat-international.de\/de\/wp-json\/wp\/v2\/product_tag?post=21046"}],"curies":[{"name":"wp","href":"https:\/\/api.w.org\/{rel}","templated":true}]}}