{"id":2119,"date":"2022-01-21T08:42:25","date_gmt":"2022-01-21T07:42:25","guid":{"rendered":"https:\/\/gat-germany.de\/de\/?post_type=product&#038;p=2119"},"modified":"2023-01-19T15:21:21","modified_gmt":"2023-01-19T14:21:21","slug":"kuehlsystemreiniger-antikalk-car-line","status":"publish","type":"product","link":"https:\/\/www.gat-international.de\/de\/produkte\/kuehlsystemreiniger-antikalk-car-line\/","title":{"rendered":"K\u00fchlsystemreiniger-Antikalk"},"content":{"rendered":"<p>Der GAT K\u00fchlsystemreiniger-Antikalk ist f\u00fcr den Einsatz in allen wassergek\u00fchlten, geschlossenen K\u00fchlsystemen geeignet (Nutzfahrzeuge, Pkw, sonstige industrielle W\u00e4rmetauscher). Enth\u00e4lt schnell wirksame Komponenten zur Entfernung von Kalk im gesamten K\u00fchlkreislauf. Es reinigt das komplette K\u00fchlersystem, l\u00f6st und entfernt Kesselsteinablagerungen, macht Ventile, Thermostate und Wasserpumpen wieder gangbar.<\/p>\n<p><strong>Vorteile: <\/strong>Ein Gro\u00dfteil der chemischen, im Kraftstoff gebundenen Energie wird in Verbrennungskraftmaschinen in W\u00e4rme umgewandelt, die abgef\u00fchrt werden muss. Ein funktionierendes K\u00fchlsystem ist entscheidend f\u00fcr die Betriebssicherheit von Motoren! Verbessert die Heiz- und K\u00fchlleistung. Erh\u00f6ht die Betriebssicherheit und die Lebensdauer der Aggregate.<\/p>\n","protected":false},"excerpt":{"rendered":"<h5>Anwendungsdauer:<\/h5>\n<p>ca. 15 &#8211; 45 min.<\/p>\n<h5>Anwendungsgebiet:<\/h5>\n<p>zur Verwendung in allen wassergek\u00fchlten, geschlossenen K\u00fchlsystemen<\/p>\n<h5>Verbrauch:<\/h5>\n<p>30 ml pro 1 L<\/p>\n<h5>Anwendungsintervall:<\/h5>\n<p>bei Bedarf<\/p>\n","protected":false},"featured_media":16875,"template":"","meta":{"site-sidebar-layout":"default","site-content-layout":"default","ast-site-content-layout":"default","site-content-style":"default","site-sidebar-style":"default","ast-global-header-display":"","ast-banner-title-visibility":"","ast-main-header-display":"","ast-hfb-above-header-display":"","ast-hfb-below-header-display":"","ast-hfb-mobile-header-display":"","site-post-title":"","ast-breadcrumbs-content":"","ast-featured-img":"","footer-sml-layout":"","ast-disable-related-posts":"","theme-transparent-header-meta":"default","adv-header-id-meta":"","stick-header-meta":"","header-above-stick-meta":"","header-main-stick-meta":"","header-below-stick-meta":"","astra-migrate-meta-layouts":"default","ast-page-background-enabled":"default","ast-page-background-meta":{"desktop":{"background-color":"var(--ast-global-color-4)","background-image":"","background-repeat":"repeat","background-position":"center center","background-size":"auto","background-attachment":"scroll","background-type":"","background-media":"","overlay-type":"","overlay-color":"","overlay-opacity":"","overlay-gradient":""},"tablet":{"background-color":"","background-image":"","background-repeat":"repeat","background-position":"center center","background-size":"auto","background-attachment":"scroll","background-type":"","background-media":"","overlay-type":"","overlay-color":"","overlay-opacity":"","overlay-gradient":""},"mobile":{"background-color":"","background-image":"","background-repeat":"repeat","background-position":"center center","background-size":"auto","background-attachment":"scroll","background-type":"","background-media":"","overlay-type":"","overlay-color":"","overlay-opacity":"","overlay-gradient":""}},"ast-content-background-meta":{"desktop":{"background-color":"var(--ast-global-color-5)","background-image":"","background-repeat":"repeat","background-position":"center center","background-size":"auto","background-attachment":"scroll","background-type":"","background-media":"","overlay-type":"","overlay-color":"","overlay-opacity":"","overlay-gradient":""},"tablet":{"background-color":"var(--ast-global-color-5)","background-image":"","background-repeat":"repeat","background-position":"center center","background-size":"auto","background-attachment":"scroll","background-type":"","background-media":"","overlay-type":"","overlay-color":"","overlay-opacity":"","overlay-gradient":""},"mobile":{"background-color":"var(--ast-global-color-5)","background-image":"","background-repeat":"repeat","background-position":"center center","background-size":"auto","background-attachment":"scroll","background-type":"","background-media":"","overlay-type":"","overlay-color":"","overlay-opacity":"","overlay-gradient":""}}},"product_brand":[],"product_cat":[39,68],"product_tag":[42,44,227,219,43],"class_list":{"0":"post-2119","1":"product","2":"type-product","3":"status-publish","4":"has-post-thumbnail","6":"product_cat-car-line","7":"product_cat-kuehl-system","8":"product_tag-car","9":"product_tag-cleaner","10":"product_tag-cooling-system-2","11":"product_tag-kuehlsystem","12":"product_tag-reiniger","13":"desktop-align-left","14":"tablet-align-left","15":"mobile-align-left","17":"first","18":"instock","19":"taxable","20":"shipping-taxable","21":"product-type-simple"},"yoast_head":"<!-- This site is optimized with the Yoast SEO plugin v27.1.1 - https:\/\/yoast.com\/product\/yoast-seo-wordpress\/ -->\n<title>GAT K\u00fchlsystemreiniger-Antikalk - Car Line<\/title>\n<meta name=\"description\" content=\"K\u00fchlsystemreiniger-Antikalk - Car Line enth\u00e4lt schnell wirksame Komponenten zur Entfernung von Kalk im gesamten K\u00fchlkreislauf.\" \/>\n<meta name=\"robots\" content=\"index, follow, max-snippet:-1, max-image-preview:large, max-video-preview:-1\" \/>\n<link rel=\"canonical\" href=\"https:\/\/www.gat-international.de\/de\/produkte\/kuehlsystemreiniger-antikalk-car-line\/\" \/>\n<meta property=\"og:locale\" content=\"de_DE\" \/>\n<meta property=\"og:type\" content=\"article\" \/>\n<meta property=\"og:title\" content=\"GAT K\u00fchlsystemreiniger-Antikalk - Car Line\" \/>\n<meta property=\"og:description\" content=\"K\u00fchlsystemreiniger-Antikalk - Car Line enth\u00e4lt schnell wirksame Komponenten zur Entfernung von Kalk im gesamten K\u00fchlkreislauf.\" \/>\n<meta property=\"og:url\" content=\"https:\/\/www.gat-international.de\/de\/produkte\/kuehlsystemreiniger-antikalk-car-line\/\" \/>\n<meta property=\"og:site_name\" content=\"GAT Gesellschaft f\u00fcr Kraftstoff- und Automobiltechnologie mbH &amp; Co. KG\" \/>\n<meta property=\"article:modified_time\" content=\"2023-01-19T14:21:21+00:00\" \/>\n<meta property=\"og:image\" content=\"https:\/\/www.gat-international.de\/wp-content\/uploads\/2022\/01\/Radiator_Cleaner_300ml_RGB-1-scaled.jpg\" \/>\n\t<meta property=\"og:image:width\" content=\"2560\" \/>\n\t<meta property=\"og:image:height\" content=\"2560\" \/>\n\t<meta property=\"og:image:type\" content=\"image\/jpeg\" \/>\n<meta name=\"twitter:card\" content=\"summary_large_image\" \/>\n<meta name=\"twitter:label1\" content=\"Gesch\u00e4tzte Lesezeit\" \/>\n\t<meta name=\"twitter:data1\" content=\"1\u00a0Minute\" \/>\n<script type=\"application\/ld+json\" class=\"yoast-schema-graph\">{\"@context\":\"https:\/\/schema.org\",\"@graph\":[{\"@type\":\"WebPage\",\"@id\":\"https:\/\/www.gat-international.de\/de\/produkte\/kuehlsystemreiniger-antikalk-car-line\/\",\"url\":\"https:\/\/www.gat-international.de\/de\/produkte\/kuehlsystemreiniger-antikalk-car-line\/\",\"name\":\"GAT K\u00fchlsystemreiniger-Antikalk - Car Line\",\"isPartOf\":{\"@id\":\"https:\/\/www.gat-international.de\/de\/#website\"},\"primaryImageOfPage\":{\"@id\":\"https:\/\/www.gat-international.de\/de\/produkte\/kuehlsystemreiniger-antikalk-car-line\/#primaryimage\"},\"image\":{\"@id\":\"https:\/\/www.gat-international.de\/de\/produkte\/kuehlsystemreiniger-antikalk-car-line\/#primaryimage\"},\"thumbnailUrl\":\"https:\/\/www.gat-international.de\/wp-content\/uploads\/2022\/01\/Radiator_Cleaner_300ml_RGB-1-scaled.jpg\",\"datePublished\":\"2022-01-21T07:42:25+00:00\",\"dateModified\":\"2023-01-19T14:21:21+00:00\",\"description\":\"K\u00fchlsystemreiniger-Antikalk - Car Line enth\u00e4lt schnell wirksame Komponenten zur Entfernung von Kalk im gesamten K\u00fchlkreislauf.\",\"breadcrumb\":{\"@id\":\"https:\/\/www.gat-international.de\/de\/produkte\/kuehlsystemreiniger-antikalk-car-line\/#breadcrumb\"},\"inLanguage\":\"de\",\"potentialAction\":[{\"@type\":\"ReadAction\",\"target\":[\"https:\/\/www.gat-international.de\/de\/produkte\/kuehlsystemreiniger-antikalk-car-line\/\"]}]},{\"@type\":\"ImageObject\",\"inLanguage\":\"de\",\"@id\":\"https:\/\/www.gat-international.de\/de\/produkte\/kuehlsystemreiniger-antikalk-car-line\/#primaryimage\",\"url\":\"https:\/\/www.gat-international.de\/wp-content\/uploads\/2022\/01\/Radiator_Cleaner_300ml_RGB-1-scaled.jpg\",\"contentUrl\":\"https:\/\/www.gat-international.de\/wp-content\/uploads\/2022\/01\/Radiator_Cleaner_300ml_RGB-1-scaled.jpg\",\"width\":2560,\"height\":2560},{\"@type\":\"BreadcrumbList\",\"@id\":\"https:\/\/www.gat-international.de\/de\/produkte\/kuehlsystemreiniger-antikalk-car-line\/#breadcrumb\",\"itemListElement\":[{\"@type\":\"ListItem\",\"position\":1,\"name\":\"Startseite\",\"item\":\"https:\/\/www.gat-international.de\/de\/\"},{\"@type\":\"ListItem\",\"position\":2,\"name\":\"Produkte\",\"item\":\"https:\/\/www.gat-international.de\/de\/produkte\/\"},{\"@type\":\"ListItem\",\"position\":3,\"name\":\"K\u00fchlsystemreiniger-Antikalk\"}]},{\"@type\":\"WebSite\",\"@id\":\"https:\/\/www.gat-international.de\/de\/#website\",\"url\":\"https:\/\/www.gat-international.de\/de\/\",\"name\":\"GAT Gesellschaft f\u00fcr Kraftstoff- und Automobiltechnologie mbH &amp; Co. KG\",\"description\":\"GAT ist ein Hersteller von Additiven und Systemreinigern, die in der eigenen Forschungs- und Entwicklungsabteilung entwickelt und st\u00e4ndig verbessert werden.\",\"potentialAction\":[{\"@type\":\"SearchAction\",\"target\":{\"@type\":\"EntryPoint\",\"urlTemplate\":\"https:\/\/www.gat-international.de\/de\/?s={search_term_string}\"},\"query-input\":{\"@type\":\"PropertyValueSpecification\",\"valueRequired\":true,\"valueName\":\"search_term_string\"}}],\"inLanguage\":\"de\"}]}<\/script>\n<!-- \/ Yoast SEO plugin. -->","yoast_head_json":{"title":"GAT K\u00fchlsystemreiniger-Antikalk - Car Line","description":"K\u00fchlsystemreiniger-Antikalk - Car Line enth\u00e4lt schnell wirksame Komponenten zur Entfernung von Kalk im gesamten K\u00fchlkreislauf.","robots":{"index":"index","follow":"follow","max-snippet":"max-snippet:-1","max-image-preview":"max-image-preview:large","max-video-preview":"max-video-preview:-1"},"canonical":"https:\/\/www.gat-international.de\/de\/produkte\/kuehlsystemreiniger-antikalk-car-line\/","og_locale":"de_DE","og_type":"article","og_title":"GAT K\u00fchlsystemreiniger-Antikalk - Car Line","og_description":"K\u00fchlsystemreiniger-Antikalk - Car Line enth\u00e4lt schnell wirksame Komponenten zur Entfernung von Kalk im gesamten K\u00fchlkreislauf.","og_url":"https:\/\/www.gat-international.de\/de\/produkte\/kuehlsystemreiniger-antikalk-car-line\/","og_site_name":"GAT Gesellschaft f\u00fcr Kraftstoff- und Automobiltechnologie mbH &amp; Co. KG","article_modified_time":"2023-01-19T14:21:21+00:00","og_image":[{"width":2560,"height":2560,"url":"https:\/\/www.gat-international.de\/wp-content\/uploads\/2022\/01\/Radiator_Cleaner_300ml_RGB-1-scaled.jpg","type":"image\/jpeg"}],"twitter_card":"summary_large_image","twitter_misc":{"Gesch\u00e4tzte Lesezeit":"1\u00a0Minute"},"schema":{"@context":"https:\/\/schema.org","@graph":[{"@type":"WebPage","@id":"https:\/\/www.gat-international.de\/de\/produkte\/kuehlsystemreiniger-antikalk-car-line\/","url":"https:\/\/www.gat-international.de\/de\/produkte\/kuehlsystemreiniger-antikalk-car-line\/","name":"GAT K\u00fchlsystemreiniger-Antikalk - Car Line","isPartOf":{"@id":"https:\/\/www.gat-international.de\/de\/#website"},"primaryImageOfPage":{"@id":"https:\/\/www.gat-international.de\/de\/produkte\/kuehlsystemreiniger-antikalk-car-line\/#primaryimage"},"image":{"@id":"https:\/\/www.gat-international.de\/de\/produkte\/kuehlsystemreiniger-antikalk-car-line\/#primaryimage"},"thumbnailUrl":"https:\/\/www.gat-international.de\/wp-content\/uploads\/2022\/01\/Radiator_Cleaner_300ml_RGB-1-scaled.jpg","datePublished":"2022-01-21T07:42:25+00:00","dateModified":"2023-01-19T14:21:21+00:00","description":"K\u00fchlsystemreiniger-Antikalk - Car Line enth\u00e4lt schnell wirksame Komponenten zur Entfernung von Kalk im gesamten K\u00fchlkreislauf.","breadcrumb":{"@id":"https:\/\/www.gat-international.de\/de\/produkte\/kuehlsystemreiniger-antikalk-car-line\/#breadcrumb"},"inLanguage":"de","potentialAction":[{"@type":"ReadAction","target":["https:\/\/www.gat-international.de\/de\/produkte\/kuehlsystemreiniger-antikalk-car-line\/"]}]},{"@type":"ImageObject","inLanguage":"de","@id":"https:\/\/www.gat-international.de\/de\/produkte\/kuehlsystemreiniger-antikalk-car-line\/#primaryimage","url":"https:\/\/www.gat-international.de\/wp-content\/uploads\/2022\/01\/Radiator_Cleaner_300ml_RGB-1-scaled.jpg","contentUrl":"https:\/\/www.gat-international.de\/wp-content\/uploads\/2022\/01\/Radiator_Cleaner_300ml_RGB-1-scaled.jpg","width":2560,"height":2560},{"@type":"BreadcrumbList","@id":"https:\/\/www.gat-international.de\/de\/produkte\/kuehlsystemreiniger-antikalk-car-line\/#breadcrumb","itemListElement":[{"@type":"ListItem","position":1,"name":"Startseite","item":"https:\/\/www.gat-international.de\/de\/"},{"@type":"ListItem","position":2,"name":"Produkte","item":"https:\/\/www.gat-international.de\/de\/produkte\/"},{"@type":"ListItem","position":3,"name":"K\u00fchlsystemreiniger-Antikalk"}]},{"@type":"WebSite","@id":"https:\/\/www.gat-international.de\/de\/#website","url":"https:\/\/www.gat-international.de\/de\/","name":"GAT Gesellschaft f\u00fcr Kraftstoff- und Automobiltechnologie mbH &amp; Co. KG","description":"GAT ist ein Hersteller von Additiven und Systemreinigern, die in der eigenen Forschungs- und Entwicklungsabteilung entwickelt und st\u00e4ndig verbessert werden.","potentialAction":[{"@type":"SearchAction","target":{"@type":"EntryPoint","urlTemplate":"https:\/\/www.gat-international.de\/de\/?s={search_term_string}"},"query-input":{"@type":"PropertyValueSpecification","valueRequired":true,"valueName":"search_term_string"}}],"inLanguage":"de"}]}},"_links":{"self":[{"href":"https:\/\/www.gat-international.de\/de\/wp-json\/wp\/v2\/product\/2119","targetHints":{"allow":["GET"]}}],"collection":[{"href":"https:\/\/www.gat-international.de\/de\/wp-json\/wp\/v2\/product"}],"about":[{"href":"https:\/\/www.gat-international.de\/de\/wp-json\/wp\/v2\/types\/product"}],"version-history":[{"count":0,"href":"https:\/\/www.gat-international.de\/de\/wp-json\/wp\/v2\/product\/2119\/revisions"}],"wp:featuredmedia":[{"embeddable":true,"href":"https:\/\/www.gat-international.de\/de\/wp-json\/wp\/v2\/media\/16875"}],"wp:attachment":[{"href":"https:\/\/www.gat-international.de\/de\/wp-json\/wp\/v2\/media?parent=2119"}],"wp:term":[{"taxonomy":"product_brand","embeddable":true,"href":"https:\/\/www.gat-international.de\/de\/wp-json\/wp\/v2\/product_brand?post=2119"},{"taxonomy":"product_cat","embeddable":true,"href":"https:\/\/www.gat-international.de\/de\/wp-json\/wp\/v2\/product_cat?post=2119"},{"taxonomy":"product_tag","embeddable":true,"href":"https:\/\/www.gat-international.de\/de\/wp-json\/wp\/v2\/product_tag?post=2119"}],"curies":[{"name":"wp","href":"https:\/\/api.w.org\/{rel}","templated":true}]}}