{"id":2161,"date":"2022-01-21T09:44:42","date_gmt":"2022-01-21T08:44:42","guid":{"rendered":"https:\/\/gat-germany.de\/de\/?post_type=product&#038;p=2161"},"modified":"2022-03-17T14:23:15","modified_gmt":"2022-03-17T13:23:15","slug":"kuehlerfrostschutz-blau","status":"publish","type":"product","link":"https:\/\/www.gat-international.de\/de\/produkte\/kuehlerfrostschutz-blau\/","title":{"rendered":"K\u00fchlerfrostschutz BLAU"},"content":{"rendered":"<p>Der GAT K\u00fchlerfrostschutz BLAU ist ein wirtschaftliches K\u00fchlerkorrosions- und Frostschutzmittelkonzentrat f\u00fcr wassergek\u00fchlte Fahrzeugmotoren. Es ist geeignet f\u00fcr alle geschlossenen K\u00fchlsysteme, ohne Einschr\u00e4nkung ob Motoren aus Gusseisen, Aluminium oder aus der Kombination von beiden Metallen bestehen. Das Produkt ist ein Langzeit-K\u00fchlerfrostschutzgemisch und bietet zuverl\u00e4ssigen Schutz f\u00fcr wassergek\u00fchlte Fahrzeugmotoren. F\u00fcr Leichtmetallmotoren, bei denen ein besonderer Aluminiumschutz bei h\u00f6heren Temperaturen verlangt wird, wird es besonders empfohlen.<\/p>\n<p><strong>Vorteile<\/strong><strong>:<\/strong> Es enth\u00e4lt kein Nitrit, Amin und Phosphat und bietet einen ganzj\u00e4hrigen Frost- und Korrosionsschutz f\u00fcr einwandfreien Betrieb. Das K\u00fchlmittel hat keinen negativen Einfluss auf K\u00fchlmittelschl\u00e4uche oder Zylinderkopfdichtungen. Der K\u00fchlerfrostschutz wirkt zuverl\u00e4ssig bis -36\u00b0C und bietet einen ganzj\u00e4hrigen Frost- und Korrosionsschutz. Somit wird f\u00fcr eine optimale W\u00e4rmeabfuhr gesorgt.<\/p>\n","protected":false},"excerpt":{"rendered":"<h5>Anwendungsdauer:<\/h5>\n<p>wirkt w\u00e4hrend der Fahrt<\/p>\n<h5>Anwendungsgebiet:<\/h5>\n<p>zur Verwendung in allen wassergek\u00fchlten, geschlossenen K\u00fchlsystemen<\/p>\n<h5>Verbrauch:<\/h5>\n<p>je nach Bedarf<\/p>\n<h5>Anwendungsintervall:<\/h5>\n<p>bei Bedarf<\/p>\n","protected":false},"featured_media":6441,"template":"","meta":{"site-sidebar-layout":"default","site-content-layout":"default","ast-site-content-layout":"default","site-content-style":"default","site-sidebar-style":"default","ast-global-header-display":"","ast-banner-title-visibility":"","ast-main-header-display":"","ast-hfb-above-header-display":"","ast-hfb-below-header-display":"","ast-hfb-mobile-header-display":"","site-post-title":"","ast-breadcrumbs-content":"","ast-featured-img":"","footer-sml-layout":"","ast-disable-related-posts":"","theme-transparent-header-meta":"default","adv-header-id-meta":"","stick-header-meta":"","header-above-stick-meta":"","header-main-stick-meta":"","header-below-stick-meta":"","astra-migrate-meta-layouts":"default","ast-page-background-enabled":"default","ast-page-background-meta":{"desktop":{"background-color":"var(--ast-global-color-4)","background-image":"","background-repeat":"repeat","background-position":"center center","background-size":"auto","background-attachment":"scroll","background-type":"","background-media":"","overlay-type":"","overlay-color":"","overlay-opacity":"","overlay-gradient":""},"tablet":{"background-color":"","background-image":"","background-repeat":"repeat","background-position":"center center","background-size":"auto","background-attachment":"scroll","background-type":"","background-media":"","overlay-type":"","overlay-color":"","overlay-opacity":"","overlay-gradient":""},"mobile":{"background-color":"","background-image":"","background-repeat":"repeat","background-position":"center center","background-size":"auto","background-attachment":"scroll","background-type":"","background-media":"","overlay-type":"","overlay-color":"","overlay-opacity":"","overlay-gradient":""}},"ast-content-background-meta":{"desktop":{"background-color":"var(--ast-global-color-5)","background-image":"","background-repeat":"repeat","background-position":"center center","background-size":"auto","background-attachment":"scroll","background-type":"","background-media":"","overlay-type":"","overlay-color":"","overlay-opacity":"","overlay-gradient":""},"tablet":{"background-color":"var(--ast-global-color-5)","background-image":"","background-repeat":"repeat","background-position":"center center","background-size":"auto","background-attachment":"scroll","background-type":"","background-media":"","overlay-type":"","overlay-color":"","overlay-opacity":"","overlay-gradient":""},"mobile":{"background-color":"var(--ast-global-color-5)","background-image":"","background-repeat":"repeat","background-position":"center center","background-size":"auto","background-attachment":"scroll","background-type":"","background-media":"","overlay-type":"","overlay-color":"","overlay-opacity":"","overlay-gradient":""}}},"product_brand":[],"product_cat":[39,68,81,60],"product_tag":[249,42,44,227,248,219,43],"class_list":{"0":"post-2161","1":"product","2":"type-product","3":"status-publish","4":"has-post-thumbnail","6":"product_cat-car-line","7":"product_cat-kuehl-system","8":"product_cat-kuehl-system-truck","9":"product_cat-truck-line","10":"product_tag-blau","11":"product_tag-car","12":"product_tag-cleaner","13":"product_tag-cooling-system-2","14":"product_tag-frostschutz","15":"product_tag-kuehlsystem","16":"product_tag-reiniger","17":"desktop-align-left","18":"tablet-align-left","19":"mobile-align-left","21":"first","22":"instock","23":"taxable","24":"shipping-taxable","25":"product-type-simple"},"yoast_head":"<!-- This site is optimized with the Yoast SEO plugin v27.1.1 - https:\/\/yoast.com\/product\/yoast-seo-wordpress\/ -->\n<title>GAT K\u00fchlerfrostschutz BLAU<\/title>\n<meta name=\"description\" content=\"K\u00fchlerfrostschutz BLAU ist ein K\u00fchlerkorrosions- und Frostschutzmittelkonzentrat f\u00fcr wassergek\u00fchlte Fahrzeugmotoren.\" \/>\n<meta name=\"robots\" content=\"index, follow, max-snippet:-1, max-image-preview:large, max-video-preview:-1\" \/>\n<link rel=\"canonical\" href=\"https:\/\/www.gat-international.de\/de\/produkte\/kuehlerfrostschutz-blau\/\" \/>\n<meta property=\"og:locale\" content=\"de_DE\" \/>\n<meta property=\"og:type\" content=\"article\" \/>\n<meta property=\"og:title\" content=\"GAT K\u00fchlerfrostschutz BLAU\" \/>\n<meta property=\"og:description\" content=\"K\u00fchlerfrostschutz BLAU ist ein K\u00fchlerkorrosions- und Frostschutzmittelkonzentrat f\u00fcr wassergek\u00fchlte Fahrzeugmotoren.\" \/>\n<meta property=\"og:url\" content=\"https:\/\/www.gat-international.de\/de\/produkte\/kuehlerfrostschutz-blau\/\" \/>\n<meta property=\"og:site_name\" content=\"GAT Gesellschaft f\u00fcr Kraftstoff- und Automobiltechnologie mbH &amp; Co. KG\" \/>\n<meta property=\"article:modified_time\" content=\"2022-03-17T13:23:15+00:00\" \/>\n<meta property=\"og:image\" content=\"https:\/\/www.gat-international.de\/wp-content\/uploads\/2022\/01\/Antifreeze_Coolant_BLUE_4L_RGB-scaled.jpg\" \/>\n\t<meta property=\"og:image:width\" content=\"2560\" \/>\n\t<meta property=\"og:image:height\" content=\"2560\" \/>\n\t<meta property=\"og:image:type\" content=\"image\/jpeg\" \/>\n<meta name=\"twitter:card\" content=\"summary_large_image\" \/>\n<meta name=\"twitter:label1\" content=\"Gesch\u00e4tzte Lesezeit\" \/>\n\t<meta name=\"twitter:data1\" content=\"1\u00a0Minute\" \/>\n<script type=\"application\/ld+json\" class=\"yoast-schema-graph\">{\"@context\":\"https:\/\/schema.org\",\"@graph\":[{\"@type\":\"WebPage\",\"@id\":\"https:\/\/www.gat-international.de\/de\/produkte\/kuehlerfrostschutz-blau\/\",\"url\":\"https:\/\/www.gat-international.de\/de\/produkte\/kuehlerfrostschutz-blau\/\",\"name\":\"GAT K\u00fchlerfrostschutz BLAU\",\"isPartOf\":{\"@id\":\"https:\/\/www.gat-international.de\/de\/#website\"},\"primaryImageOfPage\":{\"@id\":\"https:\/\/www.gat-international.de\/de\/produkte\/kuehlerfrostschutz-blau\/#primaryimage\"},\"image\":{\"@id\":\"https:\/\/www.gat-international.de\/de\/produkte\/kuehlerfrostschutz-blau\/#primaryimage\"},\"thumbnailUrl\":\"https:\/\/www.gat-international.de\/wp-content\/uploads\/2022\/01\/Antifreeze_Coolant_BLUE_4L_RGB-scaled.jpg\",\"datePublished\":\"2022-01-21T08:44:42+00:00\",\"dateModified\":\"2022-03-17T13:23:15+00:00\",\"description\":\"K\u00fchlerfrostschutz BLAU ist ein K\u00fchlerkorrosions- und Frostschutzmittelkonzentrat f\u00fcr wassergek\u00fchlte Fahrzeugmotoren.\",\"breadcrumb\":{\"@id\":\"https:\/\/www.gat-international.de\/de\/produkte\/kuehlerfrostschutz-blau\/#breadcrumb\"},\"inLanguage\":\"de\",\"potentialAction\":[{\"@type\":\"ReadAction\",\"target\":[\"https:\/\/www.gat-international.de\/de\/produkte\/kuehlerfrostschutz-blau\/\"]}]},{\"@type\":\"ImageObject\",\"inLanguage\":\"de\",\"@id\":\"https:\/\/www.gat-international.de\/de\/produkte\/kuehlerfrostschutz-blau\/#primaryimage\",\"url\":\"https:\/\/www.gat-international.de\/wp-content\/uploads\/2022\/01\/Antifreeze_Coolant_BLUE_4L_RGB-scaled.jpg\",\"contentUrl\":\"https:\/\/www.gat-international.de\/wp-content\/uploads\/2022\/01\/Antifreeze_Coolant_BLUE_4L_RGB-scaled.jpg\",\"width\":2560,\"height\":2560},{\"@type\":\"BreadcrumbList\",\"@id\":\"https:\/\/www.gat-international.de\/de\/produkte\/kuehlerfrostschutz-blau\/#breadcrumb\",\"itemListElement\":[{\"@type\":\"ListItem\",\"position\":1,\"name\":\"Startseite\",\"item\":\"https:\/\/www.gat-international.de\/de\/\"},{\"@type\":\"ListItem\",\"position\":2,\"name\":\"Produkte\",\"item\":\"https:\/\/www.gat-international.de\/de\/produkte\/\"},{\"@type\":\"ListItem\",\"position\":3,\"name\":\"K\u00fchlerfrostschutz BLAU\"}]},{\"@type\":\"WebSite\",\"@id\":\"https:\/\/www.gat-international.de\/de\/#website\",\"url\":\"https:\/\/www.gat-international.de\/de\/\",\"name\":\"GAT Gesellschaft f\u00fcr Kraftstoff- und Automobiltechnologie mbH &amp; Co. KG\",\"description\":\"GAT ist ein Hersteller von Additiven und Systemreinigern, die in der eigenen Forschungs- und Entwicklungsabteilung entwickelt und st\u00e4ndig verbessert werden.\",\"potentialAction\":[{\"@type\":\"SearchAction\",\"target\":{\"@type\":\"EntryPoint\",\"urlTemplate\":\"https:\/\/www.gat-international.de\/de\/?s={search_term_string}\"},\"query-input\":{\"@type\":\"PropertyValueSpecification\",\"valueRequired\":true,\"valueName\":\"search_term_string\"}}],\"inLanguage\":\"de\"}]}<\/script>\n<!-- \/ Yoast SEO plugin. -->","yoast_head_json":{"title":"GAT K\u00fchlerfrostschutz BLAU","description":"K\u00fchlerfrostschutz BLAU ist ein K\u00fchlerkorrosions- und Frostschutzmittelkonzentrat f\u00fcr wassergek\u00fchlte Fahrzeugmotoren.","robots":{"index":"index","follow":"follow","max-snippet":"max-snippet:-1","max-image-preview":"max-image-preview:large","max-video-preview":"max-video-preview:-1"},"canonical":"https:\/\/www.gat-international.de\/de\/produkte\/kuehlerfrostschutz-blau\/","og_locale":"de_DE","og_type":"article","og_title":"GAT K\u00fchlerfrostschutz BLAU","og_description":"K\u00fchlerfrostschutz BLAU ist ein K\u00fchlerkorrosions- und Frostschutzmittelkonzentrat f\u00fcr wassergek\u00fchlte Fahrzeugmotoren.","og_url":"https:\/\/www.gat-international.de\/de\/produkte\/kuehlerfrostschutz-blau\/","og_site_name":"GAT Gesellschaft f\u00fcr Kraftstoff- und Automobiltechnologie mbH &amp; Co. KG","article_modified_time":"2022-03-17T13:23:15+00:00","og_image":[{"width":2560,"height":2560,"url":"https:\/\/www.gat-international.de\/wp-content\/uploads\/2022\/01\/Antifreeze_Coolant_BLUE_4L_RGB-scaled.jpg","type":"image\/jpeg"}],"twitter_card":"summary_large_image","twitter_misc":{"Gesch\u00e4tzte Lesezeit":"1\u00a0Minute"},"schema":{"@context":"https:\/\/schema.org","@graph":[{"@type":"WebPage","@id":"https:\/\/www.gat-international.de\/de\/produkte\/kuehlerfrostschutz-blau\/","url":"https:\/\/www.gat-international.de\/de\/produkte\/kuehlerfrostschutz-blau\/","name":"GAT K\u00fchlerfrostschutz BLAU","isPartOf":{"@id":"https:\/\/www.gat-international.de\/de\/#website"},"primaryImageOfPage":{"@id":"https:\/\/www.gat-international.de\/de\/produkte\/kuehlerfrostschutz-blau\/#primaryimage"},"image":{"@id":"https:\/\/www.gat-international.de\/de\/produkte\/kuehlerfrostschutz-blau\/#primaryimage"},"thumbnailUrl":"https:\/\/www.gat-international.de\/wp-content\/uploads\/2022\/01\/Antifreeze_Coolant_BLUE_4L_RGB-scaled.jpg","datePublished":"2022-01-21T08:44:42+00:00","dateModified":"2022-03-17T13:23:15+00:00","description":"K\u00fchlerfrostschutz BLAU ist ein K\u00fchlerkorrosions- und Frostschutzmittelkonzentrat f\u00fcr wassergek\u00fchlte Fahrzeugmotoren.","breadcrumb":{"@id":"https:\/\/www.gat-international.de\/de\/produkte\/kuehlerfrostschutz-blau\/#breadcrumb"},"inLanguage":"de","potentialAction":[{"@type":"ReadAction","target":["https:\/\/www.gat-international.de\/de\/produkte\/kuehlerfrostschutz-blau\/"]}]},{"@type":"ImageObject","inLanguage":"de","@id":"https:\/\/www.gat-international.de\/de\/produkte\/kuehlerfrostschutz-blau\/#primaryimage","url":"https:\/\/www.gat-international.de\/wp-content\/uploads\/2022\/01\/Antifreeze_Coolant_BLUE_4L_RGB-scaled.jpg","contentUrl":"https:\/\/www.gat-international.de\/wp-content\/uploads\/2022\/01\/Antifreeze_Coolant_BLUE_4L_RGB-scaled.jpg","width":2560,"height":2560},{"@type":"BreadcrumbList","@id":"https:\/\/www.gat-international.de\/de\/produkte\/kuehlerfrostschutz-blau\/#breadcrumb","itemListElement":[{"@type":"ListItem","position":1,"name":"Startseite","item":"https:\/\/www.gat-international.de\/de\/"},{"@type":"ListItem","position":2,"name":"Produkte","item":"https:\/\/www.gat-international.de\/de\/produkte\/"},{"@type":"ListItem","position":3,"name":"K\u00fchlerfrostschutz BLAU"}]},{"@type":"WebSite","@id":"https:\/\/www.gat-international.de\/de\/#website","url":"https:\/\/www.gat-international.de\/de\/","name":"GAT Gesellschaft f\u00fcr Kraftstoff- und Automobiltechnologie mbH &amp; Co. KG","description":"GAT ist ein Hersteller von Additiven und Systemreinigern, die in der eigenen Forschungs- und Entwicklungsabteilung entwickelt und st\u00e4ndig verbessert werden.","potentialAction":[{"@type":"SearchAction","target":{"@type":"EntryPoint","urlTemplate":"https:\/\/www.gat-international.de\/de\/?s={search_term_string}"},"query-input":{"@type":"PropertyValueSpecification","valueRequired":true,"valueName":"search_term_string"}}],"inLanguage":"de"}]}},"_links":{"self":[{"href":"https:\/\/www.gat-international.de\/de\/wp-json\/wp\/v2\/product\/2161","targetHints":{"allow":["GET"]}}],"collection":[{"href":"https:\/\/www.gat-international.de\/de\/wp-json\/wp\/v2\/product"}],"about":[{"href":"https:\/\/www.gat-international.de\/de\/wp-json\/wp\/v2\/types\/product"}],"version-history":[{"count":0,"href":"https:\/\/www.gat-international.de\/de\/wp-json\/wp\/v2\/product\/2161\/revisions"}],"wp:featuredmedia":[{"embeddable":true,"href":"https:\/\/www.gat-international.de\/de\/wp-json\/wp\/v2\/media\/6441"}],"wp:attachment":[{"href":"https:\/\/www.gat-international.de\/de\/wp-json\/wp\/v2\/media?parent=2161"}],"wp:term":[{"taxonomy":"product_brand","embeddable":true,"href":"https:\/\/www.gat-international.de\/de\/wp-json\/wp\/v2\/product_brand?post=2161"},{"taxonomy":"product_cat","embeddable":true,"href":"https:\/\/www.gat-international.de\/de\/wp-json\/wp\/v2\/product_cat?post=2161"},{"taxonomy":"product_tag","embeddable":true,"href":"https:\/\/www.gat-international.de\/de\/wp-json\/wp\/v2\/product_tag?post=2161"}],"curies":[{"name":"wp","href":"https:\/\/api.w.org\/{rel}","templated":true}]}}