{"id":2205,"date":"2022-01-21T12:44:55","date_gmt":"2022-01-21T11:44:55","guid":{"rendered":"https:\/\/gat-germany.de\/de\/?post_type=product&#038;p=2205"},"modified":"2026-04-30T10:39:12","modified_gmt":"2026-04-30T08:39:12","slug":"schnellglanzversiegelung-car-line","status":"publish","type":"product","link":"https:\/\/www.gat-international.de\/de\/produkte\/schnellglanzversiegelung-car-line\/","title":{"rendered":"Schnellglanzversiegelung"},"content":{"rendered":"<p>Die GAT Schnellglanzversiegelung ist ein Wachs, welches aufgetragen oder aufgespr\u00fcht werden kann. Das Produkt entfernt auf einfache Weise Staub und leichte Verschmutzungen aller Art. Es sch\u00fctzt nachhaltig die behandelten Oberfl\u00e4chen dank des entsprechenden Anteils an Carnaubawachs.<\/p>\n<p><strong>Vorteile: <\/strong>Das Produkt ist frei von Reib- und L\u00f6semitteln, was zu einer besseren Hautvertr\u00e4glichkeit f\u00fchrt. Zus\u00e4tzlich ist das Produkt aufgrund nat\u00fcrlicher Inhaltsstoffe sehr umweltfreundlich. Das Produkt \u00fcberzeugt au\u00dferdem mit seiner einfachen und schnellen Anwendung.<\/p>\n","protected":false},"excerpt":{"rendered":"<h5>Anwendungsdauer:<\/h5>\n<p>wirkt w\u00e4hrend der Anwendung<\/p>\n<h5>Anwendungsgebiet:<\/h5>\n<p>f\u00fcr alle Arten von Lackoberfl\u00e4chen<\/p>\n<h5>Verbrauch:<\/h5>\n<p>Verbrauch je nach Anwendung<\/p>\n<h5>Anwendungsintervall:<\/h5>\n<p>Bei Bedarf<\/p>\n","protected":false},"featured_media":21110,"template":"","meta":{"site-sidebar-layout":"default","site-content-layout":"default","ast-site-content-layout":"default","site-content-style":"default","site-sidebar-style":"default","ast-global-header-display":"","ast-banner-title-visibility":"","ast-main-header-display":"","ast-hfb-above-header-display":"","ast-hfb-below-header-display":"","ast-hfb-mobile-header-display":"","site-post-title":"","ast-breadcrumbs-content":"","ast-featured-img":"","footer-sml-layout":"","ast-disable-related-posts":"","theme-transparent-header-meta":"default","adv-header-id-meta":"","stick-header-meta":"","header-above-stick-meta":"","header-main-stick-meta":"","header-below-stick-meta":"","astra-migrate-meta-layouts":"set","ast-page-background-enabled":"default","ast-page-background-meta":{"desktop":{"background-color":"var(--ast-global-color-4)","background-image":"","background-repeat":"repeat","background-position":"center center","background-size":"auto","background-attachment":"scroll","background-type":"","background-media":"","overlay-type":"","overlay-color":"","overlay-opacity":"","overlay-gradient":""},"tablet":{"background-color":"","background-image":"","background-repeat":"repeat","background-position":"center center","background-size":"auto","background-attachment":"scroll","background-type":"","background-media":"","overlay-type":"","overlay-color":"","overlay-opacity":"","overlay-gradient":""},"mobile":{"background-color":"","background-image":"","background-repeat":"repeat","background-position":"center center","background-size":"auto","background-attachment":"scroll","background-type":"","background-media":"","overlay-type":"","overlay-color":"","overlay-opacity":"","overlay-gradient":""}},"ast-content-background-meta":{"desktop":{"background-color":"var(--ast-global-color-5)","background-image":"","background-repeat":"repeat","background-position":"center center","background-size":"auto","background-attachment":"scroll","background-type":"","background-media":"","overlay-type":"","overlay-color":"","overlay-opacity":"","overlay-gradient":""},"tablet":{"background-color":"var(--ast-global-color-5)","background-image":"","background-repeat":"repeat","background-position":"center center","background-size":"auto","background-attachment":"scroll","background-type":"","background-media":"","overlay-type":"","overlay-color":"","overlay-opacity":"","overlay-gradient":""},"mobile":{"background-color":"var(--ast-global-color-5)","background-image":"","background-repeat":"repeat","background-position":"center center","background-size":"auto","background-attachment":"scroll","background-type":"","background-media":"","overlay-type":"","overlay-color":"","overlay-opacity":"","overlay-gradient":""}}},"product_brand":[],"product_cat":[72,39],"product_tag":[42,295,294,296,284],"class_list":{"0":"post-2205","1":"product","2":"type-product","3":"status-publish","4":"has-post-thumbnail","6":"product_cat-autopflege","7":"product_cat-car-line","8":"product_tag-car","9":"product_tag-carnaubawachs","10":"product_tag-schnellglanz","11":"product_tag-sealant-2","12":"product_tag-versiegelung","13":"desktop-align-left","14":"tablet-align-left","15":"mobile-align-left","17":"first","18":"instock","19":"taxable","20":"shipping-taxable","21":"product-type-simple"},"yoast_head":"<!-- This site is optimized with the Yoast SEO plugin v27.1.1 - https:\/\/yoast.com\/product\/yoast-seo-wordpress\/ -->\n<title>GAT Schnellglanzversiegelung - Car Line<\/title>\n<meta name=\"description\" content=\"Schnellglanzversiegelung - Car Line ein aufgetragener oder aufgespr\u00fchter Wachs um Staub und leichte Verschmutzungen aller Art zu entfernen.\" \/>\n<meta name=\"robots\" content=\"index, follow, max-snippet:-1, max-image-preview:large, max-video-preview:-1\" \/>\n<link rel=\"canonical\" href=\"https:\/\/www.gat-international.de\/de\/produkte\/schnellglanzversiegelung-car-line\/\" \/>\n<meta property=\"og:locale\" content=\"de_DE\" \/>\n<meta property=\"og:type\" content=\"article\" \/>\n<meta property=\"og:title\" content=\"GAT Schnellglanzversiegelung - Car Line\" \/>\n<meta property=\"og:description\" content=\"Schnellglanzversiegelung - Car Line ein aufgetragener oder aufgespr\u00fchter Wachs um Staub und leichte Verschmutzungen aller Art zu entfernen.\" \/>\n<meta property=\"og:url\" content=\"https:\/\/www.gat-international.de\/de\/produkte\/schnellglanzversiegelung-car-line\/\" \/>\n<meta property=\"og:site_name\" content=\"GAT Gesellschaft f\u00fcr Kraftstoff- und Automobiltechnologie mbH &amp; Co. KG\" \/>\n<meta property=\"article:modified_time\" content=\"2026-04-30T08:39:12+00:00\" \/>\n<meta property=\"og:image\" content=\"https:\/\/www.gat-international.de\/wp-content\/uploads\/2022\/01\/Easy_Guard_Sealant_500ml_RGB-1-scaled.jpg\" \/>\n\t<meta property=\"og:image:width\" content=\"2560\" \/>\n\t<meta property=\"og:image:height\" content=\"2560\" \/>\n\t<meta property=\"og:image:type\" content=\"image\/jpeg\" \/>\n<meta name=\"twitter:card\" content=\"summary_large_image\" \/>\n<meta name=\"twitter:label1\" content=\"Gesch\u00e4tzte Lesezeit\" \/>\n\t<meta name=\"twitter:data1\" content=\"1\u00a0Minute\" \/>\n<script type=\"application\/ld+json\" class=\"yoast-schema-graph\">{\"@context\":\"https:\/\/schema.org\",\"@graph\":[{\"@type\":\"WebPage\",\"@id\":\"https:\/\/www.gat-international.de\/de\/produkte\/schnellglanzversiegelung-car-line\/\",\"url\":\"https:\/\/www.gat-international.de\/de\/produkte\/schnellglanzversiegelung-car-line\/\",\"name\":\"GAT Schnellglanzversiegelung - Car Line\",\"isPartOf\":{\"@id\":\"https:\/\/www.gat-international.de\/de\/#website\"},\"primaryImageOfPage\":{\"@id\":\"https:\/\/www.gat-international.de\/de\/produkte\/schnellglanzversiegelung-car-line\/#primaryimage\"},\"image\":{\"@id\":\"https:\/\/www.gat-international.de\/de\/produkte\/schnellglanzversiegelung-car-line\/#primaryimage\"},\"thumbnailUrl\":\"https:\/\/www.gat-international.de\/wp-content\/uploads\/2022\/01\/Easy_Guard_Sealant_500ml_RGB-1-scaled.jpg\",\"datePublished\":\"2022-01-21T11:44:55+00:00\",\"dateModified\":\"2026-04-30T08:39:12+00:00\",\"description\":\"Schnellglanzversiegelung - Car Line ein aufgetragener oder aufgespr\u00fchter Wachs um Staub und leichte Verschmutzungen aller Art zu entfernen.\",\"breadcrumb\":{\"@id\":\"https:\/\/www.gat-international.de\/de\/produkte\/schnellglanzversiegelung-car-line\/#breadcrumb\"},\"inLanguage\":\"de\",\"potentialAction\":[{\"@type\":\"ReadAction\",\"target\":[\"https:\/\/www.gat-international.de\/de\/produkte\/schnellglanzversiegelung-car-line\/\"]}]},{\"@type\":\"ImageObject\",\"inLanguage\":\"de\",\"@id\":\"https:\/\/www.gat-international.de\/de\/produkte\/schnellglanzversiegelung-car-line\/#primaryimage\",\"url\":\"https:\/\/www.gat-international.de\/wp-content\/uploads\/2022\/01\/Easy_Guard_Sealant_500ml_RGB-1-scaled.jpg\",\"contentUrl\":\"https:\/\/www.gat-international.de\/wp-content\/uploads\/2022\/01\/Easy_Guard_Sealant_500ml_RGB-1-scaled.jpg\",\"width\":2560,\"height\":2560},{\"@type\":\"BreadcrumbList\",\"@id\":\"https:\/\/www.gat-international.de\/de\/produkte\/schnellglanzversiegelung-car-line\/#breadcrumb\",\"itemListElement\":[{\"@type\":\"ListItem\",\"position\":1,\"name\":\"Startseite\",\"item\":\"https:\/\/www.gat-international.de\/de\/\"},{\"@type\":\"ListItem\",\"position\":2,\"name\":\"Produkte\",\"item\":\"https:\/\/www.gat-international.de\/de\/produkte\/\"},{\"@type\":\"ListItem\",\"position\":3,\"name\":\"Schnellglanzversiegelung\"}]},{\"@type\":\"WebSite\",\"@id\":\"https:\/\/www.gat-international.de\/de\/#website\",\"url\":\"https:\/\/www.gat-international.de\/de\/\",\"name\":\"GAT Gesellschaft f\u00fcr Kraftstoff- und Automobiltechnologie mbH &amp; Co. KG\",\"description\":\"GAT ist ein Hersteller von Additiven und Systemreinigern, die in der eigenen Forschungs- und Entwicklungsabteilung entwickelt und st\u00e4ndig verbessert werden.\",\"potentialAction\":[{\"@type\":\"SearchAction\",\"target\":{\"@type\":\"EntryPoint\",\"urlTemplate\":\"https:\/\/www.gat-international.de\/de\/?s={search_term_string}\"},\"query-input\":{\"@type\":\"PropertyValueSpecification\",\"valueRequired\":true,\"valueName\":\"search_term_string\"}}],\"inLanguage\":\"de\"}]}<\/script>\n<!-- \/ Yoast SEO plugin. -->","yoast_head_json":{"title":"GAT Schnellglanzversiegelung - Car Line","description":"Schnellglanzversiegelung - Car Line ein aufgetragener oder aufgespr\u00fchter Wachs um Staub und leichte Verschmutzungen aller Art zu entfernen.","robots":{"index":"index","follow":"follow","max-snippet":"max-snippet:-1","max-image-preview":"max-image-preview:large","max-video-preview":"max-video-preview:-1"},"canonical":"https:\/\/www.gat-international.de\/de\/produkte\/schnellglanzversiegelung-car-line\/","og_locale":"de_DE","og_type":"article","og_title":"GAT Schnellglanzversiegelung - Car Line","og_description":"Schnellglanzversiegelung - Car Line ein aufgetragener oder aufgespr\u00fchter Wachs um Staub und leichte Verschmutzungen aller Art zu entfernen.","og_url":"https:\/\/www.gat-international.de\/de\/produkte\/schnellglanzversiegelung-car-line\/","og_site_name":"GAT Gesellschaft f\u00fcr Kraftstoff- und Automobiltechnologie mbH &amp; Co. KG","article_modified_time":"2026-04-30T08:39:12+00:00","og_image":[{"width":2560,"height":2560,"url":"https:\/\/www.gat-international.de\/wp-content\/uploads\/2022\/01\/Easy_Guard_Sealant_500ml_RGB-1-scaled.jpg","type":"image\/jpeg"}],"twitter_card":"summary_large_image","twitter_misc":{"Gesch\u00e4tzte Lesezeit":"1\u00a0Minute"},"schema":{"@context":"https:\/\/schema.org","@graph":[{"@type":"WebPage","@id":"https:\/\/www.gat-international.de\/de\/produkte\/schnellglanzversiegelung-car-line\/","url":"https:\/\/www.gat-international.de\/de\/produkte\/schnellglanzversiegelung-car-line\/","name":"GAT Schnellglanzversiegelung - Car Line","isPartOf":{"@id":"https:\/\/www.gat-international.de\/de\/#website"},"primaryImageOfPage":{"@id":"https:\/\/www.gat-international.de\/de\/produkte\/schnellglanzversiegelung-car-line\/#primaryimage"},"image":{"@id":"https:\/\/www.gat-international.de\/de\/produkte\/schnellglanzversiegelung-car-line\/#primaryimage"},"thumbnailUrl":"https:\/\/www.gat-international.de\/wp-content\/uploads\/2022\/01\/Easy_Guard_Sealant_500ml_RGB-1-scaled.jpg","datePublished":"2022-01-21T11:44:55+00:00","dateModified":"2026-04-30T08:39:12+00:00","description":"Schnellglanzversiegelung - Car Line ein aufgetragener oder aufgespr\u00fchter Wachs um Staub und leichte Verschmutzungen aller Art zu entfernen.","breadcrumb":{"@id":"https:\/\/www.gat-international.de\/de\/produkte\/schnellglanzversiegelung-car-line\/#breadcrumb"},"inLanguage":"de","potentialAction":[{"@type":"ReadAction","target":["https:\/\/www.gat-international.de\/de\/produkte\/schnellglanzversiegelung-car-line\/"]}]},{"@type":"ImageObject","inLanguage":"de","@id":"https:\/\/www.gat-international.de\/de\/produkte\/schnellglanzversiegelung-car-line\/#primaryimage","url":"https:\/\/www.gat-international.de\/wp-content\/uploads\/2022\/01\/Easy_Guard_Sealant_500ml_RGB-1-scaled.jpg","contentUrl":"https:\/\/www.gat-international.de\/wp-content\/uploads\/2022\/01\/Easy_Guard_Sealant_500ml_RGB-1-scaled.jpg","width":2560,"height":2560},{"@type":"BreadcrumbList","@id":"https:\/\/www.gat-international.de\/de\/produkte\/schnellglanzversiegelung-car-line\/#breadcrumb","itemListElement":[{"@type":"ListItem","position":1,"name":"Startseite","item":"https:\/\/www.gat-international.de\/de\/"},{"@type":"ListItem","position":2,"name":"Produkte","item":"https:\/\/www.gat-international.de\/de\/produkte\/"},{"@type":"ListItem","position":3,"name":"Schnellglanzversiegelung"}]},{"@type":"WebSite","@id":"https:\/\/www.gat-international.de\/de\/#website","url":"https:\/\/www.gat-international.de\/de\/","name":"GAT Gesellschaft f\u00fcr Kraftstoff- und Automobiltechnologie mbH &amp; Co. KG","description":"GAT ist ein Hersteller von Additiven und Systemreinigern, die in der eigenen Forschungs- und Entwicklungsabteilung entwickelt und st\u00e4ndig verbessert werden.","potentialAction":[{"@type":"SearchAction","target":{"@type":"EntryPoint","urlTemplate":"https:\/\/www.gat-international.de\/de\/?s={search_term_string}"},"query-input":{"@type":"PropertyValueSpecification","valueRequired":true,"valueName":"search_term_string"}}],"inLanguage":"de"}]}},"_links":{"self":[{"href":"https:\/\/www.gat-international.de\/de\/wp-json\/wp\/v2\/product\/2205","targetHints":{"allow":["GET"]}}],"collection":[{"href":"https:\/\/www.gat-international.de\/de\/wp-json\/wp\/v2\/product"}],"about":[{"href":"https:\/\/www.gat-international.de\/de\/wp-json\/wp\/v2\/types\/product"}],"version-history":[{"count":1,"href":"https:\/\/www.gat-international.de\/de\/wp-json\/wp\/v2\/product\/2205\/revisions"}],"predecessor-version":[{"id":21113,"href":"https:\/\/www.gat-international.de\/de\/wp-json\/wp\/v2\/product\/2205\/revisions\/21113"}],"wp:featuredmedia":[{"embeddable":true,"href":"https:\/\/www.gat-international.de\/de\/wp-json\/wp\/v2\/media\/21110"}],"wp:attachment":[{"href":"https:\/\/www.gat-international.de\/de\/wp-json\/wp\/v2\/media?parent=2205"}],"wp:term":[{"taxonomy":"product_brand","embeddable":true,"href":"https:\/\/www.gat-international.de\/de\/wp-json\/wp\/v2\/product_brand?post=2205"},{"taxonomy":"product_cat","embeddable":true,"href":"https:\/\/www.gat-international.de\/de\/wp-json\/wp\/v2\/product_cat?post=2205"},{"taxonomy":"product_tag","embeddable":true,"href":"https:\/\/www.gat-international.de\/de\/wp-json\/wp\/v2\/product_tag?post=2205"}],"curies":[{"name":"wp","href":"https:\/\/api.w.org\/{rel}","templated":true}]}}