{"id":2303,"date":"2022-01-24T14:21:39","date_gmt":"2022-01-24T13:21:39","guid":{"rendered":"https:\/\/gat-germany.de\/de\/?post_type=product&#038;p=2303"},"modified":"2023-02-25T09:18:28","modified_gmt":"2023-02-25T08:18:28","slug":"luftmassensensorreiniger-boat-line","status":"publish","type":"product","link":"https:\/\/www.gat-international.de\/de\/produkte\/luftmassensensorreiniger-boat-line\/","title":{"rendered":"Luftmassensensorreiniger"},"content":{"rendered":"<p>Der GAT Luftmassensensorreiniger enth\u00e4lt ausgew\u00e4hlte Rohstoffe f\u00fcr eine schnelle und effektive Reinigung von empfindlichen Bauteilen des Luftmassenmessers bei Otto- und Dieselmotoren. Verdunstet schnell und ohne R\u00fcckst\u00e4nde. Beseitigt Verschmutzungen am Hitzedraht und verhindert damit das Erfassen falscher Messwerte zur Berechnung des Luft-Kraftstoff-Gemisches.<\/p>\n<p><strong>Vorteile:<\/strong> Verbessert das Start- und Leerlaufverhalten, erh\u00e4lt die Motorleistung und optimiert den Kraftstoffverbrauch. Verhindert in den meisten F\u00e4llen einen teuren Austausch des Sensors. Einfache und schnelle Anwendung, reinigt effektiv und verfliegt r\u00fcckstandslos. Ideal f\u00fcr Wartung und Fehlersuche.<\/p>\n","protected":false},"excerpt":{"rendered":"<h5>Anwendungsdauer:<\/h5>\n<p>wirkt w\u00e4hrend der Anwendung<\/p>\n<h5>Anwendungsgebiet:<\/h5>\n<p>f\u00fcr alle Arten von Motoren<\/p>\n<h5>Verbrauch:<\/h5>\n<p>Verbrauch je nach Anwendung<\/p>\n<h5>Anwendungsintervall:<\/h5>\n<p>bei Bedarf<\/p>\n","protected":false},"featured_media":17813,"template":"","meta":{"site-sidebar-layout":"default","site-content-layout":"default","ast-site-content-layout":"default","site-content-style":"default","site-sidebar-style":"default","ast-global-header-display":"","ast-banner-title-visibility":"","ast-main-header-display":"","ast-hfb-above-header-display":"","ast-hfb-below-header-display":"","ast-hfb-mobile-header-display":"","site-post-title":"","ast-breadcrumbs-content":"","ast-featured-img":"","footer-sml-layout":"","ast-disable-related-posts":"","theme-transparent-header-meta":"default","adv-header-id-meta":"","stick-header-meta":"","header-above-stick-meta":"","header-main-stick-meta":"","header-below-stick-meta":"","astra-migrate-meta-layouts":"default","ast-page-background-enabled":"default","ast-page-background-meta":{"desktop":{"background-color":"var(--ast-global-color-4)","background-image":"","background-repeat":"repeat","background-position":"center center","background-size":"auto","background-attachment":"scroll","background-type":"","background-media":"","overlay-type":"","overlay-color":"","overlay-opacity":"","overlay-gradient":""},"tablet":{"background-color":"","background-image":"","background-repeat":"repeat","background-position":"center center","background-size":"auto","background-attachment":"scroll","background-type":"","background-media":"","overlay-type":"","overlay-color":"","overlay-opacity":"","overlay-gradient":""},"mobile":{"background-color":"","background-image":"","background-repeat":"repeat","background-position":"center center","background-size":"auto","background-attachment":"scroll","background-type":"","background-media":"","overlay-type":"","overlay-color":"","overlay-opacity":"","overlay-gradient":""}},"ast-content-background-meta":{"desktop":{"background-color":"var(--ast-global-color-5)","background-image":"","background-repeat":"repeat","background-position":"center center","background-size":"auto","background-attachment":"scroll","background-type":"","background-media":"","overlay-type":"","overlay-color":"","overlay-opacity":"","overlay-gradient":""},"tablet":{"background-color":"var(--ast-global-color-5)","background-image":"","background-repeat":"repeat","background-position":"center center","background-size":"auto","background-attachment":"scroll","background-type":"","background-media":"","overlay-type":"","overlay-color":"","overlay-opacity":"","overlay-gradient":""},"mobile":{"background-color":"var(--ast-global-color-5)","background-image":"","background-repeat":"repeat","background-position":"center center","background-size":"auto","background-attachment":"scroll","background-type":"","background-media":"","overlay-type":"","overlay-color":"","overlay-opacity":"","overlay-gradient":""}}},"product_brand":[],"product_cat":[61,39,77,84,66,60],"product_tag":[42,44,366,43,325],"class_list":{"0":"post-2303","1":"product","2":"type-product","3":"status-publish","4":"has-post-thumbnail","6":"product_cat-boat-line","7":"product_cat-car-line","8":"product_cat-service-produkte-boat","9":"product_cat-service-produkte-truck","10":"product_cat-service-produkte","11":"product_cat-truck-line","12":"product_tag-car","13":"product_tag-cleaner","14":"product_tag-luftmassensensor","15":"product_tag-reiniger","16":"product_tag-service","17":"desktop-align-left","18":"tablet-align-left","19":"mobile-align-left","21":"first","22":"instock","23":"taxable","24":"shipping-taxable","25":"product-type-simple"},"yoast_head":"<!-- This site is optimized with the Yoast SEO plugin v27.1.1 - https:\/\/yoast.com\/product\/yoast-seo-wordpress\/ -->\n<title>GAT Luftmassensensorreiniger Boat Line<\/title>\n<meta name=\"description\" content=\"Luftmassensensorreiniger - Boat Line f\u00fcr effektive Reinigung von empfindlichen Bauteilen des Luftmassenmessers bei Otto- und Dieselmotoren.\" \/>\n<meta name=\"robots\" content=\"index, follow, max-snippet:-1, max-image-preview:large, max-video-preview:-1\" \/>\n<link rel=\"canonical\" href=\"https:\/\/www.gat-international.de\/de\/produkte\/luftmassensensorreiniger-boat-line\/\" \/>\n<meta property=\"og:locale\" content=\"de_DE\" \/>\n<meta property=\"og:type\" content=\"article\" \/>\n<meta property=\"og:title\" content=\"GAT Luftmassensensorreiniger Boat Line\" \/>\n<meta property=\"og:description\" content=\"Luftmassensensorreiniger - Boat Line f\u00fcr effektive Reinigung von empfindlichen Bauteilen des Luftmassenmessers bei Otto- und Dieselmotoren.\" \/>\n<meta property=\"og:url\" content=\"https:\/\/www.gat-international.de\/de\/produkte\/luftmassensensorreiniger-boat-line\/\" \/>\n<meta property=\"og:site_name\" content=\"GAT Gesellschaft f\u00fcr Kraftstoff- und Automobiltechnologie mbH &amp; Co. KG\" \/>\n<meta property=\"article:modified_time\" content=\"2023-02-25T08:18:28+00:00\" \/>\n<meta property=\"og:image\" content=\"https:\/\/www.gat-international.de\/wp-content\/uploads\/2022\/01\/Airflow_Sensor_Cleaner_200ml_RGB-1-scaled.jpg\" \/>\n\t<meta property=\"og:image:width\" content=\"2560\" \/>\n\t<meta property=\"og:image:height\" content=\"2560\" \/>\n\t<meta property=\"og:image:type\" content=\"image\/jpeg\" \/>\n<meta name=\"twitter:card\" content=\"summary_large_image\" \/>\n<meta name=\"twitter:label1\" content=\"Gesch\u00e4tzte Lesezeit\" \/>\n\t<meta name=\"twitter:data1\" content=\"1\u00a0Minute\" \/>\n<script type=\"application\/ld+json\" class=\"yoast-schema-graph\">{\"@context\":\"https:\/\/schema.org\",\"@graph\":[{\"@type\":\"WebPage\",\"@id\":\"https:\/\/www.gat-international.de\/de\/produkte\/luftmassensensorreiniger-boat-line\/\",\"url\":\"https:\/\/www.gat-international.de\/de\/produkte\/luftmassensensorreiniger-boat-line\/\",\"name\":\"GAT Luftmassensensorreiniger Boat Line\",\"isPartOf\":{\"@id\":\"https:\/\/www.gat-international.de\/de\/#website\"},\"primaryImageOfPage\":{\"@id\":\"https:\/\/www.gat-international.de\/de\/produkte\/luftmassensensorreiniger-boat-line\/#primaryimage\"},\"image\":{\"@id\":\"https:\/\/www.gat-international.de\/de\/produkte\/luftmassensensorreiniger-boat-line\/#primaryimage\"},\"thumbnailUrl\":\"https:\/\/www.gat-international.de\/wp-content\/uploads\/2022\/01\/Airflow_Sensor_Cleaner_200ml_RGB-1-scaled.jpg\",\"datePublished\":\"2022-01-24T13:21:39+00:00\",\"dateModified\":\"2023-02-25T08:18:28+00:00\",\"description\":\"Luftmassensensorreiniger - Boat Line f\u00fcr effektive Reinigung von empfindlichen Bauteilen des Luftmassenmessers bei Otto- und Dieselmotoren.\",\"breadcrumb\":{\"@id\":\"https:\/\/www.gat-international.de\/de\/produkte\/luftmassensensorreiniger-boat-line\/#breadcrumb\"},\"inLanguage\":\"de\",\"potentialAction\":[{\"@type\":\"ReadAction\",\"target\":[\"https:\/\/www.gat-international.de\/de\/produkte\/luftmassensensorreiniger-boat-line\/\"]}]},{\"@type\":\"ImageObject\",\"inLanguage\":\"de\",\"@id\":\"https:\/\/www.gat-international.de\/de\/produkte\/luftmassensensorreiniger-boat-line\/#primaryimage\",\"url\":\"https:\/\/www.gat-international.de\/wp-content\/uploads\/2022\/01\/Airflow_Sensor_Cleaner_200ml_RGB-1-scaled.jpg\",\"contentUrl\":\"https:\/\/www.gat-international.de\/wp-content\/uploads\/2022\/01\/Airflow_Sensor_Cleaner_200ml_RGB-1-scaled.jpg\",\"width\":2560,\"height\":2560},{\"@type\":\"BreadcrumbList\",\"@id\":\"https:\/\/www.gat-international.de\/de\/produkte\/luftmassensensorreiniger-boat-line\/#breadcrumb\",\"itemListElement\":[{\"@type\":\"ListItem\",\"position\":1,\"name\":\"Startseite\",\"item\":\"https:\/\/www.gat-international.de\/de\/\"},{\"@type\":\"ListItem\",\"position\":2,\"name\":\"Produkte\",\"item\":\"https:\/\/www.gat-international.de\/de\/produkte\/\"},{\"@type\":\"ListItem\",\"position\":3,\"name\":\"Luftmassensensorreiniger\"}]},{\"@type\":\"WebSite\",\"@id\":\"https:\/\/www.gat-international.de\/de\/#website\",\"url\":\"https:\/\/www.gat-international.de\/de\/\",\"name\":\"GAT Gesellschaft f\u00fcr Kraftstoff- und Automobiltechnologie mbH &amp; Co. KG\",\"description\":\"GAT ist ein Hersteller von Additiven und Systemreinigern, die in der eigenen Forschungs- und Entwicklungsabteilung entwickelt und st\u00e4ndig verbessert werden.\",\"potentialAction\":[{\"@type\":\"SearchAction\",\"target\":{\"@type\":\"EntryPoint\",\"urlTemplate\":\"https:\/\/www.gat-international.de\/de\/?s={search_term_string}\"},\"query-input\":{\"@type\":\"PropertyValueSpecification\",\"valueRequired\":true,\"valueName\":\"search_term_string\"}}],\"inLanguage\":\"de\"}]}<\/script>\n<!-- \/ Yoast SEO plugin. -->","yoast_head_json":{"title":"GAT Luftmassensensorreiniger Boat Line","description":"Luftmassensensorreiniger - Boat Line f\u00fcr effektive Reinigung von empfindlichen Bauteilen des Luftmassenmessers bei Otto- und Dieselmotoren.","robots":{"index":"index","follow":"follow","max-snippet":"max-snippet:-1","max-image-preview":"max-image-preview:large","max-video-preview":"max-video-preview:-1"},"canonical":"https:\/\/www.gat-international.de\/de\/produkte\/luftmassensensorreiniger-boat-line\/","og_locale":"de_DE","og_type":"article","og_title":"GAT Luftmassensensorreiniger Boat Line","og_description":"Luftmassensensorreiniger - Boat Line f\u00fcr effektive Reinigung von empfindlichen Bauteilen des Luftmassenmessers bei Otto- und Dieselmotoren.","og_url":"https:\/\/www.gat-international.de\/de\/produkte\/luftmassensensorreiniger-boat-line\/","og_site_name":"GAT Gesellschaft f\u00fcr Kraftstoff- und Automobiltechnologie mbH &amp; Co. KG","article_modified_time":"2023-02-25T08:18:28+00:00","og_image":[{"width":2560,"height":2560,"url":"https:\/\/www.gat-international.de\/wp-content\/uploads\/2022\/01\/Airflow_Sensor_Cleaner_200ml_RGB-1-scaled.jpg","type":"image\/jpeg"}],"twitter_card":"summary_large_image","twitter_misc":{"Gesch\u00e4tzte Lesezeit":"1\u00a0Minute"},"schema":{"@context":"https:\/\/schema.org","@graph":[{"@type":"WebPage","@id":"https:\/\/www.gat-international.de\/de\/produkte\/luftmassensensorreiniger-boat-line\/","url":"https:\/\/www.gat-international.de\/de\/produkte\/luftmassensensorreiniger-boat-line\/","name":"GAT Luftmassensensorreiniger Boat Line","isPartOf":{"@id":"https:\/\/www.gat-international.de\/de\/#website"},"primaryImageOfPage":{"@id":"https:\/\/www.gat-international.de\/de\/produkte\/luftmassensensorreiniger-boat-line\/#primaryimage"},"image":{"@id":"https:\/\/www.gat-international.de\/de\/produkte\/luftmassensensorreiniger-boat-line\/#primaryimage"},"thumbnailUrl":"https:\/\/www.gat-international.de\/wp-content\/uploads\/2022\/01\/Airflow_Sensor_Cleaner_200ml_RGB-1-scaled.jpg","datePublished":"2022-01-24T13:21:39+00:00","dateModified":"2023-02-25T08:18:28+00:00","description":"Luftmassensensorreiniger - Boat Line f\u00fcr effektive Reinigung von empfindlichen Bauteilen des Luftmassenmessers bei Otto- und Dieselmotoren.","breadcrumb":{"@id":"https:\/\/www.gat-international.de\/de\/produkte\/luftmassensensorreiniger-boat-line\/#breadcrumb"},"inLanguage":"de","potentialAction":[{"@type":"ReadAction","target":["https:\/\/www.gat-international.de\/de\/produkte\/luftmassensensorreiniger-boat-line\/"]}]},{"@type":"ImageObject","inLanguage":"de","@id":"https:\/\/www.gat-international.de\/de\/produkte\/luftmassensensorreiniger-boat-line\/#primaryimage","url":"https:\/\/www.gat-international.de\/wp-content\/uploads\/2022\/01\/Airflow_Sensor_Cleaner_200ml_RGB-1-scaled.jpg","contentUrl":"https:\/\/www.gat-international.de\/wp-content\/uploads\/2022\/01\/Airflow_Sensor_Cleaner_200ml_RGB-1-scaled.jpg","width":2560,"height":2560},{"@type":"BreadcrumbList","@id":"https:\/\/www.gat-international.de\/de\/produkte\/luftmassensensorreiniger-boat-line\/#breadcrumb","itemListElement":[{"@type":"ListItem","position":1,"name":"Startseite","item":"https:\/\/www.gat-international.de\/de\/"},{"@type":"ListItem","position":2,"name":"Produkte","item":"https:\/\/www.gat-international.de\/de\/produkte\/"},{"@type":"ListItem","position":3,"name":"Luftmassensensorreiniger"}]},{"@type":"WebSite","@id":"https:\/\/www.gat-international.de\/de\/#website","url":"https:\/\/www.gat-international.de\/de\/","name":"GAT Gesellschaft f\u00fcr Kraftstoff- und Automobiltechnologie mbH &amp; Co. KG","description":"GAT ist ein Hersteller von Additiven und Systemreinigern, die in der eigenen Forschungs- und Entwicklungsabteilung entwickelt und st\u00e4ndig verbessert werden.","potentialAction":[{"@type":"SearchAction","target":{"@type":"EntryPoint","urlTemplate":"https:\/\/www.gat-international.de\/de\/?s={search_term_string}"},"query-input":{"@type":"PropertyValueSpecification","valueRequired":true,"valueName":"search_term_string"}}],"inLanguage":"de"}]}},"_links":{"self":[{"href":"https:\/\/www.gat-international.de\/de\/wp-json\/wp\/v2\/product\/2303","targetHints":{"allow":["GET"]}}],"collection":[{"href":"https:\/\/www.gat-international.de\/de\/wp-json\/wp\/v2\/product"}],"about":[{"href":"https:\/\/www.gat-international.de\/de\/wp-json\/wp\/v2\/types\/product"}],"version-history":[{"count":0,"href":"https:\/\/www.gat-international.de\/de\/wp-json\/wp\/v2\/product\/2303\/revisions"}],"wp:featuredmedia":[{"embeddable":true,"href":"https:\/\/www.gat-international.de\/de\/wp-json\/wp\/v2\/media\/17813"}],"wp:attachment":[{"href":"https:\/\/www.gat-international.de\/de\/wp-json\/wp\/v2\/media?parent=2303"}],"wp:term":[{"taxonomy":"product_brand","embeddable":true,"href":"https:\/\/www.gat-international.de\/de\/wp-json\/wp\/v2\/product_brand?post=2303"},{"taxonomy":"product_cat","embeddable":true,"href":"https:\/\/www.gat-international.de\/de\/wp-json\/wp\/v2\/product_cat?post=2303"},{"taxonomy":"product_tag","embeddable":true,"href":"https:\/\/www.gat-international.de\/de\/wp-json\/wp\/v2\/product_tag?post=2303"}],"curies":[{"name":"wp","href":"https:\/\/api.w.org\/{rel}","templated":true}]}}