{"id":2336,"date":"2022-01-25T15:04:01","date_gmt":"2022-01-25T14:04:01","guid":{"rendered":"https:\/\/gat-germany.de\/de\/?post_type=product&#038;p=2336"},"modified":"2022-03-11T09:05:43","modified_gmt":"2022-03-11T08:05:43","slug":"dieselsystemreiniger-hybrid-car-line","status":"publish","type":"product","link":"https:\/\/www.gat-international.de\/de\/produkte\/dieselsystemreiniger-hybrid-car-line\/","title":{"rendered":"Dieselsystemreiniger HYBRID"},"content":{"rendered":"<p>Der GAT Dieselsystemreiniger HYBRID ist ein Hochleistungsadditiv, das speziell f\u00fcr den Einsatz in dieselbetriebenen Hybrid-Fahrzeugen geeignet ist. Entfernt zuverl\u00e4ssig betriebsbedingte Ablagerungen im gesamten Kraftstoffsystem vom Tank bis zu den Brennr\u00e4umen. Bindet Feuchtigkeit, entfernt diese aus dem Dieselsystem und sch\u00fctzt so wirkungsvoll alle Hochdruckaggregate. Sichert nachhaltig eine optimale Kraftstoffzerst\u00e4ubung. Schmiert und sch\u00fctzt alle kraftstofff\u00fchrenden Bauteile. Bestens geeignet f\u00fcr Fahrzeuge mit Dieselpartikelfilter.<\/p>\n<p><strong>Vorteile:<\/strong> Ein sauberes Kraftstoffsystem ist Voraussetzung f\u00fcr eine kraftvolle Verbrennung und einen effizienten Motorlauf im Hybridfahrzeug! Erh\u00f6hte Schmierf\u00e4higkeit reduziert den Verschlei\u00df, optimiert den Kraftstoffverbrauch sowie die Abgaswerte und sorgt f\u00fcr erh\u00f6hte Betriebssicherheit speziell bei h\u00e4ufigen Lastenwechseln in Hybrid-Fahrzeugen.<\/p>\n","protected":false},"excerpt":{"rendered":"<h5>Anwendungsdauer:<\/h5>\n<p>wirkt w\u00e4hrend der Fahrt<\/p>\n<h5>Anwendungsgebiet:<\/h5>\n<p>zur Verwendung in allen Dieselmotoren<\/p>\n<h5>Verbrauch:<\/h5>\n<p>50 ml pro 10 L<\/p>\n<h5>Anwendungsintervall:<\/h5>\n<p>mit jeder Tankf\u00fcllung<\/p>\n","protected":false},"featured_media":6401,"template":"","meta":{"site-sidebar-layout":"default","site-content-layout":"default","ast-site-content-layout":"default","site-content-style":"default","site-sidebar-style":"default","ast-global-header-display":"","ast-banner-title-visibility":"","ast-main-header-display":"","ast-hfb-above-header-display":"","ast-hfb-below-header-display":"","ast-hfb-mobile-header-display":"","site-post-title":"","ast-breadcrumbs-content":"","ast-featured-img":"","footer-sml-layout":"","ast-disable-related-posts":"","theme-transparent-header-meta":"default","adv-header-id-meta":"","stick-header-meta":"","header-above-stick-meta":"","header-main-stick-meta":"","header-below-stick-meta":"","astra-migrate-meta-layouts":"default","ast-page-background-enabled":"default","ast-page-background-meta":{"desktop":{"background-color":"var(--ast-global-color-4)","background-image":"","background-repeat":"repeat","background-position":"center center","background-size":"auto","background-attachment":"scroll","background-type":"","background-media":"","overlay-type":"","overlay-color":"","overlay-opacity":"","overlay-gradient":""},"tablet":{"background-color":"","background-image":"","background-repeat":"repeat","background-position":"center center","background-size":"auto","background-attachment":"scroll","background-type":"","background-media":"","overlay-type":"","overlay-color":"","overlay-opacity":"","overlay-gradient":""},"mobile":{"background-color":"","background-image":"","background-repeat":"repeat","background-position":"center center","background-size":"auto","background-attachment":"scroll","background-type":"","background-media":"","overlay-type":"","overlay-color":"","overlay-opacity":"","overlay-gradient":""}},"ast-content-background-meta":{"desktop":{"background-color":"var(--ast-global-color-5)","background-image":"","background-repeat":"repeat","background-position":"center center","background-size":"auto","background-attachment":"scroll","background-type":"","background-media":"","overlay-type":"","overlay-color":"","overlay-opacity":"","overlay-gradient":""},"tablet":{"background-color":"var(--ast-global-color-5)","background-image":"","background-repeat":"repeat","background-position":"center center","background-size":"auto","background-attachment":"scroll","background-type":"","background-media":"","overlay-type":"","overlay-color":"","overlay-opacity":"","overlay-gradient":""},"mobile":{"background-color":"var(--ast-global-color-5)","background-image":"","background-repeat":"repeat","background-position":"center center","background-size":"auto","background-attachment":"scroll","background-type":"","background-media":"","overlay-type":"","overlay-color":"","overlay-opacity":"","overlay-gradient":""}}},"product_brand":[],"product_cat":[39,65],"product_tag":[42,44,101,369,102,41,43],"class_list":{"0":"post-2336","1":"product","2":"type-product","3":"status-publish","4":"has-post-thumbnail","6":"product_cat-car-line","7":"product_cat-diesel-system","8":"product_tag-car","9":"product_tag-cleaner","10":"product_tag-diesel","11":"product_tag-diesel-system-2","12":"product_tag-dieselsystem","13":"product_tag-hybrid","14":"product_tag-reiniger","15":"desktop-align-left","16":"tablet-align-left","17":"mobile-align-left","19":"first","20":"instock","21":"taxable","22":"shipping-taxable","23":"product-type-simple"},"yoast_head":"<!-- This site is optimized with the Yoast SEO plugin v27.1.1 - https:\/\/yoast.com\/product\/yoast-seo-wordpress\/ -->\n<title>Dieselsystemreiniger HYBRID - Car Line<\/title>\n<meta name=\"description\" content=\"Dieselsystemreiniger HYBRID - Car Line ist ein Hochleistungsadditiv, speziell f\u00fcr den Einsatz in dieselbetriebenen Hybrid-Fahrzeugen.\" \/>\n<meta name=\"robots\" content=\"index, follow, max-snippet:-1, max-image-preview:large, max-video-preview:-1\" \/>\n<link rel=\"canonical\" href=\"https:\/\/www.gat-international.de\/de\/produkte\/dieselsystemreiniger-hybrid-car-line\/\" \/>\n<meta property=\"og:locale\" content=\"de_DE\" \/>\n<meta property=\"og:type\" content=\"article\" \/>\n<meta property=\"og:title\" content=\"Dieselsystemreiniger HYBRID - Car Line\" \/>\n<meta property=\"og:description\" content=\"Dieselsystemreiniger HYBRID - Car Line ist ein Hochleistungsadditiv, speziell f\u00fcr den Einsatz in dieselbetriebenen Hybrid-Fahrzeugen.\" \/>\n<meta property=\"og:url\" content=\"https:\/\/www.gat-international.de\/de\/produkte\/dieselsystemreiniger-hybrid-car-line\/\" \/>\n<meta property=\"og:site_name\" content=\"GAT Gesellschaft f\u00fcr Kraftstoff- und Automobiltechnologie mbH &amp; Co. KG\" \/>\n<meta property=\"article:modified_time\" content=\"2022-03-11T08:05:43+00:00\" \/>\n<meta property=\"og:image\" content=\"https:\/\/www.gat-international.de\/wp-content\/uploads\/2022\/01\/Diesel_System_Cleaner_HYBRID_200ml_RGB-scaled.jpg\" \/>\n\t<meta property=\"og:image:width\" content=\"2560\" \/>\n\t<meta property=\"og:image:height\" content=\"2560\" \/>\n\t<meta property=\"og:image:type\" content=\"image\/jpeg\" \/>\n<meta name=\"twitter:card\" content=\"summary_large_image\" \/>\n<meta name=\"twitter:label1\" content=\"Gesch\u00e4tzte Lesezeit\" \/>\n\t<meta name=\"twitter:data1\" content=\"1\u00a0Minute\" \/>\n<script type=\"application\/ld+json\" class=\"yoast-schema-graph\">{\"@context\":\"https:\/\/schema.org\",\"@graph\":[{\"@type\":\"WebPage\",\"@id\":\"https:\/\/www.gat-international.de\/de\/produkte\/dieselsystemreiniger-hybrid-car-line\/\",\"url\":\"https:\/\/www.gat-international.de\/de\/produkte\/dieselsystemreiniger-hybrid-car-line\/\",\"name\":\"Dieselsystemreiniger HYBRID - Car Line\",\"isPartOf\":{\"@id\":\"https:\/\/www.gat-international.de\/de\/#website\"},\"primaryImageOfPage\":{\"@id\":\"https:\/\/www.gat-international.de\/de\/produkte\/dieselsystemreiniger-hybrid-car-line\/#primaryimage\"},\"image\":{\"@id\":\"https:\/\/www.gat-international.de\/de\/produkte\/dieselsystemreiniger-hybrid-car-line\/#primaryimage\"},\"thumbnailUrl\":\"https:\/\/www.gat-international.de\/wp-content\/uploads\/2022\/01\/Diesel_System_Cleaner_HYBRID_200ml_RGB-scaled.jpg\",\"datePublished\":\"2022-01-25T14:04:01+00:00\",\"dateModified\":\"2022-03-11T08:05:43+00:00\",\"description\":\"Dieselsystemreiniger HYBRID - Car Line ist ein Hochleistungsadditiv, speziell f\u00fcr den Einsatz in dieselbetriebenen Hybrid-Fahrzeugen.\",\"breadcrumb\":{\"@id\":\"https:\/\/www.gat-international.de\/de\/produkte\/dieselsystemreiniger-hybrid-car-line\/#breadcrumb\"},\"inLanguage\":\"de\",\"potentialAction\":[{\"@type\":\"ReadAction\",\"target\":[\"https:\/\/www.gat-international.de\/de\/produkte\/dieselsystemreiniger-hybrid-car-line\/\"]}]},{\"@type\":\"ImageObject\",\"inLanguage\":\"de\",\"@id\":\"https:\/\/www.gat-international.de\/de\/produkte\/dieselsystemreiniger-hybrid-car-line\/#primaryimage\",\"url\":\"https:\/\/www.gat-international.de\/wp-content\/uploads\/2022\/01\/Diesel_System_Cleaner_HYBRID_200ml_RGB-scaled.jpg\",\"contentUrl\":\"https:\/\/www.gat-international.de\/wp-content\/uploads\/2022\/01\/Diesel_System_Cleaner_HYBRID_200ml_RGB-scaled.jpg\",\"width\":2560,\"height\":2560},{\"@type\":\"BreadcrumbList\",\"@id\":\"https:\/\/www.gat-international.de\/de\/produkte\/dieselsystemreiniger-hybrid-car-line\/#breadcrumb\",\"itemListElement\":[{\"@type\":\"ListItem\",\"position\":1,\"name\":\"Startseite\",\"item\":\"https:\/\/www.gat-international.de\/de\/\"},{\"@type\":\"ListItem\",\"position\":2,\"name\":\"Produkte\",\"item\":\"https:\/\/www.gat-international.de\/de\/produkte\/\"},{\"@type\":\"ListItem\",\"position\":3,\"name\":\"Dieselsystemreiniger HYBRID\"}]},{\"@type\":\"WebSite\",\"@id\":\"https:\/\/www.gat-international.de\/de\/#website\",\"url\":\"https:\/\/www.gat-international.de\/de\/\",\"name\":\"GAT Gesellschaft f\u00fcr Kraftstoff- und Automobiltechnologie mbH &amp; Co. KG\",\"description\":\"GAT ist ein Hersteller von Additiven und Systemreinigern, die in der eigenen Forschungs- und Entwicklungsabteilung entwickelt und st\u00e4ndig verbessert werden.\",\"potentialAction\":[{\"@type\":\"SearchAction\",\"target\":{\"@type\":\"EntryPoint\",\"urlTemplate\":\"https:\/\/www.gat-international.de\/de\/?s={search_term_string}\"},\"query-input\":{\"@type\":\"PropertyValueSpecification\",\"valueRequired\":true,\"valueName\":\"search_term_string\"}}],\"inLanguage\":\"de\"}]}<\/script>\n<!-- \/ Yoast SEO plugin. -->","yoast_head_json":{"title":"Dieselsystemreiniger HYBRID - Car Line","description":"Dieselsystemreiniger HYBRID - Car Line ist ein Hochleistungsadditiv, speziell f\u00fcr den Einsatz in dieselbetriebenen Hybrid-Fahrzeugen.","robots":{"index":"index","follow":"follow","max-snippet":"max-snippet:-1","max-image-preview":"max-image-preview:large","max-video-preview":"max-video-preview:-1"},"canonical":"https:\/\/www.gat-international.de\/de\/produkte\/dieselsystemreiniger-hybrid-car-line\/","og_locale":"de_DE","og_type":"article","og_title":"Dieselsystemreiniger HYBRID - Car Line","og_description":"Dieselsystemreiniger HYBRID - Car Line ist ein Hochleistungsadditiv, speziell f\u00fcr den Einsatz in dieselbetriebenen Hybrid-Fahrzeugen.","og_url":"https:\/\/www.gat-international.de\/de\/produkte\/dieselsystemreiniger-hybrid-car-line\/","og_site_name":"GAT Gesellschaft f\u00fcr Kraftstoff- und Automobiltechnologie mbH &amp; Co. KG","article_modified_time":"2022-03-11T08:05:43+00:00","og_image":[{"width":2560,"height":2560,"url":"https:\/\/www.gat-international.de\/wp-content\/uploads\/2022\/01\/Diesel_System_Cleaner_HYBRID_200ml_RGB-scaled.jpg","type":"image\/jpeg"}],"twitter_card":"summary_large_image","twitter_misc":{"Gesch\u00e4tzte Lesezeit":"1\u00a0Minute"},"schema":{"@context":"https:\/\/schema.org","@graph":[{"@type":"WebPage","@id":"https:\/\/www.gat-international.de\/de\/produkte\/dieselsystemreiniger-hybrid-car-line\/","url":"https:\/\/www.gat-international.de\/de\/produkte\/dieselsystemreiniger-hybrid-car-line\/","name":"Dieselsystemreiniger HYBRID - Car Line","isPartOf":{"@id":"https:\/\/www.gat-international.de\/de\/#website"},"primaryImageOfPage":{"@id":"https:\/\/www.gat-international.de\/de\/produkte\/dieselsystemreiniger-hybrid-car-line\/#primaryimage"},"image":{"@id":"https:\/\/www.gat-international.de\/de\/produkte\/dieselsystemreiniger-hybrid-car-line\/#primaryimage"},"thumbnailUrl":"https:\/\/www.gat-international.de\/wp-content\/uploads\/2022\/01\/Diesel_System_Cleaner_HYBRID_200ml_RGB-scaled.jpg","datePublished":"2022-01-25T14:04:01+00:00","dateModified":"2022-03-11T08:05:43+00:00","description":"Dieselsystemreiniger HYBRID - Car Line ist ein Hochleistungsadditiv, speziell f\u00fcr den Einsatz in dieselbetriebenen Hybrid-Fahrzeugen.","breadcrumb":{"@id":"https:\/\/www.gat-international.de\/de\/produkte\/dieselsystemreiniger-hybrid-car-line\/#breadcrumb"},"inLanguage":"de","potentialAction":[{"@type":"ReadAction","target":["https:\/\/www.gat-international.de\/de\/produkte\/dieselsystemreiniger-hybrid-car-line\/"]}]},{"@type":"ImageObject","inLanguage":"de","@id":"https:\/\/www.gat-international.de\/de\/produkte\/dieselsystemreiniger-hybrid-car-line\/#primaryimage","url":"https:\/\/www.gat-international.de\/wp-content\/uploads\/2022\/01\/Diesel_System_Cleaner_HYBRID_200ml_RGB-scaled.jpg","contentUrl":"https:\/\/www.gat-international.de\/wp-content\/uploads\/2022\/01\/Diesel_System_Cleaner_HYBRID_200ml_RGB-scaled.jpg","width":2560,"height":2560},{"@type":"BreadcrumbList","@id":"https:\/\/www.gat-international.de\/de\/produkte\/dieselsystemreiniger-hybrid-car-line\/#breadcrumb","itemListElement":[{"@type":"ListItem","position":1,"name":"Startseite","item":"https:\/\/www.gat-international.de\/de\/"},{"@type":"ListItem","position":2,"name":"Produkte","item":"https:\/\/www.gat-international.de\/de\/produkte\/"},{"@type":"ListItem","position":3,"name":"Dieselsystemreiniger HYBRID"}]},{"@type":"WebSite","@id":"https:\/\/www.gat-international.de\/de\/#website","url":"https:\/\/www.gat-international.de\/de\/","name":"GAT Gesellschaft f\u00fcr Kraftstoff- und Automobiltechnologie mbH &amp; Co. KG","description":"GAT ist ein Hersteller von Additiven und Systemreinigern, die in der eigenen Forschungs- und Entwicklungsabteilung entwickelt und st\u00e4ndig verbessert werden.","potentialAction":[{"@type":"SearchAction","target":{"@type":"EntryPoint","urlTemplate":"https:\/\/www.gat-international.de\/de\/?s={search_term_string}"},"query-input":{"@type":"PropertyValueSpecification","valueRequired":true,"valueName":"search_term_string"}}],"inLanguage":"de"}]}},"_links":{"self":[{"href":"https:\/\/www.gat-international.de\/de\/wp-json\/wp\/v2\/product\/2336","targetHints":{"allow":["GET"]}}],"collection":[{"href":"https:\/\/www.gat-international.de\/de\/wp-json\/wp\/v2\/product"}],"about":[{"href":"https:\/\/www.gat-international.de\/de\/wp-json\/wp\/v2\/types\/product"}],"version-history":[{"count":0,"href":"https:\/\/www.gat-international.de\/de\/wp-json\/wp\/v2\/product\/2336\/revisions"}],"wp:featuredmedia":[{"embeddable":true,"href":"https:\/\/www.gat-international.de\/de\/wp-json\/wp\/v2\/media\/6401"}],"wp:attachment":[{"href":"https:\/\/www.gat-international.de\/de\/wp-json\/wp\/v2\/media?parent=2336"}],"wp:term":[{"taxonomy":"product_brand","embeddable":true,"href":"https:\/\/www.gat-international.de\/de\/wp-json\/wp\/v2\/product_brand?post=2336"},{"taxonomy":"product_cat","embeddable":true,"href":"https:\/\/www.gat-international.de\/de\/wp-json\/wp\/v2\/product_cat?post=2336"},{"taxonomy":"product_tag","embeddable":true,"href":"https:\/\/www.gat-international.de\/de\/wp-json\/wp\/v2\/product_tag?post=2336"}],"curies":[{"name":"wp","href":"https:\/\/api.w.org\/{rel}","templated":true}]}}