{"id":2413,"date":"2022-01-26T10:10:27","date_gmt":"2022-01-26T09:10:27","guid":{"rendered":"https:\/\/gat-germany.de\/de\/?post_type=product&#038;p=2413"},"modified":"2022-08-02T18:08:13","modified_gmt":"2022-08-02T16:08:13","slug":"dieselpartikelfilter-spuelung","status":"publish","type":"product","link":"https:\/\/www.gat-international.de\/de\/produkte\/dieselpartikelfilter-spuelung\/","title":{"rendered":"Dieselpartikelfilter Sp\u00fclung"},"content":{"rendered":"<p>Die GAT Dieselpartikelfilter Sp\u00fclung ist eine hochwirksame Additiv-Kombination zur Reinigung von Dieselpartikelfiltern im ausgebauten Zustand. L\u00f6st betriebsbedingte Verschmutzungen und regeneriert somit den Diesel Partikelfilter.<\/p>\n<p><strong>Vorteile:<\/strong> Reinigt den Dieselpartikelfilter. L\u00f6st alle typischen R\u00fcckst\u00e4nde und Verschmutzungen. Biologisch gut abbaubar. Deutliche Kostenvorteile gegen\u00fcber Neufiltereinbau.<\/p>\n","protected":false},"excerpt":{"rendered":"<h5>Anwendungsdauer:<\/h5>\n<p>8 bis 10 Stunden Einwirkungsdauer<\/p>\n<h5>Anwendungsgebiet:<\/h5>\n<p>Direktanwendung f\u00fcr alle Dieselpartikelfilter<\/p>\n<h5>Verbrauch:<\/h5>\n<p>250 ml pro 1 L<\/p>\n<h5>Anwendungsintervall:<\/h5>\n<p>bei Bedarf<\/p>\n","protected":false},"featured_media":14985,"template":"","meta":{"site-sidebar-layout":"default","site-content-layout":"default","ast-site-content-layout":"default","site-content-style":"default","site-sidebar-style":"default","ast-global-header-display":"","ast-banner-title-visibility":"","ast-main-header-display":"","ast-hfb-above-header-display":"","ast-hfb-below-header-display":"","ast-hfb-mobile-header-display":"","site-post-title":"","ast-breadcrumbs-content":"","ast-featured-img":"","footer-sml-layout":"","ast-disable-related-posts":"","theme-transparent-header-meta":"default","adv-header-id-meta":"","stick-header-meta":"","header-above-stick-meta":"","header-main-stick-meta":"","header-below-stick-meta":"","astra-migrate-meta-layouts":"default","ast-page-background-enabled":"default","ast-page-background-meta":{"desktop":{"background-color":"var(--ast-global-color-4)","background-image":"","background-repeat":"repeat","background-position":"center center","background-size":"auto","background-attachment":"scroll","background-type":"","background-media":"","overlay-type":"","overlay-color":"","overlay-opacity":"","overlay-gradient":""},"tablet":{"background-color":"","background-image":"","background-repeat":"repeat","background-position":"center center","background-size":"auto","background-attachment":"scroll","background-type":"","background-media":"","overlay-type":"","overlay-color":"","overlay-opacity":"","overlay-gradient":""},"mobile":{"background-color":"","background-image":"","background-repeat":"repeat","background-position":"center center","background-size":"auto","background-attachment":"scroll","background-type":"","background-media":"","overlay-type":"","overlay-color":"","overlay-opacity":"","overlay-gradient":""}},"ast-content-background-meta":{"desktop":{"background-color":"var(--ast-global-color-5)","background-image":"","background-repeat":"repeat","background-position":"center center","background-size":"auto","background-attachment":"scroll","background-type":"","background-media":"","overlay-type":"","overlay-color":"","overlay-opacity":"","overlay-gradient":""},"tablet":{"background-color":"var(--ast-global-color-5)","background-image":"","background-repeat":"repeat","background-position":"center center","background-size":"auto","background-attachment":"scroll","background-type":"","background-media":"","overlay-type":"","overlay-color":"","overlay-opacity":"","overlay-gradient":""},"mobile":{"background-color":"var(--ast-global-color-5)","background-image":"","background-repeat":"repeat","background-position":"center center","background-size":"auto","background-attachment":"scroll","background-type":"","background-media":"","overlay-type":"","overlay-color":"","overlay-opacity":"","overlay-gradient":""}}},"product_brand":[],"product_cat":[39,65,79,60],"product_tag":[101,369,102,398,411],"class_list":{"0":"post-2413","1":"product","2":"type-product","3":"status-publish","4":"has-post-thumbnail","6":"product_cat-car-line","7":"product_cat-diesel-system","8":"product_cat-diesel-system-truck","9":"product_cat-truck-line","10":"product_tag-diesel","11":"product_tag-diesel-system-2","12":"product_tag-dieselsystem","13":"product_tag-dpf","14":"product_tag-spuelung","15":"desktop-align-left","16":"tablet-align-left","17":"mobile-align-left","19":"first","20":"instock","21":"taxable","22":"shipping-taxable","23":"product-type-simple"},"yoast_head":"<!-- This site is optimized with the Yoast SEO plugin v27.1.1 - https:\/\/yoast.com\/product\/yoast-seo-wordpress\/ -->\n<title>GAT Dieselpartikelfilter Sp\u00fclung<\/title>\n<meta name=\"description\" content=\"Dieselpartikelfilter Sp\u00fclung ist eine hochwirksame Kombination zur Reinigung von Dieselpartikelfiltern im ausgebauten Zustand.\" \/>\n<meta name=\"robots\" content=\"index, follow, max-snippet:-1, max-image-preview:large, max-video-preview:-1\" \/>\n<link rel=\"canonical\" href=\"https:\/\/www.gat-international.de\/de\/produkte\/dieselpartikelfilter-spuelung\/\" \/>\n<meta property=\"og:locale\" content=\"de_DE\" \/>\n<meta property=\"og:type\" content=\"article\" \/>\n<meta property=\"og:title\" content=\"GAT Dieselpartikelfilter Sp\u00fclung\" \/>\n<meta property=\"og:description\" content=\"Dieselpartikelfilter Sp\u00fclung ist eine hochwirksame Kombination zur Reinigung von Dieselpartikelfiltern im ausgebauten Zustand.\" \/>\n<meta property=\"og:url\" content=\"https:\/\/www.gat-international.de\/de\/produkte\/dieselpartikelfilter-spuelung\/\" \/>\n<meta property=\"og:site_name\" content=\"GAT Gesellschaft f\u00fcr Kraftstoff- und Automobiltechnologie mbH &amp; Co. KG\" \/>\n<meta property=\"article:modified_time\" content=\"2022-08-02T16:08:13+00:00\" \/>\n<meta property=\"og:image\" content=\"https:\/\/www.gat-international.de\/wp-content\/uploads\/2022\/01\/DPF_Cleaning_Liquid_1000ml_RGB-1.jpg\" \/>\n\t<meta property=\"og:image:width\" content=\"1000\" \/>\n\t<meta property=\"og:image:height\" content=\"1000\" \/>\n\t<meta property=\"og:image:type\" content=\"image\/jpeg\" \/>\n<meta name=\"twitter:card\" content=\"summary_large_image\" \/>\n<meta name=\"twitter:label1\" content=\"Gesch\u00e4tzte Lesezeit\" \/>\n\t<meta name=\"twitter:data1\" content=\"1\u00a0Minute\" \/>\n<script type=\"application\/ld+json\" class=\"yoast-schema-graph\">{\"@context\":\"https:\/\/schema.org\",\"@graph\":[{\"@type\":\"WebPage\",\"@id\":\"https:\/\/www.gat-international.de\/de\/produkte\/dieselpartikelfilter-spuelung\/\",\"url\":\"https:\/\/www.gat-international.de\/de\/produkte\/dieselpartikelfilter-spuelung\/\",\"name\":\"GAT Dieselpartikelfilter Sp\u00fclung\",\"isPartOf\":{\"@id\":\"https:\/\/www.gat-international.de\/de\/#website\"},\"primaryImageOfPage\":{\"@id\":\"https:\/\/www.gat-international.de\/de\/produkte\/dieselpartikelfilter-spuelung\/#primaryimage\"},\"image\":{\"@id\":\"https:\/\/www.gat-international.de\/de\/produkte\/dieselpartikelfilter-spuelung\/#primaryimage\"},\"thumbnailUrl\":\"https:\/\/www.gat-international.de\/wp-content\/uploads\/2022\/01\/DPF_Cleaning_Liquid_1000ml_RGB-1.jpg\",\"datePublished\":\"2022-01-26T09:10:27+00:00\",\"dateModified\":\"2022-08-02T16:08:13+00:00\",\"description\":\"Dieselpartikelfilter Sp\u00fclung ist eine hochwirksame Kombination zur Reinigung von Dieselpartikelfiltern im ausgebauten Zustand.\",\"breadcrumb\":{\"@id\":\"https:\/\/www.gat-international.de\/de\/produkte\/dieselpartikelfilter-spuelung\/#breadcrumb\"},\"inLanguage\":\"de\",\"potentialAction\":[{\"@type\":\"ReadAction\",\"target\":[\"https:\/\/www.gat-international.de\/de\/produkte\/dieselpartikelfilter-spuelung\/\"]}]},{\"@type\":\"ImageObject\",\"inLanguage\":\"de\",\"@id\":\"https:\/\/www.gat-international.de\/de\/produkte\/dieselpartikelfilter-spuelung\/#primaryimage\",\"url\":\"https:\/\/www.gat-international.de\/wp-content\/uploads\/2022\/01\/DPF_Cleaning_Liquid_1000ml_RGB-1.jpg\",\"contentUrl\":\"https:\/\/www.gat-international.de\/wp-content\/uploads\/2022\/01\/DPF_Cleaning_Liquid_1000ml_RGB-1.jpg\",\"width\":1000,\"height\":1000},{\"@type\":\"BreadcrumbList\",\"@id\":\"https:\/\/www.gat-international.de\/de\/produkte\/dieselpartikelfilter-spuelung\/#breadcrumb\",\"itemListElement\":[{\"@type\":\"ListItem\",\"position\":1,\"name\":\"Startseite\",\"item\":\"https:\/\/www.gat-international.de\/de\/\"},{\"@type\":\"ListItem\",\"position\":2,\"name\":\"Produkte\",\"item\":\"https:\/\/www.gat-international.de\/de\/produkte\/\"},{\"@type\":\"ListItem\",\"position\":3,\"name\":\"Dieselpartikelfilter Sp\u00fclung\"}]},{\"@type\":\"WebSite\",\"@id\":\"https:\/\/www.gat-international.de\/de\/#website\",\"url\":\"https:\/\/www.gat-international.de\/de\/\",\"name\":\"GAT Gesellschaft f\u00fcr Kraftstoff- und Automobiltechnologie mbH &amp; Co. KG\",\"description\":\"GAT ist ein Hersteller von Additiven und Systemreinigern, die in der eigenen Forschungs- und Entwicklungsabteilung entwickelt und st\u00e4ndig verbessert werden.\",\"potentialAction\":[{\"@type\":\"SearchAction\",\"target\":{\"@type\":\"EntryPoint\",\"urlTemplate\":\"https:\/\/www.gat-international.de\/de\/?s={search_term_string}\"},\"query-input\":{\"@type\":\"PropertyValueSpecification\",\"valueRequired\":true,\"valueName\":\"search_term_string\"}}],\"inLanguage\":\"de\"}]}<\/script>\n<!-- \/ Yoast SEO plugin. -->","yoast_head_json":{"title":"GAT Dieselpartikelfilter Sp\u00fclung","description":"Dieselpartikelfilter Sp\u00fclung ist eine hochwirksame Kombination zur Reinigung von Dieselpartikelfiltern im ausgebauten Zustand.","robots":{"index":"index","follow":"follow","max-snippet":"max-snippet:-1","max-image-preview":"max-image-preview:large","max-video-preview":"max-video-preview:-1"},"canonical":"https:\/\/www.gat-international.de\/de\/produkte\/dieselpartikelfilter-spuelung\/","og_locale":"de_DE","og_type":"article","og_title":"GAT Dieselpartikelfilter Sp\u00fclung","og_description":"Dieselpartikelfilter Sp\u00fclung ist eine hochwirksame Kombination zur Reinigung von Dieselpartikelfiltern im ausgebauten Zustand.","og_url":"https:\/\/www.gat-international.de\/de\/produkte\/dieselpartikelfilter-spuelung\/","og_site_name":"GAT Gesellschaft f\u00fcr Kraftstoff- und Automobiltechnologie mbH &amp; Co. KG","article_modified_time":"2022-08-02T16:08:13+00:00","og_image":[{"width":1000,"height":1000,"url":"https:\/\/www.gat-international.de\/wp-content\/uploads\/2022\/01\/DPF_Cleaning_Liquid_1000ml_RGB-1.jpg","type":"image\/jpeg"}],"twitter_card":"summary_large_image","twitter_misc":{"Gesch\u00e4tzte Lesezeit":"1\u00a0Minute"},"schema":{"@context":"https:\/\/schema.org","@graph":[{"@type":"WebPage","@id":"https:\/\/www.gat-international.de\/de\/produkte\/dieselpartikelfilter-spuelung\/","url":"https:\/\/www.gat-international.de\/de\/produkte\/dieselpartikelfilter-spuelung\/","name":"GAT Dieselpartikelfilter Sp\u00fclung","isPartOf":{"@id":"https:\/\/www.gat-international.de\/de\/#website"},"primaryImageOfPage":{"@id":"https:\/\/www.gat-international.de\/de\/produkte\/dieselpartikelfilter-spuelung\/#primaryimage"},"image":{"@id":"https:\/\/www.gat-international.de\/de\/produkte\/dieselpartikelfilter-spuelung\/#primaryimage"},"thumbnailUrl":"https:\/\/www.gat-international.de\/wp-content\/uploads\/2022\/01\/DPF_Cleaning_Liquid_1000ml_RGB-1.jpg","datePublished":"2022-01-26T09:10:27+00:00","dateModified":"2022-08-02T16:08:13+00:00","description":"Dieselpartikelfilter Sp\u00fclung ist eine hochwirksame Kombination zur Reinigung von Dieselpartikelfiltern im ausgebauten Zustand.","breadcrumb":{"@id":"https:\/\/www.gat-international.de\/de\/produkte\/dieselpartikelfilter-spuelung\/#breadcrumb"},"inLanguage":"de","potentialAction":[{"@type":"ReadAction","target":["https:\/\/www.gat-international.de\/de\/produkte\/dieselpartikelfilter-spuelung\/"]}]},{"@type":"ImageObject","inLanguage":"de","@id":"https:\/\/www.gat-international.de\/de\/produkte\/dieselpartikelfilter-spuelung\/#primaryimage","url":"https:\/\/www.gat-international.de\/wp-content\/uploads\/2022\/01\/DPF_Cleaning_Liquid_1000ml_RGB-1.jpg","contentUrl":"https:\/\/www.gat-international.de\/wp-content\/uploads\/2022\/01\/DPF_Cleaning_Liquid_1000ml_RGB-1.jpg","width":1000,"height":1000},{"@type":"BreadcrumbList","@id":"https:\/\/www.gat-international.de\/de\/produkte\/dieselpartikelfilter-spuelung\/#breadcrumb","itemListElement":[{"@type":"ListItem","position":1,"name":"Startseite","item":"https:\/\/www.gat-international.de\/de\/"},{"@type":"ListItem","position":2,"name":"Produkte","item":"https:\/\/www.gat-international.de\/de\/produkte\/"},{"@type":"ListItem","position":3,"name":"Dieselpartikelfilter Sp\u00fclung"}]},{"@type":"WebSite","@id":"https:\/\/www.gat-international.de\/de\/#website","url":"https:\/\/www.gat-international.de\/de\/","name":"GAT Gesellschaft f\u00fcr Kraftstoff- und Automobiltechnologie mbH &amp; Co. KG","description":"GAT ist ein Hersteller von Additiven und Systemreinigern, die in der eigenen Forschungs- und Entwicklungsabteilung entwickelt und st\u00e4ndig verbessert werden.","potentialAction":[{"@type":"SearchAction","target":{"@type":"EntryPoint","urlTemplate":"https:\/\/www.gat-international.de\/de\/?s={search_term_string}"},"query-input":{"@type":"PropertyValueSpecification","valueRequired":true,"valueName":"search_term_string"}}],"inLanguage":"de"}]}},"_links":{"self":[{"href":"https:\/\/www.gat-international.de\/de\/wp-json\/wp\/v2\/product\/2413","targetHints":{"allow":["GET"]}}],"collection":[{"href":"https:\/\/www.gat-international.de\/de\/wp-json\/wp\/v2\/product"}],"about":[{"href":"https:\/\/www.gat-international.de\/de\/wp-json\/wp\/v2\/types\/product"}],"version-history":[{"count":0,"href":"https:\/\/www.gat-international.de\/de\/wp-json\/wp\/v2\/product\/2413\/revisions"}],"wp:featuredmedia":[{"embeddable":true,"href":"https:\/\/www.gat-international.de\/de\/wp-json\/wp\/v2\/media\/14985"}],"wp:attachment":[{"href":"https:\/\/www.gat-international.de\/de\/wp-json\/wp\/v2\/media?parent=2413"}],"wp:term":[{"taxonomy":"product_brand","embeddable":true,"href":"https:\/\/www.gat-international.de\/de\/wp-json\/wp\/v2\/product_brand?post=2413"},{"taxonomy":"product_cat","embeddable":true,"href":"https:\/\/www.gat-international.de\/de\/wp-json\/wp\/v2\/product_cat?post=2413"},{"taxonomy":"product_tag","embeddable":true,"href":"https:\/\/www.gat-international.de\/de\/wp-json\/wp\/v2\/product_tag?post=2413"}],"curies":[{"name":"wp","href":"https:\/\/api.w.org\/{rel}","templated":true}]}}