{"id":3363,"date":"2022-02-16T10:07:16","date_gmt":"2022-02-16T09:07:16","guid":{"rendered":"https:\/\/gat-germany.de\/de\/?post_type=product&#038;p=3363"},"modified":"2022-06-17T15:36:03","modified_gmt":"2022-06-17T13:36:03","slug":"oelsystemreiniger-truck-line","status":"publish","type":"product","link":"https:\/\/www.gat-international.de\/de\/produkte\/oelsystemreiniger-truck-line\/","title":{"rendered":"\u00d6lsystemreiniger"},"content":{"rendered":"<p>Der GAT \u00d6lsystemreiniger ist f\u00fcr den Einsatz in allen Diesel- und Ottomotoren mit und ohne Turbolader geeignet. Die verwendete Wirkstoffkombination l\u00f6st zuverl\u00e4ssig betriebsbedingte Verschmutzungen und Verharzungen im gesamten \u00d6lkreislauf. Aggressive R\u00fcckst\u00e4nde aus dem Verbrennungsprozess werden beseitigt. Die gel\u00f6sten Verschmutzungen werden beim \u00d6lwechsel mit dem Alt\u00f6l aus dem Motor entfernt. Das Produkt enth\u00e4lt hochwirksame Schmierstoffadditive, die den Motor w\u00e4hrend des Reinigungsprozesses zuverl\u00e4ssig sch\u00fctzen.<\/p>\n<p><strong>Vorteile:<\/strong> Nur ein sauberer Motor entfaltet seine volle Leistung! Einfache Anwendung ohne zus\u00e4tzlichen Arbeitsaufwand. Ablagerungen und R\u00fcckst\u00e4nde an Kolbenringen, \u00d6lkan\u00e4len und Geh\u00e4usewandungen sowie an Hydrost\u00f6\u00dfeln und dem Ventiltrieb werden nachhaltig entfernt. Im Ergebnis zeigt sich eine deutlich verbesserte und gleichm\u00e4\u00dfigere Kompression an allen Zylindern. Kraftstoff- und \u00d6lverbrauch sowie Verschlei\u00df werden reduziert. Verringerte Abgasemissionswerte tragen zum Schutz der Umwelt bei und erh\u00f6hen die Lebensdauer des Katalysators. Die Verunreinigung des frischen Motor\u00f6ls durch R\u00fcckst\u00e4nde und Ablagerungen aus dem Alt\u00f6l wird vermindert.<\/p>\n","protected":false},"excerpt":{"rendered":"<h5>Anwendungsdauer:<\/h5>\n<p>ca. 15-20 Minuten<\/p>\n<h5>Anwendungsgebiet:<\/h5>\n<p>zur Verwendung in allen Diesel- und Benzinmotoren<\/p>\n<h5>Verbrauch:<\/h5>\n<p>60 ml pro 1 L<\/p>\n<h5>Anwendungsintervall:<\/h5>\n<p>vor jedem \u00d6lwechsel<\/p>\n","protected":false},"featured_media":6607,"template":"","meta":{"site-sidebar-layout":"default","site-content-layout":"default","ast-site-content-layout":"default","site-content-style":"default","site-sidebar-style":"default","ast-global-header-display":"","ast-banner-title-visibility":"","ast-main-header-display":"","ast-hfb-above-header-display":"","ast-hfb-below-header-display":"","ast-hfb-mobile-header-display":"","site-post-title":"","ast-breadcrumbs-content":"","ast-featured-img":"","footer-sml-layout":"","ast-disable-related-posts":"","theme-transparent-header-meta":"default","adv-header-id-meta":"","stick-header-meta":"","header-above-stick-meta":"","header-main-stick-meta":"","header-below-stick-meta":"","astra-migrate-meta-layouts":"default","ast-page-background-enabled":"default","ast-page-background-meta":{"desktop":{"background-color":"var(--ast-global-color-4)","background-image":"","background-repeat":"repeat","background-position":"center center","background-size":"auto","background-attachment":"scroll","background-type":"","background-media":"","overlay-type":"","overlay-color":"","overlay-opacity":"","overlay-gradient":""},"tablet":{"background-color":"","background-image":"","background-repeat":"repeat","background-position":"center center","background-size":"auto","background-attachment":"scroll","background-type":"","background-media":"","overlay-type":"","overlay-color":"","overlay-opacity":"","overlay-gradient":""},"mobile":{"background-color":"","background-image":"","background-repeat":"repeat","background-position":"center center","background-size":"auto","background-attachment":"scroll","background-type":"","background-media":"","overlay-type":"","overlay-color":"","overlay-opacity":"","overlay-gradient":""}},"ast-content-background-meta":{"desktop":{"background-color":"var(--ast-global-color-5)","background-image":"","background-repeat":"repeat","background-position":"center center","background-size":"auto","background-attachment":"scroll","background-type":"","background-media":"","overlay-type":"","overlay-color":"","overlay-opacity":"","overlay-gradient":""},"tablet":{"background-color":"var(--ast-global-color-5)","background-image":"","background-repeat":"repeat","background-position":"center center","background-size":"auto","background-attachment":"scroll","background-type":"","background-media":"","overlay-type":"","overlay-color":"","overlay-opacity":"","overlay-gradient":""},"mobile":{"background-color":"var(--ast-global-color-5)","background-image":"","background-repeat":"repeat","background-position":"center center","background-size":"auto","background-attachment":"scroll","background-type":"","background-media":"","overlay-type":"","overlay-color":"","overlay-opacity":"","overlay-gradient":""}}},"product_brand":[],"product_cat":[78,60],"product_tag":[453,88,43,452],"class_list":{"0":"post-3363","1":"product","2":"type-product","3":"status-publish","4":"has-post-thumbnail","6":"product_cat-oel-system-truck","7":"product_cat-truck-line","8":"product_tag-oil-system-2","9":"product_tag-oelsystem","10":"product_tag-reiniger","11":"product_tag-truck","12":"desktop-align-left","13":"tablet-align-left","14":"mobile-align-left","16":"first","17":"instock","18":"taxable","19":"shipping-taxable","20":"product-type-simple"},"yoast_head":"<!-- This site is optimized with the Yoast SEO plugin v27.1.1 - https:\/\/yoast.com\/product\/yoast-seo-wordpress\/ -->\n<title>GAT \u00d6lsystemreiniger - Truck Line<\/title>\n<meta name=\"description\" content=\"\u00d6lsystemreiniger - Truck Line ist f\u00fcr den Einsatz in allen Diesel- und Ottomotoren mit und ohne Turbolader geeignet.\" \/>\n<meta name=\"robots\" content=\"index, follow, max-snippet:-1, max-image-preview:large, max-video-preview:-1\" \/>\n<link rel=\"canonical\" href=\"https:\/\/www.gat-international.de\/de\/produkte\/oelsystemreiniger-truck-line\/\" \/>\n<meta property=\"og:locale\" content=\"de_DE\" \/>\n<meta property=\"og:type\" content=\"article\" \/>\n<meta property=\"og:title\" content=\"GAT \u00d6lsystemreiniger - Truck Line\" \/>\n<meta property=\"og:description\" content=\"\u00d6lsystemreiniger - Truck Line ist f\u00fcr den Einsatz in allen Diesel- und Ottomotoren mit und ohne Turbolader geeignet.\" \/>\n<meta property=\"og:url\" content=\"https:\/\/www.gat-international.de\/de\/produkte\/oelsystemreiniger-truck-line\/\" \/>\n<meta property=\"og:site_name\" content=\"GAT Gesellschaft f\u00fcr Kraftstoff- und Automobiltechnologie mbH &amp; Co. KG\" \/>\n<meta property=\"article:modified_time\" content=\"2022-06-17T13:36:03+00:00\" \/>\n<meta property=\"og:image\" content=\"https:\/\/www.gat-international.de\/wp-content\/uploads\/2022\/02\/Truck_Line_1000x1000px_300dpi_RGB-scaled.jpg\" \/>\n\t<meta property=\"og:image:width\" content=\"2560\" \/>\n\t<meta property=\"og:image:height\" content=\"2560\" \/>\n\t<meta property=\"og:image:type\" content=\"image\/jpeg\" \/>\n<meta name=\"twitter:card\" content=\"summary_large_image\" \/>\n<meta name=\"twitter:label1\" content=\"Gesch\u00e4tzte Lesezeit\" \/>\n\t<meta name=\"twitter:data1\" content=\"1\u00a0Minute\" \/>\n<script type=\"application\/ld+json\" class=\"yoast-schema-graph\">{\"@context\":\"https:\/\/schema.org\",\"@graph\":[{\"@type\":\"WebPage\",\"@id\":\"https:\/\/www.gat-international.de\/de\/produkte\/oelsystemreiniger-truck-line\/\",\"url\":\"https:\/\/www.gat-international.de\/de\/produkte\/oelsystemreiniger-truck-line\/\",\"name\":\"GAT \u00d6lsystemreiniger - Truck Line\",\"isPartOf\":{\"@id\":\"https:\/\/www.gat-international.de\/de\/#website\"},\"primaryImageOfPage\":{\"@id\":\"https:\/\/www.gat-international.de\/de\/produkte\/oelsystemreiniger-truck-line\/#primaryimage\"},\"image\":{\"@id\":\"https:\/\/www.gat-international.de\/de\/produkte\/oelsystemreiniger-truck-line\/#primaryimage\"},\"thumbnailUrl\":\"https:\/\/www.gat-international.de\/wp-content\/uploads\/2022\/02\/Truck_Line_1000x1000px_300dpi_RGB-scaled.jpg\",\"datePublished\":\"2022-02-16T09:07:16+00:00\",\"dateModified\":\"2022-06-17T13:36:03+00:00\",\"description\":\"\u00d6lsystemreiniger - Truck Line ist f\u00fcr den Einsatz in allen Diesel- und Ottomotoren mit und ohne Turbolader geeignet.\",\"breadcrumb\":{\"@id\":\"https:\/\/www.gat-international.de\/de\/produkte\/oelsystemreiniger-truck-line\/#breadcrumb\"},\"inLanguage\":\"de\",\"potentialAction\":[{\"@type\":\"ReadAction\",\"target\":[\"https:\/\/www.gat-international.de\/de\/produkte\/oelsystemreiniger-truck-line\/\"]}]},{\"@type\":\"ImageObject\",\"inLanguage\":\"de\",\"@id\":\"https:\/\/www.gat-international.de\/de\/produkte\/oelsystemreiniger-truck-line\/#primaryimage\",\"url\":\"https:\/\/www.gat-international.de\/wp-content\/uploads\/2022\/02\/Truck_Line_1000x1000px_300dpi_RGB-scaled.jpg\",\"contentUrl\":\"https:\/\/www.gat-international.de\/wp-content\/uploads\/2022\/02\/Truck_Line_1000x1000px_300dpi_RGB-scaled.jpg\",\"width\":2560,\"height\":2560},{\"@type\":\"BreadcrumbList\",\"@id\":\"https:\/\/www.gat-international.de\/de\/produkte\/oelsystemreiniger-truck-line\/#breadcrumb\",\"itemListElement\":[{\"@type\":\"ListItem\",\"position\":1,\"name\":\"Startseite\",\"item\":\"https:\/\/www.gat-international.de\/de\/\"},{\"@type\":\"ListItem\",\"position\":2,\"name\":\"Produkte\",\"item\":\"https:\/\/www.gat-international.de\/de\/produkte\/\"},{\"@type\":\"ListItem\",\"position\":3,\"name\":\"\u00d6lsystemreiniger\"}]},{\"@type\":\"WebSite\",\"@id\":\"https:\/\/www.gat-international.de\/de\/#website\",\"url\":\"https:\/\/www.gat-international.de\/de\/\",\"name\":\"GAT Gesellschaft f\u00fcr Kraftstoff- und Automobiltechnologie mbH &amp; Co. KG\",\"description\":\"GAT ist ein Hersteller von Additiven und Systemreinigern, die in der eigenen Forschungs- und Entwicklungsabteilung entwickelt und st\u00e4ndig verbessert werden.\",\"potentialAction\":[{\"@type\":\"SearchAction\",\"target\":{\"@type\":\"EntryPoint\",\"urlTemplate\":\"https:\/\/www.gat-international.de\/de\/?s={search_term_string}\"},\"query-input\":{\"@type\":\"PropertyValueSpecification\",\"valueRequired\":true,\"valueName\":\"search_term_string\"}}],\"inLanguage\":\"de\"}]}<\/script>\n<!-- \/ Yoast SEO plugin. -->","yoast_head_json":{"title":"GAT \u00d6lsystemreiniger - Truck Line","description":"\u00d6lsystemreiniger - Truck Line ist f\u00fcr den Einsatz in allen Diesel- und Ottomotoren mit und ohne Turbolader geeignet.","robots":{"index":"index","follow":"follow","max-snippet":"max-snippet:-1","max-image-preview":"max-image-preview:large","max-video-preview":"max-video-preview:-1"},"canonical":"https:\/\/www.gat-international.de\/de\/produkte\/oelsystemreiniger-truck-line\/","og_locale":"de_DE","og_type":"article","og_title":"GAT \u00d6lsystemreiniger - Truck Line","og_description":"\u00d6lsystemreiniger - Truck Line ist f\u00fcr den Einsatz in allen Diesel- und Ottomotoren mit und ohne Turbolader geeignet.","og_url":"https:\/\/www.gat-international.de\/de\/produkte\/oelsystemreiniger-truck-line\/","og_site_name":"GAT Gesellschaft f\u00fcr Kraftstoff- und Automobiltechnologie mbH &amp; Co. KG","article_modified_time":"2022-06-17T13:36:03+00:00","og_image":[{"width":2560,"height":2560,"url":"https:\/\/www.gat-international.de\/wp-content\/uploads\/2022\/02\/Truck_Line_1000x1000px_300dpi_RGB-scaled.jpg","type":"image\/jpeg"}],"twitter_card":"summary_large_image","twitter_misc":{"Gesch\u00e4tzte Lesezeit":"1\u00a0Minute"},"schema":{"@context":"https:\/\/schema.org","@graph":[{"@type":"WebPage","@id":"https:\/\/www.gat-international.de\/de\/produkte\/oelsystemreiniger-truck-line\/","url":"https:\/\/www.gat-international.de\/de\/produkte\/oelsystemreiniger-truck-line\/","name":"GAT \u00d6lsystemreiniger - Truck Line","isPartOf":{"@id":"https:\/\/www.gat-international.de\/de\/#website"},"primaryImageOfPage":{"@id":"https:\/\/www.gat-international.de\/de\/produkte\/oelsystemreiniger-truck-line\/#primaryimage"},"image":{"@id":"https:\/\/www.gat-international.de\/de\/produkte\/oelsystemreiniger-truck-line\/#primaryimage"},"thumbnailUrl":"https:\/\/www.gat-international.de\/wp-content\/uploads\/2022\/02\/Truck_Line_1000x1000px_300dpi_RGB-scaled.jpg","datePublished":"2022-02-16T09:07:16+00:00","dateModified":"2022-06-17T13:36:03+00:00","description":"\u00d6lsystemreiniger - Truck Line ist f\u00fcr den Einsatz in allen Diesel- und Ottomotoren mit und ohne Turbolader geeignet.","breadcrumb":{"@id":"https:\/\/www.gat-international.de\/de\/produkte\/oelsystemreiniger-truck-line\/#breadcrumb"},"inLanguage":"de","potentialAction":[{"@type":"ReadAction","target":["https:\/\/www.gat-international.de\/de\/produkte\/oelsystemreiniger-truck-line\/"]}]},{"@type":"ImageObject","inLanguage":"de","@id":"https:\/\/www.gat-international.de\/de\/produkte\/oelsystemreiniger-truck-line\/#primaryimage","url":"https:\/\/www.gat-international.de\/wp-content\/uploads\/2022\/02\/Truck_Line_1000x1000px_300dpi_RGB-scaled.jpg","contentUrl":"https:\/\/www.gat-international.de\/wp-content\/uploads\/2022\/02\/Truck_Line_1000x1000px_300dpi_RGB-scaled.jpg","width":2560,"height":2560},{"@type":"BreadcrumbList","@id":"https:\/\/www.gat-international.de\/de\/produkte\/oelsystemreiniger-truck-line\/#breadcrumb","itemListElement":[{"@type":"ListItem","position":1,"name":"Startseite","item":"https:\/\/www.gat-international.de\/de\/"},{"@type":"ListItem","position":2,"name":"Produkte","item":"https:\/\/www.gat-international.de\/de\/produkte\/"},{"@type":"ListItem","position":3,"name":"\u00d6lsystemreiniger"}]},{"@type":"WebSite","@id":"https:\/\/www.gat-international.de\/de\/#website","url":"https:\/\/www.gat-international.de\/de\/","name":"GAT Gesellschaft f\u00fcr Kraftstoff- und Automobiltechnologie mbH &amp; Co. KG","description":"GAT ist ein Hersteller von Additiven und Systemreinigern, die in der eigenen Forschungs- und Entwicklungsabteilung entwickelt und st\u00e4ndig verbessert werden.","potentialAction":[{"@type":"SearchAction","target":{"@type":"EntryPoint","urlTemplate":"https:\/\/www.gat-international.de\/de\/?s={search_term_string}"},"query-input":{"@type":"PropertyValueSpecification","valueRequired":true,"valueName":"search_term_string"}}],"inLanguage":"de"}]}},"_links":{"self":[{"href":"https:\/\/www.gat-international.de\/de\/wp-json\/wp\/v2\/product\/3363","targetHints":{"allow":["GET"]}}],"collection":[{"href":"https:\/\/www.gat-international.de\/de\/wp-json\/wp\/v2\/product"}],"about":[{"href":"https:\/\/www.gat-international.de\/de\/wp-json\/wp\/v2\/types\/product"}],"version-history":[{"count":0,"href":"https:\/\/www.gat-international.de\/de\/wp-json\/wp\/v2\/product\/3363\/revisions"}],"wp:featuredmedia":[{"embeddable":true,"href":"https:\/\/www.gat-international.de\/de\/wp-json\/wp\/v2\/media\/6607"}],"wp:attachment":[{"href":"https:\/\/www.gat-international.de\/de\/wp-json\/wp\/v2\/media?parent=3363"}],"wp:term":[{"taxonomy":"product_brand","embeddable":true,"href":"https:\/\/www.gat-international.de\/de\/wp-json\/wp\/v2\/product_brand?post=3363"},{"taxonomy":"product_cat","embeddable":true,"href":"https:\/\/www.gat-international.de\/de\/wp-json\/wp\/v2\/product_cat?post=3363"},{"taxonomy":"product_tag","embeddable":true,"href":"https:\/\/www.gat-international.de\/de\/wp-json\/wp\/v2\/product_tag?post=3363"}],"curies":[{"name":"wp","href":"https:\/\/api.w.org\/{rel}","templated":true}]}}