{"id":3462,"date":"2022-02-16T12:19:01","date_gmt":"2022-02-16T11:19:01","guid":{"rendered":"https:\/\/gat-germany.de\/de\/?post_type=product&#038;p=3462"},"modified":"2023-07-27T10:05:21","modified_gmt":"2023-07-27T08:05:21","slug":"dieselsystemreiniger-plus-truck-line","status":"publish","type":"product","link":"https:\/\/www.gat-international.de\/de\/produkte\/dieselsystemreiniger-plus-truck-line\/","title":{"rendered":"Dieselsystemreiniger PLUS"},"content":{"rendered":"<p>Der GAT Dieselsystemreiniger PLUS ist ein Hochleistungsprodukt, das f\u00fcr den Einsatz in allen Dieselmotoren, insbesondere in Hochdruckdieselsystemen (Common-Rail, Pumpe-D\u00fcse-System) geeignet ist. Besonders empfohlen bei Longlife-Service Intervallen. Entfernt zuverl\u00e4ssig betriebsbedingte Ablagerungen im gesamten Kraftstoffsystem vom Tank bis zu den Brennr\u00e4umen. Bindet Feuchtigkeit, entfernt diese aus dem Dieselsystem und sch\u00fctzt so wirkungsvoll alle Hochdruckaggregate. Sichert nachhaltig eine optimale Kraftstoffzerst\u00e4ubung. Sch\u00fctzt alle kraftstofff\u00fchrenden Bauteile. Bestens geeignet f\u00fcr Fahrzeuge mit Dieselpartikelfilter.<\/p>\n<p><strong>Vorteile:<\/strong> Sorgt f\u00fcr optimalen Kompressionsdruck, verbessert die Motorleistung, reduziert den Kraftstoffverbrauch und die Abgasemission.<\/p>\n","protected":false},"excerpt":{"rendered":"<h5>Anwendungsdauer:<\/h5>\n<p>wirkt w\u00e4hrend der Fahrt<\/p>\n<h5>Anwendungsgebiet:<\/h5>\n<p>zur Verwendung in allen Dieselmotoren<\/p>\n<h5>Verbrauch:<\/h5>\n<p>50 ml pro 10 L<\/p>\n<h5>Anwendungsintervall:<\/h5>\n<p>mit jeder Tankf\u00fcllung<\/p>\n","protected":false},"featured_media":18472,"template":"","meta":{"site-sidebar-layout":"default","site-content-layout":"default","ast-site-content-layout":"default","site-content-style":"default","site-sidebar-style":"default","ast-global-header-display":"","ast-banner-title-visibility":"","ast-main-header-display":"","ast-hfb-above-header-display":"","ast-hfb-below-header-display":"","ast-hfb-mobile-header-display":"","site-post-title":"","ast-breadcrumbs-content":"","ast-featured-img":"","footer-sml-layout":"","ast-disable-related-posts":"","theme-transparent-header-meta":"default","adv-header-id-meta":"","stick-header-meta":"","header-above-stick-meta":"","header-main-stick-meta":"","header-below-stick-meta":"","astra-migrate-meta-layouts":"default","ast-page-background-enabled":"default","ast-page-background-meta":{"desktop":{"background-color":"var(--ast-global-color-4)","background-image":"","background-repeat":"repeat","background-position":"center center","background-size":"auto","background-attachment":"scroll","background-type":"","background-media":"","overlay-type":"","overlay-color":"","overlay-opacity":"","overlay-gradient":""},"tablet":{"background-color":"","background-image":"","background-repeat":"repeat","background-position":"center center","background-size":"auto","background-attachment":"scroll","background-type":"","background-media":"","overlay-type":"","overlay-color":"","overlay-opacity":"","overlay-gradient":""},"mobile":{"background-color":"","background-image":"","background-repeat":"repeat","background-position":"center center","background-size":"auto","background-attachment":"scroll","background-type":"","background-media":"","overlay-type":"","overlay-color":"","overlay-opacity":"","overlay-gradient":""}},"ast-content-background-meta":{"desktop":{"background-color":"var(--ast-global-color-5)","background-image":"","background-repeat":"repeat","background-position":"center center","background-size":"auto","background-attachment":"scroll","background-type":"","background-media":"","overlay-type":"","overlay-color":"","overlay-opacity":"","overlay-gradient":""},"tablet":{"background-color":"var(--ast-global-color-5)","background-image":"","background-repeat":"repeat","background-position":"center center","background-size":"auto","background-attachment":"scroll","background-type":"","background-media":"","overlay-type":"","overlay-color":"","overlay-opacity":"","overlay-gradient":""},"mobile":{"background-color":"var(--ast-global-color-5)","background-image":"","background-repeat":"repeat","background-position":"center center","background-size":"auto","background-attachment":"scroll","background-type":"","background-media":"","overlay-type":"","overlay-color":"","overlay-opacity":"","overlay-gradient":""}}},"product_brand":[],"product_cat":[79,60],"product_tag":[101,92,43,452,93],"class_list":{"0":"post-3462","1":"product","2":"type-product","3":"status-publish","4":"has-post-thumbnail","6":"product_cat-diesel-system-truck","7":"product_cat-truck-line","8":"product_tag-diesel","9":"product_tag-plus","10":"product_tag-reiniger","11":"product_tag-truck","12":"product_tag-wasserbindung","13":"desktop-align-left","14":"tablet-align-left","15":"mobile-align-left","17":"first","18":"instock","19":"taxable","20":"shipping-taxable","21":"product-type-simple"},"yoast_head":"<!-- This site is optimized with the Yoast SEO plugin v27.1.1 - https:\/\/yoast.com\/product\/yoast-seo-wordpress\/ -->\n<title>GAT Dieselsystemreiniger PLUS - Truck Line<\/title>\n<meta name=\"description\" content=\"Dieselsystemreiniger PLUS - Truck Line sehr gut geeignet f\u00fcr Hochdruckdieselsystemen. Besonders empfohlen bei Longlife-Service Intervallen.\" \/>\n<meta name=\"robots\" content=\"index, follow, max-snippet:-1, max-image-preview:large, max-video-preview:-1\" \/>\n<link rel=\"canonical\" href=\"https:\/\/www.gat-international.de\/de\/produkte\/dieselsystemreiniger-plus-truck-line\/\" \/>\n<meta property=\"og:locale\" content=\"de_DE\" \/>\n<meta property=\"og:type\" content=\"article\" \/>\n<meta property=\"og:title\" content=\"GAT Dieselsystemreiniger PLUS - Truck Line\" \/>\n<meta property=\"og:description\" content=\"Dieselsystemreiniger PLUS - Truck Line sehr gut geeignet f\u00fcr Hochdruckdieselsystemen. Besonders empfohlen bei Longlife-Service Intervallen.\" \/>\n<meta property=\"og:url\" content=\"https:\/\/www.gat-international.de\/de\/produkte\/dieselsystemreiniger-plus-truck-line\/\" \/>\n<meta property=\"og:site_name\" content=\"GAT Gesellschaft f\u00fcr Kraftstoff- und Automobiltechnologie mbH &amp; Co. KG\" \/>\n<meta property=\"article:modified_time\" content=\"2023-07-27T08:05:21+00:00\" \/>\n<meta property=\"og:image\" content=\"https:\/\/www.gat-international.de\/wp-content\/uploads\/2022\/02\/Diesel_System_Cleaner_PLUS_1000ml_RGB-scaled.jpg\" \/>\n\t<meta property=\"og:image:width\" content=\"2560\" \/>\n\t<meta property=\"og:image:height\" content=\"2560\" \/>\n\t<meta property=\"og:image:type\" content=\"image\/jpeg\" \/>\n<meta name=\"twitter:card\" content=\"summary_large_image\" \/>\n<meta name=\"twitter:label1\" content=\"Gesch\u00e4tzte Lesezeit\" \/>\n\t<meta name=\"twitter:data1\" content=\"1\u00a0Minute\" \/>\n<script type=\"application\/ld+json\" class=\"yoast-schema-graph\">{\"@context\":\"https:\/\/schema.org\",\"@graph\":[{\"@type\":\"WebPage\",\"@id\":\"https:\/\/www.gat-international.de\/de\/produkte\/dieselsystemreiniger-plus-truck-line\/\",\"url\":\"https:\/\/www.gat-international.de\/de\/produkte\/dieselsystemreiniger-plus-truck-line\/\",\"name\":\"GAT Dieselsystemreiniger PLUS - Truck Line\",\"isPartOf\":{\"@id\":\"https:\/\/www.gat-international.de\/de\/#website\"},\"primaryImageOfPage\":{\"@id\":\"https:\/\/www.gat-international.de\/de\/produkte\/dieselsystemreiniger-plus-truck-line\/#primaryimage\"},\"image\":{\"@id\":\"https:\/\/www.gat-international.de\/de\/produkte\/dieselsystemreiniger-plus-truck-line\/#primaryimage\"},\"thumbnailUrl\":\"https:\/\/www.gat-international.de\/wp-content\/uploads\/2022\/02\/Diesel_System_Cleaner_PLUS_1000ml_RGB-scaled.jpg\",\"datePublished\":\"2022-02-16T11:19:01+00:00\",\"dateModified\":\"2023-07-27T08:05:21+00:00\",\"description\":\"Dieselsystemreiniger PLUS - Truck Line sehr gut geeignet f\u00fcr Hochdruckdieselsystemen. Besonders empfohlen bei Longlife-Service Intervallen.\",\"breadcrumb\":{\"@id\":\"https:\/\/www.gat-international.de\/de\/produkte\/dieselsystemreiniger-plus-truck-line\/#breadcrumb\"},\"inLanguage\":\"de\",\"potentialAction\":[{\"@type\":\"ReadAction\",\"target\":[\"https:\/\/www.gat-international.de\/de\/produkte\/dieselsystemreiniger-plus-truck-line\/\"]}]},{\"@type\":\"ImageObject\",\"inLanguage\":\"de\",\"@id\":\"https:\/\/www.gat-international.de\/de\/produkte\/dieselsystemreiniger-plus-truck-line\/#primaryimage\",\"url\":\"https:\/\/www.gat-international.de\/wp-content\/uploads\/2022\/02\/Diesel_System_Cleaner_PLUS_1000ml_RGB-scaled.jpg\",\"contentUrl\":\"https:\/\/www.gat-international.de\/wp-content\/uploads\/2022\/02\/Diesel_System_Cleaner_PLUS_1000ml_RGB-scaled.jpg\",\"width\":2560,\"height\":2560},{\"@type\":\"BreadcrumbList\",\"@id\":\"https:\/\/www.gat-international.de\/de\/produkte\/dieselsystemreiniger-plus-truck-line\/#breadcrumb\",\"itemListElement\":[{\"@type\":\"ListItem\",\"position\":1,\"name\":\"Startseite\",\"item\":\"https:\/\/www.gat-international.de\/de\/\"},{\"@type\":\"ListItem\",\"position\":2,\"name\":\"Produkte\",\"item\":\"https:\/\/www.gat-international.de\/de\/produkte\/\"},{\"@type\":\"ListItem\",\"position\":3,\"name\":\"Dieselsystemreiniger PLUS\"}]},{\"@type\":\"WebSite\",\"@id\":\"https:\/\/www.gat-international.de\/de\/#website\",\"url\":\"https:\/\/www.gat-international.de\/de\/\",\"name\":\"GAT Gesellschaft f\u00fcr Kraftstoff- und Automobiltechnologie mbH &amp; Co. KG\",\"description\":\"GAT ist ein Hersteller von Additiven und Systemreinigern, die in der eigenen Forschungs- und Entwicklungsabteilung entwickelt und st\u00e4ndig verbessert werden.\",\"potentialAction\":[{\"@type\":\"SearchAction\",\"target\":{\"@type\":\"EntryPoint\",\"urlTemplate\":\"https:\/\/www.gat-international.de\/de\/?s={search_term_string}\"},\"query-input\":{\"@type\":\"PropertyValueSpecification\",\"valueRequired\":true,\"valueName\":\"search_term_string\"}}],\"inLanguage\":\"de\"}]}<\/script>\n<!-- \/ Yoast SEO plugin. -->","yoast_head_json":{"title":"GAT Dieselsystemreiniger PLUS - Truck Line","description":"Dieselsystemreiniger PLUS - Truck Line sehr gut geeignet f\u00fcr Hochdruckdieselsystemen. Besonders empfohlen bei Longlife-Service Intervallen.","robots":{"index":"index","follow":"follow","max-snippet":"max-snippet:-1","max-image-preview":"max-image-preview:large","max-video-preview":"max-video-preview:-1"},"canonical":"https:\/\/www.gat-international.de\/de\/produkte\/dieselsystemreiniger-plus-truck-line\/","og_locale":"de_DE","og_type":"article","og_title":"GAT Dieselsystemreiniger PLUS - Truck Line","og_description":"Dieselsystemreiniger PLUS - Truck Line sehr gut geeignet f\u00fcr Hochdruckdieselsystemen. Besonders empfohlen bei Longlife-Service Intervallen.","og_url":"https:\/\/www.gat-international.de\/de\/produkte\/dieselsystemreiniger-plus-truck-line\/","og_site_name":"GAT Gesellschaft f\u00fcr Kraftstoff- und Automobiltechnologie mbH &amp; Co. KG","article_modified_time":"2023-07-27T08:05:21+00:00","og_image":[{"width":2560,"height":2560,"url":"https:\/\/www.gat-international.de\/wp-content\/uploads\/2022\/02\/Diesel_System_Cleaner_PLUS_1000ml_RGB-scaled.jpg","type":"image\/jpeg"}],"twitter_card":"summary_large_image","twitter_misc":{"Gesch\u00e4tzte Lesezeit":"1\u00a0Minute"},"schema":{"@context":"https:\/\/schema.org","@graph":[{"@type":"WebPage","@id":"https:\/\/www.gat-international.de\/de\/produkte\/dieselsystemreiniger-plus-truck-line\/","url":"https:\/\/www.gat-international.de\/de\/produkte\/dieselsystemreiniger-plus-truck-line\/","name":"GAT Dieselsystemreiniger PLUS - Truck Line","isPartOf":{"@id":"https:\/\/www.gat-international.de\/de\/#website"},"primaryImageOfPage":{"@id":"https:\/\/www.gat-international.de\/de\/produkte\/dieselsystemreiniger-plus-truck-line\/#primaryimage"},"image":{"@id":"https:\/\/www.gat-international.de\/de\/produkte\/dieselsystemreiniger-plus-truck-line\/#primaryimage"},"thumbnailUrl":"https:\/\/www.gat-international.de\/wp-content\/uploads\/2022\/02\/Diesel_System_Cleaner_PLUS_1000ml_RGB-scaled.jpg","datePublished":"2022-02-16T11:19:01+00:00","dateModified":"2023-07-27T08:05:21+00:00","description":"Dieselsystemreiniger PLUS - Truck Line sehr gut geeignet f\u00fcr Hochdruckdieselsystemen. Besonders empfohlen bei Longlife-Service Intervallen.","breadcrumb":{"@id":"https:\/\/www.gat-international.de\/de\/produkte\/dieselsystemreiniger-plus-truck-line\/#breadcrumb"},"inLanguage":"de","potentialAction":[{"@type":"ReadAction","target":["https:\/\/www.gat-international.de\/de\/produkte\/dieselsystemreiniger-plus-truck-line\/"]}]},{"@type":"ImageObject","inLanguage":"de","@id":"https:\/\/www.gat-international.de\/de\/produkte\/dieselsystemreiniger-plus-truck-line\/#primaryimage","url":"https:\/\/www.gat-international.de\/wp-content\/uploads\/2022\/02\/Diesel_System_Cleaner_PLUS_1000ml_RGB-scaled.jpg","contentUrl":"https:\/\/www.gat-international.de\/wp-content\/uploads\/2022\/02\/Diesel_System_Cleaner_PLUS_1000ml_RGB-scaled.jpg","width":2560,"height":2560},{"@type":"BreadcrumbList","@id":"https:\/\/www.gat-international.de\/de\/produkte\/dieselsystemreiniger-plus-truck-line\/#breadcrumb","itemListElement":[{"@type":"ListItem","position":1,"name":"Startseite","item":"https:\/\/www.gat-international.de\/de\/"},{"@type":"ListItem","position":2,"name":"Produkte","item":"https:\/\/www.gat-international.de\/de\/produkte\/"},{"@type":"ListItem","position":3,"name":"Dieselsystemreiniger PLUS"}]},{"@type":"WebSite","@id":"https:\/\/www.gat-international.de\/de\/#website","url":"https:\/\/www.gat-international.de\/de\/","name":"GAT Gesellschaft f\u00fcr Kraftstoff- und Automobiltechnologie mbH &amp; Co. KG","description":"GAT ist ein Hersteller von Additiven und Systemreinigern, die in der eigenen Forschungs- und Entwicklungsabteilung entwickelt und st\u00e4ndig verbessert werden.","potentialAction":[{"@type":"SearchAction","target":{"@type":"EntryPoint","urlTemplate":"https:\/\/www.gat-international.de\/de\/?s={search_term_string}"},"query-input":{"@type":"PropertyValueSpecification","valueRequired":true,"valueName":"search_term_string"}}],"inLanguage":"de"}]}},"_links":{"self":[{"href":"https:\/\/www.gat-international.de\/de\/wp-json\/wp\/v2\/product\/3462","targetHints":{"allow":["GET"]}}],"collection":[{"href":"https:\/\/www.gat-international.de\/de\/wp-json\/wp\/v2\/product"}],"about":[{"href":"https:\/\/www.gat-international.de\/de\/wp-json\/wp\/v2\/types\/product"}],"version-history":[{"count":0,"href":"https:\/\/www.gat-international.de\/de\/wp-json\/wp\/v2\/product\/3462\/revisions"}],"wp:featuredmedia":[{"embeddable":true,"href":"https:\/\/www.gat-international.de\/de\/wp-json\/wp\/v2\/media\/18472"}],"wp:attachment":[{"href":"https:\/\/www.gat-international.de\/de\/wp-json\/wp\/v2\/media?parent=3462"}],"wp:term":[{"taxonomy":"product_brand","embeddable":true,"href":"https:\/\/www.gat-international.de\/de\/wp-json\/wp\/v2\/product_brand?post=3462"},{"taxonomy":"product_cat","embeddable":true,"href":"https:\/\/www.gat-international.de\/de\/wp-json\/wp\/v2\/product_cat?post=3462"},{"taxonomy":"product_tag","embeddable":true,"href":"https:\/\/www.gat-international.de\/de\/wp-json\/wp\/v2\/product_tag?post=3462"}],"curies":[{"name":"wp","href":"https:\/\/api.w.org\/{rel}","templated":true}]}}