{"id":3564,"date":"2022-02-16T14:28:53","date_gmt":"2022-02-16T13:28:53","guid":{"rendered":"https:\/\/gat-germany.de\/de\/?post_type=product&#038;p=3564"},"modified":"2022-03-14T11:34:12","modified_gmt":"2022-03-14T10:34:12","slug":"diesel-winterschutz-truck-line","status":"publish","type":"product","link":"https:\/\/www.gat-international.de\/de\/produkte\/diesel-winterschutz-truck-line\/","title":{"rendered":"Diesel Winterschutz"},"content":{"rendered":"<p>Der GAT Diesel Winterschutz dient zur Flie\u00dfverbesserung in allen Dieselkraftstoffen und ist f\u00fcr den Einsatz in allen Dieselaggregaten, mit und ohne Partikelfilter, geeignet. Wintersicher bis zu -28 \u00b0C (in Abh\u00e4ngigkeit der Kraftstoffqualit\u00e4t). Verhindert zuverl\u00e4ssig das k\u00e4ltebedingte Ausscheiden und Wachstum von Paraffinkristallen.<\/p>\n<p><strong>Vorteile:<\/strong> Die Flie\u00dff\u00e4higkeit des Dieselkraftstoffes ist Voraussetzung f\u00fcr die reibungslose Funktion aller Systemkomponenten und den sicheren Fahrbetrieb. Einfache Anwendung. Sichert den Winterbetrieb der Dieselaggregate. Die Flie\u00dff\u00e4higkeit des Kraftstoffes wird aufrechterhalten. Verbessert die Filtrierbarkeit des Dieselkraftstoffes und verhindert das Verstopfen des Kraftstofffilters. Sorgt f\u00fcr verbessertes Kaltstartverhalten im Winter.<\/p>\n","protected":false},"excerpt":{"rendered":"<h5>Anwendungsdauer:<\/h5>\n<p>wirkt w\u00e4hrend der Fahrt<\/p>\n<h5>Anwendungsgebiet:<\/h5>\n<p>zur Verwendung in allen Dieselmotoren<\/p>\n<h5>Verbrauch:<\/h5>\n<p>10 ml f\u00fcr 10 L<\/p>\n<h5>Anwendungsintervall:<\/h5>\n<p>bei Bedarf<\/p>\n","protected":false},"featured_media":6625,"template":"","meta":{"site-sidebar-layout":"default","site-content-layout":"default","ast-site-content-layout":"default","site-content-style":"default","site-sidebar-style":"default","ast-global-header-display":"","ast-banner-title-visibility":"","ast-main-header-display":"","ast-hfb-above-header-display":"","ast-hfb-below-header-display":"","ast-hfb-mobile-header-display":"","site-post-title":"","ast-breadcrumbs-content":"","ast-featured-img":"","footer-sml-layout":"","ast-disable-related-posts":"","theme-transparent-header-meta":"default","adv-header-id-meta":"","stick-header-meta":"","header-above-stick-meta":"","header-main-stick-meta":"","header-below-stick-meta":"","astra-migrate-meta-layouts":"default","ast-page-background-enabled":"default","ast-page-background-meta":{"desktop":{"background-color":"var(--ast-global-color-4)","background-image":"","background-repeat":"repeat","background-position":"center center","background-size":"auto","background-attachment":"scroll","background-type":"","background-media":"","overlay-type":"","overlay-color":"","overlay-opacity":"","overlay-gradient":""},"tablet":{"background-color":"","background-image":"","background-repeat":"repeat","background-position":"center center","background-size":"auto","background-attachment":"scroll","background-type":"","background-media":"","overlay-type":"","overlay-color":"","overlay-opacity":"","overlay-gradient":""},"mobile":{"background-color":"","background-image":"","background-repeat":"repeat","background-position":"center center","background-size":"auto","background-attachment":"scroll","background-type":"","background-media":"","overlay-type":"","overlay-color":"","overlay-opacity":"","overlay-gradient":""}},"ast-content-background-meta":{"desktop":{"background-color":"var(--ast-global-color-5)","background-image":"","background-repeat":"repeat","background-position":"center center","background-size":"auto","background-attachment":"scroll","background-type":"","background-media":"","overlay-type":"","overlay-color":"","overlay-opacity":"","overlay-gradient":""},"tablet":{"background-color":"var(--ast-global-color-5)","background-image":"","background-repeat":"repeat","background-position":"center center","background-size":"auto","background-attachment":"scroll","background-type":"","background-media":"","overlay-type":"","overlay-color":"","overlay-opacity":"","overlay-gradient":""},"mobile":{"background-color":"var(--ast-global-color-5)","background-image":"","background-repeat":"repeat","background-position":"center center","background-size":"auto","background-attachment":"scroll","background-type":"","background-media":"","overlay-type":"","overlay-color":"","overlay-opacity":"","overlay-gradient":""}}},"product_brand":[],"product_cat":[79,60],"product_tag":[101,102,452,382,381],"class_list":{"0":"post-3564","1":"product","2":"type-product","3":"status-publish","4":"has-post-thumbnail","6":"product_cat-diesel-system-truck","7":"product_cat-truck-line","8":"product_tag-diesel","9":"product_tag-dieselsystem","10":"product_tag-truck","11":"product_tag-winter-care","12":"product_tag-winterschutz","13":"desktop-align-left","14":"tablet-align-left","15":"mobile-align-left","17":"first","18":"instock","19":"taxable","20":"shipping-taxable","21":"product-type-simple"},"yoast_head":"<!-- This site is optimized with the Yoast SEO plugin v27.1.1 - https:\/\/yoast.com\/product\/yoast-seo-wordpress\/ -->\n<title>GAT Diesel Winterschutz - Truck Line<\/title>\n<meta name=\"description\" content=\"Diesel Winterschutz - Truck Line zur Flie\u00dfverbesserung in allen Dieselkraftstoffen. Wintersicher bis zu -28 \u00b0C.\" \/>\n<meta name=\"robots\" content=\"index, follow, max-snippet:-1, max-image-preview:large, max-video-preview:-1\" \/>\n<link rel=\"canonical\" href=\"https:\/\/www.gat-international.de\/de\/produkte\/diesel-winterschutz-truck-line\/\" \/>\n<meta property=\"og:locale\" content=\"de_DE\" \/>\n<meta property=\"og:type\" content=\"article\" \/>\n<meta property=\"og:title\" content=\"GAT Diesel Winterschutz - Truck Line\" \/>\n<meta property=\"og:description\" content=\"Diesel Winterschutz - Truck Line zur Flie\u00dfverbesserung in allen Dieselkraftstoffen. Wintersicher bis zu -28 \u00b0C.\" \/>\n<meta property=\"og:url\" content=\"https:\/\/www.gat-international.de\/de\/produkte\/diesel-winterschutz-truck-line\/\" \/>\n<meta property=\"og:site_name\" content=\"GAT Gesellschaft f\u00fcr Kraftstoff- und Automobiltechnologie mbH &amp; Co. KG\" \/>\n<meta property=\"article:modified_time\" content=\"2022-03-14T10:34:12+00:00\" \/>\n<meta property=\"og:image\" content=\"https:\/\/www.gat-international.de\/wp-content\/uploads\/2022\/02\/Truck_Line_1000x1000px_300dpi_RGB10-scaled.jpg\" \/>\n\t<meta property=\"og:image:width\" content=\"2560\" \/>\n\t<meta property=\"og:image:height\" content=\"2560\" \/>\n\t<meta property=\"og:image:type\" content=\"image\/jpeg\" \/>\n<meta name=\"twitter:card\" content=\"summary_large_image\" \/>\n<meta name=\"twitter:label1\" content=\"Gesch\u00e4tzte Lesezeit\" \/>\n\t<meta name=\"twitter:data1\" content=\"1\u00a0Minute\" \/>\n<script type=\"application\/ld+json\" class=\"yoast-schema-graph\">{\"@context\":\"https:\/\/schema.org\",\"@graph\":[{\"@type\":\"WebPage\",\"@id\":\"https:\/\/www.gat-international.de\/de\/produkte\/diesel-winterschutz-truck-line\/\",\"url\":\"https:\/\/www.gat-international.de\/de\/produkte\/diesel-winterschutz-truck-line\/\",\"name\":\"GAT Diesel Winterschutz - Truck Line\",\"isPartOf\":{\"@id\":\"https:\/\/www.gat-international.de\/de\/#website\"},\"primaryImageOfPage\":{\"@id\":\"https:\/\/www.gat-international.de\/de\/produkte\/diesel-winterschutz-truck-line\/#primaryimage\"},\"image\":{\"@id\":\"https:\/\/www.gat-international.de\/de\/produkte\/diesel-winterschutz-truck-line\/#primaryimage\"},\"thumbnailUrl\":\"https:\/\/www.gat-international.de\/wp-content\/uploads\/2022\/02\/Truck_Line_1000x1000px_300dpi_RGB10-scaled.jpg\",\"datePublished\":\"2022-02-16T13:28:53+00:00\",\"dateModified\":\"2022-03-14T10:34:12+00:00\",\"description\":\"Diesel Winterschutz - Truck Line zur Flie\u00dfverbesserung in allen Dieselkraftstoffen. Wintersicher bis zu -28 \u00b0C.\",\"breadcrumb\":{\"@id\":\"https:\/\/www.gat-international.de\/de\/produkte\/diesel-winterschutz-truck-line\/#breadcrumb\"},\"inLanguage\":\"de\",\"potentialAction\":[{\"@type\":\"ReadAction\",\"target\":[\"https:\/\/www.gat-international.de\/de\/produkte\/diesel-winterschutz-truck-line\/\"]}]},{\"@type\":\"ImageObject\",\"inLanguage\":\"de\",\"@id\":\"https:\/\/www.gat-international.de\/de\/produkte\/diesel-winterschutz-truck-line\/#primaryimage\",\"url\":\"https:\/\/www.gat-international.de\/wp-content\/uploads\/2022\/02\/Truck_Line_1000x1000px_300dpi_RGB10-scaled.jpg\",\"contentUrl\":\"https:\/\/www.gat-international.de\/wp-content\/uploads\/2022\/02\/Truck_Line_1000x1000px_300dpi_RGB10-scaled.jpg\",\"width\":2560,\"height\":2560},{\"@type\":\"BreadcrumbList\",\"@id\":\"https:\/\/www.gat-international.de\/de\/produkte\/diesel-winterschutz-truck-line\/#breadcrumb\",\"itemListElement\":[{\"@type\":\"ListItem\",\"position\":1,\"name\":\"Startseite\",\"item\":\"https:\/\/www.gat-international.de\/de\/\"},{\"@type\":\"ListItem\",\"position\":2,\"name\":\"Produkte\",\"item\":\"https:\/\/www.gat-international.de\/de\/produkte\/\"},{\"@type\":\"ListItem\",\"position\":3,\"name\":\"Diesel Winterschutz\"}]},{\"@type\":\"WebSite\",\"@id\":\"https:\/\/www.gat-international.de\/de\/#website\",\"url\":\"https:\/\/www.gat-international.de\/de\/\",\"name\":\"GAT Gesellschaft f\u00fcr Kraftstoff- und Automobiltechnologie mbH &amp; Co. KG\",\"description\":\"GAT ist ein Hersteller von Additiven und Systemreinigern, die in der eigenen Forschungs- und Entwicklungsabteilung entwickelt und st\u00e4ndig verbessert werden.\",\"potentialAction\":[{\"@type\":\"SearchAction\",\"target\":{\"@type\":\"EntryPoint\",\"urlTemplate\":\"https:\/\/www.gat-international.de\/de\/?s={search_term_string}\"},\"query-input\":{\"@type\":\"PropertyValueSpecification\",\"valueRequired\":true,\"valueName\":\"search_term_string\"}}],\"inLanguage\":\"de\"}]}<\/script>\n<!-- \/ Yoast SEO plugin. -->","yoast_head_json":{"title":"GAT Diesel Winterschutz - Truck Line","description":"Diesel Winterschutz - Truck Line zur Flie\u00dfverbesserung in allen Dieselkraftstoffen. Wintersicher bis zu -28 \u00b0C.","robots":{"index":"index","follow":"follow","max-snippet":"max-snippet:-1","max-image-preview":"max-image-preview:large","max-video-preview":"max-video-preview:-1"},"canonical":"https:\/\/www.gat-international.de\/de\/produkte\/diesel-winterschutz-truck-line\/","og_locale":"de_DE","og_type":"article","og_title":"GAT Diesel Winterschutz - Truck Line","og_description":"Diesel Winterschutz - Truck Line zur Flie\u00dfverbesserung in allen Dieselkraftstoffen. Wintersicher bis zu -28 \u00b0C.","og_url":"https:\/\/www.gat-international.de\/de\/produkte\/diesel-winterschutz-truck-line\/","og_site_name":"GAT Gesellschaft f\u00fcr Kraftstoff- und Automobiltechnologie mbH &amp; Co. KG","article_modified_time":"2022-03-14T10:34:12+00:00","og_image":[{"width":2560,"height":2560,"url":"https:\/\/www.gat-international.de\/wp-content\/uploads\/2022\/02\/Truck_Line_1000x1000px_300dpi_RGB10-scaled.jpg","type":"image\/jpeg"}],"twitter_card":"summary_large_image","twitter_misc":{"Gesch\u00e4tzte Lesezeit":"1\u00a0Minute"},"schema":{"@context":"https:\/\/schema.org","@graph":[{"@type":"WebPage","@id":"https:\/\/www.gat-international.de\/de\/produkte\/diesel-winterschutz-truck-line\/","url":"https:\/\/www.gat-international.de\/de\/produkte\/diesel-winterschutz-truck-line\/","name":"GAT Diesel Winterschutz - Truck Line","isPartOf":{"@id":"https:\/\/www.gat-international.de\/de\/#website"},"primaryImageOfPage":{"@id":"https:\/\/www.gat-international.de\/de\/produkte\/diesel-winterschutz-truck-line\/#primaryimage"},"image":{"@id":"https:\/\/www.gat-international.de\/de\/produkte\/diesel-winterschutz-truck-line\/#primaryimage"},"thumbnailUrl":"https:\/\/www.gat-international.de\/wp-content\/uploads\/2022\/02\/Truck_Line_1000x1000px_300dpi_RGB10-scaled.jpg","datePublished":"2022-02-16T13:28:53+00:00","dateModified":"2022-03-14T10:34:12+00:00","description":"Diesel Winterschutz - Truck Line zur Flie\u00dfverbesserung in allen Dieselkraftstoffen. Wintersicher bis zu -28 \u00b0C.","breadcrumb":{"@id":"https:\/\/www.gat-international.de\/de\/produkte\/diesel-winterschutz-truck-line\/#breadcrumb"},"inLanguage":"de","potentialAction":[{"@type":"ReadAction","target":["https:\/\/www.gat-international.de\/de\/produkte\/diesel-winterschutz-truck-line\/"]}]},{"@type":"ImageObject","inLanguage":"de","@id":"https:\/\/www.gat-international.de\/de\/produkte\/diesel-winterschutz-truck-line\/#primaryimage","url":"https:\/\/www.gat-international.de\/wp-content\/uploads\/2022\/02\/Truck_Line_1000x1000px_300dpi_RGB10-scaled.jpg","contentUrl":"https:\/\/www.gat-international.de\/wp-content\/uploads\/2022\/02\/Truck_Line_1000x1000px_300dpi_RGB10-scaled.jpg","width":2560,"height":2560},{"@type":"BreadcrumbList","@id":"https:\/\/www.gat-international.de\/de\/produkte\/diesel-winterschutz-truck-line\/#breadcrumb","itemListElement":[{"@type":"ListItem","position":1,"name":"Startseite","item":"https:\/\/www.gat-international.de\/de\/"},{"@type":"ListItem","position":2,"name":"Produkte","item":"https:\/\/www.gat-international.de\/de\/produkte\/"},{"@type":"ListItem","position":3,"name":"Diesel Winterschutz"}]},{"@type":"WebSite","@id":"https:\/\/www.gat-international.de\/de\/#website","url":"https:\/\/www.gat-international.de\/de\/","name":"GAT Gesellschaft f\u00fcr Kraftstoff- und Automobiltechnologie mbH &amp; Co. KG","description":"GAT ist ein Hersteller von Additiven und Systemreinigern, die in der eigenen Forschungs- und Entwicklungsabteilung entwickelt und st\u00e4ndig verbessert werden.","potentialAction":[{"@type":"SearchAction","target":{"@type":"EntryPoint","urlTemplate":"https:\/\/www.gat-international.de\/de\/?s={search_term_string}"},"query-input":{"@type":"PropertyValueSpecification","valueRequired":true,"valueName":"search_term_string"}}],"inLanguage":"de"}]}},"_links":{"self":[{"href":"https:\/\/www.gat-international.de\/de\/wp-json\/wp\/v2\/product\/3564","targetHints":{"allow":["GET"]}}],"collection":[{"href":"https:\/\/www.gat-international.de\/de\/wp-json\/wp\/v2\/product"}],"about":[{"href":"https:\/\/www.gat-international.de\/de\/wp-json\/wp\/v2\/types\/product"}],"version-history":[{"count":0,"href":"https:\/\/www.gat-international.de\/de\/wp-json\/wp\/v2\/product\/3564\/revisions"}],"wp:featuredmedia":[{"embeddable":true,"href":"https:\/\/www.gat-international.de\/de\/wp-json\/wp\/v2\/media\/6625"}],"wp:attachment":[{"href":"https:\/\/www.gat-international.de\/de\/wp-json\/wp\/v2\/media?parent=3564"}],"wp:term":[{"taxonomy":"product_brand","embeddable":true,"href":"https:\/\/www.gat-international.de\/de\/wp-json\/wp\/v2\/product_brand?post=3564"},{"taxonomy":"product_cat","embeddable":true,"href":"https:\/\/www.gat-international.de\/de\/wp-json\/wp\/v2\/product_cat?post=3564"},{"taxonomy":"product_tag","embeddable":true,"href":"https:\/\/www.gat-international.de\/de\/wp-json\/wp\/v2\/product_tag?post=3564"}],"curies":[{"name":"wp","href":"https:\/\/api.w.org\/{rel}","templated":true}]}}